{"id":445,"date":"2022-01-21T17:49:52","date_gmt":"2022-01-21T23:49:52","guid":{"rendered":"http:\/\/187.174.252.244\/CAEV\/?page_id=445"},"modified":"2025-07-23T20:09:12","modified_gmt":"2025-07-24T02:09:12","slug":"cuidemosla-juntos","status":"publish","type":"page","link":"http:\/\/187.174.252.244\/CAEV\/cuidemosla-juntos\/","title":{"rendered":"Cuid\u00e9mosla Juntos"},"content":{"rendered":"<p><img loading=\"lazy\" decoding=\"async\" class=\"alignnone size-full wp-image-675\" src=\"http:\/\/187.174.252.244\/CAEV\/wp-content\/uploads\/2025\/07\/bannculturaagua.png\" alt=\"\" width=\"960\" height=\"400\" srcset=\"http:\/\/187.174.252.244\/CAEV\/wp-content\/uploads\/2025\/07\/bannculturaagua.png 960w, http:\/\/187.174.252.244\/CAEV\/wp-content\/uploads\/2025\/07\/bannculturaagua-300x125.png 300w, http:\/\/187.174.252.244\/CAEV\/wp-content\/uploads\/2025\/07\/bannculturaagua-768x320.png 768w\" sizes=\"(max-width: 960px) 100vw, 960px\" \/><\/p> <hr \/> <h4><span style=\"color: #000000;\"><strong>Material de Descarga<\/strong><\/span><\/h4> <table style=\"width: 456px;\" width=\"464\"> <tbody> <tr> <td style=\"width: 85px;\"><img loading=\"lazy\" decoding=\"async\" class=\"wp-image-524 aligncenter\" src=\"http:\/\/187.174.252.244\/CAEV\/wp-content\/uploads\/2022\/01\/pdfboton.jpg\" alt=\"\" width=\"45\" height=\"55\" \/><\/td> <td style=\"width: 371px;\"><a href=\"http:\/\/187.174.252.244\/caev\/pdfs\/Cultura_Agua\/4328_diptico%20cuidemos%20el%20agua.pdf\" target=\"_blank\" rel=\"noopener\">D\u00edptico Cuid\u00e9mosla Juntos<\/a><\/td> <\/tr> <tr> <td style=\"width: 85px;\"><img loading=\"lazy\" decoding=\"async\" class=\"alignnone wp-image-524 aligncenter\" src=\"http:\/\/187.174.252.244\/CAEV\/wp-content\/uploads\/2022\/01\/pdfboton.jpg\" alt=\"\" width=\"45\" height=\"55\" \/><\/td> <td style=\"width: 371px;\"><a href=\"http:\/\/187.174.252.244\/caev\/pdfs\/Cultura_Agua\/4328_memorama%20cuidemosla%20juntos.pdf\" target=\"_blank\" rel=\"noopener\">Memorama Cuid\u00e9mosla Juntos<\/a><\/td> <\/tr> <tr> <td style=\"width: 85px;\"><\/td> <td style=\"width: 371px;\"><\/td> <\/tr> <tr> <td style=\"width: 85px;\"><\/td> <td style=\"width: 371px;\"><\/td> <\/tr> <tr> <td style=\"width: 85px;\"><\/td> <td style=\"width: 371px;\"><\/td> <\/tr> <tr> <td style=\"width: 85px;\"><\/td> <td style=\"width: 371px;\"><\/td> <\/tr> <tr> <td style=\"width: 85px;\"><\/td> <td style=\"width: 371px;\"><\/td> <\/tr> <\/tbody> <\/table> <p><a href=\"http:\/\/www.caev.gob.mx\"><img loading=\"lazy\" decoding=\"async\" class=\"alignnone size-medium\" src=\"http:\/\/187.174.252.244\/caev\/Image\/home.png\" width=\"34\" height=\"31\" \/><\/a> <a href=\"http:\/\/www.caev.gob.mx\">Regresar<\/a><\/p> <p><img loading=\"lazy\" decoding=\"async\" class=\"alignnone size-full wp-image-652\" src=\"http:\/\/187.174.252.244\/CAEV\/wp-content\/uploads\/2025\/01\/barra-inferior.png\" alt=\"\" width=\"1039\" height=\"26\" srcset=\"http:\/\/187.174.252.244\/CAEV\/wp-content\/uploads\/2025\/01\/barra-inferior.png 1039w, http:\/\/187.174.252.244\/CAEV\/wp-content\/uploads\/2025\/01\/barra-inferior-300x8.png 300w, http:\/\/187.174.252.244\/CAEV\/wp-content\/uploads\/2025\/01\/barra-inferior-1024x26.png 1024w, http:\/\/187.174.252.244\/CAEV\/wp-content\/uploads\/2025\/01\/barra-inferior-768x19.png 768w\" sizes=\"(max-width: 1039px) 100vw, 1039px\" \/><\/p> ","protected":false},"excerpt":{"rendered":"<p>Material de Descarga D\u00edptico Cuid\u00e9mosla Juntos Memorama Cuid\u00e9mosla Juntos Regresar<\/p>\n","protected":false},"author":1,"featured_media":0,"parent":0,"menu_order":0,"comment_status":"closed","ping_status":"closed","template":"","meta":{"footnotes":""},"class_list":["post-445","page","type-page","status-publish","hentry"],"_links":{"self":[{"href":"http:\/\/187.174.252.244\/CAEV\/wp-json\/wp\/v2\/pages\/445"}],"collection":[{"href":"http:\/\/187.174.252.244\/CAEV\/wp-json\/wp\/v2\/pages"}],"about":[{"href":"http:\/\/187.174.252.244\/CAEV\/wp-json\/wp\/v2\/types\/page"}],"author":[{"embeddable":true,"href":"http:\/\/187.174.252.244\/CAEV\/wp-json\/wp\/v2\/users\/1"}],"replies":[{"embeddable":true,"href":"http:\/\/187.174.252.244\/CAEV\/wp-json\/wp\/v2\/comments?post=445"}],"version-history":[{"count":28,"href":"http:\/\/187.174.252.244\/CAEV\/wp-json\/wp\/v2\/pages\/445\/revisions"}],"predecessor-version":[{"id":677,"href":"http:\/\/187.174.252.244\/CAEV\/wp-json\/wp\/v2\/pages\/445\/revisions\/677"}],"wp:attachment":[{"href":"http:\/\/187.174.252.244\/CAEV\/wp-json\/wp\/v2\/media?parent=445"}],"curies":[{"name":"wp","href":"https:\/\/api.w.org\/{rel}","templated":true}]}}