{"id":10136,"date":"2018-06-20T07:40:05","date_gmt":"2018-06-20T13:40:05","guid":{"rendered":"http:\/\/localhost\/?page_id=10136"},"modified":"2021-09-10T11:45:11","modified_gmt":"2021-09-10T17:45:11","slug":"jesus-carranza-fraccion-ix-b","status":"publish","type":"page","link":"http:\/\/187.174.252.244\/operadoras\/transparencia\/ley-general-y-ley-875\/jesus-carranza-ley-general-y-ley-875-de-transparencia\/jesus-carranza-fraccion-ix-b\/","title":{"rendered":"Jes\u00fas Carranza &#8211; Fracci\u00f3n IX-B"},"content":{"rendered":"<p><strong>GASTOS DE REPRESENTACI\u00d3N<\/strong><\/p> <p>&nbsp;<\/p> <p>Los gastos de representaci\u00f3n y vi\u00e1ticos, as\u00ed como el objeto e informe de comisi\u00f3n correspondiente.<\/p> <p>&nbsp;<\/p> <div class=\"caja\"> <table style=\"height: 429px;\" width=\"603\"> <tbody> <tr style=\"height: 98px;\"> <td style=\"width: 150px; height: 98px;\"><strong><img loading=\"lazy\" decoding=\"async\" class=\"alignnone wp-image-38889 aligncenter\" src=\"http:\/\/187.174.252.244\/operadoras\/wp-content\/uploads\/2021\/06\/fecha2-296x300.jpg\" alt=\"\" width=\"53\" height=\"54\" srcset=\"http:\/\/187.174.252.244\/operadoras\/wp-content\/uploads\/2021\/06\/fecha2-296x300.jpg 296w, http:\/\/187.174.252.244\/operadoras\/wp-content\/uploads\/2021\/06\/fecha2-150x150.jpg 150w, http:\/\/187.174.252.244\/operadoras\/wp-content\/uploads\/2021\/06\/fecha2.jpg 617w\" sizes=\"(max-width: 53px) 100vw, 53px\" \/><\/strong><\/td> <td style=\"width: 200px; height: 98px;\"> <h4><img loading=\"lazy\" decoding=\"async\" class=\"wp-image-38891 aligncenter\" src=\"http:\/\/187.174.252.244\/operadoras\/wp-content\/uploads\/2021\/06\/trimestres.png\" alt=\"\" width=\"49\" height=\"57\" \/><\/h4> <\/td> <td style=\"width: 231px; height: 98px;\" colspan=\"3\"><img loading=\"lazy\" decoding=\"async\" class=\"wp-image-38890 aligncenter\" src=\"http:\/\/187.174.252.244\/operadoras\/wp-content\/uploads\/2021\/06\/nube-simbolo-descarga_318-49889-300x300.jpg\" alt=\"\" width=\"61\" height=\"61\" srcset=\"http:\/\/187.174.252.244\/operadoras\/wp-content\/uploads\/2021\/06\/nube-simbolo-descarga_318-49889-300x300.jpg 300w, http:\/\/187.174.252.244\/operadoras\/wp-content\/uploads\/2021\/06\/nube-simbolo-descarga_318-49889-150x150.jpg 150w, http:\/\/187.174.252.244\/operadoras\/wp-content\/uploads\/2021\/06\/nube-simbolo-descarga_318-49889.jpg 626w\" sizes=\"(max-width: 61px) 100vw, 61px\" \/><\/td> <\/tr> <tr style=\"height: 66px;\"> <td style=\"text-align: center; height: 66px; width: 150px;\"><span style=\"color: #000000;\"><strong>A\u00f1o<br \/> <\/strong><\/span><\/td> <td style=\"text-align: center; height: 66px; width: 200px;\"><span style=\"color: #000000;\"><strong>Trimestre<\/strong><\/span><\/td> <td style=\"text-align: center; height: 66px; width: 231px;\" colspan=\"3\"><span style=\"color: #000000;\"><strong>Descargar Informaci\u00f3n<\/strong><\/span><\/td> <\/tr> <tr style=\"height: 56px;\"> <td style=\"text-align: center; height: 56px; width: 150px;\"><span style=\"color: #000000;\">2016 &#8211; 2017<\/span><\/td> <td style=\"text-align: center; height: 56px; width: 200px;\"><span style=\"color: #000000;\">Primero<\/span><\/td> <td style=\"text-align: center; height: 56px; width: 231px;\" colspan=\"3\"><a href=\"http:\/\/187.174.252.244\/caev\/pdfs\/oficinas_operadoras\/JesusCarranza\/2017\/58-OP-FORM9B-17-1.xls\">descargar archivo<\/a><\/td> <\/tr> <tr style=\"height: 56px;\"> <td style=\"text-align: center; height: 56px; width: 150px;\"><span style=\"color: #000000;\">2017<\/span><\/td> <td style=\"text-align: center; height: 56px; width: 200px;\"><span style=\"color: #000000;\">Segundo<\/span><\/td> <td style=\"text-align: center; height: 56px; width: 231px;\" colspan=\"3\"><a href=\"http:\/\/187.174.252.244\/caev\/pdfs\/oficinas_operadoras\/JesusCarranza\/2017\/58-OP-FORM9B-17-2.xls\">descargar archivo<\/a><\/td> <\/tr> <tr style=\"height: 56px;\"> <td style=\"text-align: center; height: 56px; width: 150px;\"><span style=\"color: #000000;\">2017<\/span><\/td> <td style=\"text-align: center; height: 56px; width: 200px;\"><span style=\"color: #000000;\">Tercero<\/span><\/td> <td style=\"text-align: center; height: 56px; width: 231px;\" colspan=\"3\"><a href=\"http:\/\/187.174.252.244\/caev\/pdfs\/oficinas_operadoras\/JesusCarranza\/2017\/58-OP-FORM9B-17-3.xls\">descargar archivo<\/a><\/td> <\/tr> <tr style=\"height: 56px;\"> <td style=\"text-align: center; height: 56px; width: 150px;\"><span style=\"color: #000000;\">2017<\/span><\/td> <td style=\"text-align: center; height: 56px; width: 200px;\"><span style=\"color: #000000;\">Cuarto<\/span><\/td> <td style=\"text-align: center; height: 56px; width: 231px;\" colspan=\"3\"><a href=\"http:\/\/187.174.252.244\/caev\/pdfs\/oficinas_operadoras\/JesusCarranza\/2017\/58-OP-FORM9B-17-4.xlsx\">descargar archivo<\/a><\/td> <\/tr> <\/tbody> <\/table> <p>&nbsp;<\/p> <\/div> <p>&nbsp;<\/p> <p>&nbsp;<\/p> <p>&nbsp;<\/p> <p style=\"text-align: center;\"><a href=\"http:\/\/187.174.252.244\/operadoras\/transparencia\/ley-general-y-ley-875\/jesus-carranza-ley-general-y-ley-875-de-transparencia\/\"><img loading=\"lazy\" decoding=\"async\" class=\"alignnone size-medium\" src=\"http:\/\/187.174.252.244\/caev\/Oficinas_Operadoras\/Aarchivos\/home1.png\" width=\"36\" height=\"37\" \/><\/a> <a href=\"http:\/\/187.174.252.244\/operadoras\/transparencia\/ley-general-y-ley-875\/jesus-carranza-ley-general-y-ley-875-de-transparencia\/\">regresar<\/a><\/p> ","protected":false},"excerpt":{"rendered":"<p>GASTOS DE REPRESENTACI\u00d3N &nbsp; Los gastos de representaci\u00f3n y vi\u00e1ticos, as\u00ed como el objeto e informe de comisi\u00f3n correspondiente. &nbsp; A\u00f1o Trimestre Descargar Informaci\u00f3n 2016 &#8211; 2017 Primero descargar archivo 2017 Segundo descargar archivo 2017 Tercero descargar archivo 2017 Cuarto descargar archivo &nbsp; &nbsp; &nbsp; &nbsp; regresar<\/p>\n","protected":false},"author":1,"featured_media":0,"parent":6714,"menu_order":0,"comment_status":"closed","ping_status":"closed","template":"","meta":{"footnotes":""},"class_list":["post-10136","page","type-page","status-publish","hentry"],"_links":{"self":[{"href":"http:\/\/187.174.252.244\/operadoras\/wp-json\/wp\/v2\/pages\/10136"}],"collection":[{"href":"http:\/\/187.174.252.244\/operadoras\/wp-json\/wp\/v2\/pages"}],"about":[{"href":"http:\/\/187.174.252.244\/operadoras\/wp-json\/wp\/v2\/types\/page"}],"author":[{"embeddable":true,"href":"http:\/\/187.174.252.244\/operadoras\/wp-json\/wp\/v2\/users\/1"}],"replies":[{"embeddable":true,"href":"http:\/\/187.174.252.244\/operadoras\/wp-json\/wp\/v2\/comments?post=10136"}],"version-history":[{"count":5,"href":"http:\/\/187.174.252.244\/operadoras\/wp-json\/wp\/v2\/pages\/10136\/revisions"}],"predecessor-version":[{"id":41526,"href":"http:\/\/187.174.252.244\/operadoras\/wp-json\/wp\/v2\/pages\/10136\/revisions\/41526"}],"up":[{"embeddable":true,"href":"http:\/\/187.174.252.244\/operadoras\/wp-json\/wp\/v2\/pages\/6714"}],"wp:attachment":[{"href":"http:\/\/187.174.252.244\/operadoras\/wp-json\/wp\/v2\/media?parent=10136"}],"curies":[{"name":"wp","href":"https:\/\/api.w.org\/{rel}","templated":true}]}}