{"id":10541,"date":"2018-06-20T13:58:26","date_gmt":"2018-06-20T19:58:26","guid":{"rendered":"http:\/\/localhost\/?page_id=10541"},"modified":"2026-01-12T13:58:48","modified_gmt":"2026-01-12T19:58:48","slug":"ixhuatlan-del-cafe-fraccion-x-a","status":"publish","type":"page","link":"http:\/\/187.174.252.244\/operadoras\/transparencia\/ley-general-y-ley-875\/ixhuatlan-del-cafe-ley-general-y-ley-875-de-transparencia\/ixhuatlan-del-cafe-fraccion-x-a\/","title":{"rendered":"Ixhuatl\u00e1n del Caf\u00e9 &#8211; Fracci\u00f3n X-A"},"content":{"rendered":"<p><strong>PLAZAS VACANTES DEL PERSONAL DE BASE Y CONFIANZA<\/strong><\/p> <p>&nbsp;<\/p> <p>El n\u00famero total de las plazas y del personal de base y confianza, especificando el total de las vacantes, por nivel de puesto, para cada unidad administrativa.<\/p> <p>&nbsp;<\/p> <div class=\"caja\"> <table width=\"636\"> <tbody> <tr> <td style=\"width: 140px;\"><strong><img loading=\"lazy\" decoding=\"async\" class=\"alignnone aligncenter\" src=\"http:\/\/187.174.252.244\/caev\/Image\/2018\/fecha3-ico.png\" alt=\"\" width=\"46\" height=\"50\" \/><\/strong><\/td> <td style=\"width: 140px;\"> <h4>Ejercicio:<\/h4> <\/td> <td style=\"width: 140px;\" colspan=\"3\"> <p>&nbsp;<\/p> <p>2025<\/td> <\/tr> <\/tbody> <\/table> <p>&nbsp;<\/p> <table style=\"height: 317px;\" width=\"700\"> <tbody> <tr style=\"height: 58px;\"> <td style=\"width: 104px; height: 58px;\"><img loading=\"lazy\" decoding=\"async\" class=\"aligncenter\" src=\"http:\/\/187.174.252.244\/caev\/Image\/2018\/trimestre-ico.png\" alt=\"\" width=\"53\" height=\"60\" \/><\/td> <td style=\"width: 209px; height: 58px;\"><img loading=\"lazy\" decoding=\"async\" class=\"aligncenter\" src=\"http:\/\/187.174.252.244\/caev\/Image\/2018\/usuario-ico.png\" alt=\"\" width=\"56\" height=\"60\" \/><\/td> <td style=\"width: 117px; height: 58px;\"><img loading=\"lazy\" decoding=\"async\" class=\"aligncenter\" src=\"http:\/\/187.174.252.244\/caev\/Image\/2018\/anio-ico.png\" alt=\"\" width=\"59\" height=\"60\" \/><\/td> <td style=\"width: 122px; height: 58px;\"><img loading=\"lazy\" decoding=\"async\" class=\"aligncenter\" src=\"http:\/\/187.174.252.244\/caev\/Image\/2018\/anio-ico.png\" alt=\"\" width=\"59\" height=\"60\" \/><\/td> <td style=\"width: 114px; height: 58px;\"><img loading=\"lazy\" decoding=\"async\" class=\"aligncenter\" src=\"http:\/\/187.174.252.244\/caev\/Image\/2018\/cloud-ico.png\" alt=\"\" width=\"57\" height=\"60\" \/><\/td> <\/tr> <tr style=\"height: 88px;\"> <td style=\"text-align: center; width: 104px; height: 88px;\"><span style=\"color: #000000;\"><strong>Trimestre<\/strong><em><br \/> <\/em><\/span><\/td> <td style=\"text-align: center; width: 209px; height: 88px;\"><span style=\"color: #000000;\"><strong>\u00c1rea Responsable<\/strong><\/span><\/td> <td style=\"text-align: center; width: 117px; height: 88px;\"><span style=\"color: #000000;\"><strong>Fecha de Validaci\u00f3n de la Informaci\u00f3n<\/strong><\/span><\/td> <td style=\"text-align: center; width: 122px; height: 88px;\"><span style=\"color: #000000;\"><strong>Fecha de Actualizaci\u00f3n de la Inf.<\/strong><\/span><\/td> <td style=\"text-align: center; width: 114px; height: 88px;\"><span style=\"color: #000000;\"><strong>Descargar Informaci\u00f3n<\/strong><\/span><\/td> <\/tr> <tr style=\"height: 22px;\"> <td style=\"width: 104px; height: 22px;\"><\/td> <td style=\"width: 209px; height: 22px;\"><\/td> <td style=\"width: 117px; height: 22px;\"><\/td> <td style=\"width: 122px; height: 22px;\"><\/td> <td style=\"width: 114px; height: 22px;\"><\/td> <\/tr> <tr style=\"height: 22px;\"> <td style=\"text-align: center; width: 104px; height: 22px;\">Primero<\/td> <td style=\"text-align: center; width: 209px; height: 22px;\"><span style=\"color: #000000;\">Oficina Comercial y Administrativa<\/span><\/td> <td style=\"text-align: center; width: 117px; height: 22px;\"><span style=\"color: #000000;\">31\/03\/2025<\/span><\/td> <td style=\"text-align: center; width: 122px; height: 22px;\"><span style=\"color: #000000;\">31\/03\/2025<\/span><\/td> <td style=\"width: 114px; height: 22px; text-align: center;\"><a href=\"http:\/\/187.174.252.244\/caev\/pdfs\/oficinas_operadoras\/IxhuatlanCafe\/2025\/24-FORM10A-25-1.xlsx\">descargar archivo<\/a><\/td> <\/tr> <tr style=\"height: 22px;\"> <td style=\"text-align: center; width: 104px; height: 22px;\"><\/td> <td style=\"text-align: center; width: 209px; height: 22px;\"><\/td> <td style=\"text-align: center; width: 117px; height: 22px;\"><\/td> <td style=\"text-align: center; width: 122px; height: 22px;\"><\/td> <td style=\"width: 114px; height: 22px; text-align: center;\"><\/td> <\/tr> <tr style=\"height: 22px;\"> <td style=\"text-align: center; width: 104px; height: 22px;\"><\/td> <td style=\"text-align: center; width: 209px; height: 22px;\"><\/td> <td style=\"text-align: center; width: 117px; height: 22px;\"><\/td> <td style=\"text-align: center; width: 122px; height: 22px;\"><\/td> <td style=\"width: 114px; height: 22px; text-align: center;\"><\/td> <\/tr> <tr style=\"height: 22px;\"> <td style=\"text-align: center; width: 104px; height: 22px;\"><\/td> <td style=\"text-align: center; width: 209px; height: 22px;\"><\/td> <td style=\"text-align: center; width: 117px; height: 22px;\"><\/td> <td style=\"text-align: center; width: 122px; height: 22px;\"><\/td> <td style=\"width: 114px; height: 22px; text-align: center;\"><\/td> <\/tr> <\/tbody> <\/table> <\/div> <p>&nbsp;<\/p> <h4>A\u00d1OS ANTERIORES<\/h4> <table width=\"520\"> <tbody> <tr> <td style=\"width: 100px;\"><a href=\"http:\/\/187.174.252.244\/operadoras\/transparencia\/ley-general-y-ley-875\/ixhuatlan-del-cafe-ley-general-y-ley-875-de-transparencia\/ixhuatlan-del-cafe-fraccion-x-a-1\/\"><img loading=\"lazy\" decoding=\"async\" class=\"aligncenter\" src=\"http:\/\/187.174.252.244\/caev\/Image\/2018\/folder-ico.jpg\" alt=\"\" width=\"51\" height=\"44\" \/><\/a><\/td> <td><\/td> <\/tr> <\/tbody> <\/table> <p>&nbsp;<\/p> <p style=\"text-align: center;\"><a href=\"http:\/\/187.174.252.244\/operadoras\/transparencia\/ley-general-y-ley-875\/ixhuatlan-del-cafe-ley-general-y-ley-875-de-transparencia\/\"><img loading=\"lazy\" decoding=\"async\" class=\"alignnone size-medium\" src=\"http:\/\/187.174.252.244\/caev\/Oficinas_Operadoras\/Aarchivos\/home1.png\" width=\"36\" height=\"37\" \/><\/a> <a href=\"http:\/\/187.174.252.244\/operadoras\/transparencia\/ley-general-y-ley-875\/ixhuatlan-del-cafe-ley-general-y-ley-875-de-transparencia\/\">regresar<\/a><\/p> ","protected":false},"excerpt":{"rendered":"<p>PLAZAS VACANTES DEL PERSONAL DE BASE Y CONFIANZA &nbsp; El n\u00famero total de las plazas y del personal de base y confianza, especificando el total de las vacantes, por nivel de puesto, para cada unidad administrativa. &nbsp; Ejercicio: &nbsp; 2025 &nbsp; Trimestre \u00c1rea Responsable Fecha de Validaci\u00f3n de la Informaci\u00f3n Fecha de Actualizaci\u00f3n de la [&hellip;]<\/p>\n","protected":false},"author":1,"featured_media":0,"parent":6708,"menu_order":0,"comment_status":"closed","ping_status":"closed","template":"","meta":{"footnotes":""},"class_list":["post-10541","page","type-page","status-publish","hentry"],"_links":{"self":[{"href":"http:\/\/187.174.252.244\/operadoras\/wp-json\/wp\/v2\/pages\/10541"}],"collection":[{"href":"http:\/\/187.174.252.244\/operadoras\/wp-json\/wp\/v2\/pages"}],"about":[{"href":"http:\/\/187.174.252.244\/operadoras\/wp-json\/wp\/v2\/types\/page"}],"author":[{"embeddable":true,"href":"http:\/\/187.174.252.244\/operadoras\/wp-json\/wp\/v2\/users\/1"}],"replies":[{"embeddable":true,"href":"http:\/\/187.174.252.244\/operadoras\/wp-json\/wp\/v2\/comments?post=10541"}],"version-history":[{"count":27,"href":"http:\/\/187.174.252.244\/operadoras\/wp-json\/wp\/v2\/pages\/10541\/revisions"}],"predecessor-version":[{"id":65895,"href":"http:\/\/187.174.252.244\/operadoras\/wp-json\/wp\/v2\/pages\/10541\/revisions\/65895"}],"up":[{"embeddable":true,"href":"http:\/\/187.174.252.244\/operadoras\/wp-json\/wp\/v2\/pages\/6708"}],"wp:attachment":[{"href":"http:\/\/187.174.252.244\/operadoras\/wp-json\/wp\/v2\/media?parent=10541"}],"curies":[{"name":"wp","href":"https:\/\/api.w.org\/{rel}","templated":true}]}}