{"id":10944,"date":"2018-06-21T12:43:42","date_gmt":"2018-06-21T18:43:42","guid":{"rendered":"http:\/\/localhost\/?page_id=10944"},"modified":"2026-05-08T14:38:37","modified_gmt":"2026-05-08T20:38:37","slug":"emilio-carranza-fraccion-x-b","status":"publish","type":"page","link":"http:\/\/187.174.252.244\/operadoras\/transparencia\/ley-general-y-ley-875\/emilio-carranza-ley-general-y-ley-875-de-transparencia\/emilio-carranza-fraccion-x-b\/","title":{"rendered":"Emilio Carranza &#8211; Fracci\u00f3n X-B"},"content":{"rendered":"<p><strong>TOTAL DE PLAZAS VACANTES Y OCUPADAS DE PERSONAL DE BASE Y CONFIANZA<\/strong><\/p> <p>&nbsp;<\/p> <p>El n\u00famero total de las plazas y del personal de base y confianza, especificando el total de las vacantes, por nivel de puesto, para cada unidad administrativa.<\/p> <div> <p>&nbsp;<\/p> <div class=\"caja\"> <table width=\"636\"> <tbody> <tr> <td style=\"width: 140px;\"><strong><img loading=\"lazy\" decoding=\"async\" class=\"alignnone aligncenter\" src=\"http:\/\/187.174.252.244\/caev\/Image\/2018\/fecha3-ico.png\" alt=\"\" width=\"46\" height=\"50\" \/><\/strong><\/td> <td style=\"width: 140px;\"> <h4>Ejercicio:<\/h4> <\/td> <td style=\"width: 140px;\" colspan=\"3\"> <p>&nbsp;<\/p> <p>2026<\/td> <\/tr> <\/tbody> <\/table> <p>&nbsp;<\/p> <table style=\"width: 600px;\" width=\"700\"> <tbody> <tr style=\"height: 60px;\"> <td style=\"width: 100px; height: 60px;\"><img loading=\"lazy\" decoding=\"async\" class=\"aligncenter\" src=\"http:\/\/187.174.252.244\/caev\/Image\/2018\/trimestre-ico.png\" alt=\"\" width=\"53\" height=\"60\" \/><\/td> <td style=\"width: 200px; height: 60px;\"><img loading=\"lazy\" decoding=\"async\" class=\"aligncenter\" src=\"http:\/\/187.174.252.244\/caev\/Image\/2018\/usuario-ico.png\" alt=\"\" width=\"56\" height=\"60\" \/><\/td> <td style=\"width: 100px; height: 60px;\"><img loading=\"lazy\" decoding=\"async\" class=\"aligncenter\" src=\"http:\/\/187.174.252.244\/caev\/Image\/2018\/anio-ico.png\" alt=\"\" width=\"59\" height=\"60\" \/><\/td> <td style=\"width: 100px; height: 60px;\"><img loading=\"lazy\" decoding=\"async\" class=\"aligncenter\" src=\"http:\/\/187.174.252.244\/caev\/Image\/2018\/anio-ico.png\" alt=\"\" width=\"59\" height=\"60\" \/><\/td> <td style=\"width: 100px; height: 60px;\"><img loading=\"lazy\" decoding=\"async\" class=\"aligncenter\" src=\"http:\/\/187.174.252.244\/caev\/Image\/2018\/cloud-ico.png\" alt=\"\" width=\"57\" height=\"60\" \/><\/td> <\/tr> <tr style=\"height: 96px;\"> <td style=\"text-align: center; width: 100px; height: 96px;\"><span style=\"color: #000000;\"><strong>Trimestre<\/strong><em><br \/> <\/em><\/span><\/td> <td style=\"text-align: center; width: 200px; height: 96px;\"><span style=\"color: #000000;\"><strong>\u00c1rea Responsable<\/strong><\/span><\/td> <td style=\"text-align: center; width: 100px; height: 96px;\"><span style=\"color: #000000;\"><strong>Fecha de Validaci\u00f3n de la Informaci\u00f3n<\/strong><\/span><\/td> <td style=\"text-align: center; width: 100px; height: 96px;\"><span style=\"color: #000000;\"><strong>Fecha de Actualizaci\u00f3n de la Inf.<\/strong><\/span><\/td> <td style=\"text-align: center; width: 100px; height: 96px;\"><span style=\"color: #000000;\"><strong>Descargar Informaci\u00f3n<\/strong><\/span><\/td> <\/tr> <tr style=\"height: 24px;\"> <td style=\"width: 100px; height: 24px;\"><\/td> <td style=\"width: 200px; height: 24px;\"><\/td> <td style=\"width: 100px; height: 24px;\"><\/td> <td style=\"width: 100px; height: 24px;\"><\/td> <td style=\"width: 100px; height: 24px;\"><\/td> <\/tr> <tr> <td style=\"text-align: center; width: 100px;\">Primero<\/td> <td style=\"text-align: center; width: 200px;\"><span style=\"color: #000000;\">Oficina Comercial<\/span><br \/> <span style=\"color: #000000;\">y Administrativa<\/span><\/td> <td style=\"text-align: center; width: 100px;\"><span style=\"color: #000000;\">31\/03\/2026<\/span><\/td> <td style=\"text-align: center; width: 100px;\"><span style=\"color: #000000;\">31\/03\/2026<\/span><\/td> <td style=\"text-align: center; width: 100px;\"><a href=\"http:\/\/187.174.252.244\/caev\/pdfs\/oficinas_operadoras\/EmilioCarranza\/2026\/23-FORM10B-26-1.xlsx\">descargar archivo<\/a><\/td> <\/tr> <tr> <td style=\"text-align: center; width: 100px;\"><\/td> <td style=\"text-align: center; width: 200px;\"><\/td> <td style=\"text-align: center; width: 100px;\"><\/td> <td style=\"text-align: center; width: 100px;\"><\/td> <td style=\"text-align: center; width: 100px;\"><\/td> <\/tr> <tr style=\"height: 48px;\"> <td style=\"text-align: center; width: 100px; height: 48px;\"><\/td> <td style=\"text-align: center; width: 200px; height: 48px;\"><\/td> <td style=\"text-align: center; width: 100px; height: 48px;\"><\/td> <td style=\"text-align: center; width: 100px; height: 48px;\"><\/td> <td style=\"text-align: center; width: 100px; height: 48px;\"><\/td> <\/tr> <tr style=\"height: 48px;\"> <td style=\"text-align: center; width: 100px; height: 48px;\"><\/td> <td style=\"text-align: center; width: 200px; height: 48px;\"><\/td> <td style=\"text-align: center; width: 100px; height: 48px;\"><\/td> <td style=\"text-align: center; width: 100px; height: 48px;\"><\/td> <td style=\"text-align: center; width: 100px; height: 48px;\"><\/td> <\/tr> <\/tbody> <\/table> <\/div> <p>&nbsp;<\/p> <\/div> <h4>A\u00d1OS ANTERIORES<\/h4> <table width=\"520\"> <tbody> <tr> <td style=\"width: 100px;\"><a href=\"http:\/\/187.174.252.244\/operadoras\/transparencia\/ley-general-y-ley-875\/emilio-carranza-ley-general-y-ley-875-de-transparencia\/emilio-carranza-fraccion-x-b-1\/\"><img loading=\"lazy\" decoding=\"async\" class=\"aligncenter\" src=\"http:\/\/187.174.252.244\/caev\/Image\/2018\/folder-ico.jpg\" alt=\"\" width=\"51\" height=\"44\" \/><\/a><\/td> <td><\/td> <\/tr> <\/tbody> <\/table> <p style=\"text-align: center;\"><a href=\"http:\/\/187.174.252.244\/operadoras\/transparencia\/ley-general-y-ley-875\/emilio-carranza-ley-general-y-ley-875-de-transparencia\/\"><img loading=\"lazy\" decoding=\"async\" class=\"alignnone size-medium\" src=\"http:\/\/187.174.252.244\/caev\/Oficinas_Operadoras\/Aarchivos\/home1.png\" width=\"36\" height=\"37\" \/><\/a> <a href=\"http:\/\/187.174.252.244\/operadoras\/transparencia\/ley-general-y-ley-875\/emilio-carranza-ley-general-y-ley-875-de-transparencia\/\">regresar<\/a><\/p> ","protected":false},"excerpt":{"rendered":"<p>TOTAL DE PLAZAS VACANTES Y OCUPADAS DE PERSONAL DE BASE Y CONFIANZA &nbsp; El n\u00famero total de las plazas y del personal de base y confianza, especificando el total de las vacantes, por nivel de puesto, para cada unidad administrativa. &nbsp; Ejercicio: &nbsp; 2026 &nbsp; Trimestre \u00c1rea Responsable Fecha de Validaci\u00f3n de la Informaci\u00f3n Fecha [&hellip;]<\/p>\n","protected":false},"author":1,"featured_media":0,"parent":6702,"menu_order":0,"comment_status":"closed","ping_status":"closed","template":"","meta":{"footnotes":""},"class_list":["post-10944","page","type-page","status-publish","hentry"],"_links":{"self":[{"href":"http:\/\/187.174.252.244\/operadoras\/wp-json\/wp\/v2\/pages\/10944"}],"collection":[{"href":"http:\/\/187.174.252.244\/operadoras\/wp-json\/wp\/v2\/pages"}],"about":[{"href":"http:\/\/187.174.252.244\/operadoras\/wp-json\/wp\/v2\/types\/page"}],"author":[{"embeddable":true,"href":"http:\/\/187.174.252.244\/operadoras\/wp-json\/wp\/v2\/users\/1"}],"replies":[{"embeddable":true,"href":"http:\/\/187.174.252.244\/operadoras\/wp-json\/wp\/v2\/comments?post=10944"}],"version-history":[{"count":22,"href":"http:\/\/187.174.252.244\/operadoras\/wp-json\/wp\/v2\/pages\/10944\/revisions"}],"predecessor-version":[{"id":67908,"href":"http:\/\/187.174.252.244\/operadoras\/wp-json\/wp\/v2\/pages\/10944\/revisions\/67908"}],"up":[{"embeddable":true,"href":"http:\/\/187.174.252.244\/operadoras\/wp-json\/wp\/v2\/pages\/6702"}],"wp:attachment":[{"href":"http:\/\/187.174.252.244\/operadoras\/wp-json\/wp\/v2\/media?parent=10944"}],"curies":[{"name":"wp","href":"https:\/\/api.w.org\/{rel}","templated":true}]}}