{"id":11360,"date":"2018-06-22T08:09:46","date_gmt":"2018-06-22T14:09:46","guid":{"rendered":"http:\/\/localhost\/?page_id=11360"},"modified":"2026-02-24T09:11:05","modified_gmt":"2026-02-24T15:11:05","slug":"jesus-carranza-fraccion-xi","status":"publish","type":"page","link":"http:\/\/187.174.252.244\/operadoras\/transparencia\/ley-general-y-ley-875\/jesus-carranza-ley-general-y-ley-875-de-transparencia\/jesus-carranza-fraccion-xi\/","title":{"rendered":"Jes\u00fas Carranza &#8211; Fracci\u00f3n XI"},"content":{"rendered":"<p><strong>CONTRATACIONES DE SERVICIOS PROFESIONALES POR HONORARIOS<\/strong><\/p> <p>&nbsp;<\/p> <p>Las contrataciones de servicios profesionales por honorarios, se\u00f1alando los nombres de los prestadores de servicios, los servicios contratados, el monto de los honorarios y el periodo de contrataci\u00f3n.<\/p> <div class=\"caja\"> <div class=\"caja\"> <div class=\"caja\"> <div class=\"caja\"> <div class=\"caja\"> <div class=\"caja\"> <p>&nbsp;<\/p> <div class=\"caja\"> <table width=\"636\"> <tbody> <tr> <td style=\"width: 140px;\"><strong><img loading=\"lazy\" decoding=\"async\" class=\"alignnone aligncenter\" src=\"http:\/\/187.174.252.244\/caev\/Image\/2018\/fecha3-ico.png\" alt=\"\" width=\"46\" height=\"50\" \/><\/strong><\/td> <td style=\"width: 140px;\"> <h4>Ejercicio:<\/h4> <\/td> <td style=\"width: 140px;\" colspan=\"3\"> <p>&nbsp;<\/p> <p>2025<\/td> <\/tr> <\/tbody> <\/table> <p>&nbsp;<\/p> <table style=\"width: 700px; height: 364px;\" width=\"700\"> <tbody> <tr style=\"height: 60px;\"> <td style=\"width: 107px; height: 60px;\"><img loading=\"lazy\" decoding=\"async\" class=\"aligncenter\" src=\"http:\/\/187.174.252.244\/caev\/Image\/2018\/trimestre-ico.png\" alt=\"\" width=\"53\" height=\"60\" \/><\/td> <td style=\"width: 214px; height: 60px;\"><img loading=\"lazy\" decoding=\"async\" class=\"aligncenter\" src=\"http:\/\/187.174.252.244\/caev\/Image\/2018\/usuario-ico.png\" alt=\"\" width=\"56\" height=\"60\" \/><\/td> <td style=\"width: 112px; height: 60px;\"><img loading=\"lazy\" decoding=\"async\" class=\"aligncenter\" src=\"http:\/\/187.174.252.244\/caev\/Image\/2018\/anio-ico.png\" alt=\"\" width=\"59\" height=\"60\" \/><\/td> <td style=\"width: 120px; height: 60px;\"><img loading=\"lazy\" decoding=\"async\" class=\"aligncenter\" src=\"http:\/\/187.174.252.244\/caev\/Image\/2018\/anio-ico.png\" alt=\"\" width=\"59\" height=\"60\" \/><\/td> <td style=\"width: 113px; height: 60px;\"><img loading=\"lazy\" decoding=\"async\" class=\"aligncenter\" src=\"http:\/\/187.174.252.244\/caev\/Image\/2018\/cloud-ico.png\" alt=\"\" width=\"57\" height=\"60\" \/><\/td> <\/tr> <tr style=\"height: 96px;\"> <td style=\"text-align: center; width: 107px; height: 96px;\"><span style=\"color: #000000;\"><strong>Trimestre<\/strong><em><br \/> <\/em><\/span><\/td> <td style=\"text-align: center; width: 214px; height: 96px;\"><span style=\"color: #000000;\"><strong>\u00c1rea Responsable<\/strong><\/span><\/td> <td style=\"text-align: center; width: 112px; height: 96px;\"><span style=\"color: #000000;\"><strong>Fecha de Validaci\u00f3n de la Informaci\u00f3n<\/strong><\/span><\/td> <td style=\"text-align: center; width: 120px; height: 96px;\"><span style=\"color: #000000;\"><strong>Fecha de Actualizaci\u00f3n de la Inf.<\/strong><\/span><\/td> <td style=\"text-align: center; width: 113px; height: 96px;\"><span style=\"color: #000000;\"><strong>Descargar Informaci\u00f3n<\/strong><\/span><\/td> <\/tr> <tr style=\"height: 24px;\"> <td style=\"width: 107px; height: 24px;\"><\/td> <td style=\"width: 214px; height: 24px;\"><\/td> <td style=\"width: 112px; height: 24px;\"><\/td> <td style=\"width: 120px; height: 24px;\"><\/td> <td style=\"width: 113px; height: 24px;\"><\/td> <\/tr> <tr style=\"height: 48px;\"> <td style=\"width: 107px; text-align: center; height: 48px;\">Primero<\/td> <td style=\"width: 214px; text-align: center; height: 48px;\"><span style=\"color: #000000;\">Oficina Comercial y Administrativa<\/span><\/td> <td style=\"width: 112px; text-align: center; height: 48px;\"><span style=\"color: #000000;\">31\/03\/2025<\/span><\/td> <td style=\"width: 120px; text-align: center; height: 48px;\"><span style=\"color: #000000;\">31\/03\/2025<\/span><\/td> <td style=\"width: 113px; text-align: center; height: 48px;\"><a href=\"http:\/\/187.174.252.244\/caev\/pdfs\/oficinas_operadoras\/JesusCarranza\/2025\/58-FORM11-25-1.xlsx\">descargar archivo<\/a><\/td> <\/tr> <tr style=\"height: 48px;\"> <td style=\"width: 107px; text-align: center; height: 48px;\">Segundo<\/td> <td style=\"width: 214px; text-align: center; height: 48px;\"><span style=\"color: #000000;\">Oficina Comercial y Administrativa<\/span><\/td> <td style=\"width: 112px; text-align: center; height: 48px;\"><span style=\"color: #000000;\">30\/06\/2025<\/span><\/td> <td style=\"width: 120px; text-align: center; height: 48px;\"><span style=\"color: #000000;\">30\/06\/2025<\/span><\/td> <td style=\"width: 113px; text-align: center; height: 48px;\"><a href=\"http:\/\/187.174.252.244\/caev\/pdfs\/oficinas_operadoras\/JesusCarranza\/2025\/58-FORM11-25-2.xlsx\">descargar archivo<\/a><\/td> <\/tr> <tr style=\"height: 48px;\"> <td style=\"width: 107px; text-align: center; height: 48px;\">Tercero<\/td> <td style=\"width: 214px; text-align: center; height: 48px;\"><span style=\"color: #000000;\">Oficina Comercial y Administrativa<\/span><\/td> <td style=\"width: 112px; text-align: center; height: 48px;\"><span style=\"color: #000000;\">30\/09\/2025<\/span><\/td> <td style=\"width: 120px; text-align: center; height: 48px;\"><span style=\"color: #000000;\">30\/09\/2025<\/span><\/td> <td style=\"width: 113px; text-align: center; height: 48px;\"><a href=\"http:\/\/187.174.252.244\/caev\/pdfs\/oficinas_operadoras\/JesusCarranza\/2025\/58-FORM11-25-3.xlsx\">descargar archivo<\/a><\/td> <\/tr> <tr style=\"height: 48px;\"> <td style=\"width: 107px; text-align: center; height: 48px;\">Cuarto<\/td> <td style=\"width: 214px; text-align: center; height: 48px;\"><span style=\"color: #000000;\">Oficina Comercial y Administrativa<\/span><\/td> <td style=\"width: 112px; text-align: center; height: 48px;\"><span style=\"color: #000000;\">31\/12\/2025<\/span><\/td> <td style=\"width: 120px; text-align: center; height: 48px;\"><span style=\"color: #000000;\">31\/12\/2025<\/span><\/td> <td style=\"width: 113px; text-align: center; height: 48px;\"><a href=\"http:\/\/187.174.252.244\/caev\/pdfs\/oficinas_operadoras\/JesusCarranza\/2025\/58-FORM11-25-4.xlsx\">descargar archivo<\/a><\/td> <\/tr> <\/tbody> <\/table> <p>&nbsp;<\/p> <\/div> <\/div> <\/div> <\/div> <\/div> <\/div> <\/div> <h4>A\u00d1OS ANTERIORES<\/h4> <table width=\"520\"> <tbody> <tr> <td style=\"width: 100px;\"><a href=\"http:\/\/187.174.252.244\/operadoras\/transparencia\/ley-general-y-ley-875\/jesus-carranza-ley-general-y-ley-875-de-transparencia\/jesus-carranza-fraccion-xi-1\/\"><img loading=\"lazy\" decoding=\"async\" class=\"aligncenter\" src=\"http:\/\/187.174.252.244\/caev\/Image\/2018\/folder-ico.jpg\" alt=\"\" width=\"51\" height=\"44\" \/><\/a><\/td> <td><\/td> <\/tr> <\/tbody> <\/table> <p style=\"text-align: center;\"><a href=\"http:\/\/187.174.252.244\/operadoras\/transparencia\/ley-general-y-ley-875\/jesus-carranza-ley-general-y-ley-875-de-transparencia\/\"><img loading=\"lazy\" decoding=\"async\" class=\"alignnone size-medium\" src=\"http:\/\/187.174.252.244\/caev\/Oficinas_Operadoras\/Aarchivos\/home1.png\" width=\"36\" height=\"37\" \/><\/a> <a href=\"http:\/\/187.174.252.244\/operadoras\/transparencia\/ley-general-y-ley-875\/jesus-carranza-ley-general-y-ley-875-de-transparencia\/\">regresar<\/a><\/p> ","protected":false},"excerpt":{"rendered":"<p>CONTRATACIONES DE SERVICIOS PROFESIONALES POR HONORARIOS &nbsp; Las contrataciones de servicios profesionales por honorarios, se\u00f1alando los nombres de los prestadores de servicios, los servicios contratados, el monto de los honorarios y el periodo de contrataci\u00f3n. &nbsp; Ejercicio: &nbsp; 2025 &nbsp; Trimestre \u00c1rea Responsable Fecha de Validaci\u00f3n de la Informaci\u00f3n Fecha de Actualizaci\u00f3n de la Inf. [&hellip;]<\/p>\n","protected":false},"author":1,"featured_media":0,"parent":6714,"menu_order":0,"comment_status":"closed","ping_status":"closed","template":"","meta":{"footnotes":""},"class_list":["post-11360","page","type-page","status-publish","hentry"],"_links":{"self":[{"href":"http:\/\/187.174.252.244\/operadoras\/wp-json\/wp\/v2\/pages\/11360"}],"collection":[{"href":"http:\/\/187.174.252.244\/operadoras\/wp-json\/wp\/v2\/pages"}],"about":[{"href":"http:\/\/187.174.252.244\/operadoras\/wp-json\/wp\/v2\/types\/page"}],"author":[{"embeddable":true,"href":"http:\/\/187.174.252.244\/operadoras\/wp-json\/wp\/v2\/users\/1"}],"replies":[{"embeddable":true,"href":"http:\/\/187.174.252.244\/operadoras\/wp-json\/wp\/v2\/comments?post=11360"}],"version-history":[{"count":32,"href":"http:\/\/187.174.252.244\/operadoras\/wp-json\/wp\/v2\/pages\/11360\/revisions"}],"predecessor-version":[{"id":66426,"href":"http:\/\/187.174.252.244\/operadoras\/wp-json\/wp\/v2\/pages\/11360\/revisions\/66426"}],"up":[{"embeddable":true,"href":"http:\/\/187.174.252.244\/operadoras\/wp-json\/wp\/v2\/pages\/6714"}],"wp:attachment":[{"href":"http:\/\/187.174.252.244\/operadoras\/wp-json\/wp\/v2\/media?parent=11360"}],"curies":[{"name":"wp","href":"https:\/\/api.w.org\/{rel}","templated":true}]}}