{"id":115,"date":"2018-01-17T17:48:32","date_gmt":"2018-01-17T23:48:32","guid":{"rendered":"http:\/\/localhost\/?page_id=115"},"modified":"2024-01-09T09:07:17","modified_gmt":"2024-01-09T15:07:17","slug":"oficina-operadora","status":"publish","type":"page","link":"http:\/\/187.174.252.244\/operadoras\/oficina-operadora\/","title":{"rendered":"Oficina Operadora"},"content":{"rendered":"<p>&nbsp;<\/p> <table style=\"height: 174px;\" width=\"753\"> <tbody> <tr> <td style=\"width: 350px;\"><a href=\"http:\/\/187.174.252.244\/operadoras\/oficina-operadora\/informacion-de-la-oficina-operadora\/\"><img loading=\"lazy\" decoding=\"async\" class=\"alignnone size-medium\" src=\"http:\/\/187.174.252.244\/caev\/Oficinas_Operadoras\/Aarchivos\/pleca_inf_ofic_operad.png\" width=\"283\" height=\"21\" \/><\/a><\/td> <td style=\"width: 350px;\"><a href=\"http:\/\/187.174.252.244\/operadoras\/oficina-operadora\/directorio-de-servidores-publicos\/\"><img loading=\"lazy\" decoding=\"async\" class=\"alignnone size-medium\" src=\"http:\/\/187.174.252.244\/caev\/Oficinas_Operadoras\/Aarchivos\/pleca_directorio.png\" width=\"283\" height=\"21\" \/><\/a><\/td> <\/tr> <tr> <td style=\"vertical-align: top;\"><span style=\"font-size: small; color: #000000;\">En esta secci\u00f3n se muestra la informaci\u00f3n de la oficina operadora tales como los horarios, direcci\u00f3n, e-mail, tel\u00e9fono y responsable de la oficina.<\/span><\/td> <td style=\"vertical-align: top;\"><span style=\"font-size: small; color: #000000;\">Nuestro directorio de personal de la oficina operadora se muestra por nombre, puesto, centro de trabajo y tel\u00e9fono.<\/span><\/td> <\/tr> <tr> <td><\/td> <td><\/td> <\/tr> <tr> <td><a href=\"http:\/\/187.174.252.244\/operadoras\/oficina-operadora\/estructura-organica-y-atribuciones\/\"><img loading=\"lazy\" decoding=\"async\" class=\"alignnone size-medium\" src=\"http:\/\/187.174.252.244\/caev\/Oficinas_Operadoras\/Aarchivos\/pleca_organigrama.png\" width=\"283\" height=\"21\" \/><\/a><\/td> <td><a href=\"http:\/\/187.174.252.244\/operadoras\/oficina-operadora\/ubicacion-de-la-oficina-operadora\/\"><img loading=\"lazy\" decoding=\"async\" class=\"alignnone size-medium\" src=\"http:\/\/187.174.252.244\/caev\/Oficinas_Operadoras\/Aarchivos\/pleca_ubic_ofic_operad.png\" width=\"283\" height=\"21\" \/><\/a><\/td> <\/tr> <tr> <td style=\"vertical-align: top;\"><span style=\"font-size: small; color: #000000;\">Esta secci\u00f3n presenta la organizaci\u00f3n interna de la oficina operadora a partir de las \u00e1reas que la integran.<\/span><\/td> <td style=\"vertical-align: top;\"><span style=\"font-size: small; color: #000000;\">En esta secci\u00f3n se muestra la ubicaci\u00f3n de la oficina operadora en el mapa del estado de Veracruz.<\/span><\/td> <\/tr> <\/tbody> <\/table> <p>&nbsp;<\/p> <p>&nbsp;<\/p> <p>&nbsp;<\/p> <p>&nbsp;<\/p> <p>&nbsp;<\/p> <p>&nbsp;<\/p> <p style=\"text-align: center;\"><a href=\"http:\/\/187.174.252.244\/operadoras\/\"><img loading=\"lazy\" decoding=\"async\" class=\"alignnone size-medium\" src=\"http:\/\/187.174.252.244\/caev\/Oficinas_Operadoras\/Aarchivos\/home1.png\" width=\"36\" height=\"37\" \/><\/a> <a href=\"http:\/\/187.174.252.244\/operadoras\/\">regresar<\/a><\/p> ","protected":false},"excerpt":{"rendered":"<p>&nbsp; En esta secci\u00f3n se muestra la informaci\u00f3n de la oficina operadora tales como los horarios, direcci\u00f3n, e-mail, tel\u00e9fono y responsable de la oficina. Nuestro directorio de personal de la oficina operadora se muestra por nombre, puesto, centro de trabajo y tel\u00e9fono. Esta secci\u00f3n presenta la organizaci\u00f3n interna de la oficina operadora a partir de [&hellip;]<\/p>\n","protected":false},"author":1,"featured_media":0,"parent":0,"menu_order":0,"comment_status":"closed","ping_status":"closed","template":"","meta":{"footnotes":""},"class_list":["post-115","page","type-page","status-publish","hentry"],"_links":{"self":[{"href":"http:\/\/187.174.252.244\/operadoras\/wp-json\/wp\/v2\/pages\/115"}],"collection":[{"href":"http:\/\/187.174.252.244\/operadoras\/wp-json\/wp\/v2\/pages"}],"about":[{"href":"http:\/\/187.174.252.244\/operadoras\/wp-json\/wp\/v2\/types\/page"}],"author":[{"embeddable":true,"href":"http:\/\/187.174.252.244\/operadoras\/wp-json\/wp\/v2\/users\/1"}],"replies":[{"embeddable":true,"href":"http:\/\/187.174.252.244\/operadoras\/wp-json\/wp\/v2\/comments?post=115"}],"version-history":[{"count":17,"href":"http:\/\/187.174.252.244\/operadoras\/wp-json\/wp\/v2\/pages\/115\/revisions"}],"predecessor-version":[{"id":54522,"href":"http:\/\/187.174.252.244\/operadoras\/wp-json\/wp\/v2\/pages\/115\/revisions\/54522"}],"wp:attachment":[{"href":"http:\/\/187.174.252.244\/operadoras\/wp-json\/wp\/v2\/media?parent=115"}],"curies":[{"name":"wp","href":"https:\/\/api.w.org\/{rel}","templated":true}]}}