{"id":11721,"date":"2018-06-22T11:50:33","date_gmt":"2018-06-22T17:50:33","guid":{"rendered":"http:\/\/localhost\/?page_id=11721"},"modified":"2019-07-24T09:33:54","modified_gmt":"2019-07-24T15:33:54","slug":"agua-dulce-fraccion-xii-b","status":"publish","type":"page","link":"http:\/\/187.174.252.244\/operadoras\/transparencia\/ley-general-y-ley-875\/agua-dulce-ley-general-y-ley-875-de-transparencia\/agua-dulce-fraccion-xii-b\/","title":{"rendered":"Agua Dulce &#8211; Fracci\u00f3n XII-B"},"content":{"rendered":"<p><strong>DECLARACI\u00d3N FISCAL DE LOS SERVIDORES(AS) P\u00daBLICOS(AS)<br \/> <\/strong><\/p> <p>&nbsp;<\/p> <p>Las declaraciones fiscales de los(as) servidores(as) p\u00fablicos(as).<\/p> <p>&nbsp;<\/p> <div class=\"caja\"> <table width=\"636\"> <tbody> <tr> <td style=\"width: 140px;\"><strong><img loading=\"lazy\" decoding=\"async\" class=\"alignnone aligncenter\" src=\"http:\/\/187.174.252.244\/caev\/Image\/2018\/fecha3-ico.png\" alt=\"\" width=\"46\" height=\"50\" \/><\/strong><\/td> <td style=\"width: 140px;\"> <h4>Ejercicio:<\/h4> <\/td> <td style=\"width: 140px;\" colspan=\"3\"> <p>&nbsp;<\/p> <p>2019<\/td> <\/tr> <\/tbody> <\/table> <p>&nbsp;<\/p> <table style=\"height: 279px; width: 700px;\" width=\"700\"> <tbody> <tr style=\"height: 61px;\"> <td style=\"width: 102.563px; height: 61px;\"><img loading=\"lazy\" decoding=\"async\" class=\"aligncenter\" src=\"http:\/\/187.174.252.244\/caev\/Image\/2018\/trimestre-ico.png\" alt=\"\" width=\"53\" height=\"60\" \/><\/td> <td style=\"width: 213.563px; height: 61px;\"><img loading=\"lazy\" decoding=\"async\" class=\"aligncenter\" src=\"http:\/\/187.174.252.244\/caev\/Image\/2018\/usuario-ico.png\" alt=\"\" width=\"56\" height=\"60\" \/><\/td> <td style=\"width: 117.563px; height: 61px;\"><img loading=\"lazy\" decoding=\"async\" class=\"aligncenter\" src=\"http:\/\/187.174.252.244\/caev\/Image\/2018\/anio-ico.png\" alt=\"\" width=\"59\" height=\"60\" \/><\/td> <td style=\"width: 122.063px; height: 61px;\"><img loading=\"lazy\" decoding=\"async\" class=\"aligncenter\" src=\"http:\/\/187.174.252.244\/caev\/Image\/2018\/anio-ico.png\" alt=\"\" width=\"59\" height=\"60\" \/><\/td> <td style=\"width: 114.563px; height: 61px;\"><img loading=\"lazy\" decoding=\"async\" class=\"aligncenter\" src=\"http:\/\/187.174.252.244\/caev\/Image\/2018\/cloud-ico.png\" alt=\"\" width=\"57\" height=\"60\" \/><\/td> <\/tr> <tr style=\"height: 91px;\"> <td style=\"text-align: center; width: 102.563px; height: 91px;\"><span style=\"color: #000000;\"><strong>Trimestre<\/strong><em><br \/> <\/em><\/span><\/td> <td style=\"text-align: center; width: 213.563px; height: 91px;\"><span style=\"color: #000000;\"><strong>\u00c1rea Responsable<\/strong><\/span><\/td> <td style=\"text-align: center; width: 117.563px; height: 91px;\"><span style=\"color: #000000;\"><strong>Fecha de Validaci\u00f3n de la Informaci\u00f3n<\/strong><\/span><\/td> <td style=\"text-align: center; width: 122.063px; height: 91px;\"><span style=\"color: #000000;\"><strong>Fecha de Actualizaci\u00f3n de la Inf.<\/strong><\/span><\/td> <td style=\"text-align: center; width: 114.563px; height: 91px;\"><span style=\"color: #000000;\"><strong>Descargar Informaci\u00f3n<\/strong><\/span><\/td> <\/tr> <tr style=\"height: 23px;\"> <td style=\"width: 102.563px; height: 23px;\"><\/td> <td style=\"width: 213.563px; height: 23px;\"><\/td> <td style=\"width: 117.563px; height: 23px;\"><\/td> <td style=\"width: 122.063px; height: 23px;\"><\/td> <td style=\"width: 114.563px; height: 23px;\"><\/td> <\/tr> <tr style=\"height: 46px;\"> <td style=\"text-align: center; width: 102.563px; height: 46px;\"><span style=\"color: #000000;\">Primero<\/span><\/td> <td style=\"text-align: center; width: 213.563px; height: 46px;\"><span style=\"color: #000000;\">Departamento Comercial y Administrativo<\/span><\/td> <td style=\"text-align: center; width: 117.563px; height: 46px;\"><span style=\"color: #000000;\">02\/04\/2019<\/span><\/td> <td style=\"text-align: center; width: 122.063px; height: 46px;\"><span style=\"color: #000000;\">29\/03\/2019<\/span><\/td> <td style=\"text-align: center; width: 114.563px; height: 46px;\"><a href=\"http:\/\/187.174.252.244\/caev\/pdfs\/oficinas_operadoras\/AguaDulce\/2019\/44-FORM12B-19-1.xlsx\">descargar archivo<\/a><\/td> <\/tr> <tr style=\"height: 43px;\"> <td style=\"text-align: center; width: 102.563px; height: 43px;\">Segundo<\/td> <td style=\"width: 213.563px; text-align: center; height: 43px;\"><span style=\"color: #000000;\">Departamento Comercial y Administrativo<\/span><\/td> <td style=\"width: 117.563px; text-align: center; height: 43px;\"><span style=\"color: #000000;\">01\/07\/2019<\/span><\/td> <td style=\"width: 122.063px; height: 43px; text-align: center;\"><span style=\"color: #000000;\">30\/06\/2019<\/span><\/td> <td style=\"width: 114.563px; height: 43px; text-align: center;\"><a href=\"http:\/\/187.174.252.244\/caev\/pdfs\/oficinas_operadoras\/AguaDulce\/2019\/44-FORM12B-19-2.xlsx\">descargar archivo<\/a><\/td> <\/tr> <tr style=\"height: 23px;\"> <td style=\"text-align: center; width: 102.563px; height: 23px;\"><\/td> <td style=\"text-align: center; width: 213.563px; height: 23px;\"><\/td> <td style=\"text-align: center; width: 117.563px; height: 23px;\"><\/td> <td style=\"text-align: center; width: 122.063px; height: 23px;\"><\/td> <td style=\"text-align: center; width: 114.563px; height: 23px;\"><\/td> <\/tr> <tr style=\"height: 23px;\"> <td style=\"text-align: center; width: 102.563px; height: 23px;\"><\/td> <td style=\"text-align: center; width: 213.563px; height: 23px;\"><\/td> <td style=\"text-align: center; width: 117.563px; height: 23px;\"><\/td> <td style=\"text-align: center; width: 122.063px; height: 23px;\"><\/td> <td style=\"text-align: center; width: 114.563px; height: 23px;\"><\/td> <\/tr> <\/tbody> <\/table> <\/div> <p>&nbsp;<\/p> <h4>A\u00d1OS ANTERIORES<\/h4> <table width=\"520\"> <tbody> <tr> <td style=\"width: 100px;\"><a href=\"http:\/\/187.174.252.244\/operadoras\/transparencia\/ley-general-y-ley-875\/agua-dulce-ley-general-y-ley-875-de-transparencia\/agua-dulce-fraccion-xii-b-1\/\"><img loading=\"lazy\" decoding=\"async\" class=\"aligncenter\" src=\"http:\/\/187.174.252.244\/caev\/Image\/2018\/folder-ico.jpg\" alt=\"\" width=\"51\" height=\"44\" \/><\/a><\/td> <td><\/td> <\/tr> <\/tbody> <\/table> <p style=\"text-align: center;\"><a href=\"http:\/\/187.174.252.244\/operadoras\/transparencia\/ley-general-y-ley-875\/agua-dulce-ley-general-y-ley-875-de-transparencia\/\"><img loading=\"lazy\" decoding=\"async\" class=\"alignnone size-medium\" src=\"http:\/\/187.174.252.244\/caev\/Oficinas_Operadoras\/Aarchivos\/home1.png\" width=\"36\" height=\"37\" \/><\/a> <a href=\"http:\/\/187.174.252.244\/operadoras\/transparencia\/ley-general-y-ley-875\/agua-dulce-ley-general-y-ley-875-de-transparencia\/\">regresar<\/a><\/p> ","protected":false},"excerpt":{"rendered":"<p>DECLARACI\u00d3N FISCAL DE LOS SERVIDORES(AS) P\u00daBLICOS(AS) &nbsp; Las declaraciones fiscales de los(as) servidores(as) p\u00fablicos(as). &nbsp; Ejercicio: &nbsp; 2019 &nbsp; Trimestre \u00c1rea Responsable Fecha de Validaci\u00f3n de la Informaci\u00f3n Fecha de Actualizaci\u00f3n de la Inf. Descargar Informaci\u00f3n Primero Departamento Comercial y Administrativo 02\/04\/2019 29\/03\/2019 descargar archivo Segundo Departamento Comercial y Administrativo 01\/07\/2019 30\/06\/2019 descargar archivo &nbsp; [&hellip;]<\/p>\n","protected":false},"author":1,"featured_media":0,"parent":6662,"menu_order":0,"comment_status":"closed","ping_status":"closed","template":"","meta":{"footnotes":""},"class_list":["post-11721","page","type-page","status-publish","hentry"],"_links":{"self":[{"href":"http:\/\/187.174.252.244\/operadoras\/wp-json\/wp\/v2\/pages\/11721"}],"collection":[{"href":"http:\/\/187.174.252.244\/operadoras\/wp-json\/wp\/v2\/pages"}],"about":[{"href":"http:\/\/187.174.252.244\/operadoras\/wp-json\/wp\/v2\/types\/page"}],"author":[{"embeddable":true,"href":"http:\/\/187.174.252.244\/operadoras\/wp-json\/wp\/v2\/users\/1"}],"replies":[{"embeddable":true,"href":"http:\/\/187.174.252.244\/operadoras\/wp-json\/wp\/v2\/comments?post=11721"}],"version-history":[{"count":12,"href":"http:\/\/187.174.252.244\/operadoras\/wp-json\/wp\/v2\/pages\/11721\/revisions"}],"predecessor-version":[{"id":32223,"href":"http:\/\/187.174.252.244\/operadoras\/wp-json\/wp\/v2\/pages\/11721\/revisions\/32223"}],"up":[{"embeddable":true,"href":"http:\/\/187.174.252.244\/operadoras\/wp-json\/wp\/v2\/pages\/6662"}],"wp:attachment":[{"href":"http:\/\/187.174.252.244\/operadoras\/wp-json\/wp\/v2\/media?parent=11721"}],"curies":[{"name":"wp","href":"https:\/\/api.w.org\/{rel}","templated":true}]}}