{"id":11805,"date":"2018-06-22T12:15:17","date_gmt":"2018-06-22T18:15:17","guid":{"rendered":"http:\/\/localhost\/?page_id=11805"},"modified":"2019-07-09T19:13:14","modified_gmt":"2019-07-10T01:13:14","slug":"penuela-fraccion-xii-b","status":"publish","type":"page","link":"http:\/\/187.174.252.244\/operadoras\/transparencia\/ley-general-y-ley-875\/penuela-ley-general-y-ley-875-de-transparencia\/penuela-fraccion-xii-b\/","title":{"rendered":"Pe\u00f1uela &#8211; Fracci\u00f3n XII-B"},"content":{"rendered":"<p><strong>DECLARACI\u00d3N FISCAL DE LOS SERVIDORES(AS) P\u00daBLICOS(AS)<br \/> <\/strong><\/p> <p>&nbsp;<\/p> <p>Las declaraciones fiscales de los(as) servidores(as) p\u00fablicos(as).<\/p> <p>&nbsp;<\/p> <div class=\"caja\"> <table width=\"636\"> <tbody> <tr> <td style=\"width: 140px;\"><strong><img loading=\"lazy\" decoding=\"async\" class=\"alignnone aligncenter\" src=\"http:\/\/187.174.252.244\/caev\/Image\/2018\/fecha3-ico.png\" alt=\"\" width=\"46\" height=\"50\" \/><\/strong><\/td> <td style=\"width: 140px;\"> <h4>Ejercicio:<\/h4> <\/td> <td style=\"width: 140px;\" colspan=\"3\"> <p>&nbsp;<\/p> <p>2019<\/td> <\/tr> <\/tbody> <\/table> <p>&nbsp;<\/p> <table style=\"height: 260px; width: 699px;\" width=\"700\"> <tbody> <tr style=\"height: 58px;\"> <td style=\"width: 107.063px; height: 58px;\"><img loading=\"lazy\" decoding=\"async\" class=\"aligncenter\" src=\"http:\/\/187.174.252.244\/caev\/Image\/2018\/trimestre-ico.png\" alt=\"\" width=\"53\" height=\"60\" \/><\/td> <td style=\"width: 215.063px; height: 58px;\"><img loading=\"lazy\" decoding=\"async\" class=\"aligncenter\" src=\"http:\/\/187.174.252.244\/caev\/Image\/2018\/usuario-ico.png\" alt=\"\" width=\"56\" height=\"60\" \/><\/td> <td style=\"width: 111.563px; height: 58px;\"><img loading=\"lazy\" decoding=\"async\" class=\"aligncenter\" src=\"http:\/\/187.174.252.244\/caev\/Image\/2018\/anio-ico.png\" alt=\"\" width=\"59\" height=\"60\" \/><\/td> <td style=\"width: 122.063px; height: 58px;\"><img loading=\"lazy\" decoding=\"async\" class=\"aligncenter\" src=\"http:\/\/187.174.252.244\/caev\/Image\/2018\/anio-ico.png\" alt=\"\" width=\"59\" height=\"60\" \/><\/td> <td style=\"width: 114.563px; height: 58px;\"><img loading=\"lazy\" decoding=\"async\" class=\"aligncenter\" src=\"http:\/\/187.174.252.244\/caev\/Image\/2018\/cloud-ico.png\" alt=\"\" width=\"57\" height=\"60\" \/><\/td> <\/tr> <tr style=\"height: 88px;\"> <td style=\"text-align: center; height: 88px; width: 107.063px;\"><span style=\"color: #000000;\"><strong>Trimestre<\/strong><em><br \/> <\/em><\/span><\/td> <td style=\"text-align: center; height: 88px; width: 215.063px;\"><span style=\"color: #000000;\"><strong>\u00c1rea Responsable<\/strong><\/span><\/td> <td style=\"text-align: center; height: 88px; width: 111.563px;\"><span style=\"color: #000000;\"><strong>Fecha de Validaci\u00f3n de la Informaci\u00f3n<\/strong><\/span><\/td> <td style=\"text-align: center; height: 88px; width: 122.063px;\"><span style=\"color: #000000;\"><strong>Fecha de Actualizaci\u00f3n de la Inf.<\/strong><\/span><\/td> <td style=\"text-align: center; height: 88px; width: 114.563px;\"><span style=\"color: #000000;\"><strong>Descargar Informaci\u00f3n<\/strong><\/span><\/td> <\/tr> <tr style=\"height: 20px;\"> <td style=\"height: 20px; width: 107.063px;\"><\/td> <td style=\"height: 20px; width: 215.063px;\"><\/td> <td style=\"height: 20px; width: 111.563px;\"><\/td> <td style=\"height: 20px; width: 122.063px;\"><\/td> <td style=\"height: 20px; width: 114.563px;\"><\/td> <\/tr> <tr style=\"height: 43px;\"> <td style=\"text-align: center; height: 43px; width: 107.063px;\"><span style=\"color: #000000;\">Primero<\/span><\/td> <td style=\"text-align: center; height: 43px; width: 215.063px;\"><span style=\"color: #000000;\">Secci\u00f3n Comercial y Administrativa<\/span><\/td> <td style=\"text-align: center; height: 43px; width: 111.563px;\"><span style=\"color: #000000;\">29\/04\/2019<\/span><\/td> <td style=\"text-align: center; height: 43px; width: 122.063px;\"><span style=\"color: #000000;\">31\/03\/2019<\/span><\/td> <td style=\"text-align: center; height: 43px; width: 114.563px;\"><a href=\"http:\/\/187.174.252.244\/caev\/pdfs\/oficinas_operadoras\/Penuela\/2019\/31-FORM12B-19-1.xlsx\">descargar archivo<\/a><\/td> <\/tr> <tr> <td style=\"text-align: center; width: 107.063px;\"><span style=\"color: #000000;\">Segundo<\/span><\/td> <td style=\"text-align: center; width: 215.063px;\"><span style=\"color: #000000;\">Secci\u00f3n Comercial y Administrativa<\/span><\/td> <td style=\"text-align: center; width: 111.563px;\"><span style=\"color: #000000;\">05\/07\/2019<\/span><\/td> <td style=\"text-align: center; width: 122.063px;\"><span style=\"color: #000000;\">28\/06\/2019<\/span><\/td> <td style=\"text-align: center; width: 114.563px;\"><a href=\"http:\/\/187.174.252.244\/caev\/pdfs\/oficinas_operadoras\/Penuela\/2019\/31-FORM12B-19-2.xlsx\">descargar archivo<\/a><\/td> <\/tr> <tr style=\"height: 20px;\"> <td style=\"text-align: center; height: 20px; width: 107.063px;\"><\/td> <td style=\"text-align: center; height: 20px; width: 215.063px;\"><\/td> <td style=\"text-align: center; height: 20px; width: 111.563px;\"><\/td> <td style=\"text-align: center; height: 20px; width: 122.063px;\"><\/td> <td style=\"text-align: center; height: 20px; width: 114.563px;\"><\/td> <\/tr> <tr style=\"height: 20px;\"> <td style=\"text-align: center; height: 20px; width: 107.063px;\"><\/td> <td style=\"text-align: center; height: 20px; width: 215.063px;\"><\/td> <td style=\"text-align: center; height: 20px; width: 111.563px;\"><\/td> <td style=\"text-align: center; height: 20px; width: 122.063px;\"><\/td> <td style=\"text-align: center; height: 20px; width: 114.563px;\"><\/td> <\/tr> <\/tbody> <\/table> <\/div> <h4><\/h4> <h4>A\u00d1OS ANTERIORES<\/h4> <table width=\"520\"> <tbody> <tr> <td style=\"width: 100px;\"><a href=\"http:\/\/187.174.252.244\/operadoras\/transparencia\/ley-general-y-ley-875\/penuela-ley-general-y-ley-875-de-transparencia\/penuela-fraccion-xii-b-1\/\"><img loading=\"lazy\" decoding=\"async\" class=\"aligncenter\" src=\"http:\/\/187.174.252.244\/caev\/Image\/2018\/folder-ico.jpg\" alt=\"\" width=\"51\" height=\"44\" \/><\/a><\/td> <td><\/td> <\/tr> <\/tbody> <\/table> <p style=\"text-align: center;\"><a href=\"http:\/\/187.174.252.244\/operadoras\/transparencia\/ley-general-y-ley-875\/penuela-ley-general-y-ley-875-de-transparencia\/\"><img loading=\"lazy\" decoding=\"async\" class=\"alignnone size-medium\" src=\"http:\/\/187.174.252.244\/caev\/Oficinas_Operadoras\/Aarchivos\/home1.png\" width=\"36\" height=\"37\" \/><\/a> <a href=\"http:\/\/187.174.252.244\/operadoras\/transparencia\/ley-general-y-ley-875\/penuela-ley-general-y-ley-875-de-transparencia\/\">regresar<\/a><\/p> ","protected":false},"excerpt":{"rendered":"<p>DECLARACI\u00d3N FISCAL DE LOS SERVIDORES(AS) P\u00daBLICOS(AS) &nbsp; Las declaraciones fiscales de los(as) servidores(as) p\u00fablicos(as). &nbsp; Ejercicio: &nbsp; 2019 &nbsp; Trimestre \u00c1rea Responsable Fecha de Validaci\u00f3n de la Informaci\u00f3n Fecha de Actualizaci\u00f3n de la Inf. Descargar Informaci\u00f3n Primero Secci\u00f3n Comercial y Administrativa 29\/04\/2019 31\/03\/2019 descargar archivo Segundo Secci\u00f3n Comercial y Administrativa 05\/07\/2019 28\/06\/2019 descargar archivo A\u00d1OS [&hellip;]<\/p>\n","protected":false},"author":1,"featured_media":0,"parent":6746,"menu_order":0,"comment_status":"closed","ping_status":"closed","template":"","meta":{"footnotes":""},"class_list":["post-11805","page","type-page","status-publish","hentry"],"_links":{"self":[{"href":"http:\/\/187.174.252.244\/operadoras\/wp-json\/wp\/v2\/pages\/11805"}],"collection":[{"href":"http:\/\/187.174.252.244\/operadoras\/wp-json\/wp\/v2\/pages"}],"about":[{"href":"http:\/\/187.174.252.244\/operadoras\/wp-json\/wp\/v2\/types\/page"}],"author":[{"embeddable":true,"href":"http:\/\/187.174.252.244\/operadoras\/wp-json\/wp\/v2\/users\/1"}],"replies":[{"embeddable":true,"href":"http:\/\/187.174.252.244\/operadoras\/wp-json\/wp\/v2\/comments?post=11805"}],"version-history":[{"count":10,"href":"http:\/\/187.174.252.244\/operadoras\/wp-json\/wp\/v2\/pages\/11805\/revisions"}],"predecessor-version":[{"id":20918,"href":"http:\/\/187.174.252.244\/operadoras\/wp-json\/wp\/v2\/pages\/11805\/revisions\/20918"}],"up":[{"embeddable":true,"href":"http:\/\/187.174.252.244\/operadoras\/wp-json\/wp\/v2\/pages\/6746"}],"wp:attachment":[{"href":"http:\/\/187.174.252.244\/operadoras\/wp-json\/wp\/v2\/media?parent=11805"}],"curies":[{"name":"wp","href":"https:\/\/api.w.org\/{rel}","templated":true}]}}