{"id":12098,"date":"2018-06-25T07:23:48","date_gmt":"2018-06-25T13:23:48","guid":{"rendered":"http:\/\/localhost\/?page_id=12098"},"modified":"2019-07-24T09:19:27","modified_gmt":"2019-07-24T15:19:27","slug":"acayucan-fraccion-xii-c","status":"publish","type":"page","link":"http:\/\/187.174.252.244\/operadoras\/transparencia\/ley-general-y-ley-875\/acayucan-ley-general-y-ley-875-de-transparencia\/acayucan-fraccion-xii-c\/","title":{"rendered":"Acayucan &#8211; Fracci\u00f3n XII-C"},"content":{"rendered":"<p><strong>DECLARACI\u00d3N FISCAL DE LOS SERVIDORES(AS) P\u00daBLICOS(AS)<br \/> <\/strong><\/p> <p>&nbsp;<\/p> <p>Las declaraciones fiscales de los(as) servidores(as) p\u00fablicos(as).<\/p> <p>&nbsp;<\/p> <div class=\"caja\"> <table width=\"636\"> <tbody> <tr> <td style=\"width: 140px;\"><strong><img loading=\"lazy\" decoding=\"async\" class=\"alignnone aligncenter\" src=\"http:\/\/187.174.252.244\/caev\/Image\/2018\/fecha3-ico.png\" alt=\"\" width=\"46\" height=\"50\" \/><\/strong><\/td> <td style=\"width: 140px;\"> <h4>Ejercicio:<\/h4> <\/td> <td style=\"width: 140px;\" colspan=\"3\"> <p>&nbsp;<\/p> <p>2019<\/td> <\/tr> <\/tbody> <\/table> <p>&nbsp;<\/p> <table style=\"width: 699px; height: 381px;\" width=\"700\"> <tbody> <tr style=\"height: 63px;\"> <td style=\"width: 105.563px; height: 63px;\"><img loading=\"lazy\" decoding=\"async\" class=\"aligncenter\" src=\"http:\/\/187.174.252.244\/caev\/Image\/2018\/trimestre-ico.png\" alt=\"\" width=\"53\" height=\"60\" \/><\/td> <td style=\"width: 216.563px; height: 63px;\"><img loading=\"lazy\" decoding=\"async\" class=\"aligncenter\" src=\"http:\/\/187.174.252.244\/caev\/Image\/2018\/usuario-ico.png\" alt=\"\" width=\"56\" height=\"60\" \/><\/td> <td style=\"width: 113.063px; height: 63px;\"><img loading=\"lazy\" decoding=\"async\" class=\"aligncenter\" src=\"http:\/\/187.174.252.244\/caev\/Image\/2018\/anio-ico.png\" alt=\"\" width=\"59\" height=\"60\" \/><\/td> <td style=\"width: 120.563px; height: 63px;\"><img loading=\"lazy\" decoding=\"async\" class=\"aligncenter\" src=\"http:\/\/187.174.252.244\/caev\/Image\/2018\/anio-ico.png\" alt=\"\" width=\"59\" height=\"60\" \/><\/td> <td style=\"width: 114.563px; height: 63px;\"><img loading=\"lazy\" decoding=\"async\" class=\"aligncenter\" src=\"http:\/\/187.174.252.244\/caev\/Image\/2018\/cloud-ico.png\" alt=\"\" width=\"57\" height=\"60\" \/><\/td> <\/tr> <tr style=\"height: 98px;\"> <td style=\"text-align: center; width: 105.563px; height: 98px;\"><span style=\"color: #000000;\"><strong>Trimestre<\/strong><em><br \/> <\/em><\/span><\/td> <td style=\"text-align: center; width: 216.563px; height: 98px;\"><span style=\"color: #000000;\"><strong>\u00c1rea Responsable<\/strong><\/span><\/td> <td style=\"text-align: center; width: 113.063px; height: 98px;\"><span style=\"color: #000000;\"><strong>Fecha de Validaci\u00f3n de la Informaci\u00f3n<\/strong><\/span><\/td> <td style=\"text-align: center; width: 120.563px; height: 98px;\"><span style=\"color: #000000;\"><strong>Fecha de Actualizaci\u00f3n de la Inf.<\/strong><\/span><\/td> <td style=\"text-align: center; width: 114.563px; height: 98px;\"><span style=\"color: #000000;\"><strong>Descargar Informaci\u00f3n<\/strong><\/span><\/td> <\/tr> <tr style=\"height: 26px;\"> <td style=\"text-align: center; width: 105.563px; height: 26px;\"><\/td> <td style=\"text-align: center; width: 216.563px; height: 26px;\"><\/td> <td style=\"text-align: center; width: 113.063px; height: 26px;\"><\/td> <td style=\"text-align: center; width: 120.563px; height: 26px;\"><\/td> <td style=\"width: 114.563px; height: 26px;\"><\/td> <\/tr> <tr style=\"height: 74px;\"> <td style=\"text-align: center; width: 105.563px; height: 74px;\"><span style=\"color: #000000;\">Primero<\/span><\/td> <td style=\"text-align: center; width: 216.563px; height: 74px;\">Subdireccion Administrativa, Recursos Humanos, Enlace de Transparencia<\/td> <td style=\"text-align: center; width: 113.063px; height: 74px;\"><span style=\"color: #000000;\">01\/04\/2019<\/span><\/td> <td style=\"text-align: center; width: 120.563px; height: 74px;\"><span style=\"color: #000000;\">29\/03\/2019<\/span><\/td> <td style=\"text-align: center; width: 114.563px; height: 74px;\"><a href=\"http:\/\/187.174.252.244\/caev\/pdfs\/oficinas_operadoras\/Acayucan\/2019\/43-FORM12C-19-1.xlsx\">descargar archivo<\/a><\/td> <\/tr> <tr style=\"height: 26px;\"> <td style=\"width: 105.563px; height: 26px; text-align: center;\">Segundo<\/td> <td style=\"width: 216.563px; height: 26px; text-align: center;\"><span style=\"color: #000000;\">Subdirecci\u00f3n Administrativa,<\/span><br \/> <span style=\"color: #000000;\">Recursos Humanos,<\/span><br \/> <span style=\"color: #000000;\">Enlace de Transparencia<\/span><\/td> <td style=\"width: 113.063px; height: 26px; text-align: center;\"><span style=\"color: #000000;\">01\/07\/2019<\/span><\/td> <td style=\"width: 120.563px; height: 26px; text-align: center;\"><span style=\"color: #000000;\">30\/06\/2019<\/span><\/td> <td style=\"width: 114.563px; height: 26px; text-align: center;\"><a href=\"http:\/\/187.174.252.244\/caev\/pdfs\/oficinas_operadoras\/Acayucan\/2019\/43-FORM12C-19-2.xlsx\">descargar archivo<\/a><\/td> <\/tr> <tr style=\"height: 26px;\"> <td style=\"text-align: center; width: 105.563px; height: 26px;\"><\/td> <td style=\"text-align: center; width: 216.563px; height: 26px;\"><\/td> <td style=\"text-align: center; width: 113.063px; height: 26px;\"><\/td> <td style=\"text-align: center; width: 120.563px; height: 26px;\"><\/td> <td style=\"text-align: center; width: 114.563px; height: 26px;\"><\/td> <\/tr> <tr style=\"height: 26px;\"> <td style=\"text-align: center; width: 105.563px; height: 26px;\"><\/td> <td style=\"text-align: center; width: 216.563px; height: 26px;\"><\/td> <td style=\"text-align: center; width: 113.063px; height: 26px;\"><\/td> <td style=\"text-align: center; width: 120.563px; height: 26px;\"><\/td> <td style=\"text-align: center; width: 114.563px; height: 26px;\"><\/td> <\/tr> <\/tbody> <\/table> <p>&nbsp;<\/p> <\/div> <h4>A\u00d1OS ANTERIORES<\/h4> <table width=\"520\"> <tbody> <tr> <td style=\"width: 100px;\"><a href=\"http:\/\/187.174.252.244\/operadoras\/transparencia\/ley-general-y-ley-875\/acayucan-ley-general-y-ley-875-de-transparencia\/acayucan-fraccion-xii-c-1\/\"><img loading=\"lazy\" decoding=\"async\" class=\"aligncenter\" src=\"http:\/\/187.174.252.244\/caev\/Image\/2018\/folder-ico.jpg\" alt=\"\" width=\"51\" height=\"44\" \/><\/a><\/td> <td><\/td> <\/tr> <\/tbody> <\/table> <p style=\"text-align: center;\"><a href=\"http:\/\/187.174.252.244\/operadoras\/transparencia\/ley-general-y-ley-875\/acayucan-ley-general-y-ley-875-de-transparencia\/\"><img loading=\"lazy\" decoding=\"async\" class=\"alignnone size-medium\" src=\"http:\/\/187.174.252.244\/caev\/Oficinas_Operadoras\/Aarchivos\/home1.png\" width=\"36\" height=\"37\" \/><\/a> <a href=\"http:\/\/187.174.252.244\/operadoras\/transparencia\/ley-general-y-ley-875\/acayucan-ley-general-y-ley-875-de-transparencia\/\">regresar<\/a><\/p> ","protected":false},"excerpt":{"rendered":"<p>DECLARACI\u00d3N FISCAL DE LOS SERVIDORES(AS) P\u00daBLICOS(AS) &nbsp; Las declaraciones fiscales de los(as) servidores(as) p\u00fablicos(as). &nbsp; Ejercicio: &nbsp; 2019 &nbsp; Trimestre \u00c1rea Responsable Fecha de Validaci\u00f3n de la Informaci\u00f3n Fecha de Actualizaci\u00f3n de la Inf. Descargar Informaci\u00f3n Primero Subdireccion Administrativa, Recursos Humanos, Enlace de Transparencia 01\/04\/2019 29\/03\/2019 descargar archivo Segundo Subdirecci\u00f3n Administrativa, Recursos Humanos, Enlace de [&hellip;]<\/p>\n","protected":false},"author":1,"featured_media":0,"parent":6660,"menu_order":0,"comment_status":"closed","ping_status":"closed","template":"","meta":{"footnotes":""},"class_list":["post-12098","page","type-page","status-publish","hentry"],"_links":{"self":[{"href":"http:\/\/187.174.252.244\/operadoras\/wp-json\/wp\/v2\/pages\/12098"}],"collection":[{"href":"http:\/\/187.174.252.244\/operadoras\/wp-json\/wp\/v2\/pages"}],"about":[{"href":"http:\/\/187.174.252.244\/operadoras\/wp-json\/wp\/v2\/types\/page"}],"author":[{"embeddable":true,"href":"http:\/\/187.174.252.244\/operadoras\/wp-json\/wp\/v2\/users\/1"}],"replies":[{"embeddable":true,"href":"http:\/\/187.174.252.244\/operadoras\/wp-json\/wp\/v2\/comments?post=12098"}],"version-history":[{"count":13,"href":"http:\/\/187.174.252.244\/operadoras\/wp-json\/wp\/v2\/pages\/12098\/revisions"}],"predecessor-version":[{"id":32202,"href":"http:\/\/187.174.252.244\/operadoras\/wp-json\/wp\/v2\/pages\/12098\/revisions\/32202"}],"up":[{"embeddable":true,"href":"http:\/\/187.174.252.244\/operadoras\/wp-json\/wp\/v2\/pages\/6660"}],"wp:attachment":[{"href":"http:\/\/187.174.252.244\/operadoras\/wp-json\/wp\/v2\/media?parent=12098"}],"curies":[{"name":"wp","href":"https:\/\/api.w.org\/{rel}","templated":true}]}}