{"id":12507,"date":"2018-06-25T12:07:38","date_gmt":"2018-06-25T18:07:38","guid":{"rendered":"http:\/\/localhost\/?page_id=12507"},"modified":"2025-07-17T21:02:07","modified_gmt":"2025-07-18T03:02:07","slug":"coatzintla-fraccion-xvi-a","status":"publish","type":"page","link":"http:\/\/187.174.252.244\/operadoras\/transparencia\/ley-general-y-ley-875\/coatzintla-ley-general-y-ley-875-de-transparencia\/coatzintla-fraccion-xvi-a\/","title":{"rendered":"Coatzintla &#8211; Fracci\u00f3n XVI-A"},"content":{"rendered":"<p><strong>NORMATIVIDAD LABORAL<\/strong><\/p> <p>&nbsp;<\/p> <p>Las condiciones generales de trabajo, nombramientos, contratos o convenios que regulen las relaciones laborales del personal de base o de confianza, as\u00ed como los recursos p\u00fablicos econ\u00f3micos, en especie o donativos, que sean entregados a los sindicatos y ejerzan como recursos p\u00fablicos.<\/p> <p>&nbsp;<\/p> <div class=\"caja\"> <table width=\"636\"> <tbody> <tr> <td style=\"width: 140px;\"><strong><img loading=\"lazy\" decoding=\"async\" class=\"alignnone aligncenter\" src=\"http:\/\/187.174.252.244\/caev\/Image\/2018\/fecha3-ico.png\" alt=\"\" width=\"46\" height=\"50\" \/><\/strong><\/td> <td style=\"width: 140px;\"> <h4>Ejercicio:<\/h4> <\/td> <td style=\"width: 140px;\" colspan=\"3\"> <p>&nbsp;<\/p> <p>2025<\/td> <\/tr> <\/tbody> <\/table> <p>&nbsp;<\/p> <table style=\"height: 309px; width: 700px;\" width=\"700\"> <tbody> <tr style=\"height: 60px;\"> <td style=\"height: 60px; width: 107px;\"><img loading=\"lazy\" decoding=\"async\" class=\"aligncenter\" src=\"http:\/\/187.174.252.244\/caev\/Image\/2018\/trimestre-ico.png\" alt=\"\" width=\"53\" height=\"60\" \/><\/td> <td style=\"height: 60px; width: 199px;\"><img loading=\"lazy\" decoding=\"async\" class=\"aligncenter\" src=\"http:\/\/187.174.252.244\/caev\/Image\/2018\/usuario-ico.png\" alt=\"\" width=\"56\" height=\"60\" \/><\/td> <td style=\"height: 60px; width: 117px;\"><img loading=\"lazy\" decoding=\"async\" class=\"aligncenter\" src=\"http:\/\/187.174.252.244\/caev\/Image\/2018\/anio-ico.png\" alt=\"\" width=\"59\" height=\"60\" \/><\/td> <td style=\"height: 60px; width: 125px;\"><img loading=\"lazy\" decoding=\"async\" class=\"aligncenter\" src=\"http:\/\/187.174.252.244\/caev\/Image\/2018\/anio-ico.png\" alt=\"\" width=\"59\" height=\"60\" \/><\/td> <td style=\"height: 60px; width: 118px;\"><img loading=\"lazy\" decoding=\"async\" class=\"aligncenter\" src=\"http:\/\/187.174.252.244\/caev\/Image\/2018\/cloud-ico.png\" alt=\"\" width=\"57\" height=\"60\" \/><\/td> <\/tr> <tr style=\"height: 72px;\"> <td style=\"height: 72px; text-align: center; width: 107px;\"><span style=\"color: #000000;\"><strong>Trimestre<\/strong><em><br \/> <\/em><\/span><\/td> <td style=\"height: 72px; text-align: center; width: 199px;\"><span style=\"color: #000000;\"><strong>\u00c1rea Responsable<\/strong><\/span><\/td> <td style=\"height: 72px; text-align: center; width: 117px;\"><span style=\"color: #000000;\"><strong>Fecha de Validaci\u00f3n de la Informaci\u00f3n<\/strong><\/span><\/td> <td style=\"height: 72px; text-align: center; width: 125px;\"><span style=\"color: #000000;\"><strong>Fecha de Actualizaci\u00f3n de la Inf.<\/strong><\/span><\/td> <td style=\"height: 72px; text-align: center; width: 118px;\"><span style=\"color: #000000;\"><strong>Descargar Informaci\u00f3n<\/strong><\/span><\/td> <\/tr> <tr style=\"height: 24px;\"> <td style=\"height: 24px; width: 107px;\"><\/td> <td style=\"height: 24px; width: 199px;\"><\/td> <td style=\"height: 24px; width: 117px;\"><\/td> <td style=\"height: 24px; width: 125px;\"><\/td> <td style=\"height: 24px; width: 118px;\"><\/td> <\/tr> <tr style=\"height: 48px;\"> <td style=\"text-align: center; height: 48px; width: 107px;\"><span style=\"color: #000000;\">Primero<\/span><\/td> <td style=\"text-align: center; height: 48px; width: 199px;\"><span style=\"color: #000000;\">Oficina Comercial y<\/span><br \/> <span style=\"color: #000000;\">Administrativa<\/span><\/td> <td style=\"text-align: center; height: 48px; width: 117px;\"><span style=\"color: #000000;\">31\/03\/2025<\/span><\/td> <td style=\"text-align: center; height: 48px; width: 125px;\"><span style=\"color: #000000;\">31\/03\/2025<\/span><\/td> <td style=\"text-align: center; height: 48px; width: 118px;\"><a href=\"http:\/\/187.174.252.244\/caev\/pdfs\/oficinas_operadoras\/Coatzintla\/2025\/4-FORM16A-25-1.xlsx\">descargar archivo<\/a><\/td> <\/tr> <tr style=\"height: 48px;\"> <td style=\"text-align: center; height: 48px; width: 107px;\"><\/td> <td style=\"text-align: center; height: 48px; width: 199px;\"><\/td> <td style=\"text-align: center; height: 48px; width: 117px;\"><\/td> <td style=\"text-align: center; height: 48px; width: 125px;\"><\/td> <td style=\"text-align: center; height: 48px; width: 118px;\"><\/td> <\/tr> <tr style=\"height: 48px;\"> <td style=\"text-align: center; height: 48px; width: 107px;\"><\/td> <td style=\"text-align: center; height: 48px; width: 199px;\"><\/td> <td style=\"text-align: center; height: 48px; width: 117px;\"><\/td> <td style=\"text-align: center; height: 48px; width: 125px;\"><\/td> <td style=\"text-align: center; height: 48px; width: 118px;\"><\/td> <\/tr> <tr style=\"height: 48px;\"> <td style=\"text-align: center; height: 48px; width: 107px;\"><\/td> <td style=\"text-align: center; height: 48px; width: 199px;\"><\/td> <td style=\"text-align: center; height: 48px; width: 117px;\"><\/td> <td style=\"text-align: center; height: 48px; width: 125px;\"><\/td> <td style=\"text-align: center; height: 48px; width: 118px;\"><\/td> <\/tr> <\/tbody> <\/table> <\/div> <h4><\/h4> <h4>A\u00d1OS ANTERIORES<\/h4> <table width=\"520\"> <tbody> <tr> <td style=\"width: 100px;\"><a href=\"http:\/\/187.174.252.244\/operadoras\/transparencia\/ley-general-y-ley-875\/coatzintla-ley-general-y-ley-875-de-transparencia\/coatzintla-fraccion-xvi-a-1\/\"><img loading=\"lazy\" decoding=\"async\" class=\"aligncenter\" src=\"http:\/\/187.174.252.244\/caev\/Image\/2018\/folder-ico.jpg\" alt=\"\" width=\"51\" height=\"44\" \/><\/a><\/td> <td><\/td> <\/tr> <\/tbody> <\/table> <p>&nbsp;<\/p> <p style=\"text-align: center;\"><a href=\"http:\/\/187.174.252.244\/operadoras\/transparencia\/ley-general-y-ley-875\/coatzintla-ley-general-y-ley-875-de-transparencia\/\"><img loading=\"lazy\" decoding=\"async\" class=\"alignnone size-medium\" src=\"http:\/\/187.174.252.244\/caev\/Oficinas_Operadoras\/Aarchivos\/home1.png\" width=\"36\" height=\"37\" \/><\/a> <a href=\"http:\/\/187.174.252.244\/operadoras\/transparencia\/ley-general-y-ley-875\/coatzintla-ley-general-y-ley-875-de-transparencia\/\">regresar<\/a><\/p> ","protected":false},"excerpt":{"rendered":"<p>NORMATIVIDAD LABORAL &nbsp; Las condiciones generales de trabajo, nombramientos, contratos o convenios que regulen las relaciones laborales del personal de base o de confianza, as\u00ed como los recursos p\u00fablicos econ\u00f3micos, en especie o donativos, que sean entregados a los sindicatos y ejerzan como recursos p\u00fablicos. &nbsp; Ejercicio: &nbsp; 2025 &nbsp; Trimestre \u00c1rea Responsable Fecha de [&hellip;]<\/p>\n","protected":false},"author":1,"featured_media":0,"parent":6692,"menu_order":0,"comment_status":"closed","ping_status":"closed","template":"","meta":{"footnotes":""},"class_list":["post-12507","page","type-page","status-publish","hentry"],"_links":{"self":[{"href":"http:\/\/187.174.252.244\/operadoras\/wp-json\/wp\/v2\/pages\/12507"}],"collection":[{"href":"http:\/\/187.174.252.244\/operadoras\/wp-json\/wp\/v2\/pages"}],"about":[{"href":"http:\/\/187.174.252.244\/operadoras\/wp-json\/wp\/v2\/types\/page"}],"author":[{"embeddable":true,"href":"http:\/\/187.174.252.244\/operadoras\/wp-json\/wp\/v2\/users\/1"}],"replies":[{"embeddable":true,"href":"http:\/\/187.174.252.244\/operadoras\/wp-json\/wp\/v2\/comments?post=12507"}],"version-history":[{"count":22,"href":"http:\/\/187.174.252.244\/operadoras\/wp-json\/wp\/v2\/pages\/12507\/revisions"}],"predecessor-version":[{"id":64484,"href":"http:\/\/187.174.252.244\/operadoras\/wp-json\/wp\/v2\/pages\/12507\/revisions\/64484"}],"up":[{"embeddable":true,"href":"http:\/\/187.174.252.244\/operadoras\/wp-json\/wp\/v2\/pages\/6692"}],"wp:attachment":[{"href":"http:\/\/187.174.252.244\/operadoras\/wp-json\/wp\/v2\/media?parent=12507"}],"curies":[{"name":"wp","href":"https:\/\/api.w.org\/{rel}","templated":true}]}}