{"id":12525,"date":"2018-06-25T12:10:28","date_gmt":"2018-06-25T18:10:28","guid":{"rendered":"http:\/\/localhost\/?page_id=12525"},"modified":"2026-01-12T14:24:48","modified_gmt":"2026-01-12T20:24:48","slug":"ixhuatlan-del-sureste-fraccion-xvi-a","status":"publish","type":"page","link":"http:\/\/187.174.252.244\/operadoras\/transparencia\/ley-general-y-ley-875\/ixhuatlan-del-sureste-ley-general-y-ley-875-de-transparencia\/ixhuatlan-del-sureste-fraccion-xvi-a\/","title":{"rendered":"Ixhuatl\u00e1n del Sureste &#8211; Fracci\u00f3n XVI-A"},"content":{"rendered":"<p><strong>NORMATIVIDAD LABORAL<\/strong><\/p> <p>Las condiciones generales de trabajo, nombramientos, contratos o convenios que regulen las relaciones laborales del personal de base o de confianza, as\u00ed como los recursos p\u00fablicos econ\u00f3micos, en especie o donativos, que sean entregados a los sindicatos y ejerzan como recursos p\u00fablicos.<\/p> <p>&nbsp;<\/p> <div class=\"caja\"> <table width=\"636\"> <tbody> <tr> <td style=\"width: 140px;\"><strong><img loading=\"lazy\" decoding=\"async\" class=\"alignnone aligncenter\" src=\"http:\/\/187.174.252.244\/caev\/Image\/2018\/fecha3-ico.png\" alt=\"\" width=\"46\" height=\"50\" \/><\/strong><\/td> <td style=\"width: 140px;\"> <h4>Ejercicio:<\/h4> <\/td> <td style=\"width: 140px;\" colspan=\"3\"> <p>&nbsp;<\/p> <p>2025<\/td> <\/tr> <\/tbody> <\/table> <p>&nbsp;<\/p> <table style=\"height: 287px; width: 701px;\" width=\"700\"> <tbody> <tr style=\"height: 58px;\"> <td style=\"width: 106px; height: 58px;\"><img loading=\"lazy\" decoding=\"async\" class=\"aligncenter\" src=\"http:\/\/187.174.252.244\/caev\/Image\/2018\/trimestre-ico.png\" alt=\"\" width=\"53\" height=\"60\" \/><\/td> <td style=\"width: 214px; height: 58px;\"><img loading=\"lazy\" decoding=\"async\" class=\"aligncenter\" src=\"http:\/\/187.174.252.244\/caev\/Image\/2018\/usuario-ico.png\" alt=\"\" width=\"56\" height=\"60\" \/><\/td> <td style=\"width: 112px; height: 58px;\"><img loading=\"lazy\" decoding=\"async\" class=\"aligncenter\" src=\"http:\/\/187.174.252.244\/caev\/Image\/2018\/anio-ico.png\" alt=\"\" width=\"59\" height=\"60\" \/><\/td> <td style=\"width: 121px; height: 58px;\"><img loading=\"lazy\" decoding=\"async\" class=\"aligncenter\" src=\"http:\/\/187.174.252.244\/caev\/Image\/2018\/anio-ico.png\" alt=\"\" width=\"59\" height=\"60\" \/><\/td> <td style=\"width: 114px; height: 58px;\"><img loading=\"lazy\" decoding=\"async\" class=\"aligncenter\" src=\"http:\/\/187.174.252.244\/caev\/Image\/2018\/cloud-ico.png\" alt=\"\" width=\"57\" height=\"60\" \/><\/td> <\/tr> <tr style=\"height: 91px;\"> <td style=\"text-align: center; height: 91px; width: 106px;\"><span style=\"color: #000000;\"><strong>Trimestre<\/strong><em><br \/> <\/em><\/span><\/td> <td style=\"text-align: center; height: 91px; width: 214px;\"><span style=\"color: #000000;\"><strong>\u00c1rea Responsable<\/strong><\/span><\/td> <td style=\"text-align: center; height: 91px; width: 112px;\"><span style=\"color: #000000;\"><strong>Fecha de Validaci\u00f3n de la Informaci\u00f3n<\/strong><\/span><\/td> <td style=\"text-align: center; height: 91px; width: 121px;\"><span style=\"color: #000000;\"><strong>Fecha de Actualizaci\u00f3n de la Inf.<\/strong><\/span><\/td> <td style=\"text-align: center; height: 91px; width: 114px;\"><span style=\"color: #000000;\"><strong>Descargar Informaci\u00f3n<\/strong><\/span><\/td> <\/tr> <tr style=\"height: 21px;\"> <td style=\"height: 21px; width: 106px;\"><\/td> <td style=\"height: 21px; width: 214px;\"><\/td> <td style=\"height: 21px; width: 112px;\"><\/td> <td style=\"height: 21px; width: 121px;\"><\/td> <td style=\"height: 21px; width: 114px;\"><\/td> <\/tr> <tr style=\"height: 21px;\"> <td style=\"text-align: center; height: 21px; width: 106px;\">Primero<\/td> <td style=\"text-align: center; height: 21px; width: 214px;\"><span style=\"color: #000000;\">Oficina Comercial y Administrativa<\/span><\/td> <td style=\"text-align: center; height: 21px; width: 112px;\"><span style=\"color: #000000;\">31\/03\/2025<\/span><\/td> <td style=\"text-align: center; height: 21px; width: 121px;\"><span style=\"color: #000000;\">31\/03\/2025<\/span><\/td> <td style=\"height: 21px; width: 114px; text-align: center;\"><a href=\"http:\/\/187.174.252.244\/caev\/pdfs\/oficinas_operadoras\/IxhuatlanSureste\/2025\/57-FORM16A-25-1.xlsx\">descargar archivo<\/a><\/td> <\/tr> <tr style=\"height: 21px;\"> <td style=\"text-align: center; height: 21px; width: 106px;\"><\/td> <td style=\"text-align: center; height: 21px; width: 214px;\"><\/td> <td style=\"text-align: center; height: 21px; width: 112px;\"><\/td> <td style=\"text-align: center; height: 21px; width: 121px;\"><\/td> <td style=\"height: 21px; width: 114px; text-align: center;\"><\/td> <\/tr> <tr style=\"height: 21px;\"> <td style=\"text-align: center; height: 21px; width: 106px;\"><\/td> <td style=\"text-align: center; height: 21px; width: 214px;\"><\/td> <td style=\"text-align: center; height: 21px; width: 112px;\"><\/td> <td style=\"text-align: center; height: 21px; width: 121px;\"><\/td> <td style=\"height: 21px; width: 114px; text-align: center;\"><\/td> <\/tr> <tr style=\"height: 21px;\"> <td style=\"text-align: center; height: 21px; width: 106px;\"><\/td> <td style=\"text-align: center; height: 21px; width: 214px;\"><\/td> <td style=\"text-align: center; height: 21px; width: 112px;\"><\/td> <td style=\"text-align: center; height: 21px; width: 121px;\"><\/td> <td style=\"height: 21px; width: 114px; text-align: center;\"><\/td> <\/tr> <\/tbody> <\/table> <\/div> <h4><\/h4> <h4>A\u00d1OS ANTERIORES<\/h4> <table width=\"520\"> <tbody> <tr> <td style=\"width: 100px;\"><a href=\"http:\/\/187.174.252.244\/operadoras\/transparencia\/ley-general-y-ley-875\/ixhuatlan-del-sureste-ley-general-y-ley-875-de-transparencia\/ixhuatlan-del-sureste-fraccion-xvi-a-1\/\"><img loading=\"lazy\" decoding=\"async\" class=\"aligncenter\" src=\"http:\/\/187.174.252.244\/caev\/Image\/2018\/folder-ico.jpg\" alt=\"\" width=\"51\" height=\"44\" \/><\/a><\/td> <td><\/td> <\/tr> <\/tbody> <\/table> <p>&nbsp;<\/p> <p style=\"text-align: center;\"><a href=\"http:\/\/187.174.252.244\/operadoras\/transparencia\/ley-general-y-ley-875\/ixhuatlan-del-sureste-ley-general-y-ley-875-de-transparencia\/\"><img loading=\"lazy\" decoding=\"async\" class=\"alignnone size-medium\" src=\"http:\/\/187.174.252.244\/caev\/Oficinas_Operadoras\/Aarchivos\/home1.png\" width=\"36\" height=\"37\" \/><\/a> <a href=\"http:\/\/187.174.252.244\/operadoras\/transparencia\/ley-general-y-ley-875\/ixhuatlan-del-sureste-ley-general-y-ley-875-de-transparencia\/\">regresar<\/a><\/p> ","protected":false},"excerpt":{"rendered":"<p>NORMATIVIDAD LABORAL Las condiciones generales de trabajo, nombramientos, contratos o convenios que regulen las relaciones laborales del personal de base o de confianza, as\u00ed como los recursos p\u00fablicos econ\u00f3micos, en especie o donativos, que sean entregados a los sindicatos y ejerzan como recursos p\u00fablicos. &nbsp; Ejercicio: &nbsp; 2025 &nbsp; Trimestre \u00c1rea Responsable Fecha de Validaci\u00f3n [&hellip;]<\/p>\n","protected":false},"author":1,"featured_media":0,"parent":6710,"menu_order":0,"comment_status":"closed","ping_status":"closed","template":"","meta":{"footnotes":""},"class_list":["post-12525","page","type-page","status-publish","hentry"],"_links":{"self":[{"href":"http:\/\/187.174.252.244\/operadoras\/wp-json\/wp\/v2\/pages\/12525"}],"collection":[{"href":"http:\/\/187.174.252.244\/operadoras\/wp-json\/wp\/v2\/pages"}],"about":[{"href":"http:\/\/187.174.252.244\/operadoras\/wp-json\/wp\/v2\/types\/page"}],"author":[{"embeddable":true,"href":"http:\/\/187.174.252.244\/operadoras\/wp-json\/wp\/v2\/users\/1"}],"replies":[{"embeddable":true,"href":"http:\/\/187.174.252.244\/operadoras\/wp-json\/wp\/v2\/comments?post=12525"}],"version-history":[{"count":26,"href":"http:\/\/187.174.252.244\/operadoras\/wp-json\/wp\/v2\/pages\/12525\/revisions"}],"predecessor-version":[{"id":65933,"href":"http:\/\/187.174.252.244\/operadoras\/wp-json\/wp\/v2\/pages\/12525\/revisions\/65933"}],"up":[{"embeddable":true,"href":"http:\/\/187.174.252.244\/operadoras\/wp-json\/wp\/v2\/pages\/6710"}],"wp:attachment":[{"href":"http:\/\/187.174.252.244\/operadoras\/wp-json\/wp\/v2\/media?parent=12525"}],"curies":[{"name":"wp","href":"https:\/\/api.w.org\/{rel}","templated":true}]}}