{"id":12856,"date":"2018-06-25T15:57:36","date_gmt":"2018-06-25T21:57:36","guid":{"rendered":"http:\/\/localhost\/?page_id=12856"},"modified":"2026-05-15T11:36:57","modified_gmt":"2026-05-15T17:36:57","slug":"martinez-de-la-torre-fraccion-xvii","status":"publish","type":"page","link":"http:\/\/187.174.252.244\/operadoras\/transparencia\/ley-general-y-ley-875\/martinez-de-la-torre-ley-general-y-ley-875-de-transparencia\/martinez-de-la-torre-fraccion-xvii\/","title":{"rendered":"Mart\u00ednez de la Torre &#8211; Fracci\u00f3n XVII"},"content":{"rendered":"<p><strong>INFORMACI\u00d3N CURRICULAR DE LOS(AS) SERVIDORES(AS) P\u00daBLICOS(AS)<\/strong><\/p> <p>&nbsp;<\/p> <p>La informaci\u00f3n curricular, desde el nivel de jefe de departamento o equivalente, hasta el titular del sujeto obligado, as\u00ed como, en su caso, las sanciones administrativas de que haya sido objeto en el desempe\u00f1o de su funci\u00f3n.<\/p> <p>&nbsp;<\/p> <div class=\"caja\"> <table style=\"height: 96px;\" width=\"636\"> <tbody> <tr style=\"height: 96px;\"> <td style=\"width: 140px; height: 96px;\"><strong><img loading=\"lazy\" decoding=\"async\" class=\"alignnone aligncenter\" src=\"http:\/\/187.174.252.244\/caev\/Image\/2018\/fecha3-ico.png\" alt=\"\" width=\"46\" height=\"50\" \/><\/strong><\/td> <td style=\"width: 140px; height: 96px;\"> <h4>Ejercicio:<\/h4> <\/td> <td style=\"width: 140px; height: 96px;\" colspan=\"3\"> <p>&nbsp;<\/p> <p>2026<\/td> <\/tr> <\/tbody> <\/table> <p>&nbsp;<\/p> <table style=\"width: 600px;\" width=\"700\"> <tbody> <tr style=\"height: 60px;\"> <td style=\"width: 100px; height: 60px;\"><img loading=\"lazy\" decoding=\"async\" class=\"aligncenter\" src=\"http:\/\/187.174.252.244\/caev\/Image\/2018\/trimestre-ico.png\" alt=\"\" width=\"53\" height=\"60\" \/><\/td> <td style=\"width: 200px; height: 60px;\"><img loading=\"lazy\" decoding=\"async\" class=\"aligncenter\" src=\"http:\/\/187.174.252.244\/caev\/Image\/2018\/usuario-ico.png\" alt=\"\" width=\"56\" height=\"60\" \/><\/td> <td style=\"width: 100px; height: 60px;\"><img loading=\"lazy\" decoding=\"async\" class=\"aligncenter\" src=\"http:\/\/187.174.252.244\/caev\/Image\/2018\/anio-ico.png\" alt=\"\" width=\"59\" height=\"60\" \/><\/td> <td style=\"width: 100px; height: 60px;\"><img loading=\"lazy\" decoding=\"async\" class=\"aligncenter\" src=\"http:\/\/187.174.252.244\/caev\/Image\/2018\/anio-ico.png\" alt=\"\" width=\"59\" height=\"60\" \/><\/td> <td style=\"width: 100px; height: 60px;\"><img loading=\"lazy\" decoding=\"async\" class=\"aligncenter\" src=\"http:\/\/187.174.252.244\/caev\/Image\/2018\/cloud-ico.png\" alt=\"\" width=\"57\" height=\"60\" \/><\/td> <\/tr> <tr style=\"height: 96px;\"> <td style=\"text-align: center; width: 100px; height: 96px;\"><span style=\"color: #000000;\"><strong>Trimestre<\/strong><em><br \/> <\/em><\/span><\/td> <td style=\"text-align: center; width: 200px; height: 96px;\"><span style=\"color: #000000;\"><strong>\u00c1rea Responsable<\/strong><\/span><\/td> <td style=\"text-align: center; width: 100px; height: 96px;\"><span style=\"color: #000000;\"><strong>Fecha de Validaci\u00f3n de la Informaci\u00f3n<\/strong><\/span><\/td> <td style=\"text-align: center; width: 100px; height: 96px;\"><span style=\"color: #000000;\"><strong>Fecha de Actualizaci\u00f3n de la Inf.<\/strong><\/span><\/td> <td style=\"text-align: center; width: 100px; height: 96px;\"><span style=\"color: #000000;\"><strong>Descargar Informaci\u00f3n<\/strong><\/span><\/td> <\/tr> <tr style=\"height: 24px;\"> <td style=\"width: 100px; height: 24px;\"><\/td> <td style=\"width: 200px; height: 24px;\"><\/td> <td style=\"width: 100px; height: 24px;\"><\/td> <td style=\"width: 100px; height: 24px;\"><\/td> <td style=\"width: 100px; height: 24px;\"><\/td> <\/tr> <tr style=\"height: 48px;\"> <td style=\"text-align: center; width: 100px; height: 48px;\">Primero<\/td> <td style=\"text-align: center; width: 200px; height: 48px;\">Oficina Comercial y Administrativa<\/td> <td style=\"text-align: center; width: 100px; height: 48px;\"><span style=\"color: #000000;\">31\/03\/2026<\/span><\/td> <td style=\"text-align: center; width: 100px; height: 48px;\"><span style=\"color: #000000;\">31\/03\/2026<\/span><\/td> <td style=\"text-align: center; width: 100px; height: 48px;\"><a href=\"http:\/\/187.174.252.244\/caev\/pdfs\/oficinas_operadoras\/MartinezTorre\/2026\/27-FORM17-26-1.xlsx\">descargar archivo<\/a><\/td> <\/tr> <tr style=\"height: 48px;\"> <td style=\"text-align: center; width: 100px; height: 48px;\"><\/td> <td style=\"text-align: center; width: 200px; height: 48px;\"><\/td> <td style=\"text-align: center; width: 100px; height: 48px;\"><\/td> <td style=\"text-align: center; width: 100px; height: 48px;\"><\/td> <td style=\"text-align: center; width: 100px; height: 48px;\"><\/td> <\/tr> <tr style=\"height: 48px;\"> <td style=\"text-align: center; width: 100px; height: 48px;\"><\/td> <td style=\"text-align: center; width: 200px; height: 48px;\"><\/td> <td style=\"text-align: center; width: 100px; height: 48px;\"><\/td> <td style=\"text-align: center; width: 100px; height: 48px;\"><\/td> <td style=\"text-align: center; width: 100px; height: 48px;\"><\/td> <\/tr> <tr style=\"height: 48px;\"> <td style=\"text-align: center; width: 100px; height: 48px;\"><\/td> <td style=\"text-align: center; width: 200px; height: 48px;\"><\/td> <td style=\"text-align: center; width: 100px; height: 48px;\"><\/td> <td style=\"text-align: center; width: 100px; height: 48px;\"><\/td> <td style=\"text-align: center; width: 100px; height: 48px;\"><\/td> <\/tr> <\/tbody> <\/table> <\/div> <p>&nbsp;<\/p> <h4>A\u00d1OS ANTERIORES<\/h4> <table width=\"520\"> <tbody> <tr> <td style=\"width: 100px;\"><a href=\"http:\/\/187.174.252.244\/operadoras\/transparencia\/ley-general-y-ley-875\/martinez-de-la-torre-ley-general-y-ley-875-de-transparencia\/martinez-de-la-torre-fraccion-xvii-1\/\"><img loading=\"lazy\" decoding=\"async\" class=\"aligncenter\" src=\"http:\/\/187.174.252.244\/caev\/Image\/2018\/folder-ico.jpg\" alt=\"\" width=\"51\" height=\"44\" \/><\/a><\/td> <td><\/td> <\/tr> <\/tbody> <\/table> <p>&nbsp;<\/p> <p style=\"text-align: center;\"><a href=\"http:\/\/187.174.252.244\/operadoras\/transparencia\/ley-general-y-ley-875\/martinez-de-la-torre-ley-general-y-ley-875-de-transparencia\/\"><img loading=\"lazy\" decoding=\"async\" class=\"alignnone size-medium\" src=\"http:\/\/187.174.252.244\/caev\/Oficinas_Operadoras\/Aarchivos\/home1.png\" width=\"36\" height=\"37\" \/><\/a> <a href=\"http:\/\/187.174.252.244\/operadoras\/transparencia\/ley-general-y-ley-875\/martinez-de-la-torre-ley-general-y-ley-875-de-transparencia\/\">regresar<\/a><\/p> ","protected":false},"excerpt":{"rendered":"<p>INFORMACI\u00d3N CURRICULAR DE LOS(AS) SERVIDORES(AS) P\u00daBLICOS(AS) &nbsp; La informaci\u00f3n curricular, desde el nivel de jefe de departamento o equivalente, hasta el titular del sujeto obligado, as\u00ed como, en su caso, las sanciones administrativas de que haya sido objeto en el desempe\u00f1o de su funci\u00f3n. &nbsp; Ejercicio: &nbsp; 2026 &nbsp; Trimestre \u00c1rea Responsable Fecha de Validaci\u00f3n [&hellip;]<\/p>\n","protected":false},"author":1,"featured_media":0,"parent":6726,"menu_order":0,"comment_status":"closed","ping_status":"closed","template":"","meta":{"footnotes":""},"class_list":["post-12856","page","type-page","status-publish","hentry"],"_links":{"self":[{"href":"http:\/\/187.174.252.244\/operadoras\/wp-json\/wp\/v2\/pages\/12856"}],"collection":[{"href":"http:\/\/187.174.252.244\/operadoras\/wp-json\/wp\/v2\/pages"}],"about":[{"href":"http:\/\/187.174.252.244\/operadoras\/wp-json\/wp\/v2\/types\/page"}],"author":[{"embeddable":true,"href":"http:\/\/187.174.252.244\/operadoras\/wp-json\/wp\/v2\/users\/1"}],"replies":[{"embeddable":true,"href":"http:\/\/187.174.252.244\/operadoras\/wp-json\/wp\/v2\/comments?post=12856"}],"version-history":[{"count":23,"href":"http:\/\/187.174.252.244\/operadoras\/wp-json\/wp\/v2\/pages\/12856\/revisions"}],"predecessor-version":[{"id":68190,"href":"http:\/\/187.174.252.244\/operadoras\/wp-json\/wp\/v2\/pages\/12856\/revisions\/68190"}],"up":[{"embeddable":true,"href":"http:\/\/187.174.252.244\/operadoras\/wp-json\/wp\/v2\/pages\/6726"}],"wp:attachment":[{"href":"http:\/\/187.174.252.244\/operadoras\/wp-json\/wp\/v2\/media?parent=12856"}],"curies":[{"name":"wp","href":"https:\/\/api.w.org\/{rel}","templated":true}]}}