{"id":1304,"date":"2018-02-23T13:40:20","date_gmt":"2018-02-23T19:40:20","guid":{"rendered":"http:\/\/localhost\/?page_id=1304"},"modified":"2024-09-04T12:13:28","modified_gmt":"2024-09-04T18:13:28","slug":"gutierrez-zamora-informacion-de-la-oficina-operadora","status":"publish","type":"page","link":"http:\/\/187.174.252.244\/operadoras\/oficina-operadora\/informacion-de-la-oficina-operadora\/gutierrez-zamora-informacion-de-la-oficina-operadora\/","title":{"rendered":"Guti\u00e9rrez Zamora &#8211; Informaci\u00f3n de la Oficina Operadora"},"content":{"rendered":"<h3>OFICINA OPERADORA DE GUTI\u00c9RREZ ZAMORA<\/h3> <table width=\"834\"> <tbody> <tr> <td style=\"width: 300px;\"><span style=\"color: #000000;\"><strong>Direcci\u00f3n:<\/strong><\/span><\/td> <td style=\"width: 600px;\"><span style=\"color: #000000;\">Calle Arista 16, Col. Centro, CP: 93550<\/span><\/td> <\/tr> <tr> <td><span style=\"color: #000000;\"><strong>Horario de atenci\u00f3n al p\u00fablico:<\/strong><\/span><\/td> <td><span style=\"color: #000000;\">8:00 a 15:00 hrs<\/span><\/td> <\/tr> <tr> <td><span style=\"color: #000000;\"><strong>Horario de Oficina:<\/strong><\/span><\/td> <td><span style=\"color: #000000;\">8:00 a 15:00 y 16:00 a 18:00 hrs<\/span><\/td> <\/tr> <tr> <td><span style=\"color: #000000;\"><strong>Tel\u00e9fono:<\/strong><\/span><\/td> <td><span style=\"color: #000000;\">(766) 845-0179<\/span><\/td> <\/tr> <tr> <td><span style=\"color: #000000;\"><strong>E-mail:<\/strong><\/span><\/td> <td><a href=\"mailto:comisiondeaguazamora@prodigy.net.mx\">comisiondeaguazamora@prodigy.net.mx<\/a><\/td> <\/tr> <tr> <td><\/td> <td><\/td> <\/tr> <tr> <td><\/td> <td><\/td> <\/tr> <tr> <td><\/td> <td><\/td> <\/tr> <\/tbody> <\/table> <p>&nbsp;<\/p> <p>&nbsp;<\/p> <p>&nbsp;<\/p> <p style=\"text-align: center;\"><a href=\"http:\/\/187.174.252.244\/operadoras\/oficina-operadora\/informacion-de-la-oficina-operadora\/\"><img loading=\"lazy\" decoding=\"async\" class=\"alignnone\" src=\"http:\/\/187.174.252.244\/caev\/Oficinas_Operadoras\/Aarchivos\/home1.png\" alt=\"\" width=\"36\" height=\"37\" \/><\/a>\u00a0 <a href=\"http:\/\/187.174.252.244\/operadoras\/oficina-operadora\/informacion-de-la-oficina-operadora\/\">regresar<\/a><\/p> ","protected":false},"excerpt":{"rendered":"<p>OFICINA OPERADORA DE GUTI\u00c9RREZ ZAMORA Direcci\u00f3n: Calle Arista 16, Col. Centro, CP: 93550 Horario de atenci\u00f3n al p\u00fablico: 8:00 a 15:00 hrs Horario de Oficina: 8:00 a 15:00 y 16:00 a 18:00 hrs Tel\u00e9fono: (766) 845-0179 E-mail: comisiondeaguazamora@prodigy.net.mx &nbsp; &nbsp; &nbsp; \u00a0 regresar<\/p>\n","protected":false},"author":1,"featured_media":0,"parent":190,"menu_order":0,"comment_status":"closed","ping_status":"closed","template":"","meta":{"footnotes":""},"class_list":["post-1304","page","type-page","status-publish","hentry"],"_links":{"self":[{"href":"http:\/\/187.174.252.244\/operadoras\/wp-json\/wp\/v2\/pages\/1304"}],"collection":[{"href":"http:\/\/187.174.252.244\/operadoras\/wp-json\/wp\/v2\/pages"}],"about":[{"href":"http:\/\/187.174.252.244\/operadoras\/wp-json\/wp\/v2\/types\/page"}],"author":[{"embeddable":true,"href":"http:\/\/187.174.252.244\/operadoras\/wp-json\/wp\/v2\/users\/1"}],"replies":[{"embeddable":true,"href":"http:\/\/187.174.252.244\/operadoras\/wp-json\/wp\/v2\/comments?post=1304"}],"version-history":[{"count":11,"href":"http:\/\/187.174.252.244\/operadoras\/wp-json\/wp\/v2\/pages\/1304\/revisions"}],"predecessor-version":[{"id":58286,"href":"http:\/\/187.174.252.244\/operadoras\/wp-json\/wp\/v2\/pages\/1304\/revisions\/58286"}],"up":[{"embeddable":true,"href":"http:\/\/187.174.252.244\/operadoras\/wp-json\/wp\/v2\/pages\/190"}],"wp:attachment":[{"href":"http:\/\/187.174.252.244\/operadoras\/wp-json\/wp\/v2\/media?parent=1304"}],"curies":[{"name":"wp","href":"https:\/\/api.w.org\/{rel}","templated":true}]}}