{"id":1312,"date":"2018-02-23T13:41:31","date_gmt":"2018-02-23T19:41:31","guid":{"rendered":"http:\/\/localhost\/?page_id=1312"},"modified":"2024-09-04T12:16:59","modified_gmt":"2024-09-04T18:16:59","slug":"platon-sanchez-informacion-de-la-oficina-operadora","status":"publish","type":"page","link":"http:\/\/187.174.252.244\/operadoras\/oficina-operadora\/informacion-de-la-oficina-operadora\/platon-sanchez-informacion-de-la-oficina-operadora\/","title":{"rendered":"Plat\u00f3n S\u00e1nchez &#8211; Informaci\u00f3n de la Oficina Operadora"},"content":{"rendered":"<h3>OFICINA OPERADORA DE PLAT\u00d3N S\u00c1NCHEZ<\/h3> <table style=\"height: 192px;\" width=\"834\"> <tbody> <tr style=\"height: 24px;\"> <td style=\"width: 300px; height: 24px;\"><span style=\"color: #000000;\"><strong>Direcci\u00f3n:<\/strong><\/span><\/td> <td style=\"width: 600px; height: 24px;\"> <div><span style=\"color: #000000;\">Calle Porfirio D\u00edaz s\/n, Col. Centro, CP: 92130<\/span><\/div> <\/td> <\/tr> <tr style=\"height: 24px;\"> <td style=\"height: 24px;\"><span style=\"color: #000000;\"><strong>Horario de atenci\u00f3n al p\u00fablico:<\/strong><\/span><\/td> <td style=\"height: 24px;\"><span style=\"color: #000000;\">8:00 a 15:00 hrs<\/span><\/td> <\/tr> <tr style=\"height: 24px;\"> <td style=\"height: 24px;\"><span style=\"color: #000000;\"><strong>Horario de Oficina:<\/strong><\/span><\/td> <td style=\"height: 24px;\"><span style=\"color: #000000;\">8:00 a 15:00 y 16:00 a 18:00 hrs<\/span><\/td> <\/tr> <tr style=\"height: 24px;\"> <td style=\"height: 24px;\"><span style=\"color: #000000;\"><strong>Tel\u00e9fono:<\/strong><\/span><\/td> <td style=\"height: 24px;\"><span style=\"color: #000000;\">(789) 895-0111<\/span><\/td> <\/tr> <tr style=\"height: 24px;\"> <td style=\"height: 24px;\"><span style=\"color: #000000;\"><strong>E-mail:<\/strong><\/span><\/td> <td style=\"height: 24px;\"><a href=\"mailto:caev_psv@hotmail.com\">caev_psv@hotmail.com<\/a><\/td> <\/tr> <tr style=\"height: 24px;\"> <td style=\"height: 24px;\"><\/td> <td style=\"height: 24px;\"><\/td> <\/tr> <tr style=\"height: 24px;\"> <td style=\"height: 24px;\"><\/td> <td style=\"height: 24px;\"><\/td> <\/tr> <tr style=\"height: 24px;\"> <td style=\"height: 24px;\"><\/td> <td style=\"height: 24px;\"><\/td> <\/tr> <\/tbody> <\/table> <p>&nbsp;<\/p> <p>&nbsp;<\/p> <p>&nbsp;<\/p> <p style=\"text-align: center;\"><a href=\"http:\/\/187.174.252.244\/operadoras\/oficina-operadora\/informacion-de-la-oficina-operadora\/\"><img loading=\"lazy\" decoding=\"async\" class=\"alignnone\" src=\"http:\/\/187.174.252.244\/caev\/Oficinas_Operadoras\/Aarchivos\/home1.png\" alt=\"\" width=\"36\" height=\"37\" \/><\/a>\u00a0 <a href=\"http:\/\/187.174.252.244\/operadoras\/oficina-operadora\/informacion-de-la-oficina-operadora\/\">regresar<\/a><\/p> ","protected":false},"excerpt":{"rendered":"<p>OFICINA OPERADORA DE PLAT\u00d3N S\u00c1NCHEZ Direcci\u00f3n: Calle Porfirio D\u00edaz s\/n, Col. Centro, CP: 92130 Horario de atenci\u00f3n al p\u00fablico: 8:00 a 15:00 hrs Horario de Oficina: 8:00 a 15:00 y 16:00 a 18:00 hrs Tel\u00e9fono: (789) 895-0111 E-mail: caev_psv@hotmail.com &nbsp; &nbsp; &nbsp; \u00a0 regresar<\/p>\n","protected":false},"author":1,"featured_media":0,"parent":190,"menu_order":0,"comment_status":"closed","ping_status":"closed","template":"","meta":{"footnotes":""},"class_list":["post-1312","page","type-page","status-publish","hentry"],"_links":{"self":[{"href":"http:\/\/187.174.252.244\/operadoras\/wp-json\/wp\/v2\/pages\/1312"}],"collection":[{"href":"http:\/\/187.174.252.244\/operadoras\/wp-json\/wp\/v2\/pages"}],"about":[{"href":"http:\/\/187.174.252.244\/operadoras\/wp-json\/wp\/v2\/types\/page"}],"author":[{"embeddable":true,"href":"http:\/\/187.174.252.244\/operadoras\/wp-json\/wp\/v2\/users\/1"}],"replies":[{"embeddable":true,"href":"http:\/\/187.174.252.244\/operadoras\/wp-json\/wp\/v2\/comments?post=1312"}],"version-history":[{"count":14,"href":"http:\/\/187.174.252.244\/operadoras\/wp-json\/wp\/v2\/pages\/1312\/revisions"}],"predecessor-version":[{"id":58309,"href":"http:\/\/187.174.252.244\/operadoras\/wp-json\/wp\/v2\/pages\/1312\/revisions\/58309"}],"up":[{"embeddable":true,"href":"http:\/\/187.174.252.244\/operadoras\/wp-json\/wp\/v2\/pages\/190"}],"wp:attachment":[{"href":"http:\/\/187.174.252.244\/operadoras\/wp-json\/wp\/v2\/media?parent=1312"}],"curies":[{"name":"wp","href":"https:\/\/api.w.org\/{rel}","templated":true}]}}