{"id":1314,"date":"2018-02-23T13:41:46","date_gmt":"2018-02-23T19:41:46","guid":{"rendered":"http:\/\/localhost\/?page_id=1314"},"modified":"2024-09-04T12:17:17","modified_gmt":"2024-09-04T18:17:17","slug":"poza-rica-informacion-de-la-oficina-operadora","status":"publish","type":"page","link":"http:\/\/187.174.252.244\/operadoras\/oficina-operadora\/informacion-de-la-oficina-operadora\/poza-rica-informacion-de-la-oficina-operadora\/","title":{"rendered":"Poza Rica &#8211; Informaci\u00f3n de la Oficina Operadora"},"content":{"rendered":"<h3>OFICINA OPERADORA DE POZA RICA<\/h3> <table width=\"834\"> <tbody> <tr> <td style=\"width: 300px;\"><span style=\"color: #000000;\"><strong>Direcci\u00f3n:<\/strong><\/span><\/td> <td style=\"width: 600px;\"><span style=\"color: #000000;\">Av. 8 Oriente N\u00b0 2, Col. Obrera, CP: 93260<\/span><\/td> <\/tr> <tr> <td><span style=\"color: #000000;\"><strong>Horario de atenci\u00f3n al p\u00fablico:<\/strong><\/span><\/td> <td><span style=\"color: #000000;\">8:00 a 15:00 hrs<\/span><\/td> <\/tr> <tr> <td><span style=\"color: #000000;\"><strong>Horario de Oficina:<\/strong><\/span><\/td> <td><span style=\"color: #000000;\">8:00 a 15:00 y 16:00 a 18:00 hrs<\/span><\/td> <\/tr> <tr> <td><span style=\"color: #000000;\"><strong>Tel\u00e9fono:<\/strong><\/span><\/td> <td><span style=\"color: #000000;\">(782) 822-1812,\u00a0, (782)-822-6269, (782)-823-6948<\/span><\/td> <\/tr> <tr> <td><span style=\"color: #000000;\"><strong>E-mail:<\/strong><\/span><\/td> <td><a href=\"mailto:pozarica_caev@outlook.com\">pozarica_caev@outlook.com<\/a><\/td> <\/tr> <tr> <td><\/td> <td><\/td> <\/tr> <tr> <td><\/td> <td><\/td> <\/tr> <tr> <td><\/td> <td><\/td> <\/tr> <\/tbody> <\/table> <p>&nbsp;<\/p> <p>&nbsp;<\/p> <p>&nbsp;<\/p> <p style=\"text-align: center;\"><a href=\"http:\/\/187.174.252.244\/operadoras\/oficina-operadora\/informacion-de-la-oficina-operadora\/\"><img loading=\"lazy\" decoding=\"async\" class=\"alignnone\" src=\"http:\/\/187.174.252.244\/caev\/Oficinas_Operadoras\/Aarchivos\/home1.png\" alt=\"\" width=\"36\" height=\"37\" \/><\/a>\u00a0 <a href=\"http:\/\/187.174.252.244\/operadoras\/oficina-operadora\/informacion-de-la-oficina-operadora\/\">regresar<\/a><\/p> ","protected":false},"excerpt":{"rendered":"<p>OFICINA OPERADORA DE POZA RICA Direcci\u00f3n: Av. 8 Oriente N\u00b0 2, Col. Obrera, CP: 93260 Horario de atenci\u00f3n al p\u00fablico: 8:00 a 15:00 hrs Horario de Oficina: 8:00 a 15:00 y 16:00 a 18:00 hrs Tel\u00e9fono: (782) 822-1812,\u00a0, (782)-822-6269, (782)-823-6948 E-mail: pozarica_caev@outlook.com &nbsp; &nbsp; &nbsp; \u00a0 regresar<\/p>\n","protected":false},"author":1,"featured_media":0,"parent":190,"menu_order":0,"comment_status":"closed","ping_status":"closed","template":"","meta":{"footnotes":""},"class_list":["post-1314","page","type-page","status-publish","hentry"],"_links":{"self":[{"href":"http:\/\/187.174.252.244\/operadoras\/wp-json\/wp\/v2\/pages\/1314"}],"collection":[{"href":"http:\/\/187.174.252.244\/operadoras\/wp-json\/wp\/v2\/pages"}],"about":[{"href":"http:\/\/187.174.252.244\/operadoras\/wp-json\/wp\/v2\/types\/page"}],"author":[{"embeddable":true,"href":"http:\/\/187.174.252.244\/operadoras\/wp-json\/wp\/v2\/users\/1"}],"replies":[{"embeddable":true,"href":"http:\/\/187.174.252.244\/operadoras\/wp-json\/wp\/v2\/comments?post=1314"}],"version-history":[{"count":12,"href":"http:\/\/187.174.252.244\/operadoras\/wp-json\/wp\/v2\/pages\/1314\/revisions"}],"predecessor-version":[{"id":58311,"href":"http:\/\/187.174.252.244\/operadoras\/wp-json\/wp\/v2\/pages\/1314\/revisions\/58311"}],"up":[{"embeddable":true,"href":"http:\/\/187.174.252.244\/operadoras\/wp-json\/wp\/v2\/pages\/190"}],"wp:attachment":[{"href":"http:\/\/187.174.252.244\/operadoras\/wp-json\/wp\/v2\/media?parent=1314"}],"curies":[{"name":"wp","href":"https:\/\/api.w.org\/{rel}","templated":true}]}}