{"id":13664,"date":"2018-06-27T09:25:29","date_gmt":"2018-06-27T15:25:29","guid":{"rendered":"http:\/\/localhost\/?page_id=13664"},"modified":"2026-05-07T14:42:22","modified_gmt":"2026-05-07T20:42:22","slug":"el-higo-fraccion-xix","status":"publish","type":"page","link":"http:\/\/187.174.252.244\/operadoras\/transparencia\/ley-general-y-ley-875\/el-higo-ley-general-y-ley-875-de-transparencia\/el-higo-fraccion-xix\/","title":{"rendered":"El Higo &#8211; Fracci\u00f3n XIX"},"content":{"rendered":"<p><strong>SERVICIOS QUE OFRECE EL SUJETO OBLIGADO<\/strong><\/p> <p>&nbsp;<\/p> <p>Los servicios que ofrecen se\u00f1alando los requisitos para acceder a ellos.<\/p> <p>&nbsp;<\/p> <div class=\"caja\"> <table width=\"636\"> <tbody> <tr> <td style=\"width: 140px;\"><strong><img loading=\"lazy\" decoding=\"async\" class=\"alignnone aligncenter\" src=\"http:\/\/187.174.252.244\/caev\/Image\/2018\/fecha3-ico.png\" alt=\"\" width=\"46\" height=\"50\" \/><\/strong><\/td> <td style=\"width: 140px;\"> <h4>Ejercicio:<\/h4> <\/td> <td style=\"width: 140px;\" colspan=\"3\"> <p>&nbsp;<\/p> <p>2025<\/td> <\/tr> <\/tbody> <\/table> <p>&nbsp;<\/p> <table style=\"width: 600px;\" width=\"700\"> <tbody> <tr style=\"height: 60px;\"> <td style=\"width: 100px; height: 60px;\"><img loading=\"lazy\" decoding=\"async\" class=\"aligncenter\" src=\"http:\/\/187.174.252.244\/caev\/Image\/2018\/trimestre-ico.png\" alt=\"\" width=\"53\" height=\"60\" \/><\/td> <td style=\"width: 200px; height: 60px;\"><img loading=\"lazy\" decoding=\"async\" class=\"aligncenter\" src=\"http:\/\/187.174.252.244\/caev\/Image\/2018\/usuario-ico.png\" alt=\"\" width=\"56\" height=\"60\" \/><\/td> <td style=\"width: 100px; height: 60px;\"><img loading=\"lazy\" decoding=\"async\" class=\"aligncenter\" src=\"http:\/\/187.174.252.244\/caev\/Image\/2018\/anio-ico.png\" alt=\"\" width=\"59\" height=\"60\" \/><\/td> <td style=\"width: 100px; height: 60px;\"><img loading=\"lazy\" decoding=\"async\" class=\"aligncenter\" src=\"http:\/\/187.174.252.244\/caev\/Image\/2018\/anio-ico.png\" alt=\"\" width=\"59\" height=\"60\" \/><\/td> <td style=\"width: 100px; height: 60px;\"><img loading=\"lazy\" decoding=\"async\" class=\"aligncenter\" src=\"http:\/\/187.174.252.244\/caev\/Image\/2018\/cloud-ico.png\" alt=\"\" width=\"57\" height=\"60\" \/><\/td> <\/tr> <tr style=\"height: 96px;\"> <td style=\"text-align: center; width: 100px; height: 96px;\"><span style=\"color: #000000;\"><strong>Trimestre<\/strong><em><br \/> <\/em><\/span><\/td> <td style=\"text-align: center; width: 200px; height: 96px;\"><span style=\"color: #000000;\"><strong>\u00c1rea Responsable<\/strong><\/span><\/td> <td style=\"text-align: center; width: 100px; height: 96px;\"><span style=\"color: #000000;\"><strong>Fecha de Validaci\u00f3n de la Informaci\u00f3n<\/strong><\/span><\/td> <td style=\"text-align: center; width: 100px; height: 96px;\"><span style=\"color: #000000;\"><strong>Fecha de Actualizaci\u00f3n de la Inf.<\/strong><\/span><\/td> <td style=\"text-align: center; width: 100px; height: 96px;\"><span style=\"color: #000000;\"><strong>Descargar Informaci\u00f3n<\/strong><\/span><\/td> <\/tr> <tr style=\"height: 24px;\"> <td style=\"width: 100px; height: 24px;\"><\/td> <td style=\"width: 200px; height: 24px;\"><\/td> <td style=\"width: 100px; height: 24px;\"><\/td> <td style=\"width: 100px; height: 24px;\"><\/td> <td style=\"width: 100px; height: 24px;\"><\/td> <\/tr> <tr style=\"height: 48px;\"> <td style=\"text-align: center; width: 100px; height: 48px;\">Primero<\/td> <td style=\"text-align: center; width: 200px; height: 48px;\"><span style=\"color: #000000;\">Oficina Comercial<\/span><br \/> <span style=\"color: #000000;\">y Administrativa<\/span><\/td> <td style=\"text-align: center; width: 100px; height: 48px;\"><span style=\"color: #000000;\">31\/03\/2025<\/span><\/td> <td style=\"text-align: center; width: 100px; height: 48px;\"><span style=\"color: #000000;\">31\/03\/2025<\/span><\/td> <td style=\"text-align: center; width: 100px; height: 48px;\"><a href=\"http:\/\/187.174.252.244\/caev\/pdfs\/oficinas_operadoras\/ElHigo\/2025\/6-FORM19-25-1.xlsx\">descargar archivo<\/a><\/td> <\/tr> <tr style=\"height: 48px;\"> <td style=\"text-align: center; width: 100px; height: 48px;\">Segundo<\/td> <td style=\"text-align: center; width: 200px; height: 48px;\"><span style=\"color: #000000;\">Oficina Comercial<\/span><br \/> <span style=\"color: #000000;\">y Administrativa<\/span><\/td> <td style=\"text-align: center; width: 100px; height: 48px;\"><span style=\"color: #000000;\">30\/06\/2025<\/span><\/td> <td style=\"text-align: center; width: 100px; height: 48px;\"><span style=\"color: #000000;\">30\/06\/2025<\/span><\/td> <td style=\"text-align: center; width: 100px; height: 48px;\"><a href=\"http:\/\/187.174.252.244\/caev\/pdfs\/oficinas_operadoras\/ElHigo\/2025\/6-FORM19-25-2.xlsx\">descargar archivo<\/a><\/td> <\/tr> <tr style=\"height: 48px;\"> <td style=\"text-align: center; width: 100px; height: 48px;\">Tercero<\/td> <td style=\"text-align: center; width: 200px; height: 48px;\"><span style=\"color: #000000;\">Oficina Comercial<\/span><br \/> <span style=\"color: #000000;\">y Administrativa<\/span><\/td> <td style=\"text-align: center; width: 100px; height: 48px;\"><span style=\"color: #000000;\">30\/09\/2025<\/span><\/td> <td style=\"text-align: center; width: 100px; height: 48px;\"><span style=\"color: #000000;\">30\/09\/2025<\/span><\/td> <td style=\"text-align: center; width: 100px; height: 48px;\"><a href=\"http:\/\/187.174.252.244\/caev\/pdfs\/oficinas_operadoras\/ElHigo\/2025\/6-FORM19-25-3.xlsx\">descargar archivo<\/a><\/td> <\/tr> <tr style=\"height: 48px;\"> <td style=\"text-align: center; width: 100px; height: 48px;\">Cuarto<\/td> <td style=\"text-align: center; width: 200px; height: 48px;\"><span style=\"color: #000000;\">Oficina Comercial<\/span><br \/> <span style=\"color: #000000;\">y Administrativa<\/span><\/td> <td style=\"text-align: center; width: 100px; height: 48px;\"><span style=\"color: #000000;\">31\/12\/2025<\/span><\/td> <td style=\"text-align: center; width: 100px; height: 48px;\"><span style=\"color: #000000;\">31\/12\/2025<\/span><\/td> <td style=\"text-align: center; width: 100px; height: 48px;\"><a href=\"http:\/\/187.174.252.244\/caev\/pdfs\/oficinas_operadoras\/ElHigo\/2025\/6-FORM19-25-4.xlsx\">descargar archivo<\/a><\/td> <\/tr> <\/tbody> <\/table> <\/div> <p>&nbsp;<\/p> <h4>A\u00d1OS ANTERIORES<\/h4> <table width=\"520\"> <tbody> <tr> <td style=\"width: 100px;\"><a href=\"http:\/\/187.174.252.244\/operadoras\/transparencia\/ley-general-y-ley-875\/emilio-carranza-ley-general-y-ley-875-de-transparencia\/emilio-carranza-fraccion-xix-1\/\"><img loading=\"lazy\" decoding=\"async\" class=\"aligncenter\" src=\"http:\/\/187.174.252.244\/caev\/Image\/2018\/folder-ico.jpg\" alt=\"\" width=\"51\" height=\"44\" \/><\/a><\/td> <td><\/td> <\/tr> <\/tbody> <\/table> <p style=\"text-align: center;\"><a href=\"http:\/\/187.174.252.244\/operadoras\/transparencia\/ley-general-y-ley-875\/el-higo-ley-general-y-ley-875-de-transparencia\/\"><img loading=\"lazy\" decoding=\"async\" class=\"alignnone size-medium\" src=\"http:\/\/187.174.252.244\/caev\/Oficinas_Operadoras\/Aarchivos\/home1.png\" width=\"36\" height=\"37\" \/><\/a> <a href=\"http:\/\/187.174.252.244\/operadoras\/transparencia\/ley-general-y-ley-875\/el-higo-ley-general-y-ley-875-de-transparencia\/\">regresar<\/a><\/p> ","protected":false},"excerpt":{"rendered":"<p>SERVICIOS QUE OFRECE EL SUJETO OBLIGADO &nbsp; Los servicios que ofrecen se\u00f1alando los requisitos para acceder a ellos. &nbsp; Ejercicio: &nbsp; 2025 &nbsp; Trimestre \u00c1rea Responsable Fecha de Validaci\u00f3n de la Informaci\u00f3n Fecha de Actualizaci\u00f3n de la Inf. Descargar Informaci\u00f3n Primero Oficina Comercial y Administrativa 31\/03\/2025 31\/03\/2025 descargar archivo Segundo Oficina Comercial y Administrativa 30\/06\/2025 [&hellip;]<\/p>\n","protected":false},"author":1,"featured_media":0,"parent":6700,"menu_order":0,"comment_status":"closed","ping_status":"closed","template":"","meta":{"footnotes":""},"class_list":["post-13664","page","type-page","status-publish","hentry"],"_links":{"self":[{"href":"http:\/\/187.174.252.244\/operadoras\/wp-json\/wp\/v2\/pages\/13664"}],"collection":[{"href":"http:\/\/187.174.252.244\/operadoras\/wp-json\/wp\/v2\/pages"}],"about":[{"href":"http:\/\/187.174.252.244\/operadoras\/wp-json\/wp\/v2\/types\/page"}],"author":[{"embeddable":true,"href":"http:\/\/187.174.252.244\/operadoras\/wp-json\/wp\/v2\/users\/1"}],"replies":[{"embeddable":true,"href":"http:\/\/187.174.252.244\/operadoras\/wp-json\/wp\/v2\/comments?post=13664"}],"version-history":[{"count":22,"href":"http:\/\/187.174.252.244\/operadoras\/wp-json\/wp\/v2\/pages\/13664\/revisions"}],"predecessor-version":[{"id":67903,"href":"http:\/\/187.174.252.244\/operadoras\/wp-json\/wp\/v2\/pages\/13664\/revisions\/67903"}],"up":[{"embeddable":true,"href":"http:\/\/187.174.252.244\/operadoras\/wp-json\/wp\/v2\/pages\/6700"}],"wp:attachment":[{"href":"http:\/\/187.174.252.244\/operadoras\/wp-json\/wp\/v2\/media?parent=13664"}],"curies":[{"name":"wp","href":"https:\/\/api.w.org\/{rel}","templated":true}]}}