{"id":14087,"date":"2018-06-27T16:18:34","date_gmt":"2018-06-27T22:18:34","guid":{"rendered":"http:\/\/localhost\/?page_id=14087"},"modified":"2026-05-15T10:46:08","modified_gmt":"2026-05-15T16:46:08","slug":"papantla-fraccion-xxiv","status":"publish","type":"page","link":"http:\/\/187.174.252.244\/operadoras\/transparencia\/ley-general-y-ley-875\/papantla-ley-general-y-ley-875-de-transparencia\/papantla-fraccion-xxiv\/","title":{"rendered":"Papantla &#8211; Fracci\u00f3n XXIV"},"content":{"rendered":"<p><strong>RESULTADO DE AUDITOR\u00cdAS REALIZADAS<\/strong><\/p> <p>&nbsp;<\/p> <p>Los informes de resultados de las auditor\u00edas al ejercicio presupuestal de cada sujeto obligado que se realicen y, en su caso, las aclaraciones que correspondan.<\/p> <p>&nbsp;<\/p> <div class=\"caja\"> <table width=\"636\"> <tbody> <tr> <td style=\"width: 140px;\"><strong><img loading=\"lazy\" decoding=\"async\" class=\"alignnone aligncenter\" src=\"http:\/\/187.174.252.244\/caev\/Image\/2018\/fecha3-ico.png\" alt=\"\" width=\"46\" height=\"50\" \/><\/strong><\/td> <td style=\"width: 140px;\"> <h4>Ejercicio:<\/h4> <\/td> <td style=\"width: 140px;\" colspan=\"3\"> <p>&nbsp;<\/p> <p>2026<\/td> <\/tr> <\/tbody> <\/table> <p>&nbsp;<\/p> <table style=\"width: 700px; height: 319px;\" width=\"700\"> <tbody> <tr> <td style=\"width: 106px;\"><img loading=\"lazy\" decoding=\"async\" class=\"aligncenter\" src=\"http:\/\/187.174.252.244\/caev\/Image\/2018\/trimestre-ico.png\" alt=\"\" width=\"53\" height=\"60\" \/><\/td> <td style=\"width: 214px;\"><img loading=\"lazy\" decoding=\"async\" class=\"aligncenter\" src=\"http:\/\/187.174.252.244\/caev\/Image\/2018\/usuario-ico.png\" alt=\"\" width=\"56\" height=\"60\" \/><\/td> <td style=\"width: 112px;\"><img loading=\"lazy\" decoding=\"async\" class=\"aligncenter\" src=\"http:\/\/187.174.252.244\/caev\/Image\/2018\/anio-ico.png\" alt=\"\" width=\"59\" height=\"60\" \/><\/td> <td style=\"width: 120px;\"><img loading=\"lazy\" decoding=\"async\" class=\"aligncenter\" src=\"http:\/\/187.174.252.244\/caev\/Image\/2018\/anio-ico.png\" alt=\"\" width=\"59\" height=\"60\" \/><\/td> <td style=\"width: 114px;\"><img loading=\"lazy\" decoding=\"async\" class=\"aligncenter\" src=\"http:\/\/187.174.252.244\/caev\/Image\/2018\/cloud-ico.png\" alt=\"\" width=\"57\" height=\"60\" \/><\/td> <\/tr> <tr> <td style=\"text-align: center; width: 106px;\"><span style=\"color: #000000;\"><strong>Trimestre<\/strong><em><br \/> <\/em><\/span><\/td> <td style=\"text-align: center; width: 214px;\"><span style=\"color: #000000;\"><strong>\u00c1rea Responsable<\/strong><\/span><\/td> <td style=\"text-align: center; width: 112px;\"><span style=\"color: #000000;\"><strong>Fecha de Validaci\u00f3n de la Informaci\u00f3n<\/strong><\/span><\/td> <td style=\"text-align: center; width: 120px;\"><span style=\"color: #000000;\"><strong>Fecha de Actualizaci\u00f3n de la Inf.<\/strong><\/span><\/td> <td style=\"text-align: center; width: 114px;\"><span style=\"color: #000000;\"><strong>Descargar Informaci\u00f3n<\/strong><\/span><\/td> <\/tr> <tr> <td style=\"width: 106px;\"><\/td> <td style=\"width: 214px;\"><\/td> <td style=\"width: 112px;\"><\/td> <td style=\"width: 120px;\"><\/td> <td style=\"width: 114px;\"><\/td> <\/tr> <tr> <td style=\"width: 106px; text-align: center;\">Primero<\/td> <td style=\"width: 214px; text-align: center;\"><span style=\"color: #000000;\">Oficina Comercial y Administrativa<\/span><\/td> <td style=\"width: 112px; text-align: center;\">31\/03\/2026<\/td> <td style=\"width: 120px; text-align: center;\">31\/03\/2026<\/td> <td style=\"width: 114px; text-align: center;\"><a href=\"http:\/\/187.174.252.244\/caev\/pdfs\/oficinas_operadoras\/Papantla\/2026\/10-FORM24-26-1.xlsx\">descargar archivo<\/a><\/td> <\/tr> <tr> <td style=\"width: 106px; text-align: center;\"><\/td> <td style=\"width: 214px; text-align: center;\"><\/td> <td style=\"width: 112px; text-align: center;\"><\/td> <td style=\"width: 120px; text-align: center;\"><\/td> <td style=\"width: 114px; text-align: center;\"><\/td> <\/tr> <tr> <td style=\"width: 106px; text-align: center;\"><\/td> <td style=\"width: 214px; text-align: center;\"><\/td> <td style=\"width: 112px; text-align: center;\"><\/td> <td style=\"width: 120px; text-align: center;\"><\/td> <td style=\"width: 114px; text-align: center;\"><\/td> <\/tr> <tr> <td style=\"width: 106px; text-align: center;\"><\/td> <td style=\"width: 214px; text-align: center;\"><\/td> <td style=\"width: 112px; text-align: center;\"><\/td> <td style=\"width: 120px; text-align: center;\"><\/td> <td style=\"width: 114px; text-align: center;\"><\/td> <\/tr> <\/tbody> <\/table> <\/div> <h4><\/h4> <h4>A\u00d1OS ANTERIORES<\/h4> <table width=\"520\"> <tbody> <tr> <td style=\"width: 100px;\"><a href=\"http:\/\/187.174.252.244\/operadoras\/transparencia\/ley-general-y-ley-875\/papantla-ley-general-y-ley-875-de-transparencia\/papantla-fraccion-xxiv-1\/\"><img loading=\"lazy\" decoding=\"async\" class=\"aligncenter\" src=\"http:\/\/187.174.252.244\/caev\/Image\/2018\/folder-ico.jpg\" alt=\"\" width=\"51\" height=\"44\" \/><\/a><\/td> <td><\/td> <\/tr> <\/tbody> <\/table> <p style=\"text-align: center;\"><a href=\"http:\/\/187.174.252.244\/operadoras\/transparencia\/ley-general-y-ley-875\/papantla-ley-general-y-ley-875-de-transparencia\/\"><img loading=\"lazy\" decoding=\"async\" class=\"alignnone size-medium\" src=\"http:\/\/187.174.252.244\/caev\/Oficinas_Operadoras\/Aarchivos\/home1.png\" width=\"36\" height=\"37\" \/><\/a> <a href=\"http:\/\/187.174.252.244\/operadoras\/transparencia\/ley-general-y-ley-875\/papantla-ley-general-y-ley-875-de-transparencia\/\">regresar<\/a><\/p> ","protected":false},"excerpt":{"rendered":"<p>RESULTADO DE AUDITOR\u00cdAS REALIZADAS &nbsp; Los informes de resultados de las auditor\u00edas al ejercicio presupuestal de cada sujeto obligado que se realicen y, en su caso, las aclaraciones que correspondan. &nbsp; Ejercicio: &nbsp; 2026 &nbsp; Trimestre \u00c1rea Responsable Fecha de Validaci\u00f3n de la Informaci\u00f3n Fecha de Actualizaci\u00f3n de la Inf. Descargar Informaci\u00f3n Primero Oficina Comercial [&hellip;]<\/p>\n","protected":false},"author":1,"featured_media":0,"parent":6742,"menu_order":0,"comment_status":"closed","ping_status":"closed","template":"","meta":{"footnotes":""},"class_list":["post-14087","page","type-page","status-publish","hentry"],"_links":{"self":[{"href":"http:\/\/187.174.252.244\/operadoras\/wp-json\/wp\/v2\/pages\/14087"}],"collection":[{"href":"http:\/\/187.174.252.244\/operadoras\/wp-json\/wp\/v2\/pages"}],"about":[{"href":"http:\/\/187.174.252.244\/operadoras\/wp-json\/wp\/v2\/types\/page"}],"author":[{"embeddable":true,"href":"http:\/\/187.174.252.244\/operadoras\/wp-json\/wp\/v2\/users\/1"}],"replies":[{"embeddable":true,"href":"http:\/\/187.174.252.244\/operadoras\/wp-json\/wp\/v2\/comments?post=14087"}],"version-history":[{"count":31,"href":"http:\/\/187.174.252.244\/operadoras\/wp-json\/wp\/v2\/pages\/14087\/revisions"}],"predecessor-version":[{"id":68134,"href":"http:\/\/187.174.252.244\/operadoras\/wp-json\/wp\/v2\/pages\/14087\/revisions\/68134"}],"up":[{"embeddable":true,"href":"http:\/\/187.174.252.244\/operadoras\/wp-json\/wp\/v2\/pages\/6742"}],"wp:attachment":[{"href":"http:\/\/187.174.252.244\/operadoras\/wp-json\/wp\/v2\/media?parent=14087"}],"curies":[{"name":"wp","href":"https:\/\/api.w.org\/{rel}","templated":true}]}}