{"id":1431,"date":"2018-02-26T09:38:37","date_gmt":"2018-02-26T15:38:37","guid":{"rendered":"http:\/\/localhost\/?page_id=1431"},"modified":"2024-09-04T14:39:32","modified_gmt":"2024-09-04T20:39:32","slug":"tlaltetela-informacion-de-la-oficina-operadora","status":"publish","type":"page","link":"http:\/\/187.174.252.244\/operadoras\/oficina-operadora\/informacion-de-la-oficina-operadora\/tlaltetela-informacion-de-la-oficina-operadora\/","title":{"rendered":"Tlaltetela &#8211; Informaci\u00f3n de la Oficina Operadora"},"content":{"rendered":"<h3>OFICINA OPERADORA DE TLALTETELA<\/h3> <table width=\"834\"> <tbody> <tr> <td style=\"width: 300px;\"><span style=\"color: #000000;\"><strong>Direcci\u00f3n:<\/strong><\/span><\/td> <td style=\"width: 600px;\"><span style=\"color: #000000;\">Av. Independencia No.53 Col Centro, C.P. 94020<\/span><\/td> <\/tr> <tr> <td><span style=\"color: #000000;\"><strong>Horario de atenci\u00f3n al p\u00fablico:<\/strong><\/span><\/td> <td><span style=\"color: #000000;\">8:00 a 15:00 hrs<\/span><\/td> <\/tr> <tr> <td><span style=\"color: #000000;\"><strong>Horario de Oficina:<\/strong><\/span><\/td> <td><span style=\"color: #000000;\">8:00 a 15:00 y 16:00 a 18:00 hrs<\/span><\/td> <\/tr> <tr> <td><span style=\"color: #000000;\"><strong>Tel\u00e9fono:<\/strong><\/span><\/td> <td><span style=\"color: #000000;\">(279) 831-4143<\/span><\/td> <\/tr> <tr> <td><span style=\"color: #000000;\"><strong>E-mail:<\/strong><\/span><\/td> <td><a href=\"mailto:oficinatlaltetela093@gmail.com\">oficinatlaltetela093@gmail.com<\/a><\/td> <\/tr> <tr> <td><\/td> <td><\/td> <\/tr> <tr> <td><\/td> <td><\/td> <\/tr> <tr> <td><\/td> <td><\/td> <\/tr> <\/tbody> <\/table> <p>&nbsp;<\/p> <p>&nbsp;<\/p> <p>&nbsp;<\/p> <p style=\"text-align: center;\"><a href=\"http:\/\/187.174.252.244\/operadoras\/oficina-operadora\/informacion-de-la-oficina-operadora\/\"><img loading=\"lazy\" decoding=\"async\" class=\"alignnone\" src=\"http:\/\/187.174.252.244\/caev\/Oficinas_Operadoras\/Aarchivos\/home1.png\" alt=\"\" width=\"36\" height=\"37\" \/><\/a>\u00a0 <a href=\"http:\/\/187.174.252.244\/operadoras\/oficina-operadora\/informacion-de-la-oficina-operadora\/\">regresar<\/a><\/p> ","protected":false},"excerpt":{"rendered":"<p>OFICINA OPERADORA DE TLALTETELA Direcci\u00f3n: Av. Independencia No.53 Col Centro, C.P. 94020 Horario de atenci\u00f3n al p\u00fablico: 8:00 a 15:00 hrs Horario de Oficina: 8:00 a 15:00 y 16:00 a 18:00 hrs Tel\u00e9fono: (279) 831-4143 E-mail: oficinatlaltetela093@gmail.com &nbsp; &nbsp; &nbsp; \u00a0 regresar<\/p>\n","protected":false},"author":1,"featured_media":0,"parent":190,"menu_order":0,"comment_status":"closed","ping_status":"closed","template":"","meta":{"footnotes":""},"class_list":["post-1431","page","type-page","status-publish","hentry"],"_links":{"self":[{"href":"http:\/\/187.174.252.244\/operadoras\/wp-json\/wp\/v2\/pages\/1431"}],"collection":[{"href":"http:\/\/187.174.252.244\/operadoras\/wp-json\/wp\/v2\/pages"}],"about":[{"href":"http:\/\/187.174.252.244\/operadoras\/wp-json\/wp\/v2\/types\/page"}],"author":[{"embeddable":true,"href":"http:\/\/187.174.252.244\/operadoras\/wp-json\/wp\/v2\/users\/1"}],"replies":[{"embeddable":true,"href":"http:\/\/187.174.252.244\/operadoras\/wp-json\/wp\/v2\/comments?post=1431"}],"version-history":[{"count":10,"href":"http:\/\/187.174.252.244\/operadoras\/wp-json\/wp\/v2\/pages\/1431\/revisions"}],"predecessor-version":[{"id":58389,"href":"http:\/\/187.174.252.244\/operadoras\/wp-json\/wp\/v2\/pages\/1431\/revisions\/58389"}],"up":[{"embeddable":true,"href":"http:\/\/187.174.252.244\/operadoras\/wp-json\/wp\/v2\/pages\/190"}],"wp:attachment":[{"href":"http:\/\/187.174.252.244\/operadoras\/wp-json\/wp\/v2\/media?parent=1431"}],"curies":[{"name":"wp","href":"https:\/\/api.w.org\/{rel}","templated":true}]}}