{"id":14376,"date":"2018-06-28T08:35:02","date_gmt":"2018-06-28T14:35:02","guid":{"rendered":"http:\/\/localhost\/?page_id=14376"},"modified":"2025-06-05T11:32:25","modified_gmt":"2025-06-05T17:32:25","slug":"acayucan-fraccion-xxvi","status":"publish","type":"page","link":"http:\/\/187.174.252.244\/operadoras\/transparencia\/ley-general-y-ley-875\/acayucan-ley-general-y-ley-875-de-transparencia\/acayucan-fraccion-xxvi\/","title":{"rendered":"Acayucan &#8211; Fracci\u00f3n XXVI"},"content":{"rendered":"<p><strong>PERSONAS F\u00cdSICAS O MORALES A QUIENES CAEV ASIGNA O PERMITE USAR RECURSOS P\u00daBLICOS<\/strong><\/p> <p>&nbsp;<\/p> <p>Los montos, criterios, convocatorias y listado de personas f\u00edsicas o morales a quienes, por cualquier motivo, se les asigne o permita usar recursos p\u00fablicos o, en los t\u00e9rminos de las disposiciones aplicables, realicen actos de autoridad. Asimismo, los informes que dichas personas les entreguen sobre el uso y destino de dichos recursos.<\/p> <div class=\"caja\"> <div class=\"caja\"> <div class=\"caja\"> <div class=\"caja\"> <div class=\"caja\"> <div class=\"caja\"> <p>&nbsp;<\/p> <div class=\"caja\"> <table width=\"636\"> <tbody> <tr> <td style=\"width: 140px;\"><strong><img loading=\"lazy\" decoding=\"async\" class=\"alignnone aligncenter\" src=\"http:\/\/187.174.252.244\/caev\/Image\/2018\/fecha3-ico.png\" alt=\"\" width=\"46\" height=\"50\" \/><\/strong><\/td> <td style=\"width: 140px;\"> <h4>Ejercicio:<\/h4> <\/td> <td style=\"width: 140px;\" colspan=\"3\"> <p>&nbsp;<\/p> <p>2025<\/td> <\/tr> <\/tbody> <\/table> <p>&nbsp;<\/p> <table style=\"width: 700px; height: 420px;\" width=\"700\"> <tbody> <tr style=\"height: 63px;\"> <td style=\"width: 107px; height: 63px;\"><img loading=\"lazy\" decoding=\"async\" class=\"aligncenter\" src=\"http:\/\/187.174.252.244\/caev\/Image\/2018\/trimestre-ico.png\" alt=\"\" width=\"53\" height=\"60\" \/><\/td> <td style=\"width: 214px; height: 63px;\"><img loading=\"lazy\" decoding=\"async\" class=\"aligncenter\" src=\"http:\/\/187.174.252.244\/caev\/Image\/2018\/usuario-ico.png\" alt=\"\" width=\"56\" height=\"60\" \/><\/td> <td style=\"width: 112px; height: 63px;\"><img loading=\"lazy\" decoding=\"async\" class=\"aligncenter\" src=\"http:\/\/187.174.252.244\/caev\/Image\/2018\/anio-ico.png\" alt=\"\" width=\"59\" height=\"60\" \/><\/td> <td style=\"width: 120px; height: 63px;\"><img loading=\"lazy\" decoding=\"async\" class=\"aligncenter\" src=\"http:\/\/187.174.252.244\/caev\/Image\/2018\/anio-ico.png\" alt=\"\" width=\"59\" height=\"60\" \/><\/td> <td style=\"width: 113px; height: 63px;\"><img loading=\"lazy\" decoding=\"async\" class=\"aligncenter\" src=\"http:\/\/187.174.252.244\/caev\/Image\/2018\/cloud-ico.png\" alt=\"\" width=\"57\" height=\"60\" \/><\/td> <\/tr> <tr style=\"height: 98px;\"> <td style=\"text-align: center; width: 107px; height: 98px;\"><span style=\"color: #000000;\"><strong>Trimestre<\/strong><em><br \/> <\/em><\/span><\/td> <td style=\"text-align: center; width: 214px; height: 98px;\"><span style=\"color: #000000;\"><strong>\u00c1rea Responsable<\/strong><\/span><\/td> <td style=\"text-align: center; width: 112px; height: 98px;\"><span style=\"color: #000000;\"><strong>Fecha de Validaci\u00f3n de la Informaci\u00f3n<\/strong><\/span><\/td> <td style=\"text-align: center; width: 120px; height: 98px;\"><span style=\"color: #000000;\"><strong>Fecha de Actualizaci\u00f3n de la Inf.<\/strong><\/span><\/td> <td style=\"text-align: center; width: 113px; height: 98px;\"><span style=\"color: #000000;\"><strong>Descargar Informaci\u00f3n<\/strong><\/span><\/td> <\/tr> <tr style=\"height: 26px;\"> <td style=\"text-align: center; width: 107px; height: 26px;\"><\/td> <td style=\"text-align: center; width: 214px; height: 26px;\"><\/td> <td style=\"text-align: center; width: 112px; height: 26px;\"><\/td> <td style=\"text-align: center; width: 120px; height: 26px;\"><\/td> <td style=\"width: 113px; height: 26px;\"><\/td> <\/tr> <tr style=\"height: 26px;\"> <td style=\"width: 107px; height: 26px; text-align: center;\">Primero<\/td> <td style=\"width: 214px; height: 26px; text-align: center;\"><span style=\"color: #000000;\">Oficina Comercial y Administrativa<\/span><\/td> <td style=\"width: 112px; height: 26px; text-align: center;\"><span style=\"color: #000000;\">31\/03\/2025<\/span><\/td> <td style=\"width: 120px; height: 26px; text-align: center;\"><span style=\"color: #000000;\">31\/03\/2025<\/span><\/td> <td style=\"width: 113px; height: 26px; text-align: center;\"><a href=\"http:\/\/187.174.252.244\/caev\/pdfs\/oficinas_operadoras\/Acayucan\/2025\/43-FORM26-25-1.xlsx\">descargar archivo<\/a><\/td> <\/tr> <tr style=\"height: 26px;\"> <td style=\"width: 107px; height: 26px; text-align: center;\"><\/td> <td style=\"width: 214px; height: 26px; text-align: center;\"><\/td> <td style=\"width: 112px; height: 26px; text-align: center;\"><\/td> <td style=\"width: 120px; height: 26px; text-align: center;\"><\/td> <td style=\"width: 113px; height: 26px; text-align: center;\"><\/td> <\/tr> <tr style=\"height: 26px;\"> <td style=\"width: 107px; height: 26px; text-align: center;\"><\/td> <td style=\"width: 214px; height: 26px; text-align: center;\"><\/td> <td style=\"width: 112px; height: 26px; text-align: center;\"><\/td> <td style=\"width: 120px; height: 26px; text-align: center;\"><\/td> <td style=\"width: 113px; height: 26px; text-align: center;\"><\/td> <\/tr> <tr style=\"height: 26px;\"> <td style=\"width: 107px; height: 26px; text-align: center;\"><\/td> <td style=\"width: 214px; height: 26px; text-align: center;\"><\/td> <td style=\"width: 112px; height: 26px; text-align: center;\"><\/td> <td style=\"width: 120px; height: 26px; text-align: center;\"><\/td> <td style=\"width: 113px; height: 26px; text-align: center;\"><\/td> <\/tr> <\/tbody> <\/table> <p>&nbsp;<\/p> <\/div> <\/div> <\/div> <\/div> <\/div> <\/div> <\/div> <h4>A\u00d1OS ANTERIORES<\/h4> <table width=\"520\"> <tbody> <tr> <td style=\"width: 100px;\"><a href=\"http:\/\/187.174.252.244\/operadoras\/transparencia\/ley-general-y-ley-875\/acayucan-ley-general-y-ley-875-de-transparencia\/acayucan-fraccion-xxvi-1\/\"><img loading=\"lazy\" decoding=\"async\" class=\"aligncenter\" src=\"http:\/\/187.174.252.244\/caev\/Image\/2018\/folder-ico.jpg\" alt=\"\" width=\"51\" height=\"44\" \/><\/a><\/td> <td><\/td> <\/tr> <\/tbody> <\/table> <p style=\"text-align: center;\"><a href=\"http:\/\/187.174.252.244\/operadoras\/transparencia\/ley-general-y-ley-875\/acayucan-ley-general-y-ley-875-de-transparencia\/\"><img loading=\"lazy\" decoding=\"async\" class=\"alignnone size-medium\" src=\"http:\/\/187.174.252.244\/caev\/Oficinas_Operadoras\/Aarchivos\/home1.png\" width=\"36\" height=\"37\" \/><\/a> <a href=\"http:\/\/187.174.252.244\/operadoras\/transparencia\/ley-general-y-ley-875\/acayucan-ley-general-y-ley-875-de-transparencia\/\">regresar<\/a><\/p> ","protected":false},"excerpt":{"rendered":"<p>PERSONAS F\u00cdSICAS O MORALES A QUIENES CAEV ASIGNA O PERMITE USAR RECURSOS P\u00daBLICOS &nbsp; Los montos, criterios, convocatorias y listado de personas f\u00edsicas o morales a quienes, por cualquier motivo, se les asigne o permita usar recursos p\u00fablicos o, en los t\u00e9rminos de las disposiciones aplicables, realicen actos de autoridad. Asimismo, los informes que dichas [&hellip;]<\/p>\n","protected":false},"author":1,"featured_media":0,"parent":6660,"menu_order":0,"comment_status":"closed","ping_status":"closed","template":"","meta":{"footnotes":""},"class_list":["post-14376","page","type-page","status-publish","hentry"],"_links":{"self":[{"href":"http:\/\/187.174.252.244\/operadoras\/wp-json\/wp\/v2\/pages\/14376"}],"collection":[{"href":"http:\/\/187.174.252.244\/operadoras\/wp-json\/wp\/v2\/pages"}],"about":[{"href":"http:\/\/187.174.252.244\/operadoras\/wp-json\/wp\/v2\/types\/page"}],"author":[{"embeddable":true,"href":"http:\/\/187.174.252.244\/operadoras\/wp-json\/wp\/v2\/users\/1"}],"replies":[{"embeddable":true,"href":"http:\/\/187.174.252.244\/operadoras\/wp-json\/wp\/v2\/comments?post=14376"}],"version-history":[{"count":23,"href":"http:\/\/187.174.252.244\/operadoras\/wp-json\/wp\/v2\/pages\/14376\/revisions"}],"predecessor-version":[{"id":63824,"href":"http:\/\/187.174.252.244\/operadoras\/wp-json\/wp\/v2\/pages\/14376\/revisions\/63824"}],"up":[{"embeddable":true,"href":"http:\/\/187.174.252.244\/operadoras\/wp-json\/wp\/v2\/pages\/6660"}],"wp:attachment":[{"href":"http:\/\/187.174.252.244\/operadoras\/wp-json\/wp\/v2\/media?parent=14376"}],"curies":[{"name":"wp","href":"https:\/\/api.w.org\/{rel}","templated":true}]}}