{"id":14456,"date":"2018-06-28T08:52:35","date_gmt":"2018-06-28T14:52:35","guid":{"rendered":"http:\/\/localhost\/?page_id=14456"},"modified":"2025-05-26T15:44:53","modified_gmt":"2025-05-26T21:44:53","slug":"panuco-fraccion-xxvi","status":"publish","type":"page","link":"http:\/\/187.174.252.244\/operadoras\/transparencia\/ley-general-y-ley-875\/panuco-ley-general-y-ley-875-de-transparencia\/panuco-fraccion-xxvi\/","title":{"rendered":"P\u00e1nuco &#8211; Fracci\u00f3n XXVI"},"content":{"rendered":"<p><strong>PERSONAS F\u00cdSICAS O MORALES A QUIENES CAEV ASIGNA O PERMITE USAR RECURSOS P\u00daBLICOS<\/strong><\/p> <p>&nbsp;<\/p> <p>Los montos, criterios, convocatorias y listado de personas f\u00edsicas o morales a quienes, por cualquier motivo, se les asigne o permita usar recursos p\u00fablicos o, en los t\u00e9rminos de las disposiciones aplicables, realicen actos de autoridad. Asimismo, los informes que dichas personas les entreguen sobre el uso y destino de dichos recursos.<\/p> <p>&nbsp;<\/p> <div class=\"caja\"> <table width=\"636\"> <tbody> <tr> <td style=\"width: 140px;\"><strong><img loading=\"lazy\" decoding=\"async\" class=\"alignnone aligncenter\" src=\"http:\/\/187.174.252.244\/caev\/Image\/2018\/fecha3-ico.png\" alt=\"\" width=\"46\" height=\"50\" \/><\/strong><\/td> <td style=\"width: 140px;\"> <h4>Ejercicio:<\/h4> <\/td> <td style=\"width: 140px;\" colspan=\"3\"> <p>&nbsp;<\/p> <p>2025<\/td> <\/tr> <\/tbody> <\/table> <p>&nbsp;<\/p> <table style=\"height: 297px; width: 700px;\" width=\"700\"> <tbody> <tr style=\"height: 60px;\"> <td style=\"width: 102px; height: 60px;\"><img loading=\"lazy\" decoding=\"async\" class=\"aligncenter\" src=\"http:\/\/187.174.252.244\/caev\/Image\/2018\/trimestre-ico.png\" alt=\"\" width=\"53\" height=\"60\" \/><\/td> <td style=\"width: 210px; height: 60px;\"><img loading=\"lazy\" decoding=\"async\" class=\"aligncenter\" src=\"http:\/\/187.174.252.244\/caev\/Image\/2018\/usuario-ico.png\" alt=\"\" width=\"56\" height=\"60\" \/><\/td> <td style=\"width: 119px; height: 60px;\"><img loading=\"lazy\" decoding=\"async\" class=\"aligncenter\" src=\"http:\/\/187.174.252.244\/caev\/Image\/2018\/anio-ico.png\" alt=\"\" width=\"59\" height=\"60\" \/><\/td> <td style=\"width: 122px; height: 60px;\"><img loading=\"lazy\" decoding=\"async\" class=\"aligncenter\" src=\"http:\/\/187.174.252.244\/caev\/Image\/2018\/anio-ico.png\" alt=\"\" width=\"59\" height=\"60\" \/><\/td> <td style=\"width: 116px; height: 60px;\"><img loading=\"lazy\" decoding=\"async\" class=\"aligncenter\" src=\"http:\/\/187.174.252.244\/caev\/Image\/2018\/cloud-ico.png\" alt=\"\" width=\"57\" height=\"60\" \/><\/td> <\/tr> <tr style=\"height: 96px;\"> <td style=\"text-align: center; width: 102px; height: 96px;\"><span style=\"color: #000000;\"><strong>Trimestre<\/strong><em><br \/> <\/em><\/span><\/td> <td style=\"text-align: center; width: 210px; height: 96px;\"><span style=\"color: #000000;\"><strong>\u00c1rea Responsable<\/strong><\/span><\/td> <td style=\"text-align: center; width: 119px; height: 96px;\"><span style=\"color: #000000;\"><strong>Fecha de Validaci\u00f3n de la Informaci\u00f3n<\/strong><\/span><\/td> <td style=\"text-align: center; width: 122px; height: 96px;\"><span style=\"color: #000000;\"><strong>Fecha de Actualizaci\u00f3n de la Inf.<\/strong><\/span><\/td> <td style=\"text-align: center; width: 116px; height: 96px;\"><span style=\"color: #000000;\"><strong>Descargar Informaci\u00f3n<\/strong><\/span><\/td> <\/tr> <tr style=\"height: 24px;\"> <td style=\"width: 102px; height: 24px;\"><\/td> <td style=\"width: 210px; height: 24px;\"><\/td> <td style=\"width: 119px; height: 24px;\"><\/td> <td style=\"width: 122px; height: 24px;\"><\/td> <td style=\"width: 116px; height: 24px;\"><\/td> <\/tr> <tr style=\"height: 27px;\"> <td style=\"text-align: center; width: 102px; height: 27px;\">Primero<\/td> <td style=\"text-align: center; width: 210px; height: 27px;\"><span style=\"color: #000000;\">Oficina Comercial y Administrativa<\/span><\/td> <td style=\"text-align: center; width: 119px; height: 27px;\"><span style=\"color: #000000;\">31\/03\/2025<\/span><\/td> <td style=\"text-align: center; width: 122px; height: 27px;\"><span style=\"color: #000000;\">31\/03\/2025<\/span><\/td> <td style=\"text-align: center; width: 116px; height: 27px;\"><a href=\"http:\/\/187.174.252.244\/caev\/pdfs\/oficinas_operadoras\/Panuco\/2025\/9-FORM26-25-1.xlsx\">descargar archivo<\/a><\/td> <\/tr> <tr style=\"height: 24px;\"> <td style=\"text-align: center; width: 102px; height: 24px;\"><\/td> <td style=\"text-align: center; width: 210px; height: 24px;\"><\/td> <td style=\"text-align: center; width: 119px; height: 24px;\"><\/td> <td style=\"text-align: center; width: 122px; height: 24px;\"><\/td> <td style=\"text-align: center; width: 116px; height: 24px;\"><\/td> <\/tr> <tr style=\"height: 24px;\"> <td style=\"text-align: center; width: 102px; height: 24px;\"><\/td> <td style=\"text-align: center; width: 210px; height: 24px;\"><\/td> <td style=\"text-align: center; width: 119px; height: 24px;\"><\/td> <td style=\"text-align: center; width: 122px; height: 24px;\"><\/td> <td style=\"text-align: center; width: 116px; height: 24px;\"><\/td> <\/tr> <tr style=\"height: 24px;\"> <td style=\"text-align: center; width: 102px; height: 24px;\"><\/td> <td style=\"text-align: center; width: 210px; height: 24px;\"><\/td> <td style=\"text-align: center; width: 119px; height: 24px;\"><\/td> <td style=\"text-align: center; width: 122px; height: 24px;\"><\/td> <td style=\"text-align: center; width: 116px; height: 24px;\"><\/td> <\/tr> <\/tbody> <\/table> <\/div> <h4><\/h4> <h4>A\u00d1OS ANTERIORES<\/h4> <table width=\"520\"> <tbody> <tr> <td style=\"width: 100px;\"><a href=\"http:\/\/187.174.252.244\/operadoras\/transparencia\/ley-general-y-ley-875\/panuco-ley-general-y-ley-875-de-transparencia\/panuco-fraccion-xxvi-1\/\"><img loading=\"lazy\" decoding=\"async\" class=\"aligncenter\" src=\"http:\/\/187.174.252.244\/caev\/Image\/2018\/folder-ico.jpg\" alt=\"\" width=\"51\" height=\"44\" \/><\/a><\/td> <td style=\"width: 408px;\"><\/td> <\/tr> <\/tbody> <\/table> <p style=\"text-align: center;\"><a href=\"http:\/\/187.174.252.244\/operadoras\/transparencia\/ley-general-y-ley-875\/panuco-ley-general-y-ley-875-de-transparencia\/\"><img loading=\"lazy\" decoding=\"async\" class=\"alignnone size-medium\" src=\"http:\/\/187.174.252.244\/caev\/Oficinas_Operadoras\/Aarchivos\/home1.png\" width=\"36\" height=\"37\" \/><\/a> <a href=\"http:\/\/187.174.252.244\/operadoras\/transparencia\/ley-general-y-ley-875\/panuco-ley-general-y-ley-875-de-transparencia\/\">regresar<\/a><\/p> ","protected":false},"excerpt":{"rendered":"<p>PERSONAS F\u00cdSICAS O MORALES A QUIENES CAEV ASIGNA O PERMITE USAR RECURSOS P\u00daBLICOS &nbsp; Los montos, criterios, convocatorias y listado de personas f\u00edsicas o morales a quienes, por cualquier motivo, se les asigne o permita usar recursos p\u00fablicos o, en los t\u00e9rminos de las disposiciones aplicables, realicen actos de autoridad. Asimismo, los informes que dichas [&hellip;]<\/p>\n","protected":false},"author":1,"featured_media":0,"parent":6740,"menu_order":0,"comment_status":"closed","ping_status":"closed","template":"","meta":{"footnotes":""},"class_list":["post-14456","page","type-page","status-publish","hentry"],"_links":{"self":[{"href":"http:\/\/187.174.252.244\/operadoras\/wp-json\/wp\/v2\/pages\/14456"}],"collection":[{"href":"http:\/\/187.174.252.244\/operadoras\/wp-json\/wp\/v2\/pages"}],"about":[{"href":"http:\/\/187.174.252.244\/operadoras\/wp-json\/wp\/v2\/types\/page"}],"author":[{"embeddable":true,"href":"http:\/\/187.174.252.244\/operadoras\/wp-json\/wp\/v2\/users\/1"}],"replies":[{"embeddable":true,"href":"http:\/\/187.174.252.244\/operadoras\/wp-json\/wp\/v2\/comments?post=14456"}],"version-history":[{"count":26,"href":"http:\/\/187.174.252.244\/operadoras\/wp-json\/wp\/v2\/pages\/14456\/revisions"}],"predecessor-version":[{"id":63692,"href":"http:\/\/187.174.252.244\/operadoras\/wp-json\/wp\/v2\/pages\/14456\/revisions\/63692"}],"up":[{"embeddable":true,"href":"http:\/\/187.174.252.244\/operadoras\/wp-json\/wp\/v2\/pages\/6740"}],"wp:attachment":[{"href":"http:\/\/187.174.252.244\/operadoras\/wp-json\/wp\/v2\/media?parent=14456"}],"curies":[{"name":"wp","href":"https:\/\/api.w.org\/{rel}","templated":true}]}}