{"id":15000,"date":"2018-06-28T16:55:12","date_gmt":"2018-06-28T22:55:12","guid":{"rendered":"http:\/\/localhost\/?page_id=15000"},"modified":"2025-04-15T09:07:35","modified_gmt":"2025-04-15T15:07:35","slug":"tempoal-fraccion-xxxii","status":"publish","type":"page","link":"http:\/\/187.174.252.244\/operadoras\/transparencia\/ley-general-y-ley-875\/tempoal-ley-general-y-ley-875-de-transparencia\/tempoal-fraccion-xxxii\/","title":{"rendered":"Tempoal &#8211; Fracci\u00f3n XXXII"},"content":{"rendered":"<p><strong>PADR\u00d3N DE PROVEEDORES Y CONTRATISTAS<\/strong><\/p> <p>&nbsp;<\/p> <p>Padr\u00f3n de proveedores y contratistas.<\/p> <p>&nbsp;<\/p> <div class=\"caja\"> <table width=\"636\"> <tbody> <tr> <td style=\"width: 140px;\"><strong><img loading=\"lazy\" decoding=\"async\" class=\"alignnone aligncenter\" src=\"http:\/\/187.174.252.244\/caev\/Image\/2018\/fecha3-ico.png\" alt=\"\" width=\"46\" height=\"50\" \/><\/strong><\/td> <td style=\"width: 140px;\"> <h4>Ejercicio:<\/h4> <\/td> <td style=\"width: 140px;\" colspan=\"3\"> <p>&nbsp;<\/p> <p>2025<\/td> <\/tr> <\/tbody> <\/table> <p>&nbsp;<\/p> <table style=\"width: 701px; height: 327px;\" width=\"700\"> <tbody> <tr style=\"height: 60px;\"> <td style=\"width: 106px; height: 60px;\"><img loading=\"lazy\" decoding=\"async\" class=\"aligncenter\" src=\"http:\/\/187.174.252.244\/caev\/Image\/2018\/trimestre-ico.png\" alt=\"\" width=\"53\" height=\"60\" \/><\/td> <td style=\"width: 214px; height: 60px;\"><img loading=\"lazy\" decoding=\"async\" class=\"aligncenter\" src=\"http:\/\/187.174.252.244\/caev\/Image\/2018\/usuario-ico.png\" alt=\"\" width=\"56\" height=\"60\" \/><\/td> <td style=\"width: 112px; height: 60px;\"><img loading=\"lazy\" decoding=\"async\" class=\"aligncenter\" src=\"http:\/\/187.174.252.244\/caev\/Image\/2018\/anio-ico.png\" alt=\"\" width=\"59\" height=\"60\" \/><\/td> <td style=\"width: 121px; height: 60px;\"><img loading=\"lazy\" decoding=\"async\" class=\"aligncenter\" src=\"http:\/\/187.174.252.244\/caev\/Image\/2018\/anio-ico.png\" alt=\"\" width=\"59\" height=\"60\" \/><\/td> <td style=\"width: 114px; height: 60px;\"><img loading=\"lazy\" decoding=\"async\" class=\"aligncenter\" src=\"http:\/\/187.174.252.244\/caev\/Image\/2018\/cloud-ico.png\" alt=\"\" width=\"57\" height=\"60\" \/><\/td> <\/tr> <tr style=\"height: 96px;\"> <td style=\"text-align: center; width: 106px; height: 96px;\"><span style=\"color: #000000;\"><strong>Trimestre<\/strong><em><br \/> <\/em><\/span><\/td> <td style=\"text-align: center; width: 214px; height: 96px;\"><span style=\"color: #000000;\"><strong>\u00c1rea Responsable<\/strong><\/span><\/td> <td style=\"text-align: center; width: 112px; height: 96px;\"><span style=\"color: #000000;\"><strong>Fecha de Validaci\u00f3n de la Informaci\u00f3n<\/strong><\/span><\/td> <td style=\"text-align: center; width: 121px; height: 96px;\"><span style=\"color: #000000;\"><strong>Fecha de Actualizaci\u00f3n de la Inf.<\/strong><\/span><\/td> <td style=\"text-align: center; width: 114px; height: 96px;\"><span style=\"color: #000000;\"><strong>Descargar Informaci\u00f3n<\/strong><\/span><\/td> <\/tr> <tr style=\"height: 24px;\"> <td style=\"width: 106px; height: 24px;\"><\/td> <td style=\"width: 214px; height: 24px;\"><\/td> <td style=\"width: 112px; height: 24px;\"><\/td> <td style=\"width: 121px; height: 24px;\"><\/td> <td style=\"width: 114px; height: 24px;\"><\/td> <\/tr> <tr style=\"height: 48px;\"> <td style=\"text-align: center; width: 106px; height: 48px;\">Primero<\/td> <td style=\"text-align: center; width: 214px; height: 48px;\">Oficina Comercial y Administrativa<\/td> <td style=\"text-align: center; width: 112px; height: 48px;\">31\/03\/2025<\/td> <td style=\"text-align: center; width: 121px; height: 48px;\">31\/03\/2025<\/td> <td style=\"text-align: center; width: 114px; height: 48px;\"><a href=\"http:\/\/187.174.252.244\/caev\/pdfs\/oficinas_operadoras\/Tempoal\/2025\/15-FORM32-25-1.xlsx\">descargar archivo<\/a><\/td> <\/tr> <tr style=\"height: 48px;\"> <td style=\"text-align: center; width: 106px; height: 48px;\"><\/td> <td style=\"text-align: center; width: 214px; height: 48px;\"><\/td> <td style=\"text-align: center; width: 112px; height: 48px;\"><\/td> <td style=\"text-align: center; width: 121px; height: 48px;\"><\/td> <td style=\"text-align: center; width: 114px; height: 48px;\"><\/td> <\/tr> <tr style=\"height: 48px;\"> <td style=\"text-align: center; width: 106px; height: 48px;\"><\/td> <td style=\"text-align: center; width: 214px; height: 48px;\"><\/td> <td style=\"text-align: center; width: 112px; height: 48px;\"><\/td> <td style=\"text-align: center; width: 121px; height: 48px;\"><\/td> <td style=\"text-align: center; width: 114px; height: 48px;\"><\/td> <\/tr> <tr style=\"height: 48px;\"> <td style=\"text-align: center; width: 106px; height: 48px;\"><\/td> <td style=\"text-align: center; width: 214px; height: 48px;\"><\/td> <td style=\"text-align: center; width: 112px; height: 48px;\"><\/td> <td style=\"text-align: center; width: 121px; height: 48px;\"><\/td> <td style=\"text-align: center; width: 114px; height: 48px;\"><\/td> <\/tr> <\/tbody> <\/table> <\/div> <p>&nbsp;<\/p> <h4>A\u00d1OS ANTERIORES<\/h4> <table style=\"width: 510px;\" width=\"520\"> <tbody> <tr> <td style=\"width: 100px;\"><a href=\"http:\/\/187.174.252.244\/operadoras\/transparencia\/ley-general-y-ley-875\/tempoal-ley-general-y-ley-875-de-transparencia\/tempoal-fraccion-xxxii-1\"><img loading=\"lazy\" decoding=\"async\" class=\"aligncenter\" src=\"http:\/\/187.174.252.244\/caev\/Image\/2018\/folder-ico.jpg\" alt=\"\" width=\"51\" height=\"44\" \/><\/a><\/td> <td style=\"width: 410px;\"><\/td> <\/tr> <\/tbody> <\/table> <p style=\"text-align: center;\"><a href=\"http:\/\/187.174.252.244\/operadoras\/transparencia\/ley-general-y-ley-875\/tempoal-ley-general-y-ley-875-de-transparencia\/\"><img loading=\"lazy\" decoding=\"async\" class=\"alignnone size-medium\" src=\"http:\/\/187.174.252.244\/caev\/Oficinas_Operadoras\/Aarchivos\/home1.png\" width=\"36\" height=\"37\" \/><\/a> <a href=\"http:\/\/187.174.252.244\/operadoras\/transparencia\/ley-general-y-ley-875\/tempoal-ley-general-y-ley-875-de-transparencia\/\">regresar<\/a><\/p> ","protected":false},"excerpt":{"rendered":"<p>PADR\u00d3N DE PROVEEDORES Y CONTRATISTAS &nbsp; Padr\u00f3n de proveedores y contratistas. &nbsp; Ejercicio: &nbsp; 2025 &nbsp; Trimestre \u00c1rea Responsable Fecha de Validaci\u00f3n de la Informaci\u00f3n Fecha de Actualizaci\u00f3n de la Inf. Descargar Informaci\u00f3n Primero Oficina Comercial y Administrativa 31\/03\/2025 31\/03\/2025 descargar archivo &nbsp; A\u00d1OS ANTERIORES regresar<\/p>\n","protected":false},"author":1,"featured_media":0,"parent":6772,"menu_order":0,"comment_status":"closed","ping_status":"closed","template":"","meta":{"footnotes":""},"class_list":["post-15000","page","type-page","status-publish","hentry"],"_links":{"self":[{"href":"http:\/\/187.174.252.244\/operadoras\/wp-json\/wp\/v2\/pages\/15000"}],"collection":[{"href":"http:\/\/187.174.252.244\/operadoras\/wp-json\/wp\/v2\/pages"}],"about":[{"href":"http:\/\/187.174.252.244\/operadoras\/wp-json\/wp\/v2\/types\/page"}],"author":[{"embeddable":true,"href":"http:\/\/187.174.252.244\/operadoras\/wp-json\/wp\/v2\/users\/1"}],"replies":[{"embeddable":true,"href":"http:\/\/187.174.252.244\/operadoras\/wp-json\/wp\/v2\/comments?post=15000"}],"version-history":[{"count":24,"href":"http:\/\/187.174.252.244\/operadoras\/wp-json\/wp\/v2\/pages\/15000\/revisions"}],"predecessor-version":[{"id":62901,"href":"http:\/\/187.174.252.244\/operadoras\/wp-json\/wp\/v2\/pages\/15000\/revisions\/62901"}],"up":[{"embeddable":true,"href":"http:\/\/187.174.252.244\/operadoras\/wp-json\/wp\/v2\/pages\/6772"}],"wp:attachment":[{"href":"http:\/\/187.174.252.244\/operadoras\/wp-json\/wp\/v2\/media?parent=15000"}],"curies":[{"name":"wp","href":"https:\/\/api.w.org\/{rel}","templated":true}]}}