{"id":15174,"date":"2018-06-29T08:08:47","date_gmt":"2018-06-29T14:08:47","guid":{"rendered":"http:\/\/localhost\/?page_id=15174"},"modified":"2021-09-21T08:07:29","modified_gmt":"2021-09-21T14:07:29","slug":"juan-rodriguez-clara-fraccion-xxxiv-a","status":"publish","type":"page","link":"http:\/\/187.174.252.244\/operadoras\/transparencia\/ley-general-y-ley-875\/juan-rodriguez-clara-ley-general-y-ley-875-de-transparencia\/juan-rodriguez-clara-fraccion-xxxiv-a\/","title":{"rendered":"Juan Rodr\u00edguez Clara &#8211; Fracci\u00f3n XXXIV-A"},"content":{"rendered":"<p><strong>INVENTARIO DE BIENES MUEBLES<\/strong><\/p> <p>&nbsp;<\/p> <p>El inventario de bienes muebles e inmuebles en posesi\u00f3n y propiedad<strong>.<\/strong><\/p> <p>&nbsp;<\/p> <div class=\"caja\"> <table width=\"636\"> <tbody> <tr> <td style=\"width: 140px;\"><strong><img loading=\"lazy\" decoding=\"async\" class=\"alignnone aligncenter\" src=\"http:\/\/187.174.252.244\/caev\/Image\/2018\/fecha3-ico.png\" alt=\"\" width=\"46\" height=\"50\" \/><\/strong><\/td> <td style=\"width: 140px;\"> <h4>Ejercicio:<\/h4> <\/td> <td style=\"width: 140px;\" colspan=\"3\"> <p>&nbsp;<\/p> <p>2018<\/td> <\/tr> <\/tbody> <\/table> <p>&nbsp;<\/p> <table width=\"700\"> <tbody> <tr> <td style=\"width: 100px;\"><img loading=\"lazy\" decoding=\"async\" class=\"aligncenter\" src=\"http:\/\/187.174.252.244\/caev\/Image\/2018\/trimestre-ico.png\" alt=\"\" width=\"53\" height=\"60\" \/><\/td> <td style=\"width: 200px;\"><img loading=\"lazy\" decoding=\"async\" class=\"aligncenter\" src=\"http:\/\/187.174.252.244\/caev\/Image\/2018\/usuario-ico.png\" alt=\"\" width=\"56\" height=\"60\" \/><\/td> <td style=\"width: 100px;\"><img loading=\"lazy\" decoding=\"async\" class=\"aligncenter\" src=\"http:\/\/187.174.252.244\/caev\/Image\/2018\/anio-ico.png\" alt=\"\" width=\"59\" height=\"60\" \/><\/td> <td style=\"width: 100px;\"><img loading=\"lazy\" decoding=\"async\" class=\"aligncenter\" src=\"http:\/\/187.174.252.244\/caev\/Image\/2018\/anio-ico.png\" alt=\"\" width=\"59\" height=\"60\" \/><\/td> <td style=\"width: 100px;\"><img loading=\"lazy\" decoding=\"async\" class=\"aligncenter\" src=\"http:\/\/187.174.252.244\/caev\/Image\/2018\/cloud-ico.png\" alt=\"\" width=\"57\" height=\"60\" \/><\/td> <\/tr> <tr> <td style=\"text-align: center;\"><span style=\"color: #000000;\"><strong>Semestre<\/strong><em><br \/> <\/em><\/span><\/td> <td style=\"text-align: center;\"><span style=\"color: #000000;\"><strong>\u00c1rea Responsable<\/strong><\/span><\/td> <td style=\"text-align: center;\"><span style=\"color: #000000;\"><strong>Fecha de Validaci\u00f3n de la Informaci\u00f3n<\/strong><\/span><\/td> <td style=\"text-align: center;\"><span style=\"color: #000000;\"><strong>Fecha de Actualizaci\u00f3n de la Inf.<\/strong><\/span><\/td> <td style=\"text-align: center;\"><span style=\"color: #000000;\"><strong>Descargar Informaci\u00f3n<\/strong><\/span><\/td> <\/tr> <tr> <td><\/td> <td><\/td> <td><\/td> <td><\/td> <td><\/td> <\/tr> <tr> <td style=\"text-align: center;\"><span style=\"color: #000000;\">Segundo<\/span><\/td> <td style=\"text-align: center;\"><span style=\"color: #000000;\">Departamento Comercial y Administrativo<\/span><\/td> <td style=\"text-align: center;\"><span style=\"color: #000000;\">30\/01\/20<\/span><span style=\"color: #000000;\">19<\/span><\/td> <td style=\"text-align: center;\"><span style=\"color: #000000;\">30\/12\/2018<\/span><\/td> <td style=\"text-align: center;\"><a href=\"http:\/\/187.174.252.244\/caev\/pdfs\/oficinas_operadoras\/JuanRodriguez\/2018\/55-FORM34A-18-4.xlsx\">descargar archivo<\/a><\/td> <\/tr> <tr> <td><\/td> <td><\/td> <td><\/td> <td><\/td> <td><\/td> <\/tr> <tr> <td style=\"text-align: center;\"><\/td> <td style=\"text-align: center;\"><\/td> <td style=\"text-align: center;\"><\/td> <td style=\"text-align: center;\"><\/td> <td style=\"text-align: center;\"><\/td> <\/tr> <\/tbody> <\/table> <\/div> <p>&nbsp;<\/p> <h4>A\u00d1OS ANTERIORES<\/h4> <table width=\"520\"> <tbody> <tr> <td style=\"width: 100px;\"><a href=\"http:\/\/187.174.252.244\/operadoras\/transparencia\/ley-general-y-ley-875\/juan-rodriguez-clara-ley-general-y-ley-875-de-transparencia\/juan-rodriguez-clara-fraccion-xxxiv-a-1\/\"><img loading=\"lazy\" decoding=\"async\" class=\"aligncenter\" src=\"http:\/\/187.174.252.244\/caev\/Image\/2018\/folder-ico.jpg\" alt=\"\" width=\"51\" height=\"44\" \/><\/a><\/td> <td><\/td> <\/tr> <\/tbody> <\/table> <p>&nbsp;<\/p> <p style=\"text-align: center;\"><a href=\"http:\/\/187.174.252.244\/operadoras\/transparencia\/ley-general-y-ley-875\/juan-rodriguez-clara-ley-general-y-ley-875-de-transparencia\/\"><img loading=\"lazy\" decoding=\"async\" class=\"alignnone size-medium\" src=\"http:\/\/187.174.252.244\/caev\/Oficinas_Operadoras\/Aarchivos\/home1.png\" width=\"36\" height=\"37\" \/><\/a> <a href=\"http:\/\/187.174.252.244\/operadoras\/transparencia\/ley-general-y-ley-875\/juan-rodriguez-clara-ley-general-y-ley-875-de-transparencia\/\">regresar<\/a><\/p> ","protected":false},"excerpt":{"rendered":"<p>INVENTARIO DE BIENES MUEBLES &nbsp; El inventario de bienes muebles e inmuebles en posesi\u00f3n y propiedad. &nbsp; Ejercicio: &nbsp; 2018 &nbsp; Semestre \u00c1rea Responsable Fecha de Validaci\u00f3n de la Informaci\u00f3n Fecha de Actualizaci\u00f3n de la Inf. Descargar Informaci\u00f3n Segundo Departamento Comercial y Administrativo 30\/01\/2019 30\/12\/2018 descargar archivo &nbsp; A\u00d1OS ANTERIORES &nbsp; regresar<\/p>\n","protected":false},"author":1,"featured_media":0,"parent":6720,"menu_order":0,"comment_status":"closed","ping_status":"closed","template":"","meta":{"footnotes":""},"class_list":["post-15174","page","type-page","status-publish","hentry"],"_links":{"self":[{"href":"http:\/\/187.174.252.244\/operadoras\/wp-json\/wp\/v2\/pages\/15174"}],"collection":[{"href":"http:\/\/187.174.252.244\/operadoras\/wp-json\/wp\/v2\/pages"}],"about":[{"href":"http:\/\/187.174.252.244\/operadoras\/wp-json\/wp\/v2\/types\/page"}],"author":[{"embeddable":true,"href":"http:\/\/187.174.252.244\/operadoras\/wp-json\/wp\/v2\/users\/1"}],"replies":[{"embeddable":true,"href":"http:\/\/187.174.252.244\/operadoras\/wp-json\/wp\/v2\/comments?post=15174"}],"version-history":[{"count":6,"href":"http:\/\/187.174.252.244\/operadoras\/wp-json\/wp\/v2\/pages\/15174\/revisions"}],"predecessor-version":[{"id":41625,"href":"http:\/\/187.174.252.244\/operadoras\/wp-json\/wp\/v2\/pages\/15174\/revisions\/41625"}],"up":[{"embeddable":true,"href":"http:\/\/187.174.252.244\/operadoras\/wp-json\/wp\/v2\/pages\/6720"}],"wp:attachment":[{"href":"http:\/\/187.174.252.244\/operadoras\/wp-json\/wp\/v2\/media?parent=15174"}],"curies":[{"name":"wp","href":"https:\/\/api.w.org\/{rel}","templated":true}]}}