{"id":161,"date":"2018-01-18T12:07:31","date_gmt":"2018-01-18T18:07:31","guid":{"rendered":"http:\/\/localhost\/?page_id=161"},"modified":"2024-01-09T09:29:01","modified_gmt":"2024-01-09T15:29:01","slug":"difusion","status":"publish","type":"page","link":"http:\/\/187.174.252.244\/operadoras\/difusion\/","title":{"rendered":"Oficinas Operadoras &#8211; Difusi\u00f3n"},"content":{"rendered":"<p>&nbsp;<\/p> <table style=\"height: 187px;\" width=\"702\"> <tbody> <tr> <td style=\"width: 350px;\"><img loading=\"lazy\" decoding=\"async\" class=\"alignnone size-medium\" src=\"http:\/\/187.174.252.244\/caev\/Image\/pleca_analisis_lab.png\" width=\"283\" height=\"21\" \/><\/td> <td style=\"width: 350px;\"><a href=\"http:\/\/www.caev.gob.mx\/difusion\/codigo-de-etica\/\" target=\"_blank\" rel=\"noopener\"><img loading=\"lazy\" decoding=\"async\" class=\"alignnone size-medium\" src=\"http:\/\/187.174.252.244\/caev\/Oficinas_Operadoras\/Aarchivos\/pleca_codigo_etica.png\" width=\"283\" height=\"43\" \/><\/a><\/td> <\/tr> <tr> <td style=\"width: 350px;\"><span style=\"font-size: small; color: #000000;\">Resultados de los an\u00e1lisis f\u00edsico qu\u00edmico y bacteriol\u00f3gicos.<\/span><\/td> <td style=\"width: 350px;\"><span style=\"font-size: small; color: #000000;\">Fundamentos \u00e9ticos para un buen gobierno.<\/span><\/td> <\/tr> <tr> <td style=\"width: 350px;\"><\/td> <td style=\"width: 350px;\"><\/td> <\/tr> <tr> <td style=\"width: 350px;\"><a href=\"http:\/\/187.174.252.244\/operadoras\/difusion\/boletines\/\"><img loading=\"lazy\" decoding=\"async\" class=\"alignnone size-medium\" src=\"http:\/\/187.174.252.244\/caev\/Oficinas_Operadoras\/Aarchivos\/pleca_boletines.png\" width=\"283\" height=\"21\" \/><\/a><\/td> <td style=\"width: 350px;\"><a href=\"http:\/\/187.174.252.244\/caev\/pdfs\/EquidadGenero\/Protocolo2019\/#\/0\" target=\"_blank\" rel=\"noopener\"><img loading=\"lazy\" decoding=\"async\" class=\"alignnone size-medium\" src=\"http:\/\/187.174.252.244\/caev\/Image\/pleca_protocolo.png\" width=\"283\" height=\"70\" \/><\/a><\/td> <\/tr> <tr> <td style=\"vertical-align: top;\"><span style=\"font-size: small; color: #000000;\">En esta secci\u00f3n se muestran los boletines de prensa, comunicados e informaci\u00f3n importante de la oficina operadora.<\/span><\/td> <td style=\"vertical-align: top;\"><span style=\"font-size: small; color: #000000;\">Se promueve la incorporaci\u00f3n de la perspectiva de g\u00e9nero en las pol\u00edticas y programas establecidos dentro de la entidad con la finalidad de fortalecer la igualdad y promover un ambiente de equidad y cero tolerancia entre las y los servidores p\u00fablicos.<\/span><\/td> <\/tr> <tr> <td><\/td> <td><\/td> <\/tr> <tr> <td><a href=\"http:\/\/187.174.252.244\/caev\/COCODI\/Fundamento%20legal\/codigo%20de%20conducta%20caev0001.pdfcodigos-de-etica-y-de-conducta\/\" target=\"_blank\" rel=\"noopener\"><img loading=\"lazy\" decoding=\"async\" class=\"alignnone size-medium\" src=\"http:\/\/187.174.252.244\/caev\/Oficinas_Operadoras\/Aarchivos\/pleca_codigo_conducta.png\" width=\"283\" height=\"43\" \/><\/a><\/td> <td><\/td> <\/tr> <tr> <td style=\"vertical-align: top;\"><span style=\"font-size: small; color: #000000;\">Secci\u00f3n cuya finalidad es orientar y guiar en complemento a las leyes y reglamentos existentes la actuaci\u00f3n de los servidores p\u00fablicos de la Comisi\u00f3n del Agua del Estado de Veracruz en el desempe\u00f1o de sus funciones.<\/span><\/td> <td><\/td> <\/tr> <\/tbody> <\/table> <p>&nbsp;<\/p> <p>&nbsp;<\/p> <p>&nbsp;<\/p> <p>&nbsp;<\/p> <p style=\"text-align: center;\"><a href=\"http:\/\/187.174.252.244\/operadoras\/\"><img loading=\"lazy\" decoding=\"async\" class=\"alignnone size-medium\" src=\"http:\/\/187.174.252.244\/caev\/Oficinas_Operadoras\/Aarchivos\/home1.png\" width=\"36\" height=\"37\" \/><\/a> <a href=\"http:\/\/187.174.252.244\/operadoras\/\">regresar<\/a><\/p> ","protected":false},"excerpt":{"rendered":"<p>&nbsp; Resultados de los an\u00e1lisis f\u00edsico qu\u00edmico y bacteriol\u00f3gicos. Fundamentos \u00e9ticos para un buen gobierno. En esta secci\u00f3n se muestran los boletines de prensa, comunicados e informaci\u00f3n importante de la oficina operadora. Se promueve la incorporaci\u00f3n de la perspectiva de g\u00e9nero en las pol\u00edticas y programas establecidos dentro de la entidad con la finalidad de [&hellip;]<\/p>\n","protected":false},"author":1,"featured_media":0,"parent":0,"menu_order":0,"comment_status":"closed","ping_status":"closed","template":"","meta":{"footnotes":""},"class_list":["post-161","page","type-page","status-publish","hentry"],"_links":{"self":[{"href":"http:\/\/187.174.252.244\/operadoras\/wp-json\/wp\/v2\/pages\/161"}],"collection":[{"href":"http:\/\/187.174.252.244\/operadoras\/wp-json\/wp\/v2\/pages"}],"about":[{"href":"http:\/\/187.174.252.244\/operadoras\/wp-json\/wp\/v2\/types\/page"}],"author":[{"embeddable":true,"href":"http:\/\/187.174.252.244\/operadoras\/wp-json\/wp\/v2\/users\/1"}],"replies":[{"embeddable":true,"href":"http:\/\/187.174.252.244\/operadoras\/wp-json\/wp\/v2\/comments?post=161"}],"version-history":[{"count":15,"href":"http:\/\/187.174.252.244\/operadoras\/wp-json\/wp\/v2\/pages\/161\/revisions"}],"predecessor-version":[{"id":54523,"href":"http:\/\/187.174.252.244\/operadoras\/wp-json\/wp\/v2\/pages\/161\/revisions\/54523"}],"wp:attachment":[{"href":"http:\/\/187.174.252.244\/operadoras\/wp-json\/wp\/v2\/media?parent=161"}],"curies":[{"name":"wp","href":"https:\/\/api.w.org\/{rel}","templated":true}]}}