{"id":165,"date":"2018-01-18T12:07:56","date_gmt":"2018-01-18T18:07:56","guid":{"rendered":"http:\/\/localhost\/?page_id=165"},"modified":"2026-03-11T09:22:43","modified_gmt":"2026-03-11T15:22:43","slug":"participacion-ciudadana","status":"publish","type":"page","link":"http:\/\/187.174.252.244\/operadoras\/participacion-ciudadana\/","title":{"rendered":"Participaci\u00f3n Ciudadana"},"content":{"rendered":"<p>&nbsp;<\/p> <table style=\"height: 207px;\" width=\"797\"> <tbody> <tr> <td style=\"width: 350px;\"><a href=\"http:\/\/www.caev.gob.mx\/participacion-ciudadana\/comites-de-contraloria-ciudadana\" target=\"_blank\" rel=\"noopener\"><img loading=\"lazy\" decoding=\"async\" class=\"alignnone\" src=\"http:\/\/187.174.252.244\/caev\/Image\/pleca_comitecontraloria.png\" alt=\"\" width=\"283\" height=\"21\" \/><\/a><\/td> <td style=\"width: 350px;\"><a href=\"http:\/\/187.174.252.244\/operadoras\/participacion-ciudadana\/reportatel-01800-277-2782\/\"><img loading=\"lazy\" decoding=\"async\" class=\"alignnone\" src=\"http:\/\/187.174.252.244\/caev\/Oficinas_Operadoras\/Aarchivos\/pleca_reportatel1.png\" alt=\"\" width=\"283\" height=\"21\" \/><\/a><\/td> <\/tr> <tr> <td style=\"vertical-align: top;\"><span style=\"font-size: small; color: #000000;\">Lineamientos generales para la operaci\u00f3n de los Comit\u00e9s de Contralor\u00eda Ciudadana Adelante.<\/span><\/td> <td style=\"vertical-align: top;\"><span style=\"font-size: small; color: #000000;\">Le damos la bienvenida a Reportatel, esperamos que esta secci\u00f3n sea de utilidad, nuestros asesores le atender\u00e1n en el Call Center de CAEV para levantar su queja, reporte o sugerencia relacionado con el servicio de agua, tambi\u00e9n podr\u00e1s utilizar nuestro servicio de WhatsApp donde tambi\u00e9n se brindar\u00e1 una atenci\u00f3n personalizada.<\/span><\/td> <\/tr> <tr> <td><\/td> <td><\/td> <\/tr> <tr> <td><\/td> <td><\/td> <\/tr> <tr> <td style=\"vertical-align: top;\"><\/td> <td><\/td> <\/tr> <\/tbody> <\/table> <p>&nbsp;<\/p> <p>&nbsp;<\/p> <p>&nbsp;<\/p> <p>&nbsp;<\/p> <p>&nbsp;<\/p> <p style=\"text-align: center;\"><a href=\"http:\/\/187.174.252.244\/operadoras\/\"><img loading=\"lazy\" decoding=\"async\" class=\"alignnone size-medium\" src=\"http:\/\/187.174.252.244\/caev\/Oficinas_Operadoras\/Aarchivos\/home1.png\" width=\"36\" height=\"37\" \/><\/a> <a href=\"http:\/\/187.174.252.244\/operadoras\/\">regresar<\/a><\/p> ","protected":false},"excerpt":{"rendered":"<p>&nbsp; Lineamientos generales para la operaci\u00f3n de los Comit\u00e9s de Contralor\u00eda Ciudadana Adelante. Le damos la bienvenida a Reportatel, esperamos que esta secci\u00f3n sea de utilidad, nuestros asesores le atender\u00e1n en el Call Center de CAEV para levantar su queja, reporte o sugerencia relacionado con el servicio de agua, tambi\u00e9n podr\u00e1s utilizar nuestro servicio de [&hellip;]<\/p>\n","protected":false},"author":1,"featured_media":0,"parent":0,"menu_order":0,"comment_status":"closed","ping_status":"closed","template":"","meta":{"footnotes":""},"class_list":["post-165","page","type-page","status-publish","hentry"],"_links":{"self":[{"href":"http:\/\/187.174.252.244\/operadoras\/wp-json\/wp\/v2\/pages\/165"}],"collection":[{"href":"http:\/\/187.174.252.244\/operadoras\/wp-json\/wp\/v2\/pages"}],"about":[{"href":"http:\/\/187.174.252.244\/operadoras\/wp-json\/wp\/v2\/types\/page"}],"author":[{"embeddable":true,"href":"http:\/\/187.174.252.244\/operadoras\/wp-json\/wp\/v2\/users\/1"}],"replies":[{"embeddable":true,"href":"http:\/\/187.174.252.244\/operadoras\/wp-json\/wp\/v2\/comments?post=165"}],"version-history":[{"count":14,"href":"http:\/\/187.174.252.244\/operadoras\/wp-json\/wp\/v2\/pages\/165\/revisions"}],"predecessor-version":[{"id":66772,"href":"http:\/\/187.174.252.244\/operadoras\/wp-json\/wp\/v2\/pages\/165\/revisions\/66772"}],"wp:attachment":[{"href":"http:\/\/187.174.252.244\/operadoras\/wp-json\/wp\/v2\/media?parent=165"}],"curies":[{"name":"wp","href":"https:\/\/api.w.org\/{rel}","templated":true}]}}