{"id":17437,"date":"2018-07-10T13:03:04","date_gmt":"2018-07-10T19:03:04","guid":{"rendered":"http:\/\/localhost\/?page_id=17437"},"modified":"2021-10-04T11:19:21","modified_gmt":"2021-10-04T17:19:21","slug":"tlacotalpan-fraccion-xxxiv-g","status":"publish","type":"page","link":"http:\/\/187.174.252.244\/operadoras\/transparencia\/ley-general-y-ley-875\/tlacotalpan-ley-general-y-ley-875-de-transparencia\/tlacotalpan-fraccion-xxxiv-g\/","title":{"rendered":"Tlacotalpan &#8211; Fracci\u00f3n XXXIV-G"},"content":{"rendered":"<p><strong>INVENTARIO DE BIENES MUEBLES E INMUEBLES DONADOS<\/strong><\/p> <p>&nbsp;<\/p> <p>El inventario de bienes muebles e inmuebles en posesi\u00f3n y propiedad<strong>.<\/strong><\/p> <p>&nbsp;<\/p> <div class=\"caja\"> <table width=\"636\"> <tbody> <tr> <td style=\"width: 140px;\"><strong><img loading=\"lazy\" decoding=\"async\" class=\"alignnone aligncenter\" src=\"http:\/\/187.174.252.244\/caev\/Image\/2018\/fecha3-ico.png\" alt=\"\" width=\"46\" height=\"50\" \/><\/strong><\/td> <td style=\"width: 140px;\"> <h4>Ejercicio:<\/h4> <\/td> <td style=\"width: 140px;\" colspan=\"3\"> <p>&nbsp;<\/p> <p>2018<\/td> <\/tr> <\/tbody> <\/table> <p>&nbsp;<\/p> <table style=\"width: 700px; height: 306px;\" width=\"700\"> <tbody> <tr> <td style=\"width: 107px;\"><img loading=\"lazy\" decoding=\"async\" class=\"aligncenter\" src=\"http:\/\/187.174.252.244\/caev\/Image\/2018\/trimestre-ico.png\" alt=\"\" width=\"53\" height=\"60\" \/><\/td> <td style=\"width: 214px;\"><img loading=\"lazy\" decoding=\"async\" class=\"aligncenter\" src=\"http:\/\/187.174.252.244\/caev\/Image\/2018\/usuario-ico.png\" alt=\"\" width=\"56\" height=\"60\" \/><\/td> <td style=\"width: 112px;\"><img loading=\"lazy\" decoding=\"async\" class=\"aligncenter\" src=\"http:\/\/187.174.252.244\/caev\/Image\/2018\/anio-ico.png\" alt=\"\" width=\"59\" height=\"60\" \/><\/td> <td style=\"width: 120px;\"><img loading=\"lazy\" decoding=\"async\" class=\"aligncenter\" src=\"http:\/\/187.174.252.244\/caev\/Image\/2018\/anio-ico.png\" alt=\"\" width=\"59\" height=\"60\" \/><\/td> <td style=\"width: 113px;\"><img loading=\"lazy\" decoding=\"async\" class=\"aligncenter\" src=\"http:\/\/187.174.252.244\/caev\/Image\/2018\/cloud-ico.png\" alt=\"\" width=\"57\" height=\"60\" \/><\/td> <\/tr> <tr> <td style=\"text-align: center; width: 107px;\"><span style=\"color: #000000;\"><strong>Semestre<\/strong><em><br \/> <\/em><\/span><\/td> <td style=\"text-align: center; width: 214px;\"><span style=\"color: #000000;\"><strong>\u00c1rea Responsable<\/strong><\/span><\/td> <td style=\"text-align: center; width: 112px;\"><span style=\"color: #000000;\"><strong>Fecha de Validaci\u00f3n de la Informaci\u00f3n<\/strong><\/span><\/td> <td style=\"text-align: center; width: 120px;\"><span style=\"color: #000000;\"><strong>Fecha de Actualizaci\u00f3n de la Inf.<\/strong><\/span><\/td> <td style=\"text-align: center; width: 113px;\"><span style=\"color: #000000;\"><strong>Descargar Informaci\u00f3n<\/strong><\/span><\/td> <\/tr> <tr> <td style=\"width: 107px;\"><\/td> <td style=\"width: 214px;\"><\/td> <td style=\"width: 112px;\"><\/td> <td style=\"width: 120px;\"><\/td> <td style=\"width: 113px;\"><\/td> <\/tr> <tr> <td style=\"text-align: center; width: 107px;\"><span style=\"color: #000000;\">Primero<\/span><\/td> <td style=\"text-align: center; width: 214px;\"><span style=\"color: #000000;\">Oficina Comercial y Administrativa<\/span><\/td> <td style=\"text-align: center; width: 112px;\"><span style=\"color: #000000;\">23\/07\/2018<\/span><\/td> <td style=\"text-align: center; width: 120px;\"><span style=\"color: #000000;\">29\/06\/2018<\/span><\/td> <td style=\"text-align: center; width: 113px;\"><a href=\"http:\/\/187.174.252.244\/caev\/pdfs\/oficinas_operadoras\/Tlacotalpan\/2018\/68-FORM34G-18-1-2.xlsx\">descargar archivo<\/a><\/td> <\/tr> <tr> <td style=\"text-align: center; width: 107px;\"><span style=\"color: #000000;\">\u00a0<\/span><\/td> <td style=\"text-align: center; width: 214px;\"><span style=\"color: #000000;\">\u00a0<\/span><\/td> <td style=\"text-align: center; width: 112px;\"><span style=\"color: #000000;\">\u00a0<\/span><\/td> <td style=\"text-align: center; width: 120px;\"><span style=\"color: #000000;\">\u00a0<\/span><\/td> <td style=\"text-align: center; width: 113px;\"><\/td> <\/tr> <tr> <td style=\"text-align: center; width: 107px;\"><span style=\"color: #000000;\">Segundo<\/span><\/td> <td style=\"text-align: center; width: 214px;\"><span style=\"color: #000000;\">Oficina Comercial y Administrativa<\/span><\/td> <td style=\"text-align: center; width: 112px;\"><span style=\"color: #000000;\">21\/01\/2019<\/span><\/td> <td style=\"text-align: center; width: 120px;\"><span style=\"color: #000000;\">30\/12\/2018<\/span><\/td> <td style=\"text-align: center; width: 113px;\"><a href=\"http:\/\/187.174.252.244\/caev\/pdfs\/oficinas_operadoras\/Tlacotalpan\/2018\/68-FORM34G-18-4.xlsx\">descargar archivo<\/a><\/td> <\/tr> <\/tbody> <\/table> <\/div> <p>&nbsp;<\/p> <h4>A\u00d1OS ANTERIORES<\/h4> <table width=\"520\"> <tbody> <tr> <td style=\"width: 100px;\"><a href=\"http:\/\/187.174.252.244\/operadoras\/transparencia\/ley-general-y-ley-875\/tlacotalpan-ley-general-y-ley-875-de-transparencia\/tlacotalpan-fraccion-xxxiv-g-1\/\"><img loading=\"lazy\" decoding=\"async\" class=\"aligncenter\" src=\"http:\/\/187.174.252.244\/caev\/Image\/2018\/folder-ico.jpg\" alt=\"\" width=\"51\" height=\"44\" \/><\/a><\/td> <td><\/td> <\/tr> <\/tbody> <\/table> <p>&nbsp;<\/p> <p style=\"text-align: center;\"><a href=\"http:\/\/187.174.252.244\/operadoras\/transparencia\/ley-general-y-ley-875\/tlacotalpan-ley-general-y-ley-875-de-transparencia\/\"><img loading=\"lazy\" decoding=\"async\" class=\"alignnone size-medium\" src=\"http:\/\/187.174.252.244\/caev\/Oficinas_Operadoras\/Aarchivos\/home1.png\" width=\"36\" height=\"37\" \/><\/a> <a href=\"http:\/\/187.174.252.244\/operadoras\/transparencia\/ley-general-y-ley-875\/tlacotalpan-ley-general-y-ley-875-de-transparencia\/\">regresar<\/a><\/p> ","protected":false},"excerpt":{"rendered":"<p>INVENTARIO DE BIENES MUEBLES E INMUEBLES DONADOS &nbsp; El inventario de bienes muebles e inmuebles en posesi\u00f3n y propiedad. &nbsp; Ejercicio: &nbsp; 2018 &nbsp; Semestre \u00c1rea Responsable Fecha de Validaci\u00f3n de la Informaci\u00f3n Fecha de Actualizaci\u00f3n de la Inf. Descargar Informaci\u00f3n Primero Oficina Comercial y Administrativa 23\/07\/2018 29\/06\/2018 descargar archivo \u00a0 \u00a0 \u00a0 \u00a0 Segundo [&hellip;]<\/p>\n","protected":false},"author":1,"featured_media":0,"parent":6778,"menu_order":0,"comment_status":"closed","ping_status":"closed","template":"","meta":{"footnotes":""},"class_list":["post-17437","page","type-page","status-publish","hentry"],"_links":{"self":[{"href":"http:\/\/187.174.252.244\/operadoras\/wp-json\/wp\/v2\/pages\/17437"}],"collection":[{"href":"http:\/\/187.174.252.244\/operadoras\/wp-json\/wp\/v2\/pages"}],"about":[{"href":"http:\/\/187.174.252.244\/operadoras\/wp-json\/wp\/v2\/types\/page"}],"author":[{"embeddable":true,"href":"http:\/\/187.174.252.244\/operadoras\/wp-json\/wp\/v2\/users\/1"}],"replies":[{"embeddable":true,"href":"http:\/\/187.174.252.244\/operadoras\/wp-json\/wp\/v2\/comments?post=17437"}],"version-history":[{"count":7,"href":"http:\/\/187.174.252.244\/operadoras\/wp-json\/wp\/v2\/pages\/17437\/revisions"}],"predecessor-version":[{"id":42121,"href":"http:\/\/187.174.252.244\/operadoras\/wp-json\/wp\/v2\/pages\/17437\/revisions\/42121"}],"up":[{"embeddable":true,"href":"http:\/\/187.174.252.244\/operadoras\/wp-json\/wp\/v2\/pages\/6778"}],"wp:attachment":[{"href":"http:\/\/187.174.252.244\/operadoras\/wp-json\/wp\/v2\/media?parent=17437"}],"curies":[{"name":"wp","href":"https:\/\/api.w.org\/{rel}","templated":true}]}}