{"id":1776,"date":"2018-02-26T17:48:17","date_gmt":"2018-02-26T23:48:17","guid":{"rendered":"http:\/\/localhost\/?page_id=1776"},"modified":"2018-02-27T09:16:18","modified_gmt":"2018-02-27T15:16:18","slug":"ixhuatlan-del-cafe-ubicacion-de-la-oficina-operadora","status":"publish","type":"page","link":"http:\/\/187.174.252.244\/operadoras\/oficina-operadora\/ubicacion-de-la-oficina-operadora\/ixhuatlan-del-cafe-ubicacion-de-la-oficina-operadora\/","title":{"rendered":"Ixhuatl\u00e1n del Caf\u00e9 &#8211; Ubicaci\u00f3n de la Oficina Operadora"},"content":{"rendered":"<p><iframe loading=\"lazy\" style=\"border: 0px none;\" src=\"https:\/\/www.google.com\/maps\/embed?pb=!1m18!1m12!1m3!1d471.4148702819518!2d-96.98043415826305!3d19.049708825879282!2m3!1f0!2f0!3f0!3m2!1i1024!2i768!4f13.1!3m3!1m2!1s0x85c4e766ad04c3d1%3A0x499096075691f649!2sBenito+Ju%C3%A1rez+5%2C+Ixhuatlan+del+Cafe%2C+94180+Ixhuatl%C3%A1n+del+Caf%C3%A9%2C+Ver.!5e0!3m2!1ses-419!2smx!4v1519744527599\" width=\"600\" height=\"450\" frameborder=\"0\" allowfullscreen=\"allowfullscreen\"><\/iframe><\/p> <p>&nbsp;<\/p> <p><span style=\"color: #000000;\"><strong>Direcci\u00f3n:<\/strong><\/span><\/p> <p><span style=\"color: #000000;\">Calle Benito Ju\u00e1rez No. 5, Col. Centro, CP: 94180, Ixhuatl\u00e1n del Caf\u00e9, Ver.<\/span><\/p> <p>&nbsp;<\/p> <p>&nbsp;<\/p> <p>&nbsp;<\/p> <p>&nbsp;<\/p> <p style=\"text-align: center;\"><a href=\"http:\/\/187.174.252.244\/operadoras\/oficina-operadora\/ubicacion-de-la-oficina-operadora\/\"><img loading=\"lazy\" decoding=\"async\" class=\"alignnone\" src=\"http:\/\/187.174.252.244\/caev\/Oficinas_Operadoras\/Aarchivos\/home1.png\" alt=\"\" width=\"36\" height=\"37\" \/><\/a>\u00a0 <a href=\"http:\/\/187.174.252.244\/operadoras\/oficina-operadora\/ubicacion-de-la-oficina-operadora\/\">regresar<\/a><\/p> ","protected":false},"excerpt":{"rendered":"<p>&nbsp; Direcci\u00f3n: Calle Benito Ju\u00e1rez No. 5, Col. Centro, CP: 94180, Ixhuatl\u00e1n del Caf\u00e9, Ver. &nbsp; &nbsp; &nbsp; &nbsp; \u00a0 regresar<\/p>\n","protected":false},"author":1,"featured_media":0,"parent":207,"menu_order":0,"comment_status":"closed","ping_status":"closed","template":"","meta":{"footnotes":""},"class_list":["post-1776","page","type-page","status-publish","hentry"],"_links":{"self":[{"href":"http:\/\/187.174.252.244\/operadoras\/wp-json\/wp\/v2\/pages\/1776"}],"collection":[{"href":"http:\/\/187.174.252.244\/operadoras\/wp-json\/wp\/v2\/pages"}],"about":[{"href":"http:\/\/187.174.252.244\/operadoras\/wp-json\/wp\/v2\/types\/page"}],"author":[{"embeddable":true,"href":"http:\/\/187.174.252.244\/operadoras\/wp-json\/wp\/v2\/users\/1"}],"replies":[{"embeddable":true,"href":"http:\/\/187.174.252.244\/operadoras\/wp-json\/wp\/v2\/comments?post=1776"}],"version-history":[{"count":5,"href":"http:\/\/187.174.252.244\/operadoras\/wp-json\/wp\/v2\/pages\/1776\/revisions"}],"predecessor-version":[{"id":1858,"href":"http:\/\/187.174.252.244\/operadoras\/wp-json\/wp\/v2\/pages\/1776\/revisions\/1858"}],"up":[{"embeddable":true,"href":"http:\/\/187.174.252.244\/operadoras\/wp-json\/wp\/v2\/pages\/207"}],"wp:attachment":[{"href":"http:\/\/187.174.252.244\/operadoras\/wp-json\/wp\/v2\/media?parent=1776"}],"curies":[{"name":"wp","href":"https:\/\/api.w.org\/{rel}","templated":true}]}}