{"id":1782,"date":"2018-02-26T17:49:25","date_gmt":"2018-02-26T23:49:25","guid":{"rendered":"http:\/\/localhost\/?page_id=1782"},"modified":"2018-02-27T09:31:25","modified_gmt":"2018-02-27T15:31:25","slug":"martinez-de-la-torre-ubicacion-de-la-oficina-operadora","status":"publish","type":"page","link":"http:\/\/187.174.252.244\/operadoras\/oficina-operadora\/ubicacion-de-la-oficina-operadora\/martinez-de-la-torre-ubicacion-de-la-oficina-operadora\/","title":{"rendered":"Mart\u00ednez de la Torre &#8211; Ubicaci\u00f3n de la Oficina Operadora"},"content":{"rendered":"<p><iframe loading=\"lazy\" style=\"border: 0px none;\" src=\"https:\/\/www.google.com\/maps\/embed?pb=!1m18!1m12!1m3!1d787.8710241039337!2d-97.05723261053886!3d20.060186902409285!2m3!1f0!2f0!3f0!3m2!1i1024!2i768!4f13.1!3m3!1m2!1s0x85db024e3677ee85%3A0xc07de6ae0972cd5d!2sNicol%C3%A1s+Bravo+%26+Maximino+%C3%81vila+Camacho%2C+Centro%2C+Mart%C3%ADnez+de+la+Torre%2C+Ver.!5e0!3m2!1ses-419!2smx!4v1519745438186\" width=\"600\" height=\"450\" frameborder=\"0\" allowfullscreen=\"allowfullscreen\"><\/iframe><\/p> <p>&nbsp;<\/p> <p><span style=\"color: #000000;\"><strong>Direcci\u00f3n:<\/strong><\/span><\/p> <p><span style=\"color: #000000;\">Av. Maximino \u00c1vila Camacho Esq. Bravo No.207, Col. Centro, CP: 93600, Mart\u00ednez de la Torre, Ver.<\/span><\/p> <p>&nbsp;<\/p> <p>&nbsp;<\/p> <p>&nbsp;<\/p> <p>&nbsp;<\/p> <p style=\"text-align: center;\"><a href=\"http:\/\/187.174.252.244\/operadoras\/oficina-operadora\/ubicacion-de-la-oficina-operadora\/\"><img loading=\"lazy\" decoding=\"async\" class=\"alignnone\" src=\"http:\/\/187.174.252.244\/caev\/Oficinas_Operadoras\/Aarchivos\/home1.png\" alt=\"\" width=\"36\" height=\"37\" \/><\/a>\u00a0 <a href=\"http:\/\/187.174.252.244\/operadoras\/oficina-operadora\/ubicacion-de-la-oficina-operadora\/\">regresar<\/a><\/p> ","protected":false},"excerpt":{"rendered":"<p>&nbsp; Direcci\u00f3n: Av. Maximino \u00c1vila Camacho Esq. Bravo No.207, Col. Centro, CP: 93600, Mart\u00ednez de la Torre, Ver. &nbsp; &nbsp; &nbsp; &nbsp; \u00a0 regresar<\/p>\n","protected":false},"author":1,"featured_media":0,"parent":207,"menu_order":0,"comment_status":"closed","ping_status":"closed","template":"","meta":{"footnotes":""},"class_list":["post-1782","page","type-page","status-publish","hentry"],"_links":{"self":[{"href":"http:\/\/187.174.252.244\/operadoras\/wp-json\/wp\/v2\/pages\/1782"}],"collection":[{"href":"http:\/\/187.174.252.244\/operadoras\/wp-json\/wp\/v2\/pages"}],"about":[{"href":"http:\/\/187.174.252.244\/operadoras\/wp-json\/wp\/v2\/types\/page"}],"author":[{"embeddable":true,"href":"http:\/\/187.174.252.244\/operadoras\/wp-json\/wp\/v2\/users\/1"}],"replies":[{"embeddable":true,"href":"http:\/\/187.174.252.244\/operadoras\/wp-json\/wp\/v2\/comments?post=1782"}],"version-history":[{"count":4,"href":"http:\/\/187.174.252.244\/operadoras\/wp-json\/wp\/v2\/pages\/1782\/revisions"}],"predecessor-version":[{"id":1871,"href":"http:\/\/187.174.252.244\/operadoras\/wp-json\/wp\/v2\/pages\/1782\/revisions\/1871"}],"up":[{"embeddable":true,"href":"http:\/\/187.174.252.244\/operadoras\/wp-json\/wp\/v2\/pages\/207"}],"wp:attachment":[{"href":"http:\/\/187.174.252.244\/operadoras\/wp-json\/wp\/v2\/media?parent=1782"}],"curies":[{"name":"wp","href":"https:\/\/api.w.org\/{rel}","templated":true}]}}