{"id":18057,"date":"2018-07-13T08:00:38","date_gmt":"2018-07-13T14:00:38","guid":{"rendered":"http:\/\/187.174.252.244\/operadoras\/?page_id=18057"},"modified":"2019-10-15T09:57:31","modified_gmt":"2019-10-15T15:57:31","slug":"panuco-fraccion-xii-a","status":"publish","type":"page","link":"http:\/\/187.174.252.244\/operadoras\/transparencia\/ley-general-y-ley-875\/panuco-ley-general-y-ley-875-de-transparencia\/panuco-fraccion-xii-a\/","title":{"rendered":"P\u00e1nuco &#8211; Fracci\u00f3n XII-A"},"content":{"rendered":"<p><strong>DECLARACI\u00d3N DE SITUACI\u00d3N PATRIMONIAL<br \/> <\/strong><\/p> <p>&nbsp;<\/p> <p>Las declaraciones de situaciones patrimoniales.<\/p> <p>&nbsp;<\/p> <div class=\"caja\"> <table width=\"636\"> <tbody> <tr> <td style=\"width: 140px;\"><strong><img loading=\"lazy\" decoding=\"async\" class=\"alignnone aligncenter\" src=\"http:\/\/187.174.252.244\/caev\/Image\/2018\/fecha3-ico.png\" alt=\"\" width=\"46\" height=\"50\" \/><\/strong><\/td> <td style=\"width: 140px;\"> <h4>Ejercicio:<\/h4> <\/td> <td style=\"width: 140px;\" colspan=\"3\"> <p>&nbsp;<\/p> <p>2019<\/td> <\/tr> <\/tbody> <\/table> <p>&nbsp;<\/p> <table style=\"width: 701px; height: 339px;\" width=\"700\"> <tbody> <tr> <td style=\"width: 106px;\"><img loading=\"lazy\" decoding=\"async\" class=\"aligncenter\" src=\"http:\/\/187.174.252.244\/caev\/Image\/2018\/trimestre-ico.png\" alt=\"\" width=\"53\" height=\"60\" \/><\/td> <td style=\"width: 214px;\"><img loading=\"lazy\" decoding=\"async\" class=\"aligncenter\" src=\"http:\/\/187.174.252.244\/caev\/Image\/2018\/usuario-ico.png\" alt=\"\" width=\"56\" height=\"60\" \/><\/td> <td style=\"width: 113px;\"><img loading=\"lazy\" decoding=\"async\" class=\"aligncenter\" src=\"http:\/\/187.174.252.244\/caev\/Image\/2018\/anio-ico.png\" alt=\"\" width=\"59\" height=\"60\" \/><\/td> <td style=\"width: 120px;\"><img loading=\"lazy\" decoding=\"async\" class=\"aligncenter\" src=\"http:\/\/187.174.252.244\/caev\/Image\/2018\/anio-ico.png\" alt=\"\" width=\"59\" height=\"60\" \/><\/td> <td style=\"width: 114px;\"><img loading=\"lazy\" decoding=\"async\" class=\"aligncenter\" src=\"http:\/\/187.174.252.244\/caev\/Image\/2018\/cloud-ico.png\" alt=\"\" width=\"57\" height=\"60\" \/><\/td> <\/tr> <tr> <td style=\"text-align: center; width: 106px;\"><span style=\"color: #000000;\"><strong>Trimestre<\/strong><em><br \/> <\/em><\/span><\/td> <td style=\"text-align: center; width: 214px;\"><span style=\"color: #000000;\"><strong>\u00c1rea Responsable<\/strong><\/span><\/td> <td style=\"text-align: center; width: 113px;\"><span style=\"color: #000000;\"><strong>Fecha de Validaci\u00f3n de la Informaci\u00f3n<\/strong><\/span><\/td> <td style=\"text-align: center; width: 120px;\"><span style=\"color: #000000;\"><strong>Fecha de Actualizaci\u00f3n de la Inf.<\/strong><\/span><\/td> <td style=\"text-align: center; width: 114px;\"><span style=\"color: #000000;\"><strong>Descargar Informaci\u00f3n<\/strong><\/span><\/td> <\/tr> <tr> <td style=\"width: 106px;\"><\/td> <td style=\"width: 214px;\"><\/td> <td style=\"width: 113px;\"><\/td> <td style=\"width: 120px;\"><\/td> <td style=\"width: 114px;\"><\/td> <\/tr> <tr> <td style=\"text-align: center; width: 106px;\">Primero<\/td> <td style=\"text-align: center; width: 214px;\"><span style=\"color: #000000;\">Oficina de Recursos<br \/> Humanos<\/span><\/td> <td style=\"text-align: center; width: 113px;\"><span style=\"color: #000000;\">24\/04\/2019<\/span><\/td> <td style=\"text-align: center; width: 120px;\"><span style=\"color: #000000;\">29\/03\/2019<\/span><\/td> <td style=\"text-align: center; width: 114px;\"><a href=\"http:\/\/187.174.252.244\/caev\/pdfs\/oficinas_operadoras\/Panuco\/2019\/9-FORM12A-19-1.xlsx\">descargar archivo<\/a><\/td> <\/tr> <tr> <td style=\"text-align: center; width: 106px;\">Segundo<\/td> <td style=\"text-align: center; width: 214px;\"><span style=\"color: #000000;\">Oficina de Recursos<br \/> Humanos<\/span><\/td> <td style=\"text-align: center; width: 113px;\"><span style=\"color: #000000;\">01\/07\/2019<\/span><\/td> <td style=\"text-align: center; width: 120px;\"><span style=\"color: #000000;\">28\/06\/2019<\/span><\/td> <td style=\"text-align: center; width: 114px;\"><a href=\"http:\/\/187.174.252.244\/caev\/pdfs\/oficinas_operadoras\/Panuco\/2019\/9-FORM12A-19-2.xlsx\">descargar archivo<\/a><\/td> <\/tr> <tr> <td style=\"text-align: center; width: 106px;\">Tercero<\/td> <td style=\"text-align: center; width: 214px;\"><span style=\"color: #000000;\">Oficina de Recursos<br \/> Humanos<\/span><\/td> <td style=\"text-align: center; width: 113px;\">\u00a0<span style=\"color: #000000;\">08\/10\/2019<\/span><\/td> <td style=\"text-align: center; width: 120px;\">\u00a030<span style=\"color: #000000;\">\/09\/2019<\/span><\/td> <td style=\"text-align: center; width: 114px;\"><a href=\"http:\/\/187.174.252.244\/caev\/pdfs\/oficinas_operadoras\/Panuco\/2019\/9-FORM12A-19-3.xlsx\">descargar archivo<\/a><\/td> <\/tr> <tr> <td style=\"width: 106px; text-align: center;\"><\/td> <td style=\"width: 214px;\"><\/td> <td style=\"width: 113px;\"><\/td> <td style=\"width: 120px;\"><\/td> <td style=\"width: 114px;\"><\/td> <\/tr> <\/tbody> <\/table> <\/div> <p>&nbsp;<\/p> <p style=\"text-align: center;\"><a href=\"http:\/\/187.174.252.244\/operadoras\/transparencia\/ley-general-y-ley-875\/panuco-ley-general-y-ley-875-de-transparencia\/\"><img loading=\"lazy\" decoding=\"async\" class=\"alignnone size-medium\" src=\"http:\/\/187.174.252.244\/caev\/Oficinas_Operadoras\/Aarchivos\/home1.png\" width=\"36\" height=\"37\" \/><\/a> <a href=\"http:\/\/187.174.252.244\/operadoras\/transparencia\/ley-general-y-ley-875\/panuco-ley-general-y-ley-875-de-transparencia\/\">regresar<\/a><\/p> ","protected":false},"excerpt":{"rendered":"<p>DECLARACI\u00d3N DE SITUACI\u00d3N PATRIMONIAL &nbsp; Las declaraciones de situaciones patrimoniales. &nbsp; Ejercicio: &nbsp; 2019 &nbsp; Trimestre \u00c1rea Responsable Fecha de Validaci\u00f3n de la Informaci\u00f3n Fecha de Actualizaci\u00f3n de la Inf. Descargar Informaci\u00f3n Primero Oficina de Recursos Humanos 24\/04\/2019 29\/03\/2019 descargar archivo Segundo Oficina de Recursos Humanos 01\/07\/2019 28\/06\/2019 descargar archivo Tercero Oficina de Recursos Humanos [&hellip;]<\/p>\n","protected":false},"author":1,"featured_media":0,"parent":6740,"menu_order":0,"comment_status":"closed","ping_status":"closed","template":"","meta":{"footnotes":""},"class_list":["post-18057","page","type-page","status-publish","hentry"],"_links":{"self":[{"href":"http:\/\/187.174.252.244\/operadoras\/wp-json\/wp\/v2\/pages\/18057"}],"collection":[{"href":"http:\/\/187.174.252.244\/operadoras\/wp-json\/wp\/v2\/pages"}],"about":[{"href":"http:\/\/187.174.252.244\/operadoras\/wp-json\/wp\/v2\/types\/page"}],"author":[{"embeddable":true,"href":"http:\/\/187.174.252.244\/operadoras\/wp-json\/wp\/v2\/users\/1"}],"replies":[{"embeddable":true,"href":"http:\/\/187.174.252.244\/operadoras\/wp-json\/wp\/v2\/comments?post=18057"}],"version-history":[{"count":7,"href":"http:\/\/187.174.252.244\/operadoras\/wp-json\/wp\/v2\/pages\/18057\/revisions"}],"predecessor-version":[{"id":33271,"href":"http:\/\/187.174.252.244\/operadoras\/wp-json\/wp\/v2\/pages\/18057\/revisions\/33271"}],"up":[{"embeddable":true,"href":"http:\/\/187.174.252.244\/operadoras\/wp-json\/wp\/v2\/pages\/6740"}],"wp:attachment":[{"href":"http:\/\/187.174.252.244\/operadoras\/wp-json\/wp\/v2\/media?parent=18057"}],"curies":[{"name":"wp","href":"https:\/\/api.w.org\/{rel}","templated":true}]}}