{"id":18519,"date":"2018-07-17T13:21:42","date_gmt":"2018-07-17T19:21:42","guid":{"rendered":"http:\/\/187.174.252.244\/operadoras\/?page_id=18519"},"modified":"2021-06-24T10:33:27","modified_gmt":"2021-06-24T16:33:27","slug":"acayucan-fraccion-xii-c-1","status":"publish","type":"page","link":"http:\/\/187.174.252.244\/operadoras\/transparencia\/ley-general-y-ley-875\/acayucan-ley-general-y-ley-875-de-transparencia\/acayucan-fraccion-xii-c-1\/","title":{"rendered":"Acayucan &#8211; Fracci\u00f3n XII-C"},"content":{"rendered":"<p><strong>DECLARACI\u00d3N FISCAL DE LOS SERVIDORES(AS) P\u00daBLICOS(AS)<br \/> <\/strong><\/p> <p>&nbsp;<\/p> <p>Las declaraciones fiscales de los(as) servidores(as) p\u00fablicos(as).<\/p> <p>&nbsp;<\/p> <p><strong><span style=\"color: #000000;\">EJERCICIO 2018<\/span><\/strong><\/p> <div class=\"wp-menu-name\"> <p>&nbsp;<\/p> <div class=\"caja\"> <table width=\"636\"> <tbody> <tr> <td style=\"width: 140px;\"><strong><img loading=\"lazy\" decoding=\"async\" class=\"alignnone aligncenter\" src=\"http:\/\/187.174.252.244\/caev\/Image\/2018\/fecha3-ico.png\" alt=\"\" width=\"46\" height=\"50\" \/><\/strong><\/td> <td style=\"width: 140px;\"> <h4>Ejercicio:<\/h4> <\/td> <td style=\"width: 140px;\" colspan=\"3\"> <p>&nbsp;<\/p> <p>2018<\/td> <\/tr> <\/tbody> <\/table> <p>&nbsp;<\/p> <table style=\"width: 700px; height: 594px;\" width=\"700\"> <tbody> <tr> <td style=\"width: 107px;\"><img loading=\"lazy\" decoding=\"async\" class=\"aligncenter\" src=\"http:\/\/187.174.252.244\/caev\/Image\/2018\/trimestre-ico.png\" alt=\"\" width=\"53\" height=\"60\" \/><\/td> <td style=\"width: 214px;\"><img loading=\"lazy\" decoding=\"async\" class=\"aligncenter\" src=\"http:\/\/187.174.252.244\/caev\/Image\/2018\/usuario-ico.png\" alt=\"\" width=\"56\" height=\"60\" \/><\/td> <td style=\"width: 112px;\"><img loading=\"lazy\" decoding=\"async\" class=\"aligncenter\" src=\"http:\/\/187.174.252.244\/caev\/Image\/2018\/anio-ico.png\" alt=\"\" width=\"59\" height=\"60\" \/><\/td> <td style=\"width: 120px;\"><img loading=\"lazy\" decoding=\"async\" class=\"aligncenter\" src=\"http:\/\/187.174.252.244\/caev\/Image\/2018\/anio-ico.png\" alt=\"\" width=\"59\" height=\"60\" \/><\/td> <td style=\"width: 113px;\"><img loading=\"lazy\" decoding=\"async\" class=\"aligncenter\" src=\"http:\/\/187.174.252.244\/caev\/Image\/2018\/cloud-ico.png\" alt=\"\" width=\"57\" height=\"60\" \/><\/td> <\/tr> <tr> <td style=\"text-align: center; width: 107px;\"><span style=\"color: #000000;\"><strong>Trimestre<\/strong><em><br \/> <\/em><\/span><\/td> <td style=\"text-align: center; width: 214px;\"><span style=\"color: #000000;\"><strong>\u00c1rea Responsable<\/strong><\/span><\/td> <td style=\"text-align: center; width: 112px;\"><span style=\"color: #000000;\"><strong>Fecha de Validaci\u00f3n de la Informaci\u00f3n<\/strong><\/span><\/td> <td style=\"text-align: center; width: 120px;\"><span style=\"color: #000000;\"><strong>Fecha de Actualizaci\u00f3n de la Inf.<\/strong><\/span><\/td> <td style=\"text-align: center; width: 113px;\"><span style=\"color: #000000;\"><strong>Descargar Informaci\u00f3n<\/strong><\/span><\/td> <\/tr> <tr> <td style=\"width: 107px;\"><\/td> <td style=\"width: 214px;\"><\/td> <td style=\"width: 112px;\"><\/td> <td style=\"width: 120px;\"><\/td> <td style=\"width: 113px;\"><\/td> <\/tr> <tr> <td style=\"text-align: center; width: 107px;\"><span style=\"color: #000000;\">Primero<\/span><\/td> <td style=\"text-align: center; width: 214px;\"><span style=\"color: #000000;\">Subdirecci\u00f3n Administrativa,<br \/> Recursos Humanos,<br \/> Enlace de Transparencia<\/span><\/td> <td style=\"text-align: center; width: 112px;\"><span style=\"color: #000000;\">18\/04\/2018<\/span><\/td> <td style=\"text-align: center; width: 120px;\"><span style=\"color: #000000;\">13\/04\/2018<\/span><\/td> <td style=\"text-align: center; width: 113px;\"><a href=\"http:\/\/187.174.252.244\/caev\/pdfs\/oficinas_operadoras\/Acayucan\/2018\/43-FORM12C-18-1.xlsx\">descargar archivo<\/a><\/td> <\/tr> <tr> <td style=\"width: 107px;\"><\/td> <td style=\"width: 214px;\"><\/td> <td style=\"width: 112px;\"><\/td> <td style=\"width: 120px;\"><\/td> <td style=\"width: 113px;\"><\/td> <\/tr> <tr> <td style=\"width: 107px; text-align: center;\"><span style=\"color: #000000;\">Segundo<\/span><\/td> <td style=\"width: 214px; text-align: center;\"><span style=\"color: #000000;\">Subdirecci\u00f3n Administrativa,<\/span><br \/> <span style=\"color: #000000;\">Recursos Humanos,<\/span><br \/> <span style=\"color: #000000;\">Enlace de Transparencia<\/span><\/td> <td style=\"width: 112px; text-align: center;\"><span style=\"color: #000000;\">09\/07\/2018<\/span><\/td> <td style=\"width: 120px; text-align: center;\"><span style=\"color: #000000;\">30\/06\/2018<\/span><\/td> <td style=\"width: 113px; text-align: center;\"><a href=\"http:\/\/187.174.252.244\/caev\/pdfs\/oficinas_operadoras\/Acayucan\/2018\/43-FORM12C-18-2.xlsx\">descargar archivo<\/a><\/td> <\/tr> <tr> <td style=\"width: 107px; text-align: center;\"><span style=\"color: #000000;\">\u00a0<\/span><\/td> <td style=\"width: 214px; text-align: center;\"><span style=\"color: #000000;\">\u00a0<\/span><\/td> <td style=\"width: 112px; text-align: center;\"><span style=\"color: #000000;\">\u00a0<\/span><\/td> <td style=\"width: 120px; text-align: center;\"><span style=\"color: #000000;\">\u00a0<\/span><\/td> <td style=\"width: 113px; text-align: center;\"><\/td> <\/tr> <tr> <td style=\"width: 107px; text-align: center;\"><span style=\"color: #000000;\">Tercero<\/span><\/td> <td style=\"width: 214px; text-align: center;\"><span style=\"color: #000000;\">Subdirecci\u00f3n Administrativa,<br \/> Recursos Humanos,<br \/> Enlace de Transparencia<\/span><\/td> <td style=\"width: 112px; text-align: center;\"><span style=\"color: #000000;\">03\/10\/2018<\/span><\/td> <td style=\"width: 120px; text-align: center;\"><span style=\"color: #000000;\">28\/09\/2018<\/span><\/td> <td style=\"width: 113px; text-align: center;\"><a href=\"http:\/\/187.174.252.244\/caev\/pdfs\/oficinas_operadoras\/Acayucan\/2018\/43-FORM12C-18-3.xlsx\">descargar archivo<\/a><\/td> <\/tr> <tr> <td style=\"width: 107px; text-align: center;\"><span style=\"color: #000000;\">\u00a0<\/span><\/td> <td style=\"width: 214px; text-align: center;\"><span style=\"color: #000000;\">\u00a0<\/span><\/td> <td style=\"width: 112px; text-align: center;\"><span style=\"color: #000000;\">\u00a0<\/span><\/td> <td style=\"width: 120px; text-align: center;\"><span style=\"color: #000000;\">\u00a0<\/span><\/td> <td style=\"width: 113px; text-align: center;\"><\/td> <\/tr> <tr> <td style=\"text-align: center; width: 107px;\"><span style=\"color: #000000;\">Cuarto<\/span><\/td> <td style=\"width: 214px; text-align: center;\">Subdirecci\u00f3n Administrativa, Recursos Humanos, Enlance de Transparencia<\/td> <td style=\"width: 112px; text-align: center;\">28\/01\/2019<\/td> <td style=\"width: 120px; text-align: center;\">31\/12\/2018<\/td> <td style=\"text-align: center; width: 113px;\"><a href=\"http:\/\/187.174.252.244\/caev\/pdfs\/oficinas_operadoras\/Acayucan\/2018\/43-FORM12C-18-4.xlsx\">descargar archivo<\/a><\/td> <\/tr> <\/tbody> <\/table> <\/div> <p>&nbsp;<\/p> <\/div> <div> <p>____________________________________________________<\/p> <p><strong><span style=\"color: #000000;\">EJERCICIO 2017 Y ANTERIORES<\/span><\/strong><\/p> <p>&nbsp;<\/p> <div class=\"caja\"> <table style=\"height: 429px;\" width=\"603\"> <tbody> <tr style=\"height: 98px;\"> <td style=\"width: 150px; height: 98px;\"><strong><img loading=\"lazy\" decoding=\"async\" class=\"alignnone wp-image-38889 aligncenter\" src=\"http:\/\/187.174.252.244\/operadoras\/wp-content\/uploads\/2021\/06\/fecha2-296x300.jpg\" alt=\"\" width=\"53\" height=\"54\" srcset=\"http:\/\/187.174.252.244\/operadoras\/wp-content\/uploads\/2021\/06\/fecha2-296x300.jpg 296w, http:\/\/187.174.252.244\/operadoras\/wp-content\/uploads\/2021\/06\/fecha2-150x150.jpg 150w, http:\/\/187.174.252.244\/operadoras\/wp-content\/uploads\/2021\/06\/fecha2.jpg 617w\" sizes=\"(max-width: 53px) 100vw, 53px\" \/><\/strong><\/td> <td style=\"width: 200px; height: 98px;\"> <h4><img loading=\"lazy\" decoding=\"async\" class=\"wp-image-38891 aligncenter\" src=\"http:\/\/187.174.252.244\/operadoras\/wp-content\/uploads\/2021\/06\/trimestres.png\" alt=\"\" width=\"49\" height=\"57\" \/><\/h4> <\/td> <td style=\"width: 231px; height: 98px;\" colspan=\"3\"><img loading=\"lazy\" decoding=\"async\" class=\"wp-image-38890 aligncenter\" src=\"http:\/\/187.174.252.244\/operadoras\/wp-content\/uploads\/2021\/06\/nube-simbolo-descarga_318-49889-300x300.jpg\" alt=\"\" width=\"61\" height=\"61\" srcset=\"http:\/\/187.174.252.244\/operadoras\/wp-content\/uploads\/2021\/06\/nube-simbolo-descarga_318-49889-300x300.jpg 300w, http:\/\/187.174.252.244\/operadoras\/wp-content\/uploads\/2021\/06\/nube-simbolo-descarga_318-49889-150x150.jpg 150w, http:\/\/187.174.252.244\/operadoras\/wp-content\/uploads\/2021\/06\/nube-simbolo-descarga_318-49889.jpg 626w\" sizes=\"(max-width: 61px) 100vw, 61px\" \/><\/td> <\/tr> <tr style=\"height: 66px;\"> <td style=\"text-align: center; height: 66px; width: 150px;\"><span style=\"color: #000000;\"><strong>A\u00f1o<br \/> <\/strong><\/span><\/td> <td style=\"text-align: center; height: 66px; width: 200px;\"><span style=\"color: #000000;\"><strong>Trimestre<\/strong><\/span><\/td> <td style=\"text-align: center; height: 66px; width: 231px;\" colspan=\"3\"><span style=\"color: #000000;\"><strong>Descargar Informaci\u00f3n<\/strong><\/span><\/td> <\/tr> <tr style=\"height: 56px;\"> <td style=\"text-align: center; height: 56px; width: 150px;\"><\/td> <td style=\"text-align: center; height: 56px; width: 200px;\"><\/td> <td style=\"text-align: center; height: 56px; width: 231px;\" colspan=\"3\"><\/td> <\/tr> <tr style=\"height: 56px;\"> <td style=\"text-align: center; height: 56px; width: 150px;\"><\/td> <td style=\"text-align: center; height: 56px; width: 200px;\"><\/td> <td style=\"text-align: center; height: 56px; width: 231px;\" colspan=\"3\"><\/td> <\/tr> <tr style=\"height: 56px;\"> <td style=\"text-align: center; height: 56px; width: 150px;\"><\/td> <td style=\"text-align: center; height: 56px; width: 200px;\"><\/td> <td style=\"text-align: center; height: 56px; width: 231px;\" colspan=\"3\"><\/td> <\/tr> <tr style=\"height: 56px;\"> <td style=\"text-align: center; height: 56px; width: 150px;\"><span style=\"color: #000000;\">2017<\/span><\/td> <td style=\"text-align: center; height: 56px; width: 200px;\"><span style=\"color: #000000;\">Cuarto<\/span><\/td> <td style=\"text-align: center; height: 56px; width: 231px;\" colspan=\"3\"><a href=\"http:\/\/187.174.252.244\/caev\/pdfs\/oficinas_operadoras\/Acayucan\/2017\/43-OP-FORM12C-17-4.xls\">descargar archivo<\/a><\/td> <\/tr> <\/tbody> <\/table> <p>&nbsp;<\/p> <\/div> <h4><\/h4> <table width=\"520\"> <tbody> <tr> <td style=\"width: 100px;\"><a href=\"http:\/\/187.174.252.244\/operadoras\/transparencia\/ley-general-y-ley-875\/acayucan-ley-general-y-ley-875-de-transparencia\/acayucan-fraccion-xii-c\"><img loading=\"lazy\" decoding=\"async\" class=\"aligncenter\" src=\"http:\/\/187.174.252.244\/caev\/Image\/2018\/folder-ico.jpg\" alt=\"\" width=\"51\" height=\"44\" \/><\/a><\/td> <td><a href=\"http:\/\/187.174.252.244\/operadoras\/transparencia\/ley-general-y-ley-875\/acayucan-ley-general-y-ley-875-de-transparencia\/acayucan-fraccion-xii-c\">Ejercicio Actual<\/a><\/td> <\/tr> <\/tbody> <\/table> <\/div> <p style=\"text-align: center;\"><a href=\"http:\/\/187.174.252.244\/operadoras\/transparencia\/ley-general-y-ley-875\/acayucan-ley-general-y-ley-875-de-transparencia\/\"><img loading=\"lazy\" decoding=\"async\" class=\"alignnone size-medium\" src=\"http:\/\/187.174.252.244\/caev\/Oficinas_Operadoras\/Aarchivos\/home1.png\" width=\"36\" height=\"37\" \/><\/a> <a href=\"http:\/\/187.174.252.244\/operadoras\/transparencia\/ley-general-y-ley-875\/acayucan-ley-general-y-ley-875-de-transparencia\/\">regresar<\/a><\/p> ","protected":false},"excerpt":{"rendered":"<p>DECLARACI\u00d3N FISCAL DE LOS SERVIDORES(AS) P\u00daBLICOS(AS) &nbsp; Las declaraciones fiscales de los(as) servidores(as) p\u00fablicos(as). &nbsp; EJERCICIO 2018 &nbsp; Ejercicio: &nbsp; 2018 &nbsp; Trimestre \u00c1rea Responsable Fecha de Validaci\u00f3n de la Informaci\u00f3n Fecha de Actualizaci\u00f3n de la Inf. Descargar Informaci\u00f3n Primero Subdirecci\u00f3n Administrativa, Recursos Humanos, Enlace de Transparencia 18\/04\/2018 13\/04\/2018 descargar archivo Segundo Subdirecci\u00f3n Administrativa, Recursos [&hellip;]<\/p>\n","protected":false},"author":1,"featured_media":0,"parent":6660,"menu_order":0,"comment_status":"closed","ping_status":"closed","template":"","meta":{"footnotes":""},"class_list":["post-18519","page","type-page","status-publish","hentry"],"_links":{"self":[{"href":"http:\/\/187.174.252.244\/operadoras\/wp-json\/wp\/v2\/pages\/18519"}],"collection":[{"href":"http:\/\/187.174.252.244\/operadoras\/wp-json\/wp\/v2\/pages"}],"about":[{"href":"http:\/\/187.174.252.244\/operadoras\/wp-json\/wp\/v2\/types\/page"}],"author":[{"embeddable":true,"href":"http:\/\/187.174.252.244\/operadoras\/wp-json\/wp\/v2\/users\/1"}],"replies":[{"embeddable":true,"href":"http:\/\/187.174.252.244\/operadoras\/wp-json\/wp\/v2\/comments?post=18519"}],"version-history":[{"count":5,"href":"http:\/\/187.174.252.244\/operadoras\/wp-json\/wp\/v2\/pages\/18519\/revisions"}],"predecessor-version":[{"id":38910,"href":"http:\/\/187.174.252.244\/operadoras\/wp-json\/wp\/v2\/pages\/18519\/revisions\/38910"}],"up":[{"embeddable":true,"href":"http:\/\/187.174.252.244\/operadoras\/wp-json\/wp\/v2\/pages\/6660"}],"wp:attachment":[{"href":"http:\/\/187.174.252.244\/operadoras\/wp-json\/wp\/v2\/media?parent=18519"}],"curies":[{"name":"wp","href":"https:\/\/api.w.org\/{rel}","templated":true}]}}