{"id":18745,"date":"2018-07-19T13:18:15","date_gmt":"2018-07-19T19:18:15","guid":{"rendered":"http:\/\/187.174.252.244\/operadoras\/?page_id=18745"},"modified":"2021-07-07T13:32:13","modified_gmt":"2021-07-07T19:32:13","slug":"coatzacoalcos-fraccion-xxxii-1","status":"publish","type":"page","link":"http:\/\/187.174.252.244\/operadoras\/transparencia\/ley-general-y-ley-875\/coatzacoalcos-ley-general-y-ley-875-de-transparencia\/coatzacoalcos-fraccion-xxxii-1\/","title":{"rendered":"Coatzacoalcos &#8211; Fracci\u00f3n XXXII"},"content":{"rendered":"<p><strong>PADR\u00d3N DE PROVEEDORES Y CONTRATISTAS<\/strong><\/p> <p>&nbsp;<\/p> <p>Padr\u00f3n de proveedores y contratistas.<\/p> <p>&nbsp;<\/p> <p><strong><span style=\"color: #000000;\">EJERCICIO 2018<\/span><\/strong><\/p> <div class=\"wp-menu-name\"> <p>&nbsp;<\/p> <div class=\"caja\"> <table width=\"636\"> <tbody> <tr> <td style=\"width: 140px;\"><strong><img loading=\"lazy\" decoding=\"async\" class=\"alignnone aligncenter\" src=\"http:\/\/187.174.252.244\/caev\/Image\/2018\/fecha3-ico.png\" alt=\"\" width=\"46\" height=\"50\" \/><\/strong><\/td> <td style=\"width: 140px;\"> <h4>Ejercicio:<\/h4> <\/td> <td style=\"width: 140px;\" colspan=\"3\"> <p>&nbsp;<\/p> <p>2018<\/td> <\/tr> <\/tbody> <\/table> <p>&nbsp;<\/p> <table width=\"700\"> <tbody> <tr> <td style=\"width: 100px;\"><img loading=\"lazy\" decoding=\"async\" class=\"aligncenter\" src=\"http:\/\/187.174.252.244\/caev\/Image\/2018\/trimestre-ico.png\" alt=\"\" width=\"53\" height=\"60\" \/><\/td> <td style=\"width: 200px;\"><img loading=\"lazy\" decoding=\"async\" class=\"aligncenter\" src=\"http:\/\/187.174.252.244\/caev\/Image\/2018\/usuario-ico.png\" alt=\"\" width=\"56\" height=\"60\" \/><\/td> <td style=\"width: 100px;\"><img loading=\"lazy\" decoding=\"async\" class=\"aligncenter\" src=\"http:\/\/187.174.252.244\/caev\/Image\/2018\/anio-ico.png\" alt=\"\" width=\"59\" height=\"60\" \/><\/td> <td style=\"width: 100px;\"><img loading=\"lazy\" decoding=\"async\" class=\"aligncenter\" src=\"http:\/\/187.174.252.244\/caev\/Image\/2018\/anio-ico.png\" alt=\"\" width=\"59\" height=\"60\" \/><\/td> <td style=\"width: 100px;\"><img loading=\"lazy\" decoding=\"async\" class=\"aligncenter\" src=\"http:\/\/187.174.252.244\/caev\/Image\/2018\/cloud-ico.png\" alt=\"\" width=\"57\" height=\"60\" \/><\/td> <\/tr> <tr> <td style=\"text-align: center;\"><span style=\"color: #000000;\"><strong>Trimestre<\/strong><em><br \/> <\/em><\/span><\/td> <td style=\"text-align: center;\"><span style=\"color: #000000;\"><strong>\u00c1rea Responsable<\/strong><\/span><\/td> <td style=\"text-align: center;\"><span style=\"color: #000000;\"><strong>Fecha de Validaci\u00f3n de la Informaci\u00f3n<\/strong><\/span><\/td> <td style=\"text-align: center;\"><span style=\"color: #000000;\"><strong>Fecha de Actualizaci\u00f3n de la Inf.<\/strong><\/span><\/td> <td style=\"text-align: center;\"><span style=\"color: #000000;\"><strong>Descargar Informaci\u00f3n<\/strong><\/span><\/td> <\/tr> <tr> <td><\/td> <td><\/td> <td><\/td> <td><\/td> <td><\/td> <\/tr> <tr> <td style=\"text-align: center;\"><span style=\"color: #000000;\">Primero<\/span><\/td> <td style=\"text-align: center;\"><span style=\"color: #000000;\">Subdirecci\u00f3n Administrativa<\/span><\/td> <td style=\"text-align: center;\"><span style=\"color: #000000;\">24\/04\/2018<\/span><\/td> <td style=\"text-align: center;\"><span style=\"color: #000000;\">31\/03\/2018<\/span><\/td> <td style=\"text-align: center;\"><a href=\"http:\/\/187.174.252.244\/caev\/pdfs\/oficinas_operadoras\/Coatzacoalcos\/2018\/49-FORM32-18-1.xlsx\">descargar archivo<\/a><\/td> <\/tr> <tr> <td style=\"text-align: center;\"><\/td> <td style=\"text-align: center;\"><\/td> <td style=\"text-align: center;\"><\/td> <td style=\"text-align: center;\"><\/td> <td><\/td> <\/tr> <tr> <td style=\"text-align: center;\"><span style=\"color: #000000;\">Segundo<\/span><\/td> <td style=\"text-align: center;\"><span style=\"color: #000000;\">Subdirecci\u00f3n Administrativa<\/span><\/td> <td style=\"text-align: center;\"><span style=\"color: #000000;\">10\/07\/2018<\/span><\/td> <td style=\"text-align: center;\"><span style=\"color: #000000;\">30\/06\/2018<\/span><\/td> <td style=\"text-align: center;\"><a href=\"http:\/\/187.174.252.244\/caev\/pdfs\/oficinas_operadoras\/Coatzacoalcos\/2018\/49-FORM32-18-2.xlsx\">descargar archivo<\/a><\/td> <\/tr> <tr> <td><\/td> <td><\/td> <td><\/td> <td><\/td> <td><\/td> <\/tr> <tr> <td style=\"text-align: center;\"><span style=\"color: #000000;\">Tercero<\/span><\/td> <td style=\"text-align: center;\"><span style=\"color: #000000;\">Oficina de Recursos Materiales<\/span><\/td> <td style=\"text-align: center;\"><span style=\"color: #000000;\">22\/10\/2018<\/span><\/td> <td style=\"text-align: center;\"><span style=\"color: #000000;\">30\/09\/2018<\/span><\/td> <td style=\"text-align: center;\"><a href=\"http:\/\/187.174.252.244\/caev\/pdfs\/oficinas_operadoras\/Coatzacoalcos\/2018\/49-FORM32-18-3.xlsx\">descargar archivo<\/a><\/td> <\/tr> <tr> <td style=\"text-align: center;\"><span style=\"color: #000000;\">\u00a0<\/span><\/td> <td style=\"text-align: center;\"><span style=\"color: #000000;\">\u00a0<\/span><\/td> <td style=\"text-align: center;\"><span style=\"color: #000000;\">\u00a0<\/span><\/td> <td style=\"text-align: center;\"><span style=\"color: #000000;\">\u00a0<\/span><\/td> <td style=\"text-align: center;\"><\/td> <\/tr> <tr> <td style=\"text-align: center;\">Cuarto<span style=\"color: #000000;\"><br \/> <\/span><\/td> <td style=\"text-align: center;\"><span style=\"color: #000000;\">Oficina de Recursos Materiales<\/span><\/td> <td style=\"text-align: center;\"><span style=\"color: #000000;\">24\/01\/2019<\/span><\/td> <td style=\"text-align: center;\"><span style=\"color: #000000;\">30\/12\/2018<\/span><\/td> <td style=\"text-align: center;\"><a href=\"http:\/\/187.174.252.244\/caev\/pdfs\/oficinas_operadoras\/Coatzacoalcos\/2018\/49-FORM32-18-4.xlsx\">descargar archivo<\/a><\/td> <\/tr> <\/tbody> <\/table> <\/div> <h4><\/h4> <\/div> <div> <p>____________________________________________________<\/p> <p><strong><span style=\"color: #000000;\">EJERCICIO 2017 Y ANTERIORES<\/span><\/strong><\/p> <p>&nbsp;<\/p> <div class=\"caja\"> <table style=\"height: 429px;\" width=\"603\"> <tbody> <tr style=\"height: 98px;\"> <td style=\"width: 150px; height: 98px;\"><strong><img loading=\"lazy\" decoding=\"async\" class=\"alignnone wp-image-38889 aligncenter\" src=\"http:\/\/187.174.252.244\/operadoras\/wp-content\/uploads\/2021\/06\/fecha2-296x300.jpg\" alt=\"\" width=\"53\" height=\"54\" srcset=\"http:\/\/187.174.252.244\/operadoras\/wp-content\/uploads\/2021\/06\/fecha2-296x300.jpg 296w, http:\/\/187.174.252.244\/operadoras\/wp-content\/uploads\/2021\/06\/fecha2-150x150.jpg 150w, http:\/\/187.174.252.244\/operadoras\/wp-content\/uploads\/2021\/06\/fecha2.jpg 617w\" sizes=\"(max-width: 53px) 100vw, 53px\" \/><\/strong><\/td> <td style=\"width: 200px; height: 98px;\"> <h4><img loading=\"lazy\" decoding=\"async\" class=\"wp-image-38891 aligncenter\" src=\"http:\/\/187.174.252.244\/operadoras\/wp-content\/uploads\/2021\/06\/trimestres.png\" alt=\"\" width=\"49\" height=\"57\" \/><\/h4> <\/td> <td style=\"width: 231px; height: 98px;\" colspan=\"3\"><img loading=\"lazy\" decoding=\"async\" class=\"wp-image-38890 aligncenter\" src=\"http:\/\/187.174.252.244\/operadoras\/wp-content\/uploads\/2021\/06\/nube-simbolo-descarga_318-49889-300x300.jpg\" alt=\"\" width=\"61\" height=\"61\" srcset=\"http:\/\/187.174.252.244\/operadoras\/wp-content\/uploads\/2021\/06\/nube-simbolo-descarga_318-49889-300x300.jpg 300w, http:\/\/187.174.252.244\/operadoras\/wp-content\/uploads\/2021\/06\/nube-simbolo-descarga_318-49889-150x150.jpg 150w, http:\/\/187.174.252.244\/operadoras\/wp-content\/uploads\/2021\/06\/nube-simbolo-descarga_318-49889.jpg 626w\" sizes=\"(max-width: 61px) 100vw, 61px\" \/><\/td> <\/tr> <tr style=\"height: 66px;\"> <td style=\"text-align: center; height: 66px; width: 150px;\"><span style=\"color: #000000;\"><strong>A\u00f1o<br \/> <\/strong><\/span><\/td> <td style=\"text-align: center; height: 66px; width: 200px;\"><span style=\"color: #000000;\"><strong>Trimestre<\/strong><\/span><\/td> <td style=\"text-align: center; height: 66px; width: 231px;\" colspan=\"3\"><span style=\"color: #000000;\"><strong>Descargar Informaci\u00f3n<\/strong><\/span><\/td> <\/tr> <tr style=\"height: 56px;\"> <td style=\"text-align: center; height: 56px; width: 150px;\"><span style=\"color: #000000;\">2017<\/span><\/td> <td style=\"text-align: center; height: 56px; width: 200px;\"><span style=\"color: #000000;\">Primero<\/span><\/td> <td style=\"text-align: center; height: 56px; width: 231px;\" colspan=\"3\"><a href=\"http:\/\/187.174.252.244\/caev\/pdfs\/oficinas_operadoras\/Coatzacoalcos\/2017\/49-OP-FORM32-17-1.xls\">descargar archivo<\/a><\/td> <\/tr> <tr style=\"height: 56px;\"> <td style=\"text-align: center; height: 56px; width: 150px;\"><span style=\"color: #000000;\">2017<\/span><\/td> <td style=\"text-align: center; height: 56px; width: 200px;\"><span style=\"color: #000000;\">Segundo<\/span><\/td> <td style=\"text-align: center; height: 56px;\" colspan=\"3\"><a href=\"http:\/\/187.174.252.244\/caev\/pdfs\/oficinas_operadoras\/Coatzacoalcos\/2017\/49-OP-FORM32-17-2.xls\">descargar archivo<\/a><\/td> <\/tr> <tr> <td style=\"text-align: center; width: 150px;\"><span style=\"color: #000000;\">2017<\/span><\/td> <td style=\"text-align: center; width: 200px;\">Segundo<\/td> <td style=\"text-align: center; width: 231px;\" colspan=\"3\"><a href=\"http:\/\/187.174.252.244\/caev\/pdfs\/oficinas_operadoras\/Coatzacoalcos\/2017\/49-OP-FORM32-17-2A.xls\">descargar archivo<\/a><\/td> <\/tr> <tr style=\"height: 56px;\"> <td style=\"text-align: center; height: 56px; width: 150px;\"><span style=\"color: #000000;\">2017<\/span><\/td> <td style=\"text-align: center; height: 56px; width: 200px;\"><span style=\"color: #000000;\">Tercero<\/span><\/td> <td style=\"text-align: center; height: 56px; width: 231px;\" colspan=\"3\"><a href=\"http:\/\/187.174.252.244\/caev\/pdfs\/oficinas_operadoras\/Coatzacoalcos\/2017\/49-OP-FORM32-17-3.xls\">descargar archivo<\/a><\/td> <\/tr> <tr style=\"height: 56px;\"> <td style=\"text-align: center; height: 56px; width: 150px;\"><span style=\"color: #000000;\">2017<\/span><\/td> <td style=\"text-align: center; height: 56px; width: 200px;\"><span style=\"color: #000000;\">Cuarto<\/span><\/td> <td style=\"text-align: center; height: 56px; width: 231px;\" colspan=\"3\"><a href=\"http:\/\/187.174.252.244\/caev\/pdfs\/oficinas_operadoras\/Coatzacoalcos\/2017\/49-OP-FORM32-17-3A.xls\">descargar archivo<\/a><\/td> <\/tr> <\/tbody> <\/table> <p>&nbsp;<\/p> <\/div> <h4><\/h4> <table width=\"520\"> <tbody> <tr> <td style=\"width: 100px;\"><a href=\"http:\/\/187.174.252.244\/operadoras\/transparencia\/ley-general-y-ley-875\/coatzacoalcos-ley-general-y-ley-875-de-transparencia\/coatzacoalcos-fraccion-xxxii\"><img loading=\"lazy\" decoding=\"async\" class=\"aligncenter\" src=\"http:\/\/187.174.252.244\/caev\/Image\/2018\/folder-ico.jpg\" alt=\"\" width=\"51\" height=\"44\" \/><\/a><\/td> <td><a href=\"http:\/\/187.174.252.244\/operadoras\/transparencia\/ley-general-y-ley-875\/coatzacoalcos-ley-general-y-ley-875-de-transparencia\/coatzacoalcos-fraccion-xxxii\">Ejercicio Actual<\/a><\/td> <\/tr> <\/tbody> <\/table> <\/div> <p style=\"text-align: center;\"><a href=\"http:\/\/187.174.252.244\/operadoras\/transparencia\/ley-general-y-ley-875\/coatzacoalcos-ley-general-y-ley-875-de-transparencia\/\"><img loading=\"lazy\" decoding=\"async\" class=\"alignnone size-medium\" src=\"http:\/\/187.174.252.244\/caev\/Oficinas_Operadoras\/Aarchivos\/home1.png\" width=\"36\" height=\"37\" \/><\/a> <a href=\"http:\/\/187.174.252.244\/operadoras\/transparencia\/ley-general-y-ley-875\/coatzacoalcos-ley-general-y-ley-875-de-transparencia\/\">regresar<\/a><\/p> ","protected":false},"excerpt":{"rendered":"<p>PADR\u00d3N DE PROVEEDORES Y CONTRATISTAS &nbsp; Padr\u00f3n de proveedores y contratistas. &nbsp; EJERCICIO 2018 &nbsp; Ejercicio: &nbsp; 2018 &nbsp; Trimestre \u00c1rea Responsable Fecha de Validaci\u00f3n de la Informaci\u00f3n Fecha de Actualizaci\u00f3n de la Inf. Descargar Informaci\u00f3n Primero Subdirecci\u00f3n Administrativa 24\/04\/2018 31\/03\/2018 descargar archivo Segundo Subdirecci\u00f3n Administrativa 10\/07\/2018 30\/06\/2018 descargar archivo Tercero Oficina de Recursos Materiales [&hellip;]<\/p>\n","protected":false},"author":1,"featured_media":0,"parent":6690,"menu_order":0,"comment_status":"closed","ping_status":"closed","template":"","meta":{"footnotes":""},"class_list":["post-18745","page","type-page","status-publish","hentry"],"_links":{"self":[{"href":"http:\/\/187.174.252.244\/operadoras\/wp-json\/wp\/v2\/pages\/18745"}],"collection":[{"href":"http:\/\/187.174.252.244\/operadoras\/wp-json\/wp\/v2\/pages"}],"about":[{"href":"http:\/\/187.174.252.244\/operadoras\/wp-json\/wp\/v2\/types\/page"}],"author":[{"embeddable":true,"href":"http:\/\/187.174.252.244\/operadoras\/wp-json\/wp\/v2\/users\/1"}],"replies":[{"embeddable":true,"href":"http:\/\/187.174.252.244\/operadoras\/wp-json\/wp\/v2\/comments?post=18745"}],"version-history":[{"count":6,"href":"http:\/\/187.174.252.244\/operadoras\/wp-json\/wp\/v2\/pages\/18745\/revisions"}],"predecessor-version":[{"id":39768,"href":"http:\/\/187.174.252.244\/operadoras\/wp-json\/wp\/v2\/pages\/18745\/revisions\/39768"}],"up":[{"embeddable":true,"href":"http:\/\/187.174.252.244\/operadoras\/wp-json\/wp\/v2\/pages\/6690"}],"wp:attachment":[{"href":"http:\/\/187.174.252.244\/operadoras\/wp-json\/wp\/v2\/media?parent=18745"}],"curies":[{"name":"wp","href":"https:\/\/api.w.org\/{rel}","templated":true}]}}