{"id":1943,"date":"2018-02-27T13:52:45","date_gmt":"2018-02-27T19:52:45","guid":{"rendered":"http:\/\/localhost\/?page_id=1943"},"modified":"2018-02-27T17:48:33","modified_gmt":"2018-02-27T23:48:33","slug":"jose-azueta-ubicacion-de-la-oficina-operadora","status":"publish","type":"page","link":"http:\/\/187.174.252.244\/operadoras\/oficina-operadora\/ubicacion-de-la-oficina-operadora\/jose-azueta-ubicacion-de-la-oficina-operadora\/","title":{"rendered":"Jos\u00e9 Azueta &#8211; Ubicaci\u00f3n de la Oficina Operadora"},"content":{"rendered":"<p><iframe loading=\"lazy\" style=\"border: 0;\" src=\"https:\/\/www.google.com\/maps\/embed?pb=!1m18!1m12!1m3!1d1127.6468160431036!2d-95.70926084328735!3d18.074486696359063!2m3!1f0!2f0!3f0!3m2!1i1024!2i768!4f13.1!3m3!1m2!1s0x85c22cbd89625725%3A0x2ddb64768a5ca9c1!2sAltamirano+33%2C+Tejeda%2C+95580+Villa+Azueta%2C+Ver.!5e0!3m2!1ses-419!2smx!4v1519775286183\" width=\"600\" height=\"450\" frameborder=\"0\" allowfullscreen=\"allowfullscreen\"><\/iframe><\/p> <p>&nbsp;<\/p> <p><span style=\"color: #000000;\"><strong>Direcci\u00f3n:<\/strong><\/span><\/p> <p><span style=\"color: #000000;\">Altamirano No. 33, Col. V\u00e1zquez Vela, CP: 95580, Jos\u00e9 Azueta, Ver.<\/span><\/p> <p>&nbsp;<\/p> <p>&nbsp;<\/p> <p>&nbsp;<\/p> <p>&nbsp;<\/p> <p style=\"text-align: center;\"><a href=\"http:\/\/187.174.252.244\/operadoras\/oficina-operadora\/ubicacion-de-la-oficina-operadora\/\"><img loading=\"lazy\" decoding=\"async\" class=\"alignnone\" src=\"http:\/\/187.174.252.244\/caev\/Oficinas_Operadoras\/Aarchivos\/home1.png\" alt=\"\" width=\"36\" height=\"37\" \/><\/a>\u00a0 <a href=\"http:\/\/187.174.252.244\/operadoras\/oficina-operadora\/ubicacion-de-la-oficina-operadora\/\">regresar<\/a><\/p> ","protected":false},"excerpt":{"rendered":"<p>&nbsp; Direcci\u00f3n: Altamirano No. 33, Col. V\u00e1zquez Vela, CP: 95580, Jos\u00e9 Azueta, Ver. &nbsp; &nbsp; &nbsp; &nbsp; \u00a0 regresar<\/p>\n","protected":false},"author":1,"featured_media":0,"parent":207,"menu_order":0,"comment_status":"closed","ping_status":"closed","template":"","meta":{"footnotes":""},"class_list":["post-1943","page","type-page","status-publish","hentry"],"_links":{"self":[{"href":"http:\/\/187.174.252.244\/operadoras\/wp-json\/wp\/v2\/pages\/1943"}],"collection":[{"href":"http:\/\/187.174.252.244\/operadoras\/wp-json\/wp\/v2\/pages"}],"about":[{"href":"http:\/\/187.174.252.244\/operadoras\/wp-json\/wp\/v2\/types\/page"}],"author":[{"embeddable":true,"href":"http:\/\/187.174.252.244\/operadoras\/wp-json\/wp\/v2\/users\/1"}],"replies":[{"embeddable":true,"href":"http:\/\/187.174.252.244\/operadoras\/wp-json\/wp\/v2\/comments?post=1943"}],"version-history":[{"count":4,"href":"http:\/\/187.174.252.244\/operadoras\/wp-json\/wp\/v2\/pages\/1943\/revisions"}],"predecessor-version":[{"id":2027,"href":"http:\/\/187.174.252.244\/operadoras\/wp-json\/wp\/v2\/pages\/1943\/revisions\/2027"}],"up":[{"embeddable":true,"href":"http:\/\/187.174.252.244\/operadoras\/wp-json\/wp\/v2\/pages\/207"}],"wp:attachment":[{"href":"http:\/\/187.174.252.244\/operadoras\/wp-json\/wp\/v2\/media?parent=1943"}],"curies":[{"name":"wp","href":"https:\/\/api.w.org\/{rel}","templated":true}]}}