{"id":207,"date":"2018-01-18T14:09:07","date_gmt":"2018-01-18T20:09:07","guid":{"rendered":"http:\/\/localhost\/?page_id=207"},"modified":"2026-03-10T14:28:02","modified_gmt":"2026-03-10T20:28:02","slug":"ubicacion-de-la-oficina-operadora","status":"publish","type":"page","link":"http:\/\/187.174.252.244\/operadoras\/oficina-operadora\/ubicacion-de-la-oficina-operadora\/","title":{"rendered":"Ubicaci\u00f3n de la Oficina Operadora"},"content":{"rendered":"<table style=\"height: 696px;\" width=\"725\"> <tbody> <tr style=\"height: 24px;\"> <td style=\"background-color: #86163b; height: 24px;\"><span style=\"color: #ffffff;\"><strong>ZONA NORTE<\/strong><\/span><\/td> <td style=\"background-color: #86163b; height: 24px;\"><span style=\"color: #ffffff;\"><strong>ZONA CENTRO<br \/> <\/strong><\/span><\/td> <td style=\"background-color: #86163b; height: 24px;\"><span style=\"color: #ffffff;\"><strong>ZONA SUR<br \/> <\/strong><\/span><\/td> <\/tr> <tr style=\"height: 24px;\"> <td style=\"height: 24px;\">&#8211; <a href=\"http:\/\/187.174.252.244\/operadoras\/oficina-operadora\/ubicacion-de-la-oficina-operadora\/alamo-ubicacion-de-la-oficina-operadora\/\">\u00c1lamo<\/a><\/td> <td style=\"height: 24px;\">&#8211; <a href=\"http:\/\/187.174.252.244\/operadoras\/oficina-operadora\/ubicacion-de-la-oficina-operadora\/altotonga-ubicacion-de-la-oficina-operadora\/\">Altotonga<\/a><\/td> <td style=\"height: 24px;\">&#8211; <a href=\"http:\/\/187.174.252.244\/operadoras\/oficina-operadora\/ubicacion-de-la-oficina-operadora\/acayucan-ubicacion-de-la-oficina-operadora\/\">Acayucan<\/a><\/td> <\/tr> <tr style=\"height: 24px;\"> <td style=\"height: 24px;\">&#8211; <a href=\"http:\/\/187.174.252.244\/operadoras\/oficina-operadora\/ubicacion-de-la-oficina-operadora\/cerro-azul-ubicacion-de-la-oficina-operadora\/\">Cerro Azul<\/a><\/td> <td style=\"height: 24px;\">&#8211; <a href=\"http:\/\/187.174.252.244\/operadoras\/oficina-operadora\/ubicacion-de-la-oficina-operadora\/alvarado-ubicacion-de-la-oficina-operadora\/\">Alvarado<\/a><\/td> <td style=\"height: 24px;\">&#8211; <a href=\"http:\/\/187.174.252.244\/operadoras\/oficina-operadora\/ubicacion-de-la-oficina-operadora\/agua-dulce-ubicacion-de-la-oficina-operadora\/\">Agua Dulce<\/a><\/td> <\/tr> <tr style=\"height: 24px;\"> <td style=\"height: 24px;\">&#8211; <a href=\"http:\/\/187.174.252.244\/operadoras\/oficina-operadora\/ubicacion-de-la-oficina-operadora\/chicontepec-ubicacion-de-la-oficina-operadora\/\">Chicontepec<\/a><\/td> <td style=\"height: 24px;\">&#8211; <a href=\"http:\/\/187.174.252.244\/operadoras\/oficina-operadora\/ubicacion-de-la-oficina-operadora\/chichicaxtle-ubicacion-de-la-oficina-operadora\/\">Chichicaxtle<\/a><\/td> <td style=\"height: 24px;\">&#8211; <a href=\"http:\/\/187.174.252.244\/operadoras\/oficina-operadora\/ubicacion-de-la-oficina-operadora\/angel-r-cabada-ubicacion-de-la-oficina-operadora\/\">\u00c1ngel R. Cabada<\/a><\/td> <\/tr> <tr style=\"height: 24px;\"> <td style=\"height: 24px;\">&#8211; <a href=\"http:\/\/187.174.252.244\/operadoras\/oficina-operadora\/ubicacion-de-la-oficina-operadora\/coatzintla-ubicacion-de-la-oficina-operadora\/\">Coatzintla<\/a><\/td> <td style=\"height: 24px;\">&#8211; <a href=\"http:\/\/187.174.252.244\/operadoras\/oficina-operadora\/ubicacion-de-la-oficina-operadora\/ciudad-mendoza-ubicacion-de-la-oficina-operadora\/\">Ciudad Mendoza<\/a><\/td> <td style=\"height: 24px;\">&#8211; <a href=\"http:\/\/187.174.252.244\/operadoras\/oficina-operadora\/ubicacion-de-la-oficina-operadora\/carlos-a-carrillo-ubicacion-de-la-oficina-operadora\/\">Carlos A. Carrillo<\/a><\/td> <\/tr> <tr style=\"height: 24px;\"> <td style=\"height: 24px;\">&#8211; <a href=\"http:\/\/187.174.252.244\/operadoras\/oficina-operadora\/ubicacion-de-la-oficina-operadora\/el-higo-ubicacion-de-la-oficina-operadora\/\">El Higo<\/a><\/td> <td style=\"height: 24px;\">&#8211; <a href=\"http:\/\/187.174.252.244\/operadoras\/oficina-operadora\/ubicacion-de-la-oficina-operadora\/cuitlahuac-ubicacion-de-la-oficina-operadora\/\">Cuitl\u00e1huac<\/a><\/td> <td style=\"height: 24px;\">&#8211; <a href=\"http:\/\/187.174.252.244\/operadoras\/oficina-operadora\/ubicacion-de-la-oficina-operadora\/catemaco-ubicacion-de-la-oficina-operadora\/\">Catemaco<\/a><\/td> <\/tr> <tr style=\"height: 24px;\"> <td style=\"height: 24px;\">&#8211; <a href=\"http:\/\/187.174.252.244\/operadoras\/oficina-operadora\/ubicacion-de-la-oficina-operadora\/emilio-carranza-ubicacion-de-la-oficina-operadora\/\">Emilio Carranza<\/a><\/td> <td style=\"height: 24px;\">&#8211; <a href=\"http:\/\/187.174.252.244\/operadoras\/oficina-operadora\/ubicacion-de-la-oficina-operadora\/ixhuatlan-del-cafe-ubicacion-de-la-oficina-operadora\/\">Ixhuatl\u00e1n del Caf\u00e9<\/a><\/td> <td style=\"height: 24px;\">&#8211; <a href=\"http:\/\/187.174.252.244\/operadoras\/oficina-operadora\/ubicacion-de-la-oficina-operadora\/chacaltianguis-ubicacion-de-la-oficina-operadora\/\">Chacaltianguis<\/a><\/td> <\/tr> <tr style=\"height: 24px;\"> <td style=\"height: 24px;\">&#8211; <a href=\"http:\/\/187.174.252.244\/operadoras\/oficina-operadora\/ubicacion-de-la-oficina-operadora\/gutierrez-zamora-ubicacion-de-la-oficina-operadora\/\">Guti\u00e9rrez Zamora<\/a><\/td> <td style=\"height: 24px;\">&#8211; <a href=\"http:\/\/187.174.252.244\/operadoras\/oficina-operadora\/ubicacion-de-la-oficina-operadora\/jalacingo-ubicacion-de-la-oficina-operadora\/\">Jalacingo<\/a><\/td> <td style=\"height: 24px;\">&#8211; <a href=\"http:\/\/187.174.252.244\/operadoras\/oficina-operadora\/ubicacion-de-la-oficina-operadora\/chinameca-ubicacion-de-la-oficina-operadora\/\">Chinameca<\/a><\/td> <\/tr> <tr style=\"height: 24px;\"> <td style=\"height: 24px;\">&#8211; <a href=\"http:\/\/187.174.252.244\/operadoras\/oficina-operadora\/ubicacion-de-la-oficina-operadora\/martinez-de-la-torre-ubicacion-de-la-oficina-operadora\/\">Mart\u00ednez de la Torre<\/a><\/td> <td style=\"height: 24px;\">&#8211; <a href=\"http:\/\/187.174.252.244\/operadoras\/oficina-operadora\/ubicacion-de-la-oficina-operadora\/las-vigas-de-ramirez-ubicacion-de-la-oficina-operadora\/\">Las Vigas de Ram\u00edrez<\/a><\/td> <td style=\"height: 24px;\">&#8211; <a href=\"http:\/\/187.174.252.244\/operadoras\/oficina-operadora\/ubicacion-de-la-oficina-operadora\/ciudad-aleman-ubicacion-de-la-oficina-operadora\/\">Ciudad Alem\u00e1n<\/a><\/td> <\/tr> <tr style=\"height: 24px;\"> <td style=\"height: 24px;\">&#8211; <a href=\"http:\/\/187.174.252.244\/operadoras\/oficina-operadora\/ubicacion-de-la-oficina-operadora\/naranjos-amatlan-ubicacion-de-la-oficina-operadora\/\">Naranjos<\/a><\/td> <td style=\"height: 24px;\">&#8211; <a href=\"http:\/\/187.174.252.244\/operadoras\/oficina-operadora\/ubicacion-de-la-oficina-operadora\/misantla-ubicacion-de-la-oficina-operadora\/\">Misantla<\/a><\/td> <td style=\"height: 24px;\">&#8211; <a href=\"http:\/\/187.174.252.244\/operadoras\/oficina-operadora\/ubicacion-de-la-oficina-operadora\/cuenca-del-papaloapan-ubicacion-de-la-oficina-operadora\/\">Cosamaloapan<\/a><\/td> <\/tr> <tr style=\"height: 24px;\"> <td style=\"height: 24px;\">&#8211; <a href=\"http:\/\/187.174.252.244\/operadoras\/oficina-operadora\/ubicacion-de-la-oficina-operadora\/panuco-ubicacion-de-la-oficina-operadora\/\">P\u00e1nuco<\/a><\/td> <td style=\"height: 24px;\">&#8211; <a href=\"http:\/\/187.174.252.244\/operadoras\/oficina-operadora\/ubicacion-de-la-oficina-operadora\/nogales-ubicacion-de-la-oficina-operadora\/\">Nogales<\/a><\/td> <td style=\"height: 24px;\">&#8211; <a href=\"http:\/\/187.174.252.244\/operadoras\/oficina-operadora\/ubicacion-de-la-oficina-operadora\/ixhuatlan-del-sureste-ubicacion-de-la-oficina-operadora\/\">Ixhuatl\u00e1n del Sureste<\/a><\/td> <\/tr> <tr style=\"height: 24px;\"> <td style=\"height: 24px;\">&#8211; <a href=\"http:\/\/187.174.252.244\/operadoras\/oficina-operadora\/ubicacion-de-la-oficina-operadora\/papantla-ubicacion-de-la-oficina-operadora\/\">Papantla<\/a><\/td> <td style=\"height: 24px;\">&#8211; <a href=\"http:\/\/187.174.252.244\/operadoras\/oficina-operadora\/ubicacion-de-la-oficina-operadora\/paso-del-macho-ubicacion-de-la-oficina-operadora\/\">Paso del Macho<\/a><\/td> <td style=\"height: 24px;\">&#8211; <a href=\"http:\/\/187.174.252.244\/operadoras\/oficina-operadora\/ubicacion-de-la-oficina-operadora\/jesus-carranza-ubicacion-de-la-oficina-operadora\/\">Jes\u00fas Carranza<\/a><\/td> <\/tr> <tr style=\"height: 24px;\"> <td style=\"height: 24px;\">&#8211; <a href=\"http:\/\/187.174.252.244\/operadoras\/oficina-operadora\/ubicacion-de-la-oficina-operadora\/platon-sanchez-ubicacion-de-la-oficina-operadora\/\">Plat\u00f3n S\u00e1nchez<\/a><\/td> <td style=\"height: 24px;\">&#8211; <a href=\"http:\/\/187.174.252.244\/operadoras\/oficina-operadora\/ubicacion-de-la-oficina-operadora\/penuela-ubicacion-de-la-oficina-operadora\/\">Pe\u00f1uela<\/a><\/td> <td style=\"height: 24px;\">&#8211; <a href=\"http:\/\/187.174.252.244\/operadoras\/oficina-operadora\/ubicacion-de-la-oficina-operadora\/jose-azueta-ubicacion-de-la-oficina-operadora\/\">Jos\u00e9 Azueta<\/a><\/td> <\/tr> <tr style=\"height: 24px;\"> <td style=\"height: 24px;\">&#8211; <a href=\"http:\/\/187.174.252.244\/operadoras\/oficina-operadora\/ubicacion-de-la-oficina-operadora\/poza-rica-ubicacion-de-la-oficina-operadora\/\">Poza Rica<\/a><\/td> <td style=\"height: 24px;\">&#8211; <a href=\"http:\/\/187.174.252.244\/operadoras\/oficina-operadora\/ubicacion-de-la-oficina-operadora\/perote-ubicacion-de-la-oficina-operadora\/\">Perote<\/a><\/td> <td style=\"height: 24px;\">&#8211; <a href=\"http:\/\/187.174.252.244\/operadoras\/oficina-operadora\/ubicacion-de-la-oficina-operadora\/juan-diaz-covarrubias-ubicacion-de-la-oficina-operadora\/\">Juan D\u00edaz Covarrubias<\/a><\/td> <\/tr> <tr style=\"height: 24px;\"> <td style=\"height: 24px;\">&#8211; <a href=\"http:\/\/187.174.252.244\/operadoras\/oficina-operadora\/ubicacion-de-la-oficina-operadora\/pueblo-viejo-ubicacion-de-la-oficina-operadora\/\">Pueblo Viejo<\/a><\/td> <td style=\"height: 24px;\">&#8211; <a href=\"http:\/\/187.174.252.244\/operadoras\/oficina-operadora\/ubicacion-de-la-oficina-operadora\/piedras-negras-ubicacion-de-la-oficina-operadora\/\">Piedras Negras<\/a><\/td> <td style=\"height: 24px;\">&#8211; <a href=\"http:\/\/187.174.252.244\/operadoras\/oficina-operadora\/ubicacion-de-la-oficina-operadora\/juan-rodriguez-clara-ubicacion-de-la-oficina-operadora\/\">Juan Rodr\u00edguez Clara<\/a><\/td> <\/tr> <tr style=\"height: 24px;\"> <td style=\"height: 24px;\">&#8211; <a href=\"http:\/\/187.174.252.244\/operadoras\/oficina-operadora\/ubicacion-de-la-oficina-operadora\/tantoyuca-ubicacion-de-la-oficina-operadora\/\">Tantoyuca<\/a><\/td> <td style=\"height: 24px;\">&#8211; <a href=\"http:\/\/187.174.252.244\/operadoras\/oficina-operadora\/ubicacion-de-la-oficina-operadora\/rio-blanco-ubicacion-de-la-oficina-operadora\/\">R\u00edo Blanco<\/a><\/td> <td style=\"height: 24px;\">&#8211; <a href=\"http:\/\/187.174.252.244\/operadoras\/oficina-operadora\/ubicacion-de-la-oficina-operadora\/las-choapas-ubicacion-de-la-oficina-operadora\/\">Las Choapas<\/a><\/td> <\/tr> <tr style=\"height: 24px;\"> <td style=\"height: 24px;\">&#8211; <a href=\"http:\/\/187.174.252.244\/operadoras\/oficina-operadora\/ubicacion-de-la-oficina-operadora\/tempoal-ubicacion-de-la-oficina-operadora\/\">Tempoal<\/a><\/td> <td style=\"height: 24px;\">&#8211; <a href=\"http:\/\/187.174.252.244\/operadoras\/oficina-operadora\/ubicacion-de-la-oficina-operadora\/riviera-veracruzana-ubicacion-de-la-oficina-operadora\/\">Riviera Veracruzana<\/a><\/td> <td style=\"height: 24px;\">&#8211; <a href=\"http:\/\/187.174.252.244\/operadoras\/oficina-operadora\/ubicacion-de-la-oficina-operadora\/nanchital-ubicacion-de-la-oficina-operadora\/\">Nanchital<\/a><\/td> <\/tr> <tr style=\"height: 24px;\"> <td style=\"height: 24px;\">&#8211; <a href=\"http:\/\/187.174.252.244\/operadoras\/oficina-operadora\/ubicacion-de-la-oficina-operadora\/tepetzintla-ubicacion-de-la-oficina-operadora\/\">Tepetzintla<\/a><\/td> <td style=\"height: 24px;\">&#8211; <a href=\"http:\/\/187.174.252.244\/operadoras\/oficina-operadora\/ubicacion-de-la-oficina-operadora\/soledad-de-doblado-ubicacion-de-la-oficina-operadora\/\">Soledad de Doblado<\/a><\/td> <td style=\"height: 24px;\">&#8211; <a href=\"http:\/\/187.174.252.244\/operadoras\/oficina-operadora\/ubicacion-de-la-oficina-operadora\/otatitlan-ubicacion-de-la-oficina-operadora\/\">Otatitl\u00e1n<\/a><\/td> <\/tr> <tr style=\"height: 24px;\"> <td style=\"height: 24px;\">&#8211; <a href=\"http:\/\/187.174.252.244\/operadoras\/oficina-operadora\/ubicacion-de-la-oficina-operadora\/tuxpan-ubicacion-de-la-oficina-operadora\/\">Tuxpan<\/a><\/td> <td style=\"height: 24px;\">&#8211; <a href=\"http:\/\/187.174.252.244\/operadoras\/oficina-operadora\/ubicacion-de-la-oficina-operadora\/tezonapa-ubicacion-de-la-oficina-operadora\/\">Tezonapa<\/a><\/td> <td style=\"height: 24px;\">&#8211; <a href=\"http:\/\/187.174.252.244\/operadoras\/oficina-operadora\/ubicacion-de-la-oficina-operadora\/playa-vicente-ubicacion-de-la-oficina-operadora\/\">Playa Vicente<\/a><\/td> <\/tr> <tr style=\"height: 24px;\"> <td style=\"height: 24px;\">&#8211; <a href=\"http:\/\/187.174.252.244\/operadoras\/oficina-operadora\/ubicacion-de-la-oficina-operadora\/vega-de-alatorre-ubicacion-de-la-oficina-operadora\/\">Vega de Alatorre<\/a><\/td> <td style=\"height: 24px;\">&#8211; <a href=\"http:\/\/187.174.252.244\/operadoras\/oficina-operadora\/ubicacion-de-la-oficina-operadora\/tlaltetela-ubicacion-de-la-oficina-operadora\/\">Tlaltetela<\/a><\/td> <td style=\"height: 24px;\">&#8211; <a href=\"http:\/\/187.174.252.244\/operadoras\/oficina-operadora\/ubicacion-de-la-oficina-operadora\/saltabarranca-ubicacion-de-la-oficina-operadora\/\">Saltabarranca<\/a><\/td> <\/tr> <tr style=\"height: 24px;\"> <td style=\"height: 24px;\"><\/td> <td style=\"height: 24px;\">&#8211; <a href=\"http:\/\/187.174.252.244\/operadoras\/oficina-operadora\/ubicacion-de-la-oficina-operadora\/tlapacoyan-ubicacion-de-la-oficina-operadora\/\">Tlapacoyan<\/a><\/td> <td style=\"height: 24px;\">&#8211; <a href=\"http:\/\/187.174.252.244\/operadoras\/oficina-operadora\/ubicacion-de-la-oficina-operadora\/santiago-tuxtla-ubicacion-de-la-oficina-operadora\/\">Santiago Tuxtla<\/a><\/td> <\/tr> <tr style=\"height: 24px;\"> <td style=\"height: 24px;\"><\/td> <td style=\"height: 24px;\">&#8211; <a href=\"http:\/\/187.174.252.244\/operadoras\/oficina-operadora\/ubicacion-de-la-oficina-operadora\/tomatlan-ubicacion-de-la-oficina-operadora\/\">Tomatl\u00e1n<\/a><\/td> <td style=\"height: 24px;\">&#8211; <a href=\"http:\/\/187.174.252.244\/operadoras\/oficina-operadora\/ubicacion-de-la-oficina-operadora\/sayula-de-aleman-ubicacion-de-la-oficina-operadora\/\">Sayula de Alem\u00e1n<\/a><\/td> <\/tr> <tr style=\"height: 24px;\"> <td style=\"height: 24px;\"><\/td> <td style=\"height: 24px;\">&#8211; <a href=\"http:\/\/187.174.252.244\/operadoras\/oficina-operadora\/ubicacion-de-la-oficina-operadora\/xico-ubicacion-de-la-oficina-operadora\/\">Xico<\/a><\/td> <td style=\"height: 24px;\">&#8211; <a href=\"http:\/\/187.174.252.244\/operadoras\/oficina-operadora\/ubicacion-de-la-oficina-operadora\/tlacotalpan-ubicacion-de-la-oficina-operadora\/\">Tlacotalpan<\/a><\/td> <\/tr> <tr style=\"height: 24px;\"> <td style=\"height: 24px;\"><\/td> <td style=\"height: 24px;\">&#8211; <a href=\"http:\/\/187.174.252.244\/operadoras\/oficina-operadora\/ubicacion-de-la-oficina-operadora\/yanga-ubicacion-de-la-oficina-operadora\/\">Yanga<\/a><\/td> <td style=\"height: 24px;\">&#8211; <a href=\"http:\/\/187.174.252.244\/operadoras\/oficina-operadora\/ubicacion-de-la-oficina-operadora\/tres-valles-ubicacion-de-la-oficina-operadora\/\">Tres Valles<\/a><\/td> <\/tr> <tr style=\"height: 24px;\"> <td style=\"height: 24px;\"><\/td> <td style=\"height: 24px;\"><\/td> <td style=\"height: 24px;\"><\/td> <\/tr> <tr style=\"height: 24px;\"> <td style=\"height: 24px;\"><\/td> <td style=\"height: 24px;\"><\/td> <td style=\"height: 24px;\"><\/td> <\/tr> <tr style=\"height: 24px;\"> <td style=\"height: 24px;\"><\/td> <td style=\"height: 24px;\"><\/td> <td style=\"height: 24px;\"><\/td> <\/tr> <tr style=\"height: 24px;\"> <td style=\"height: 24px;\"><\/td> <td style=\"height: 24px;\"><\/td> <td style=\"height: 24px;\"><\/td> <\/tr> <tr style=\"height: 24px;\"> <td style=\"height: 24px;\"><\/td> <td style=\"height: 24px;\"><\/td> <td style=\"height: 24px;\"><\/td> <\/tr> <\/tbody> <\/table> <p>&nbsp;<\/p> <p>&nbsp;<\/p> <p>&nbsp;<\/p> <p>&nbsp;<\/p> <p>&nbsp;<\/p> <p>&nbsp;<\/p> <p>&nbsp;<\/p> <p style=\"text-align: center;\"><a href=\"http:\/\/187.174.252.244\/operadoras\/oficina-operadora\/\"><img loading=\"lazy\" decoding=\"async\" class=\"alignnone size-medium\" src=\"http:\/\/187.174.252.244\/caev\/Oficinas_Operadoras\/Aarchivos\/home1.png\" width=\"36\" height=\"37\" \/><\/a> <a href=\"http:\/\/187.174.252.244\/operadoras\/oficina-operadora\/\">regresar<\/a><\/p> ","protected":false},"excerpt":{"rendered":"<p>ZONA NORTE ZONA CENTRO ZONA SUR &#8211; \u00c1lamo &#8211; Altotonga &#8211; Acayucan &#8211; Cerro Azul &#8211; Alvarado &#8211; Agua Dulce &#8211; Chicontepec &#8211; Chichicaxtle &#8211; \u00c1ngel R. Cabada &#8211; Coatzintla &#8211; Ciudad Mendoza &#8211; Carlos A. Carrillo &#8211; El Higo &#8211; Cuitl\u00e1huac &#8211; Catemaco &#8211; Emilio Carranza &#8211; Ixhuatl\u00e1n del Caf\u00e9 &#8211; Chacaltianguis &#8211; Guti\u00e9rrez [&hellip;]<\/p>\n","protected":false},"author":1,"featured_media":0,"parent":115,"menu_order":0,"comment_status":"closed","ping_status":"closed","template":"","meta":{"footnotes":""},"class_list":["post-207","page","type-page","status-publish","hentry"],"_links":{"self":[{"href":"http:\/\/187.174.252.244\/operadoras\/wp-json\/wp\/v2\/pages\/207"}],"collection":[{"href":"http:\/\/187.174.252.244\/operadoras\/wp-json\/wp\/v2\/pages"}],"about":[{"href":"http:\/\/187.174.252.244\/operadoras\/wp-json\/wp\/v2\/types\/page"}],"author":[{"embeddable":true,"href":"http:\/\/187.174.252.244\/operadoras\/wp-json\/wp\/v2\/users\/1"}],"replies":[{"embeddable":true,"href":"http:\/\/187.174.252.244\/operadoras\/wp-json\/wp\/v2\/comments?post=207"}],"version-history":[{"count":25,"href":"http:\/\/187.174.252.244\/operadoras\/wp-json\/wp\/v2\/pages\/207\/revisions"}],"predecessor-version":[{"id":66662,"href":"http:\/\/187.174.252.244\/operadoras\/wp-json\/wp\/v2\/pages\/207\/revisions\/66662"}],"up":[{"embeddable":true,"href":"http:\/\/187.174.252.244\/operadoras\/wp-json\/wp\/v2\/pages\/115"}],"wp:attachment":[{"href":"http:\/\/187.174.252.244\/operadoras\/wp-json\/wp\/v2\/media?parent=207"}],"curies":[{"name":"wp","href":"https:\/\/api.w.org\/{rel}","templated":true}]}}