{"id":215,"date":"2018-01-18T14:18:40","date_gmt":"2018-01-18T20:18:40","guid":{"rendered":"http:\/\/localhost\/?page_id=215"},"modified":"2026-03-10T14:01:28","modified_gmt":"2026-03-10T20:01:28","slug":"directorio-de-servidores-publicos","status":"publish","type":"page","link":"http:\/\/187.174.252.244\/operadoras\/oficina-operadora\/directorio-de-servidores-publicos\/","title":{"rendered":"Directorio de Servidores P\u00fablicos"},"content":{"rendered":"<p>&nbsp;<\/p> <table style=\"height: 696px;\" width=\"725\"> <tbody> <tr style=\"height: 24px;\"> <td style=\"width: 250px; background-color: #86163b; height: 24px;\"><span style=\"color: #ffffff;\"><strong>ZONA NORTE<\/strong><\/span><\/td> <td style=\"width: 250px; background-color: #86163b; height: 24px;\"><span style=\"color: #ffffff;\"><strong>ZONA CENTRO<br \/> <\/strong><\/span><\/td> <td style=\"width: 250px; background-color: #86163b; height: 24px;\"><span style=\"color: #ffffff;\"><strong>ZONA SUR<br \/> <\/strong><\/span><\/td> <\/tr> <tr style=\"height: 24px;\"> <td style=\"height: 24px;\">&#8211; <a href=\"http:\/\/187.174.252.244\/operadoras\/oficina-operadora\/directorio-de-servidores-publicos\/alamo-directorio-de-servidores-publicos\/\">\u00c1lamo<\/a><\/td> <td style=\"height: 24px;\">&#8211; <a href=\"http:\/\/187.174.252.244\/operadoras\/oficina-operadora\/directorio-de-servidores-publicos\/altotonga-directorio-de-servidores-publicos\/\">Altotonga<\/a><\/td> <td style=\"height: 24px;\">&#8211; <a href=\"http:\/\/187.174.252.244\/operadoras\/oficina-operadora\/directorio-de-servidores-publicos\/acayucan-directorio-de-servidores-publicos\/\">Acayucan<\/a><\/td> <\/tr> <tr style=\"height: 24px;\"> <td style=\"height: 24px;\">&#8211; <a href=\"http:\/\/187.174.252.244\/operadoras\/oficina-operadora\/directorio-de-servidores-publicos\/cerro-azul-directorio-de-servidores-publicos\/\">Cerro Azul<\/a><\/td> <td style=\"height: 24px;\">&#8211; <a href=\"http:\/\/187.174.252.244\/operadoras\/oficina-operadora\/directorio-de-servidores-publicos\/alvarado-directorio-de-servidores-publicos\/\">Alvarado<\/a><\/td> <td style=\"height: 24px;\">&#8211; <a href=\"http:\/\/187.174.252.244\/operadoras\/oficina-operadora\/directorio-de-servidores-publicos\/agua-dulce-directorio-de-servidores-publicos\/\">Agua Dulce<\/a><\/td> <\/tr> <tr style=\"height: 24px;\"> <td style=\"height: 24px;\">&#8211; <a href=\"http:\/\/187.174.252.244\/operadoras\/oficina-operadora\/directorio-de-servidores-publicos\/chicontepec-directorio-de-servidores-publicos\/\">Chicontepec<\/a><\/td> <td style=\"height: 24px;\">&#8211; <a href=\"http:\/\/187.174.252.244\/operadoras\/oficina-operadora\/directorio-de-servidores-publicos\/chichicaxtle-directorio-de-servidores-publicos\/\">Chichicaxtle<\/a><\/td> <td style=\"height: 24px;\">&#8211; <a href=\"http:\/\/187.174.252.244\/operadoras\/oficina-operadora\/directorio-de-servidores-publicos\/angel-r-cabada-directorio-de-servidores-publicos\/\">\u00c1ngel R. Cabada<\/a><\/td> <\/tr> <tr style=\"height: 24px;\"> <td style=\"height: 24px;\">&#8211; <a href=\"http:\/\/187.174.252.244\/operadoras\/oficina-operadora\/directorio-de-servidores-publicos\/coatzintla-directorio-de-servidores-publicos\/\">Coatzintla<\/a><\/td> <td style=\"height: 24px;\">&#8211; <a href=\"http:\/\/187.174.252.244\/operadoras\/oficina-operadora\/directorio-de-servidores-publicos\/ciudad-mendoza-directorio-de-servidores-publicos\/\">Ciudad Mendoza<\/a><\/td> <td style=\"height: 24px;\">&#8211; <a href=\"http:\/\/187.174.252.244\/operadoras\/oficina-operadora\/directorio-de-servidores-publicos\/carlos-a-carrillo-directorio-de-servidores-publicos\/\">Carlos A. Carrillo<\/a><\/td> <\/tr> <tr style=\"height: 24px;\"> <td style=\"height: 24px;\">&#8211; <a href=\"http:\/\/187.174.252.244\/operadoras\/oficina-operadora\/directorio-de-servidores-publicos\/el-higo-directorio-de-servidores-publicos\/\">El Higo<\/a><\/td> <td style=\"height: 24px;\">&#8211; <a href=\"http:\/\/187.174.252.244\/operadoras\/oficina-operadora\/directorio-de-servidores-publicos\/cuitlahuac-directorio-de-servidores-publicos\/\">Cuitl\u00e1huac<\/a><\/td> <td style=\"height: 24px;\">&#8211; <a href=\"http:\/\/187.174.252.244\/operadoras\/oficina-operadora\/directorio-de-servidores-publicos\/catemaco-directorio-de-servidores-publicos\/\">Catemaco<\/a><\/td> <\/tr> <tr style=\"height: 24px;\"> <td style=\"height: 24px;\">&#8211; <a href=\"http:\/\/187.174.252.244\/operadoras\/oficina-operadora\/directorio-de-servidores-publicos\/emilio-carranza-directorio-de-servidores-publicos\/\">Emilio Carranza<\/a><\/td> <td style=\"height: 24px;\">&#8211; <a href=\"http:\/\/187.174.252.244\/operadoras\/oficina-operadora\/directorio-de-servidores-publicos\/ixhuatlan-del-cafe-directorio-de-servidores-publicos\/\">Ixhuatl\u00e1n del Caf\u00e9<\/a><\/td> <td style=\"height: 24px;\">&#8211; <a href=\"http:\/\/187.174.252.244\/operadoras\/oficina-operadora\/directorio-de-servidores-publicos\/chacaltianguis-directorio-de-servidores-publicos\/\">Chacaltianguis<\/a><\/td> <\/tr> <tr style=\"height: 24px;\"> <td style=\"height: 24px;\">&#8211; <a href=\"http:\/\/187.174.252.244\/operadoras\/oficina-operadora\/directorio-de-servidores-publicos\/gutierrez-zamora-directorio-de-servidores-publicos\/\">Guti\u00e9rrez Zamora<\/a><\/td> <td style=\"height: 24px;\">&#8211; <a href=\"http:\/\/187.174.252.244\/operadoras\/oficina-operadora\/directorio-de-servidores-publicos\/jalacingo-directorio-de-servidores-publicos\/\">Jalacingo<\/a><\/td> <td style=\"height: 24px;\">&#8211; <a href=\"http:\/\/187.174.252.244\/operadoras\/oficina-operadora\/directorio-de-servidores-publicos\/chinameca-directorio-de-servidores-publicos\/\">Chinameca<\/a><\/td> <\/tr> <tr style=\"height: 24px;\"> <td style=\"height: 24px;\">&#8211; <a href=\"http:\/\/187.174.252.244\/operadoras\/oficina-operadora\/directorio-de-servidores-publicos\/martinez-de-la-torre-directorio-de-servidores-publicos\/\">Mart\u00ednez de la Torre<\/a><\/td> <td style=\"height: 24px;\">&#8211; <a href=\"http:\/\/187.174.252.244\/operadoras\/oficina-operadora\/directorio-de-servidores-publicos\/las-vigas-de-ramirez-directorio-de-servidores-publicos\/\">Las Vigas de Ram\u00edrez<\/a><\/td> <td style=\"height: 24px;\">&#8211; <a href=\"http:\/\/187.174.252.244\/operadoras\/oficina-operadora\/directorio-de-servidores-publicos\/ciudad-aleman-directorio-de-servidores-publicos\/\">Ciudad Alem\u00e1n<\/a><\/td> <\/tr> <tr style=\"height: 24px;\"> <td style=\"height: 24px;\">&#8211; <a href=\"http:\/\/187.174.252.244\/operadoras\/oficina-operadora\/directorio-de-servidores-publicos\/naranjos-amatlan-directorio-de-servidores-publicos\/\">Naranjos<\/a><\/td> <td style=\"height: 24px;\">&#8211; <a href=\"http:\/\/187.174.252.244\/operadoras\/oficina-operadora\/directorio-de-servidores-publicos\/misantla-directorio-de-servidores-publicos\/\">Misantla<\/a><\/td> <td style=\"height: 24px;\">&#8211; <a href=\"http:\/\/187.174.252.244\/operadoras\/oficina-operadora\/estructura-organica-y-atribuciones\/cuenca-del-papaloapan-estructura-organica-y-atribuciones\/\">Cosamaloapan<\/a><\/td> <\/tr> <tr style=\"height: 24px;\"> <td style=\"height: 24px;\">&#8211; <a href=\"http:\/\/187.174.252.244\/operadoras\/oficina-operadora\/directorio-de-servidores-publicos\/panuco-directorio-de-servidores-publicos\/\">P\u00e1nuco<\/a><\/td> <td style=\"height: 24px;\">&#8211; <a href=\"http:\/\/187.174.252.244\/operadoras\/oficina-operadora\/directorio-de-servidores-publicos\/nogales-directorio-de-servidores-publicos\/\">Nogales<\/a><\/td> <td style=\"height: 24px;\">&#8211; <a href=\"http:\/\/187.174.252.244\/operadoras\/oficina-operadora\/directorio-de-servidores-publicos\/ixhuatlan-del-sureste-directorio-de-servidores-publicos\/\">Ixhuatl\u00e1n del Sureste<\/a><\/td> <\/tr> <tr style=\"height: 24px;\"> <td style=\"height: 24px;\">&#8211; <a href=\"http:\/\/187.174.252.244\/operadoras\/oficina-operadora\/directorio-de-servidores-publicos\/papantla-directorio-de-servidores-publicos\/\">Papantla<\/a><\/td> <td style=\"height: 24px;\">&#8211; <a href=\"http:\/\/187.174.252.244\/operadoras\/oficina-operadora\/directorio-de-servidores-publicos\/paso-del-macho-directorio-de-servidores-publicos\/\">Paso del Macho<\/a><\/td> <td style=\"height: 24px;\">&#8211; <a href=\"http:\/\/187.174.252.244\/operadoras\/oficina-operadora\/directorio-de-servidores-publicos\/jesus-carranza-directorio-de-servidores-publicos\/\">Jes\u00fas Carranza<\/a><\/td> <\/tr> <tr style=\"height: 24px;\"> <td style=\"height: 24px;\">&#8211; <a href=\"http:\/\/187.174.252.244\/operadoras\/oficina-operadora\/directorio-de-servidores-publicos\/platon-sanchez-directorio-de-servidores-publicos\/\">Plat\u00f3n S\u00e1nchez<\/a><\/td> <td style=\"height: 24px;\">&#8211; <a href=\"http:\/\/187.174.252.244\/operadoras\/oficina-operadora\/directorio-de-servidores-publicos\/penuela-directorio-de-servidores-publicos\/\">Pe\u00f1uela<\/a><\/td> <td style=\"height: 24px;\">&#8211; <a href=\"http:\/\/187.174.252.244\/operadoras\/oficina-operadora\/directorio-de-servidores-publicos\/jose-azueta-directorio-de-servidores-publicos\/\">Jos\u00e9 Azueta<\/a><\/td> <\/tr> <tr style=\"height: 24px;\"> <td style=\"height: 24px;\">&#8211; <a href=\"http:\/\/187.174.252.244\/operadoras\/oficina-operadora\/directorio-de-servidores-publicos\/poza-rica-directorio-de-servidores-publicos\/\">Poza Rica<\/a><\/td> <td style=\"height: 24px;\">&#8211; <a href=\"http:\/\/187.174.252.244\/operadoras\/oficina-operadora\/directorio-de-servidores-publicos\/perote-directorio-de-servidores-publicos\/\">Perote<\/a><\/td> <td style=\"height: 24px;\">&#8211; <a href=\"http:\/\/187.174.252.244\/operadoras\/oficina-operadora\/directorio-de-servidores-publicos\/juan-diaz-covarrubias-directorio-de-servidores-publicos\/\">Juan D\u00edaz Covarrubias<\/a><\/td> <\/tr> <tr style=\"height: 24px;\"> <td style=\"height: 24px;\">&#8211; <a href=\"http:\/\/187.174.252.244\/operadoras\/oficina-operadora\/directorio-de-servidores-publicos\/pueblo-viejo-directorio-de-servidores-publicos\/\">Pueblo Viejo<\/a><\/td> <td style=\"height: 24px;\">&#8211; <a href=\"http:\/\/187.174.252.244\/operadoras\/oficina-operadora\/directorio-de-servidores-publicos\/piedras-negras-directorio-de-servidores-publicos\/\">Piedras Negras<\/a><\/td> <td style=\"height: 24px;\">&#8211; <a href=\"http:\/\/187.174.252.244\/operadoras\/oficina-operadora\/directorio-de-servidores-publicos\/juan-rodriguez-clara-directorio-de-servidores-publicos\/\">Juan Rodr\u00edguez Clara<\/a><\/td> <\/tr> <tr style=\"height: 24px;\"> <td style=\"height: 24px;\">&#8211; <a href=\"http:\/\/187.174.252.244\/operadoras\/oficina-operadora\/directorio-de-servidores-publicos\/tantoyuca-directorio-de-servidores-publicos\/\">Tantoyuca<\/a><\/td> <td style=\"height: 24px;\">&#8211; <a href=\"http:\/\/187.174.252.244\/operadoras\/oficina-operadora\/directorio-de-servidores-publicos\/rio-blanco-directorio-de-servidores-publicos\/\">R\u00edo Blanco<\/a><\/td> <td style=\"height: 24px;\">&#8211; <a href=\"http:\/\/187.174.252.244\/operadoras\/oficina-operadora\/directorio-de-servidores-publicos\/las-choapas-directorio-de-servidores-publicos\/\">Las Choapas<\/a><\/td> <\/tr> <tr style=\"height: 24px;\"> <td style=\"height: 24px;\">&#8211; <a href=\"http:\/\/187.174.252.244\/operadoras\/oficina-operadora\/directorio-de-servidores-publicos\/tempoal-directorio-de-servidores-publicos\/\">Tempoal<\/a><\/td> <td style=\"height: 24px;\">&#8211; <a href=\"http:\/\/187.174.252.244\/operadoras\/oficina-operadora\/directorio-de-servidores-publicos\/riviera-veracruzana-directorio-de-servidores-publicos\/\">Riviera Veracruzana<\/a><\/td> <td style=\"height: 24px;\">&#8211; <a href=\"http:\/\/187.174.252.244\/operadoras\/oficina-operadora\/directorio-de-servidores-publicos\/nanchital-directorio-de-servidores-publicos\/\">Nanchital<\/a><\/td> <\/tr> <tr style=\"height: 24px;\"> <td style=\"height: 24px;\">&#8211; <a href=\"http:\/\/187.174.252.244\/operadoras\/oficina-operadora\/directorio-de-servidores-publicos\/tepetzintla-directorio-de-servidores-publicos\/\">Tepetzintla<\/a><\/td> <td style=\"height: 24px;\">&#8211; <a href=\"http:\/\/187.174.252.244\/operadoras\/oficina-operadora\/directorio-de-servidores-publicos\/soledad-de-doblado-directorio-de-servidores-publicos\/\">Soledad de Doblado<\/a><\/td> <td style=\"height: 24px;\">&#8211; <a href=\"http:\/\/187.174.252.244\/operadoras\/oficina-operadora\/directorio-de-servidores-publicos\/otatitlan-directorio-de-servidores-publicos\/\">Otatitl\u00e1n<\/a><\/td> <\/tr> <tr style=\"height: 24px;\"> <td style=\"height: 24px;\">&#8211; <a href=\"http:\/\/187.174.252.244\/operadoras\/oficina-operadora\/directorio-de-servidores-publicos\/tuxpan-directorio-de-servidores-publicos\/\">Tuxpan<\/a><\/td> <td style=\"height: 24px;\">&#8211; <a href=\"http:\/\/187.174.252.244\/operadoras\/oficina-operadora\/directorio-de-servidores-publicos\/tezonapa-directorio-de-servidores-publicos\/\">Tezonapa<\/a><\/td> <td style=\"height: 24px;\">&#8211; <a href=\"http:\/\/187.174.252.244\/operadoras\/oficina-operadora\/directorio-de-servidores-publicos\/playa-vicente-directorio-de-servidores-publicos\/\">Playa Vicente<\/a><\/td> <\/tr> <tr style=\"height: 24px;\"> <td style=\"height: 24px;\">&#8211; <a href=\"http:\/\/187.174.252.244\/operadoras\/oficina-operadora\/directorio-de-servidores-publicos\/vega-de-alatorre\/\">Vega de Alatorre<\/a><\/td> <td style=\"height: 24px;\">&#8211; <a href=\"http:\/\/187.174.252.244\/operadoras\/oficina-operadora\/directorio-de-servidores-publicos\/tlaltetela-directorio-de-servidores-publicos\/\">Tlaltetela<\/a><\/td> <td style=\"height: 24px;\">&#8211; <a href=\"http:\/\/187.174.252.244\/operadoras\/oficina-operadora\/directorio-de-servidores-publicos\/saltabarranca-directorio-de-servidores-publicos\/\">Saltabarranca<\/a><\/td> <\/tr> <tr style=\"height: 24px;\"> <td style=\"height: 24px;\"><\/td> <td style=\"height: 24px;\">&#8211; <a href=\"http:\/\/187.174.252.244\/operadoras\/oficina-operadora\/directorio-de-servidores-publicos\/tlapacoyan-directorio-de-servidores-publicos\/\">Tlapacoyan<\/a><\/td> <td style=\"height: 24px;\">&#8211; <a href=\"http:\/\/187.174.252.244\/operadoras\/oficina-operadora\/directorio-de-servidores-publicos\/santiago-tuxtla-directorio-de-servidores-publicos\/\">Santiago Tuxtla<\/a><\/td> <\/tr> <tr style=\"height: 24px;\"> <td style=\"height: 24px;\"><\/td> <td style=\"height: 24px;\">&#8211; <a href=\"http:\/\/187.174.252.244\/operadoras\/oficina-operadora\/directorio-de-servidores-publicos\/tomatlan-directorio-de-servidores-publicos\/\">Tomatl\u00e1n<\/a><\/td> <td style=\"height: 24px;\">&#8211; <a href=\"http:\/\/187.174.252.244\/operadoras\/oficina-operadora\/directorio-de-servidores-publicos\/sayula-de-aleman-directorio-de-servidores-publicos\/\">Sayula de Alem\u00e1n<\/a><\/td> <\/tr> <tr style=\"height: 24px;\"> <td style=\"height: 24px;\"><\/td> <td style=\"height: 24px;\">&#8211; <a href=\"http:\/\/187.174.252.244\/operadoras\/oficina-operadora\/directorio-de-servidores-publicos\/xico-directorio-de-servidores-publicos\/\">Xico<\/a><\/td> <td style=\"height: 24px;\">&#8211; <a href=\"http:\/\/187.174.252.244\/operadoras\/oficina-operadora\/directorio-de-servidores-publicos\/tlacotalpan-directorio-de-servidores-publicos\/\">Tlacotalpan<\/a><\/td> <\/tr> <tr style=\"height: 24px;\"> <td style=\"height: 24px;\"><\/td> <td style=\"height: 24px;\">&#8211; <a href=\"http:\/\/187.174.252.244\/operadoras\/oficina-operadora\/directorio-de-servidores-publicos\/yanga-directorio-de-servidores-publicos\/\">Yanga<\/a><\/td> <td style=\"height: 24px;\">&#8211; <a href=\"http:\/\/187.174.252.244\/operadoras\/oficina-operadora\/directorio-de-servidores-publicos\/tres-valles-directorio-de-servidores-publicos\/\">Tres Valles<\/a><\/td> <\/tr> <tr style=\"height: 24px;\"> <td style=\"height: 24px;\"><\/td> <td style=\"height: 24px;\"><\/td> <td style=\"height: 24px;\"><\/td> <\/tr> <tr style=\"height: 24px;\"> <td style=\"height: 24px;\"><\/td> <td style=\"height: 24px;\"><\/td> <td style=\"height: 24px;\"><\/td> <\/tr> <tr style=\"height: 24px;\"> <td style=\"height: 24px;\"><\/td> <td style=\"height: 24px;\"><\/td> <td style=\"height: 24px;\"><\/td> <\/tr> <tr style=\"height: 24px;\"> <td style=\"height: 24px;\"><\/td> <td style=\"height: 24px;\"><\/td> <td style=\"height: 24px;\"><\/td> <\/tr> <tr style=\"height: 24px;\"> <td style=\"height: 24px;\"><\/td> <td style=\"height: 24px;\"><\/td> <td style=\"height: 24px;\"><\/td> <\/tr> <\/tbody> <\/table> <p>&nbsp;<\/p> <p>&nbsp;<\/p> <p>&nbsp;<\/p> <p>&nbsp;<\/p> <p>&nbsp;<\/p> <p style=\"text-align: center;\"><a href=\"http:\/\/187.174.252.244\/operadoras\/oficina-operadora\/\"><img loading=\"lazy\" decoding=\"async\" class=\"alignnone size-medium\" src=\"http:\/\/187.174.252.244\/caev\/Oficinas_Operadoras\/Aarchivos\/home1.png\" width=\"36\" height=\"37\" \/><\/a> <a href=\"http:\/\/187.174.252.244\/operadoras\/oficina-operadora\/\">regresar<\/a><\/p> ","protected":false},"excerpt":{"rendered":"<p>&nbsp; ZONA NORTE ZONA CENTRO ZONA SUR &#8211; \u00c1lamo &#8211; Altotonga &#8211; Acayucan &#8211; Cerro Azul &#8211; Alvarado &#8211; Agua Dulce &#8211; Chicontepec &#8211; Chichicaxtle &#8211; \u00c1ngel R. Cabada &#8211; Coatzintla &#8211; Ciudad Mendoza &#8211; Carlos A. Carrillo &#8211; El Higo &#8211; Cuitl\u00e1huac &#8211; Catemaco &#8211; Emilio Carranza &#8211; Ixhuatl\u00e1n del Caf\u00e9 &#8211; Chacaltianguis &#8211; [&hellip;]<\/p>\n","protected":false},"author":1,"featured_media":0,"parent":115,"menu_order":0,"comment_status":"closed","ping_status":"closed","template":"","meta":{"footnotes":""},"class_list":["post-215","page","type-page","status-publish","hentry"],"_links":{"self":[{"href":"http:\/\/187.174.252.244\/operadoras\/wp-json\/wp\/v2\/pages\/215"}],"collection":[{"href":"http:\/\/187.174.252.244\/operadoras\/wp-json\/wp\/v2\/pages"}],"about":[{"href":"http:\/\/187.174.252.244\/operadoras\/wp-json\/wp\/v2\/types\/page"}],"author":[{"embeddable":true,"href":"http:\/\/187.174.252.244\/operadoras\/wp-json\/wp\/v2\/users\/1"}],"replies":[{"embeddable":true,"href":"http:\/\/187.174.252.244\/operadoras\/wp-json\/wp\/v2\/comments?post=215"}],"version-history":[{"count":34,"href":"http:\/\/187.174.252.244\/operadoras\/wp-json\/wp\/v2\/pages\/215\/revisions"}],"predecessor-version":[{"id":66645,"href":"http:\/\/187.174.252.244\/operadoras\/wp-json\/wp\/v2\/pages\/215\/revisions\/66645"}],"up":[{"embeddable":true,"href":"http:\/\/187.174.252.244\/operadoras\/wp-json\/wp\/v2\/pages\/115"}],"wp:attachment":[{"href":"http:\/\/187.174.252.244\/operadoras\/wp-json\/wp\/v2\/media?parent=215"}],"curies":[{"name":"wp","href":"https:\/\/api.w.org\/{rel}","templated":true}]}}