{"id":23708,"date":"2018-11-05T11:21:59","date_gmt":"2018-11-05T17:21:59","guid":{"rendered":"http:\/\/187.174.252.244\/operadoras\/?page_id=23708"},"modified":"2021-06-25T15:05:50","modified_gmt":"2021-06-25T21:05:50","slug":"cazones-de-herrera-fraccion-xxxiv-c-1","status":"publish","type":"page","link":"http:\/\/187.174.252.244\/operadoras\/transparencia\/ley-general-y-ley-875\/cazones-de-herrera-ley-general-y-ley-875-de-transparencia\/cazones-de-herrera-fraccion-xxxiv-c-1\/","title":{"rendered":"Cazones de Herrera &#8211; Fracci\u00f3n XXXIV-C"},"content":{"rendered":"<p><strong>INVENTARIO DE BAJAS PRACTICADAS A BIENES MUEBLES<\/strong><\/p> <p>&nbsp;<\/p> <p>El inventario de bienes muebles e inmuebles en posesi\u00f3n y propiedad<strong>.<\/strong><\/p> <p>&nbsp;<\/p> <div class=\"caja\"> <table style=\"height: 429px;\" width=\"603\"> <tbody> <tr style=\"height: 98px;\"> <td style=\"width: 150px; height: 98px;\"><strong><img loading=\"lazy\" decoding=\"async\" class=\"alignnone wp-image-38889 aligncenter\" src=\"http:\/\/187.174.252.244\/operadoras\/wp-content\/uploads\/2021\/06\/fecha2-296x300.jpg\" alt=\"\" width=\"53\" height=\"54\" srcset=\"http:\/\/187.174.252.244\/operadoras\/wp-content\/uploads\/2021\/06\/fecha2-296x300.jpg 296w, http:\/\/187.174.252.244\/operadoras\/wp-content\/uploads\/2021\/06\/fecha2-150x150.jpg 150w, http:\/\/187.174.252.244\/operadoras\/wp-content\/uploads\/2021\/06\/fecha2.jpg 617w\" sizes=\"(max-width: 53px) 100vw, 53px\" \/><\/strong><\/td> <td style=\"width: 200px; height: 98px;\"> <h4><img loading=\"lazy\" decoding=\"async\" class=\"wp-image-38891 aligncenter\" src=\"http:\/\/187.174.252.244\/operadoras\/wp-content\/uploads\/2021\/06\/trimestres.png\" alt=\"\" width=\"49\" height=\"57\" \/><\/h4> <\/td> <td style=\"width: 231px; height: 98px;\" colspan=\"3\"><img loading=\"lazy\" decoding=\"async\" class=\"wp-image-38890 aligncenter\" src=\"http:\/\/187.174.252.244\/operadoras\/wp-content\/uploads\/2021\/06\/nube-simbolo-descarga_318-49889-300x300.jpg\" alt=\"\" width=\"61\" height=\"61\" srcset=\"http:\/\/187.174.252.244\/operadoras\/wp-content\/uploads\/2021\/06\/nube-simbolo-descarga_318-49889-300x300.jpg 300w, http:\/\/187.174.252.244\/operadoras\/wp-content\/uploads\/2021\/06\/nube-simbolo-descarga_318-49889-150x150.jpg 150w, http:\/\/187.174.252.244\/operadoras\/wp-content\/uploads\/2021\/06\/nube-simbolo-descarga_318-49889.jpg 626w\" sizes=\"(max-width: 61px) 100vw, 61px\" \/><\/td> <\/tr> <tr style=\"height: 66px;\"> <td style=\"text-align: center; height: 66px; width: 150px;\"><span style=\"color: #000000;\"><strong>A\u00f1o<br \/> <\/strong><\/span><\/td> <td style=\"text-align: center; height: 66px; width: 200px;\"><span style=\"color: #000000;\"><strong>Semestre<\/strong><\/span><\/td> <td style=\"text-align: center; height: 66px; width: 231px;\" colspan=\"3\"><span style=\"color: #000000;\"><strong>Descargar Informaci\u00f3n<\/strong><\/span><\/td> <\/tr> <tr style=\"height: 56px;\"> <td style=\"text-align: center; height: 56px; width: 150px;\"><span style=\"color: #000000;\">2017<\/span><\/td> <td style=\"text-align: center; height: 56px; width: 200px;\"><span style=\"color: #000000;\">Primero<\/span><\/td> <td style=\"text-align: center; height: 56px; width: 231px;\" colspan=\"3\"><a href=\"http:\/\/187.174.252.244\/caev\/pdfs\/oficinas_operadoras\/Cazones\/2017\/2-OP-FORM34C-17-2.xls\">descargar archivo<\/a><\/td> <\/tr> <tr style=\"height: 56px;\"> <td style=\"text-align: center; height: 56px; width: 150px;\"><span style=\"color: #000000;\">2017<\/span><\/td> <td style=\"text-align: center; height: 56px; width: 200px;\"><span style=\"color: #000000;\">Segundo<\/span><\/td> <td style=\"text-align: center; height: 56px; width: 231px;\" colspan=\"3\"><a href=\"http:\/\/187.174.252.244\/caev\/pdfs\/oficinas_operadoras\/Cazones\/2017\/2-OP-FORM34C-17-4.xls\">descargar archivo<\/a><\/td> <\/tr> <tr style=\"height: 56px;\"> <td style=\"text-align: center; height: 56px; width: 150px;\"><\/td> <td style=\"text-align: center; height: 56px; width: 200px;\"><\/td> <td style=\"text-align: center; height: 56px; width: 231px;\" colspan=\"3\"><\/td> <\/tr> <tr style=\"height: 56px;\"> <td style=\"text-align: center; height: 56px; width: 150px;\"><\/td> <td style=\"text-align: center; height: 56px; width: 200px;\"><\/td> <td style=\"text-align: center; height: 56px; width: 231px;\" colspan=\"3\"><\/td> <\/tr> <\/tbody> <\/table> <p>&nbsp;<\/p> <\/div> <p style=\"text-align: center;\"><a href=\"http:\/\/187.174.252.244\/operadoras\/transparencia\/ley-general-y-ley-875\/cazones-de-herrera-ley-general-y-ley-875-de-transparencia\/\"><img loading=\"lazy\" decoding=\"async\" class=\"alignnone size-medium\" src=\"http:\/\/187.174.252.244\/caev\/Oficinas_Operadoras\/Aarchivos\/home1.png\" width=\"36\" height=\"37\" \/><\/a> <a href=\"http:\/\/187.174.252.244\/operadoras\/transparencia\/ley-general-y-ley-875\/cazones-de-herrera-ley-general-y-ley-875-de-transparencia\/\">regresar<\/a><\/p> ","protected":false},"excerpt":{"rendered":"<p>INVENTARIO DE BAJAS PRACTICADAS A BIENES MUEBLES &nbsp; El inventario de bienes muebles e inmuebles en posesi\u00f3n y propiedad. &nbsp; A\u00f1o Semestre Descargar Informaci\u00f3n 2017 Primero descargar archivo 2017 Segundo descargar archivo &nbsp; regresar<\/p>\n","protected":false},"author":1,"featured_media":0,"parent":6674,"menu_order":0,"comment_status":"closed","ping_status":"closed","template":"","meta":{"footnotes":""},"class_list":["post-23708","page","type-page","status-publish","hentry"],"_links":{"self":[{"href":"http:\/\/187.174.252.244\/operadoras\/wp-json\/wp\/v2\/pages\/23708"}],"collection":[{"href":"http:\/\/187.174.252.244\/operadoras\/wp-json\/wp\/v2\/pages"}],"about":[{"href":"http:\/\/187.174.252.244\/operadoras\/wp-json\/wp\/v2\/types\/page"}],"author":[{"embeddable":true,"href":"http:\/\/187.174.252.244\/operadoras\/wp-json\/wp\/v2\/users\/1"}],"replies":[{"embeddable":true,"href":"http:\/\/187.174.252.244\/operadoras\/wp-json\/wp\/v2\/comments?post=23708"}],"version-history":[{"count":4,"href":"http:\/\/187.174.252.244\/operadoras\/wp-json\/wp\/v2\/pages\/23708\/revisions"}],"predecessor-version":[{"id":39300,"href":"http:\/\/187.174.252.244\/operadoras\/wp-json\/wp\/v2\/pages\/23708\/revisions\/39300"}],"up":[{"embeddable":true,"href":"http:\/\/187.174.252.244\/operadoras\/wp-json\/wp\/v2\/pages\/6674"}],"wp:attachment":[{"href":"http:\/\/187.174.252.244\/operadoras\/wp-json\/wp\/v2\/media?parent=23708"}],"curies":[{"name":"wp","href":"https:\/\/api.w.org\/{rel}","templated":true}]}}