{"id":246,"date":"2018-01-18T17:03:04","date_gmt":"2018-01-18T23:03:04","guid":{"rendered":"http:\/\/localhost\/?page_id=246"},"modified":"2026-03-10T16:33:28","modified_gmt":"2026-03-10T22:33:28","slug":"requisitos-para-contratacion","status":"publish","type":"page","link":"http:\/\/187.174.252.244\/operadoras\/servicios\/requisitos-para-contratacion\/","title":{"rendered":"Requisitos para Contrataci\u00f3n"},"content":{"rendered":"<table style=\"height: 696px;\" width=\"725\"> <tbody> <tr style=\"height: 24px;\"> <td style=\"background-color: #86163b; height: 24px;\"><span style=\"color: #ffffff;\"><strong>ZONA NORTE<\/strong><\/span><\/td> <td style=\"background-color: #86163b; height: 24px;\"><span style=\"color: #ffffff;\"><strong>ZONA CENTRO<br \/> <\/strong><\/span><\/td> <td style=\"background-color: #86163b; height: 24px;\"><span style=\"color: #ffffff;\"><strong>ZONA SUR<br \/> <\/strong><\/span><\/td> <\/tr> <tr style=\"height: 24px;\"> <td style=\"height: 24px;\">&#8211; <a href=\"http:\/\/187.174.252.244\/operadoras\/servicios\/requisitos-para-contratacion\/alamo-requisitos-para-contratacion\/\">\u00c1lamo<\/a><\/td> <td style=\"height: 24px;\">&#8211; <a href=\"http:\/\/187.174.252.244\/operadoras\/servicios\/requisitos-para-contratacion\/altotonga-requisitos-para-contratacion\/\">Altotonga<\/a><\/td> <td style=\"height: 24px;\">&#8211; <a href=\"http:\/\/187.174.252.244\/operadoras\/servicios\/requisitos-para-contratacion\/acayucan-requisitos-para-contratacion\/\">Acayucan<\/a><\/td> <\/tr> <tr style=\"height: 24px;\"> <td style=\"height: 24px;\">&#8211; <a href=\"http:\/\/187.174.252.244\/operadoras\/servicios\/requisitos-para-contratacion\/cerro-azul-requisitos-para-contratacion\/\">Cerro Azul<\/a><\/td> <td style=\"height: 24px;\">&#8211; <a href=\"http:\/\/187.174.252.244\/operadoras\/servicios\/requisitos-para-contratacion\/alvarado-requisitos-para-contratacion\/\">Alvarado<\/a><\/td> <td style=\"height: 24px;\">&#8211; <a href=\"http:\/\/187.174.252.244\/operadoras\/servicios\/requisitos-para-contratacion\/agua-dulce-requisitos-para-contratacion\/\">Agua Dulce<\/a><\/td> <\/tr> <tr style=\"height: 24px;\"> <td style=\"height: 24px;\">&#8211; <a href=\"http:\/\/187.174.252.244\/operadoras\/servicios\/requisitos-para-contratacion\/chicontepec-requisitos-para-contratacion\/\">Chicontepec<\/a><\/td> <td style=\"height: 24px;\">&#8211; <a href=\"http:\/\/187.174.252.244\/operadoras\/servicios\/requisitos-para-contratacion\/chichicaxtle-requisitos-para-contratacion\/\">Chichicaxtle<\/a><\/td> <td style=\"height: 24px;\">&#8211; <a href=\"http:\/\/187.174.252.244\/operadoras\/servicios\/requisitos-para-contratacion\/angel-r-cabada-requisitos-para-contratacion\/\">\u00c1ngel R. Cabada<\/a><\/td> <\/tr> <tr style=\"height: 24px;\"> <td style=\"height: 24px;\">&#8211; <a href=\"http:\/\/187.174.252.244\/operadoras\/servicios\/requisitos-para-contratacion\/coatzintla-requisitos-para-contratacion\/\">Coatzintla<\/a><\/td> <td style=\"height: 24px;\">&#8211; <a href=\"http:\/\/187.174.252.244\/operadoras\/servicios\/requisitos-para-contratacion\/ciudad-mendoza-requisitos-para-contratacion\/\">Ciudad Mendoza<\/a><\/td> <td style=\"height: 24px;\">&#8211; <a href=\"http:\/\/187.174.252.244\/operadoras\/servicios\/requisitos-para-contratacion\/carlos-a-carrillo-requisitos-para-contratacion\/\">Carlos A. Carrillo<\/a><\/td> <\/tr> <tr style=\"height: 24px;\"> <td style=\"height: 24px;\">&#8211; <a href=\"http:\/\/187.174.252.244\/operadoras\/servicios\/requisitos-para-contratacion\/el-higo-requisitos-para-contratacion\/\">El Higo<\/a><\/td> <td style=\"height: 24px;\">&#8211; <a href=\"http:\/\/187.174.252.244\/operadoras\/servicios\/requisitos-para-contratacion\/cuitlahuac-requisitos-para-contratacion\/\">Cuitl\u00e1huac<\/a><\/td> <td style=\"height: 24px;\">&#8211; <a href=\"http:\/\/187.174.252.244\/operadoras\/servicios\/requisitos-para-contratacion\/catemaco-requisitos-para-contratacion\/\">Catemaco<\/a><\/td> <\/tr> <tr style=\"height: 24px;\"> <td style=\"height: 24px;\">&#8211; <a href=\"http:\/\/187.174.252.244\/operadoras\/servicios\/requisitos-para-contratacion\/emilio-carranza-requisitos-para-contratacion\/\">Emilio Carranza<\/a><\/td> <td style=\"height: 24px;\">&#8211; <a href=\"http:\/\/187.174.252.244\/operadoras\/servicios\/requisitos-para-contratacion\/ixhuatlan-del-cafe-requisitos-para-contratacion\/\">Ixhuatl\u00e1n del Caf\u00e9<\/a><\/td> <td style=\"height: 24px;\">&#8211; <a href=\"http:\/\/187.174.252.244\/operadoras\/servicios\/requisitos-para-contratacion\/chacaltianguis-requisitos-para-contratacion\/\">Chacaltianguis<\/a><\/td> <\/tr> <tr style=\"height: 24px;\"> <td style=\"height: 24px;\">&#8211; <a href=\"http:\/\/187.174.252.244\/operadoras\/servicios\/requisitos-para-contratacion\/gutierrez-zamora-requisitos-para-contratacion\/\">Guti\u00e9rrez Zamora<\/a><\/td> <td style=\"height: 24px;\">&#8211; <a href=\"http:\/\/187.174.252.244\/operadoras\/servicios\/requisitos-para-contratacion\/jalacingo-requisitos-para-contratacion\/\">Jalacingo<\/a><\/td> <td style=\"height: 24px;\">&#8211; <a href=\"http:\/\/187.174.252.244\/operadoras\/servicios\/requisitos-para-contratacion\/chinameca-requisitos-para-contratacion\/\">Chinameca<\/a><\/td> <\/tr> <tr style=\"height: 24px;\"> <td style=\"height: 24px;\">&#8211; <a href=\"http:\/\/187.174.252.244\/operadoras\/servicios\/requisitos-para-contratacion\/martinez-de-la-torre-requisitos-para-contratacion\/\">Mart\u00ednez de la Torre<\/a><\/td> <td style=\"height: 24px;\">&#8211; <a href=\"http:\/\/187.174.252.244\/operadoras\/servicios\/requisitos-para-contratacion\/las-vigas-de-ramirez-requisitos-para-contratacion\/\">Las Vigas de Ram\u00edrez<\/a><\/td> <td style=\"height: 24px;\">&#8211; <a href=\"http:\/\/187.174.252.244\/operadoras\/servicios\/requisitos-para-contratacion\/ciudad-aleman-requisitos-para-contratacion\/\">Ciudad Alem\u00e1n<\/a><\/td> <\/tr> <tr style=\"height: 24px;\"> <td style=\"height: 24px;\">&#8211; <a href=\"http:\/\/187.174.252.244\/operadoras\/servicios\/requisitos-para-contratacion\/naranjos-amatlan-requisitos-para-contratacion\/\">Naranjos<\/a><\/td> <td style=\"height: 24px;\">&#8211; <a href=\"http:\/\/187.174.252.244\/operadoras\/servicios\/requisitos-para-contratacion\/misantla-requisitos-para-contratacion\/\">Misantla<\/a><\/td> <td style=\"height: 24px;\">&#8211; <a href=\"http:\/\/187.174.252.244\/operadoras\/oficina-operadora\/estructura-organica-y-atribuciones\/cuenca-del-papaloapan-estructura-organica-y-atribuciones\/\">Cosamaloapan<\/a><\/td> <\/tr> <tr style=\"height: 24px;\"> <td style=\"height: 24px;\">&#8211; <a href=\"http:\/\/187.174.252.244\/operadoras\/servicios\/requisitos-para-contratacion\/panuco-requisitos-para-contratacion\/\">P\u00e1nuco<\/a><\/td> <td style=\"height: 24px;\">&#8211; <a href=\"http:\/\/187.174.252.244\/operadoras\/servicios\/requisitos-para-contratacion\/nogales-requisitos-para-contratacion\/\">Nogales<\/a><\/td> <td style=\"height: 24px;\">&#8211; <a href=\"http:\/\/187.174.252.244\/operadoras\/servicios\/requisitos-para-contratacion\/ixhuatlan-del-sureste-requisitos-para-contratacion\/\">Ixhuatl\u00e1n del Sureste<\/a><\/td> <\/tr> <tr style=\"height: 24px;\"> <td style=\"height: 24px;\">&#8211; <a href=\"http:\/\/187.174.252.244\/operadoras\/servicios\/requisitos-para-contratacion\/papantla-requisitos-para-contratacion\/\">Papantla<\/a><\/td> <td style=\"height: 24px;\">&#8211; <a href=\"http:\/\/187.174.252.244\/operadoras\/servicios\/requisitos-para-contratacion\/paso-del-macho-requisitos-para-contratacion\/\">Paso del Macho<\/a><\/td> <td style=\"height: 24px;\">&#8211; <a href=\"http:\/\/187.174.252.244\/operadoras\/servicios\/requisitos-para-contratacion\/jesus-carranza-requisitos-para-contratacion\/\">Jes\u00fas Carranza<\/a><\/td> <\/tr> <tr style=\"height: 24px;\"> <td style=\"height: 24px;\">&#8211; <a href=\"http:\/\/187.174.252.244\/operadoras\/servicios\/requisitos-para-contratacion\/platon-sanchez-requisitos-para-contratacion\/\">Plat\u00f3n S\u00e1nchez<\/a><\/td> <td style=\"height: 24px;\">&#8211; <a href=\"http:\/\/187.174.252.244\/operadoras\/servicios\/requisitos-para-contratacion\/penuela-requisitos-para-contratacion\/\">Pe\u00f1uela<\/a><\/td> <td style=\"height: 24px;\">&#8211; <a href=\"http:\/\/187.174.252.244\/operadoras\/servicios\/requisitos-para-contratacion\/jose-azueta-requisitos-para-contratacion\/\">Jos\u00e9 Azueta<\/a><\/td> <\/tr> <tr style=\"height: 24px;\"> <td style=\"height: 24px;\">&#8211; <a href=\"http:\/\/187.174.252.244\/operadoras\/servicios\/requisitos-para-contratacion\/poza-rica-requisitos-para-contratacion\/\">Poza Rica<\/a><\/td> <td style=\"height: 24px;\">&#8211; <a href=\"http:\/\/187.174.252.244\/operadoras\/servicios\/requisitos-para-contratacion\/perote-requisitos-para-contratacion\/\">Perote<\/a><\/td> <td style=\"height: 24px;\">&#8211; <a href=\"http:\/\/187.174.252.244\/operadoras\/servicios\/requisitos-para-contratacion\/juan-diaz-covarrubias-requisitos-para-contratacion\/\">Juan D\u00edaz Covarrubias<\/a><\/td> <\/tr> <tr style=\"height: 24px;\"> <td style=\"height: 24px;\">&#8211; <a href=\"http:\/\/187.174.252.244\/operadoras\/servicios\/requisitos-para-contratacion\/pueblo-viejo-requisitos-para-contratacion\/\">Pueblo Viejo<\/a><\/td> <td style=\"height: 24px;\">&#8211; <a href=\"http:\/\/187.174.252.244\/operadoras\/servicios\/requisitos-para-contratacion\/piedras-negras-requisitos-para-contratacion\/\">Piedras Negras<\/a><\/td> <td style=\"height: 24px;\">&#8211; <a href=\"http:\/\/187.174.252.244\/operadoras\/servicios\/requisitos-para-contratacion\/juan-rodriguez-clara-requisitos-para-contratacion\/\">Juan Rodr\u00edguez Clara<\/a><\/td> <\/tr> <tr style=\"height: 24px;\"> <td style=\"height: 24px;\">&#8211; <a href=\"http:\/\/187.174.252.244\/operadoras\/servicios\/requisitos-para-contratacion\/tantoyuca-requisitos-para-contratacion\/\">Tantoyuca<\/a><\/td> <td style=\"height: 24px;\">&#8211; <a href=\"http:\/\/187.174.252.244\/operadoras\/servicios\/requisitos-para-contratacion\/rio-blanco-requisitos-para-contratacion\/\">R\u00edo Blanco<\/a><\/td> <td style=\"height: 24px;\">&#8211; <a href=\"http:\/\/187.174.252.244\/operadoras\/servicios\/requisitos-para-contratacion\/las-choapas-requisitos-para-contratacion\/\">Las Choapas<\/a><\/td> <\/tr> <tr style=\"height: 24px;\"> <td style=\"height: 24px;\">&#8211; <a href=\"http:\/\/187.174.252.244\/operadoras\/servicios\/requisitos-para-contratacion\/tempoal-requisitos-para-contratacion\/\">Tempoal<\/a><\/td> <td style=\"height: 24px;\">&#8211; <a href=\"http:\/\/187.174.252.244\/operadoras\/servicios\/requisitos-para-contratacion\/riviera-veracruzana-requisitos-para-contratacion\/\">Riviera Veracruzana<\/a><\/td> <td style=\"height: 24px;\">&#8211; <a href=\"http:\/\/187.174.252.244\/operadoras\/servicios\/requisitos-para-contratacion\/nanchital-requisitos-para-contratacion\/\">Nanchital<\/a><\/td> <\/tr> <tr style=\"height: 24px;\"> <td style=\"height: 24px;\">&#8211; <a href=\"http:\/\/187.174.252.244\/operadoras\/servicios\/requisitos-para-contratacion\/tepetzintla-requisitos-para-contratacion\/\">Tepetzintla<\/a><\/td> <td style=\"height: 24px;\">&#8211; <a href=\"http:\/\/187.174.252.244\/operadoras\/servicios\/requisitos-para-contratacion\/soledad-de-doblado-requisitos-para-contratacion\/\">Soledad de Doblado<\/a><\/td> <td style=\"height: 24px;\">&#8211; <a href=\"http:\/\/187.174.252.244\/operadoras\/servicios\/requisitos-para-contratacion\/otatitlan-requisitos-para-contratacion\/\">Otatitl\u00e1n<\/a><\/td> <\/tr> <tr style=\"height: 24px;\"> <td style=\"height: 24px;\">&#8211; <a href=\"http:\/\/187.174.252.244\/operadoras\/servicios\/requisitos-para-contratacion\/tuxpan-requisitos-para-contratacion\/\">Tuxpan<\/a><\/td> <td style=\"height: 24px;\">&#8211; <a href=\"http:\/\/187.174.252.244\/operadoras\/servicios\/requisitos-para-contratacion\/tezonapa-requisitos-para-contratacion\/\">Tezonapa<\/a><\/td> <td style=\"height: 24px;\">&#8211; <a href=\"http:\/\/187.174.252.244\/operadoras\/servicios\/requisitos-para-contratacion\/playa-vicente-requisitos-para-contratacion\/\">Playa Vicente<\/a><\/td> <\/tr> <tr style=\"height: 24px;\"> <td style=\"height: 24px;\">&#8211; <a href=\"http:\/\/187.174.252.244\/operadoras\/servicios\/requisitos-para-contratacion\/vega-de-alatorre-requisitos-para-contratacion\/\">Vega de Alatorre<\/a><\/td> <td style=\"height: 24px;\">&#8211; <a href=\"http:\/\/187.174.252.244\/operadoras\/servicios\/requisitos-para-contratacion\/tlaltetela-requisitos-para-contratacion\/\">Tlaltetela<\/a><\/td> <td style=\"height: 24px;\">&#8211; <a href=\"http:\/\/187.174.252.244\/operadoras\/servicios\/requisitos-para-contratacion\/saltabarranca-requisitos-para-contratacion\/\">Saltabarranca<\/a><\/td> <\/tr> <tr style=\"height: 24px;\"> <td style=\"height: 24px;\"><\/td> <td style=\"height: 24px;\">&#8211; <a href=\"http:\/\/187.174.252.244\/operadoras\/servicios\/requisitos-para-contratacion\/tlapacoyan-requisitos-para-contratacion\/\">Tlapacoyan<\/a><\/td> <td style=\"height: 24px;\">&#8211; <a href=\"http:\/\/187.174.252.244\/operadoras\/servicios\/requisitos-para-contratacion\/santiago-tuxtla-requisitos-para-contratacion\/\">Santiago Tuxtla<\/a><\/td> <\/tr> <tr style=\"height: 24px;\"> <td style=\"height: 24px;\"><\/td> <td style=\"height: 24px;\">&#8211; <a href=\"http:\/\/187.174.252.244\/operadoras\/servicios\/requisitos-para-contratacion\/tomatlan-requisitos-para-contratacion\/\">Tomatl\u00e1n<\/a><\/td> <td style=\"height: 24px;\">&#8211; <a href=\"http:\/\/187.174.252.244\/operadoras\/servicios\/requisitos-para-contratacion\/sayula-de-aleman-requisitos-para-contratacion\/\">Sayula de Alem\u00e1n<\/a><\/td> <\/tr> <tr style=\"height: 24px;\"> <td style=\"height: 24px;\"><\/td> <td style=\"height: 24px;\">\u00a0&#8211; <a href=\"http:\/\/187.174.252.244\/operadoras\/servicios\/requisitos-para-contratacion\/xico-requisitos-para-contratacion\/\">Xico<\/a><\/td> <td style=\"height: 24px;\">&#8211; <a href=\"http:\/\/187.174.252.244\/operadoras\/servicios\/requisitos-para-contratacion\/tlacotalpan-requisitos-para-contratacion\/\">Tlacotalpan<\/a><\/td> <\/tr> <tr style=\"height: 24px;\"> <td style=\"height: 24px;\"><\/td> <td style=\"height: 24px;\">&#8211; <a href=\"http:\/\/187.174.252.244\/operadoras\/servicios\/requisitos-para-contratacion\/yanga-requisitos-para-contratacion\/\">Yanga<\/a><\/td> <td style=\"height: 24px;\">&#8211; <a href=\"http:\/\/187.174.252.244\/operadoras\/servicios\/requisitos-para-contratacion\/tres-valles-requisitos-para-contratacion\/\">Tres Valles<\/a><\/td> <\/tr> <tr style=\"height: 24px;\"> <td style=\"height: 24px;\"><\/td> <td style=\"height: 24px;\"><\/td> <td style=\"height: 24px;\"><\/td> <\/tr> <tr style=\"height: 24px;\"> <td style=\"height: 24px;\"><\/td> <td style=\"height: 24px;\"><\/td> <td style=\"height: 24px;\"><\/td> <\/tr> <tr style=\"height: 24px;\"> <td style=\"height: 24px;\"><\/td> <td style=\"height: 24px;\"><\/td> <td style=\"height: 24px;\"><\/td> <\/tr> <tr style=\"height: 24px;\"> <td style=\"height: 24px;\"><\/td> <td style=\"height: 24px;\"><\/td> <td style=\"height: 24px;\"><\/td> <\/tr> <tr style=\"height: 24px;\"> <td style=\"height: 24px;\"><\/td> <td style=\"height: 24px;\"><\/td> <td style=\"height: 24px;\"><\/td> <\/tr> <\/tbody> <\/table> <p>&nbsp;<\/p> <p>&nbsp;<\/p> <p>&nbsp;<\/p> <p>&nbsp;<\/p> <p>&nbsp;<\/p> <p style=\"text-align: center;\"><a href=\"http:\/\/187.174.252.244\/operadoras\/servicios\/\"><img loading=\"lazy\" decoding=\"async\" class=\"alignnone size-medium\" src=\"http:\/\/187.174.252.244\/caev\/Oficinas_Operadoras\/Aarchivos\/home1.png\" width=\"36\" height=\"37\" \/><\/a> <a href=\"http:\/\/187.174.252.244\/operadoras\/servicios\/\">regresar<\/a><\/p> ","protected":false},"excerpt":{"rendered":"<p>ZONA NORTE ZONA CENTRO ZONA SUR &#8211; \u00c1lamo &#8211; Altotonga &#8211; Acayucan &#8211; Cerro Azul &#8211; Alvarado &#8211; Agua Dulce &#8211; Chicontepec &#8211; Chichicaxtle &#8211; \u00c1ngel R. Cabada &#8211; Coatzintla &#8211; Ciudad Mendoza &#8211; Carlos A. Carrillo &#8211; El Higo &#8211; Cuitl\u00e1huac &#8211; Catemaco &#8211; Emilio Carranza &#8211; Ixhuatl\u00e1n del Caf\u00e9 &#8211; Chacaltianguis &#8211; Guti\u00e9rrez [&hellip;]<\/p>\n","protected":false},"author":1,"featured_media":0,"parent":159,"menu_order":0,"comment_status":"closed","ping_status":"closed","template":"","meta":{"footnotes":""},"class_list":["post-246","page","type-page","status-publish","hentry"],"_links":{"self":[{"href":"http:\/\/187.174.252.244\/operadoras\/wp-json\/wp\/v2\/pages\/246"}],"collection":[{"href":"http:\/\/187.174.252.244\/operadoras\/wp-json\/wp\/v2\/pages"}],"about":[{"href":"http:\/\/187.174.252.244\/operadoras\/wp-json\/wp\/v2\/types\/page"}],"author":[{"embeddable":true,"href":"http:\/\/187.174.252.244\/operadoras\/wp-json\/wp\/v2\/users\/1"}],"replies":[{"embeddable":true,"href":"http:\/\/187.174.252.244\/operadoras\/wp-json\/wp\/v2\/comments?post=246"}],"version-history":[{"count":21,"href":"http:\/\/187.174.252.244\/operadoras\/wp-json\/wp\/v2\/pages\/246\/revisions"}],"predecessor-version":[{"id":66753,"href":"http:\/\/187.174.252.244\/operadoras\/wp-json\/wp\/v2\/pages\/246\/revisions\/66753"}],"up":[{"embeddable":true,"href":"http:\/\/187.174.252.244\/operadoras\/wp-json\/wp\/v2\/pages\/159"}],"wp:attachment":[{"href":"http:\/\/187.174.252.244\/operadoras\/wp-json\/wp\/v2\/media?parent=246"}],"curies":[{"name":"wp","href":"https:\/\/api.w.org\/{rel}","templated":true}]}}