{"id":26473,"date":"2019-01-29T17:34:50","date_gmt":"2019-01-29T23:34:50","guid":{"rendered":"http:\/\/187.174.252.244\/operadoras\/?page_id=26473"},"modified":"2021-07-20T15:43:19","modified_gmt":"2021-07-20T21:43:19","slug":"perote-fraccion-viii-1","status":"publish","type":"page","link":"http:\/\/187.174.252.244\/operadoras\/transparencia\/ley-general-y-ley-875\/perote-ley-general-y-ley-875-de-transparencia\/perote-fraccion-viii-1\/","title":{"rendered":"Perote &#8211; Fracci\u00f3n VIII"},"content":{"rendered":"<p><strong>REMUNERACI\u00d3N BRUTA Y NETA<\/strong><\/p> <p>&nbsp;<\/p> <p>La remuneraci\u00f3n bruta y neta de todos los servidores p\u00fablicos de base, confianza y supernumerarios, de todas las percepciones, incluyendo sueldos, prestaciones, gratificaciones, primas, comisiones, dietas, bonos, est\u00edmulos, ingresos y sistemas de compensaci\u00f3n, se\u00f1alando la periodicidad de dicha remuneraci\u00f3n.<\/p> <p>&nbsp;<\/p> <p><strong><span style=\"color: #000000;\">EJERCICIO 2019<\/span><\/strong><\/p> <p>&nbsp;<\/p> <div class=\"caja\"> <table width=\"636\"> <tbody> <tr> <td style=\"width: 140px;\"><strong><img loading=\"lazy\" decoding=\"async\" class=\"alignnone aligncenter\" src=\"http:\/\/187.174.252.244\/caev\/Image\/2018\/fecha3-ico.png\" alt=\"\" width=\"46\" height=\"50\" \/><\/strong><\/td> <td style=\"width: 140px;\"> <h4>Ejercicio:<\/h4> <\/td> <td style=\"width: 140px;\" colspan=\"3\"> <p>&nbsp;<\/p> <p>2019<\/td> <\/tr> <\/tbody> <\/table> <p>&nbsp;<\/p> <table style=\"height: 384px; width: 700px;\" width=\"700\"> <tbody> <tr style=\"height: 61px;\"> <td style=\"width: 107px; height: 61px;\"><img loading=\"lazy\" decoding=\"async\" class=\"aligncenter\" src=\"http:\/\/187.174.252.244\/caev\/Image\/2018\/trimestre-ico.png\" alt=\"\" width=\"53\" height=\"60\" \/><\/td> <td style=\"width: 214px; height: 61px;\"><img loading=\"lazy\" decoding=\"async\" class=\"aligncenter\" src=\"http:\/\/187.174.252.244\/caev\/Image\/2018\/usuario-ico.png\" alt=\"\" width=\"56\" height=\"60\" \/><\/td> <td style=\"width: 112px; height: 61px;\"><img loading=\"lazy\" decoding=\"async\" class=\"aligncenter\" src=\"http:\/\/187.174.252.244\/caev\/Image\/2018\/anio-ico.png\" alt=\"\" width=\"59\" height=\"60\" \/><\/td> <td style=\"width: 120px; height: 61px;\"><img loading=\"lazy\" decoding=\"async\" class=\"aligncenter\" src=\"http:\/\/187.174.252.244\/caev\/Image\/2018\/anio-ico.png\" alt=\"\" width=\"59\" height=\"60\" \/><\/td> <td style=\"width: 113px; height: 61px;\"><img loading=\"lazy\" decoding=\"async\" class=\"aligncenter\" src=\"http:\/\/187.174.252.244\/caev\/Image\/2018\/cloud-ico.png\" alt=\"\" width=\"57\" height=\"60\" \/><\/td> <\/tr> <tr style=\"height: 96px;\"> <td style=\"text-align: center; height: 96px; width: 107px;\"><span style=\"color: #000000;\"><strong>Trimestre<\/strong><em><br \/> <\/em><\/span><\/td> <td style=\"text-align: center; height: 96px; width: 214px;\"><span style=\"color: #000000;\"><strong>\u00c1rea Responsable<\/strong><\/span><\/td> <td style=\"text-align: center; height: 96px; width: 112px;\"><span style=\"color: #000000;\"><strong>Fecha de Validaci\u00f3n de la Informaci\u00f3n<\/strong><\/span><\/td> <td style=\"text-align: center; height: 96px; width: 120px;\"><span style=\"color: #000000;\"><strong>Fecha de Actualizaci\u00f3n de la Inf.<\/strong><\/span><\/td> <td style=\"text-align: center; height: 96px; width: 113px;\"><span style=\"color: #000000;\"><strong>Descargar Informaci\u00f3n<\/strong><\/span><\/td> <\/tr> <tr style=\"height: 24px;\"> <td style=\"height: 24px; width: 107px;\"><\/td> <td style=\"height: 24px; width: 214px;\"><\/td> <td style=\"height: 24px; width: 112px;\"><\/td> <td style=\"height: 24px; width: 120px;\"><\/td> <td style=\"height: 24px; width: 113px;\"><\/td> <\/tr> <tr style=\"height: 48px;\"> <td style=\"text-align: center; height: 48px; width: 107px;\"><span style=\"color: #000000;\">Primero<\/span><\/td> <td style=\"text-align: center; height: 48px; width: 214px;\"><span style=\"color: #000000;\">Oficina de Recursos Humanos<\/span><\/td> <td style=\"text-align: center; height: 48px; width: 112px;\"><span style=\"color: #000000;\">30\/04\/2019<\/span><\/td> <td style=\"text-align: center; height: 48px; width: 120px;\"><span style=\"color: #000000;\">29\/03\/2019<\/span><\/td> <td style=\"text-align: center; height: 48px; width: 113px;\"><a href=\"http:\/\/187.174.252.244\/caev\/pdfs\/oficinas_operadoras\/Perote\/2019\/32-FORM8-19-1.xlsx\">descargar archivo<\/a><\/td> <\/tr> <tr style=\"height: 24px;\"> <td style=\"text-align: center; height: 24px; width: 107px;\">Segundo<\/td> <td style=\"text-align: center; height: 24px; width: 214px;\">Oficina de Recursos Humanos<\/td> <td style=\"text-align: center; height: 24px; width: 112px;\"><span style=\"color: #000000;\">05\/07\/2019<\/span><\/td> <td style=\"text-align: center; height: 24px; width: 120px;\"><span style=\"color: #000000;\">28\/06\/2019<\/span><\/td> <td style=\"height: 24px; text-align: center; width: 113px;\"><a href=\"http:\/\/187.174.252.244\/caev\/pdfs\/oficinas_operadoras\/Perote\/2019\/32-FORM8-19-2.xlsx\">descargar archivo<\/a><\/td> <\/tr> <tr style=\"height: 24px;\"> <td style=\"text-align: center; height: 24px; width: 107px;\">Tercero<\/td> <td style=\"text-align: center; height: 24px; width: 214px;\"><span style=\"color: #000000;\">Oficina de Recursos Humanos<\/span><\/td> <td style=\"text-align: center; height: 24px; width: 112px;\">\u00a014<span style=\"color: #000000;\">\/10\/2019<\/span><\/td> <td style=\"text-align: center; height: 24px; width: 120px;\">\u00a010<span style=\"color: #000000;\">\/10\/2019<\/span><\/td> <td style=\"text-align: center; height: 24px; width: 113px;\"><a href=\"http:\/\/187.174.252.244\/caev\/pdfs\/oficinas_operadoras\/Perote\/2019\/32-FORM8-19-3.xlsx\">descargar archivo<\/a><\/td> <\/tr> <tr style=\"height: 24px;\"> <td style=\"text-align: center; height: 24px; width: 107px;\"><\/td> <td style=\"text-align: center; height: 24px; width: 214px;\"><\/td> <td style=\"text-align: center; height: 24px; width: 112px;\"><\/td> <td style=\"text-align: center; height: 24px; width: 120px;\"><\/td> <td style=\"text-align: center; height: 24px; width: 113px;\"><\/td> <\/tr> <tr style=\"height: 24px;\"> <td style=\"text-align: center; height: 24px; width: 107px;\"><\/td> <td style=\"text-align: center; height: 24px; width: 214px;\"><\/td> <td style=\"text-align: center; height: 24px; width: 112px;\"><\/td> <td style=\"text-align: center; height: 24px; width: 120px;\"><\/td> <td style=\"text-align: center; height: 24px; width: 113px;\"><\/td> <\/tr> <\/tbody> <\/table> <\/div> <hr \/> <p>&nbsp;<\/p> <p><strong><span style=\"color: #000000;\">EJERCICIO 2018<\/span><\/strong><\/p> <div class=\"wp-menu-name\"><\/div> <div> <div class=\"caja\"> <table width=\"636\"> <tbody> <tr> <td style=\"width: 140px;\"><strong><img loading=\"lazy\" decoding=\"async\" class=\"alignnone aligncenter\" src=\"http:\/\/187.174.252.244\/caev\/Image\/2018\/fecha3-ico.png\" alt=\"\" width=\"46\" height=\"50\" \/><\/strong><\/td> <td style=\"width: 140px;\"> <h4>Ejercicio:<\/h4> <\/td> <td style=\"width: 140px;\" colspan=\"3\"> <p>&nbsp;<\/p> <p>2018<\/td> <\/tr> <\/tbody> <\/table> <p>&nbsp;<\/p> <table style=\"height: 325px;\" width=\"700\"> <tbody> <tr style=\"height: 61px;\"> <td style=\"width: 100px; height: 61px;\"><img loading=\"lazy\" decoding=\"async\" class=\"aligncenter\" src=\"http:\/\/187.174.252.244\/caev\/Image\/2018\/trimestre-ico.png\" alt=\"\" width=\"53\" height=\"60\" \/><\/td> <td style=\"width: 200px; height: 61px;\"><img loading=\"lazy\" decoding=\"async\" class=\"aligncenter\" src=\"http:\/\/187.174.252.244\/caev\/Image\/2018\/usuario-ico.png\" alt=\"\" width=\"56\" height=\"60\" \/><\/td> <td style=\"width: 100px; height: 61px;\"><img loading=\"lazy\" decoding=\"async\" class=\"aligncenter\" src=\"http:\/\/187.174.252.244\/caev\/Image\/2018\/anio-ico.png\" alt=\"\" width=\"59\" height=\"60\" \/><\/td> <td style=\"width: 100px; height: 61px;\"><img loading=\"lazy\" decoding=\"async\" class=\"aligncenter\" src=\"http:\/\/187.174.252.244\/caev\/Image\/2018\/anio-ico.png\" alt=\"\" width=\"59\" height=\"60\" \/><\/td> <td style=\"width: 100px; height: 61px;\"><img loading=\"lazy\" decoding=\"async\" class=\"aligncenter\" src=\"http:\/\/187.174.252.244\/caev\/Image\/2018\/cloud-ico.png\" alt=\"\" width=\"57\" height=\"60\" \/><\/td> <\/tr> <tr style=\"height: 96px;\"> <td style=\"text-align: center; height: 96px;\"><span style=\"color: #000000;\"><strong>Trimestre<\/strong><em><br \/> <\/em><\/span><\/td> <td style=\"text-align: center; height: 96px;\"><span style=\"color: #000000;\"><strong>\u00c1rea Responsable<\/strong><\/span><\/td> <td style=\"text-align: center; height: 96px;\"><span style=\"color: #000000;\"><strong>Fecha de Validaci\u00f3n de la Informaci\u00f3n<\/strong><\/span><\/td> <td style=\"text-align: center; height: 96px;\"><span style=\"color: #000000;\"><strong>Fecha de Actualizaci\u00f3n de la Inf.<\/strong><\/span><\/td> <td style=\"text-align: center; height: 96px;\"><span style=\"color: #000000;\"><strong>Descargar Informaci\u00f3n<\/strong><\/span><\/td> <\/tr> <tr style=\"height: 24px;\"> <td style=\"height: 24px;\"><\/td> <td style=\"height: 24px;\"><\/td> <td style=\"height: 24px;\"><\/td> <td style=\"height: 24px;\"><\/td> <td style=\"height: 24px;\"><\/td> <\/tr> <tr style=\"height: 48px;\"> <td style=\"text-align: center; height: 48px;\"><span style=\"color: #000000;\">Cuarto<\/span><\/td> <td style=\"text-align: center; height: 48px;\"><span style=\"color: #000000;\">Oficina de Recursos Humanos<\/span><\/td> <td style=\"text-align: center; height: 48px;\"><span style=\"color: #000000;\">28\/01\/2019<\/span><\/td> <td style=\"text-align: center; height: 48px;\"><span style=\"color: #000000;\">30\/12\/2018<\/span><\/td> <td style=\"text-align: center; height: 48px;\"><a href=\"http:\/\/187.174.252.244\/caev\/pdfs\/oficinas_operadoras\/Perote\/2018\/32-FORM8-18-4.xlsx\">descargar archivo<\/a><\/td> <\/tr> <tr style=\"height: 24px;\"> <td style=\"text-align: center; height: 24px;\"><\/td> <td style=\"text-align: center; height: 24px;\"><\/td> <td style=\"text-align: center; height: 24px;\"><\/td> <td style=\"text-align: center; height: 24px;\"><\/td> <td style=\"height: 24px;\"><\/td> <\/tr> <tr style=\"height: 24px;\"> <td style=\"text-align: center; height: 24px;\"><\/td> <td style=\"text-align: center; height: 24px;\"><\/td> <td style=\"text-align: center; height: 24px;\"><\/td> <td style=\"text-align: center; height: 24px;\"><\/td> <td style=\"text-align: center; height: 24px;\"><\/td> <\/tr> <tr style=\"height: 24px;\"> <td style=\"text-align: center; height: 24px;\"><\/td> <td style=\"text-align: center; height: 24px;\"><\/td> <td style=\"text-align: center; height: 24px;\"><\/td> <td style=\"text-align: center; height: 24px;\"><\/td> <td style=\"text-align: center; height: 24px;\"><\/td> <\/tr> <tr style=\"height: 24px;\"> <td style=\"text-align: center; height: 24px;\"><\/td> <td style=\"text-align: center; height: 24px;\"><\/td> <td style=\"text-align: center; height: 24px;\"><\/td> <td style=\"text-align: center; height: 24px;\"><\/td> <td style=\"text-align: center; height: 24px;\"><\/td> <\/tr> <\/tbody> <\/table> <\/div> <p>&nbsp;<\/p> <\/div> <div> <p>____________________________________________________<\/p> <p><strong><span style=\"color: #000000;\">EJERCICIO 2017 Y ANTERIORES<\/span><\/strong><\/p> <p>&nbsp;<\/p> <div class=\"caja\"> <table style=\"height: 429px;\" width=\"603\"> <tbody> <tr style=\"height: 98px;\"> <td style=\"width: 150px; height: 98px;\"><strong><img loading=\"lazy\" decoding=\"async\" class=\"alignnone wp-image-38889 aligncenter\" src=\"http:\/\/187.174.252.244\/operadoras\/wp-content\/uploads\/2021\/06\/fecha2-296x300.jpg\" alt=\"\" width=\"53\" height=\"54\" srcset=\"http:\/\/187.174.252.244\/operadoras\/wp-content\/uploads\/2021\/06\/fecha2-296x300.jpg 296w, http:\/\/187.174.252.244\/operadoras\/wp-content\/uploads\/2021\/06\/fecha2-150x150.jpg 150w, http:\/\/187.174.252.244\/operadoras\/wp-content\/uploads\/2021\/06\/fecha2.jpg 617w\" sizes=\"(max-width: 53px) 100vw, 53px\" \/><\/strong><\/td> <td style=\"width: 200px; height: 98px;\"> <h4><img loading=\"lazy\" decoding=\"async\" class=\"wp-image-38891 aligncenter\" src=\"http:\/\/187.174.252.244\/operadoras\/wp-content\/uploads\/2021\/06\/trimestres.png\" alt=\"\" width=\"49\" height=\"57\" \/><\/h4> <\/td> <td style=\"width: 231px; height: 98px;\" colspan=\"3\"><img loading=\"lazy\" decoding=\"async\" class=\"wp-image-38890 aligncenter\" src=\"http:\/\/187.174.252.244\/operadoras\/wp-content\/uploads\/2021\/06\/nube-simbolo-descarga_318-49889-300x300.jpg\" alt=\"\" width=\"61\" height=\"61\" srcset=\"http:\/\/187.174.252.244\/operadoras\/wp-content\/uploads\/2021\/06\/nube-simbolo-descarga_318-49889-300x300.jpg 300w, http:\/\/187.174.252.244\/operadoras\/wp-content\/uploads\/2021\/06\/nube-simbolo-descarga_318-49889-150x150.jpg 150w, http:\/\/187.174.252.244\/operadoras\/wp-content\/uploads\/2021\/06\/nube-simbolo-descarga_318-49889.jpg 626w\" sizes=\"(max-width: 61px) 100vw, 61px\" \/><\/td> <\/tr> <tr style=\"height: 66px;\"> <td style=\"text-align: center; height: 66px; width: 150px;\"><span style=\"color: #000000;\"><strong>A\u00f1o<br \/> <\/strong><\/span><\/td> <td style=\"text-align: center; height: 66px; width: 200px;\"><span style=\"color: #000000;\"><strong>Trimestre<\/strong><\/span><\/td> <td style=\"text-align: center; height: 66px; width: 231px;\" colspan=\"3\"><span style=\"color: #000000;\"><strong>Descargar Informaci\u00f3n<\/strong><\/span><\/td> <\/tr> <tr style=\"height: 56px;\"> <td style=\"text-align: center; height: 56px; width: 150px;\"><\/td> <td style=\"text-align: center; height: 56px; width: 200px;\"><\/td> <td style=\"text-align: center; height: 56px; width: 231px;\" colspan=\"3\"><\/td> <\/tr> <tr style=\"height: 56px;\"> <td style=\"text-align: center; height: 56px; width: 150px;\"><\/td> <td style=\"text-align: center; height: 56px; width: 200px;\"><\/td> <td style=\"text-align: center; height: 56px; width: 231px;\" colspan=\"3\"><\/td> <\/tr> <tr style=\"height: 56px;\"> <td style=\"text-align: center; height: 56px; width: 150px;\"><span style=\"color: #000000;\">2017<\/span><\/td> <td style=\"text-align: center; height: 56px; width: 200px;\"><span style=\"color: #000000;\">Tercero<\/span><\/td> <td style=\"text-align: center; height: 56px; width: 231px;\" colspan=\"3\"><a href=\"http:\/\/187.174.252.244\/caev\/pdfs\/oficinas_operadoras\/Perote\/2017\/32-OP-FORM8-17-3.xls\">descargar archivo<\/a><\/td> <\/tr> <tr style=\"height: 56px;\"> <td style=\"text-align: center; height: 56px; width: 150px;\"><\/td> <td style=\"text-align: center; height: 56px; width: 200px;\"><\/td> <td style=\"text-align: center; height: 56px; width: 231px;\" colspan=\"3\"><\/td> <\/tr> <\/tbody> <\/table> <p>&nbsp;<\/p> <\/div> <p>&nbsp;<\/p> <h4><\/h4> <table width=\"520\"> <tbody> <tr> <td style=\"width: 100px;\"><a href=\"http:\/\/187.174.252.244\/operadoras\/transparencia\/ley-general-y-ley-875\/perote-ley-general-y-ley-875-de-transparencia\/perote-fraccion-viii\"><img loading=\"lazy\" decoding=\"async\" class=\"aligncenter\" src=\"http:\/\/187.174.252.244\/caev\/Image\/2018\/folder-ico.jpg\" alt=\"\" width=\"51\" height=\"44\" \/><\/a><\/td> <td><a href=\"http:\/\/187.174.252.244\/operadoras\/transparencia\/ley-general-y-ley-875\/perote-ley-general-y-ley-875-de-transparencia\/perote-fraccion-viii\">Ejercicio Actual<\/a><\/td> <\/tr> <\/tbody> <\/table> <\/div> <p style=\"text-align: center;\"><a href=\"http:\/\/187.174.252.244\/operadoras\/transparencia\/ley-general-y-ley-875\/perote-ley-general-y-ley-875-de-transparencia\/\"><img loading=\"lazy\" decoding=\"async\" class=\"alignnone size-medium\" src=\"http:\/\/187.174.252.244\/caev\/Oficinas_Operadoras\/Aarchivos\/home1.png\" width=\"36\" height=\"37\" \/><\/a> <a href=\"http:\/\/187.174.252.244\/operadoras\/transparencia\/ley-general-y-ley-875\/perote-ley-general-y-ley-875-de-transparencia\/\">regresar<\/a><\/p> ","protected":false},"excerpt":{"rendered":"<p>REMUNERACI\u00d3N BRUTA Y NETA &nbsp; La remuneraci\u00f3n bruta y neta de todos los servidores p\u00fablicos de base, confianza y supernumerarios, de todas las percepciones, incluyendo sueldos, prestaciones, gratificaciones, primas, comisiones, dietas, bonos, est\u00edmulos, ingresos y sistemas de compensaci\u00f3n, se\u00f1alando la periodicidad de dicha remuneraci\u00f3n. &nbsp; EJERCICIO 2019 &nbsp; Ejercicio: &nbsp; 2019 &nbsp; Trimestre \u00c1rea Responsable [&hellip;]<\/p>\n","protected":false},"author":1,"featured_media":0,"parent":6748,"menu_order":0,"comment_status":"closed","ping_status":"closed","template":"","meta":{"footnotes":""},"class_list":["post-26473","page","type-page","status-publish","hentry"],"_links":{"self":[{"href":"http:\/\/187.174.252.244\/operadoras\/wp-json\/wp\/v2\/pages\/26473"}],"collection":[{"href":"http:\/\/187.174.252.244\/operadoras\/wp-json\/wp\/v2\/pages"}],"about":[{"href":"http:\/\/187.174.252.244\/operadoras\/wp-json\/wp\/v2\/types\/page"}],"author":[{"embeddable":true,"href":"http:\/\/187.174.252.244\/operadoras\/wp-json\/wp\/v2\/users\/1"}],"replies":[{"embeddable":true,"href":"http:\/\/187.174.252.244\/operadoras\/wp-json\/wp\/v2\/comments?post=26473"}],"version-history":[{"count":6,"href":"http:\/\/187.174.252.244\/operadoras\/wp-json\/wp\/v2\/pages\/26473\/revisions"}],"predecessor-version":[{"id":40375,"href":"http:\/\/187.174.252.244\/operadoras\/wp-json\/wp\/v2\/pages\/26473\/revisions\/40375"}],"up":[{"embeddable":true,"href":"http:\/\/187.174.252.244\/operadoras\/wp-json\/wp\/v2\/pages\/6748"}],"wp:attachment":[{"href":"http:\/\/187.174.252.244\/operadoras\/wp-json\/wp\/v2\/media?parent=26473"}],"curies":[{"name":"wp","href":"https:\/\/api.w.org\/{rel}","templated":true}]}}