{"id":28775,"date":"2019-04-24T12:30:21","date_gmt":"2019-04-24T18:30:21","guid":{"rendered":"http:\/\/187.174.252.244\/operadoras\/?page_id=28775"},"modified":"2019-04-24T12:31:19","modified_gmt":"2019-04-24T18:31:19","slug":"chicontepec-fraccion-xii-b-1","status":"publish","type":"page","link":"http:\/\/187.174.252.244\/operadoras\/transparencia\/ley-general-y-ley-875\/chicontepec-ley-general-y-ley-875-de-transparencia\/chicontepec-fraccion-xii-b-1\/","title":{"rendered":"Chicontepec &#8211; Fracci\u00f3n XII-B"},"content":{"rendered":"<p><strong>DECLARACI\u00d3N FISCAL DE LOS SERVIDORES(AS) P\u00daBLICOS(AS)<br \/> <\/strong><\/p> <p>&nbsp;<\/p> <p>Las declaraciones fiscales de los(as) servidores(as) p\u00fablicos(as).<\/p> <p>&nbsp;<\/p> <p><strong><span style=\"color: #000000;\">EJERCICIO 2018<\/span><\/strong><\/p> <p>&nbsp;<\/p> <div class=\"caja\"> <table width=\"636\"> <tbody> <tr> <td style=\"width: 140px;\"><strong><img loading=\"lazy\" decoding=\"async\" class=\"alignnone aligncenter\" src=\"http:\/\/187.174.252.244\/caev\/Image\/2018\/fecha3-ico.png\" alt=\"\" width=\"46\" height=\"50\" \/><\/strong><\/td> <td style=\"width: 140px;\"> <h4>Ejercicio:<\/h4> <\/td> <td style=\"width: 140px;\" colspan=\"3\"> <p>&nbsp;<\/p> <p>2018<\/td> <\/tr> <\/tbody> <\/table> <p>&nbsp;<\/p> <table style=\"height: 349px;\" width=\"700\"> <tbody> <tr style=\"height: 61px;\"> <td style=\"width: 100px; height: 61px;\"><img loading=\"lazy\" decoding=\"async\" class=\"aligncenter\" src=\"http:\/\/187.174.252.244\/caev\/Image\/2018\/trimestre-ico.png\" alt=\"\" width=\"53\" height=\"60\" \/><\/td> <td style=\"width: 200px; height: 61px;\"><img loading=\"lazy\" decoding=\"async\" class=\"aligncenter\" src=\"http:\/\/187.174.252.244\/caev\/Image\/2018\/usuario-ico.png\" alt=\"\" width=\"56\" height=\"60\" \/><\/td> <td style=\"width: 100px; height: 61px;\"><img loading=\"lazy\" decoding=\"async\" class=\"aligncenter\" src=\"http:\/\/187.174.252.244\/caev\/Image\/2018\/anio-ico.png\" alt=\"\" width=\"59\" height=\"60\" \/><\/td> <td style=\"width: 100px; height: 61px;\"><img loading=\"lazy\" decoding=\"async\" class=\"aligncenter\" src=\"http:\/\/187.174.252.244\/caev\/Image\/2018\/anio-ico.png\" alt=\"\" width=\"59\" height=\"60\" \/><\/td> <td style=\"width: 100px; height: 61px;\"><img loading=\"lazy\" decoding=\"async\" class=\"aligncenter\" src=\"http:\/\/187.174.252.244\/caev\/Image\/2018\/cloud-ico.png\" alt=\"\" width=\"57\" height=\"60\" \/><\/td> <\/tr> <tr style=\"height: 96px;\"> <td style=\"text-align: center; height: 96px;\"><span style=\"color: #000000;\"><strong>Trimestre<\/strong><em><br \/> <\/em><\/span><\/td> <td style=\"text-align: center; height: 96px;\"><span style=\"color: #000000;\"><strong>\u00c1rea Responsable<\/strong><\/span><\/td> <td style=\"text-align: center; height: 96px;\"><span style=\"color: #000000;\"><strong>Fecha de Validaci\u00f3n de la Informaci\u00f3n<\/strong><\/span><\/td> <td style=\"text-align: center; height: 96px;\"><span style=\"color: #000000;\"><strong>Fecha de Actualizaci\u00f3n de la Inf.<\/strong><\/span><\/td> <td style=\"text-align: center; height: 96px;\"><span style=\"color: #000000;\"><strong>Descargar Informaci\u00f3n<\/strong><\/span><\/td> <\/tr> <tr style=\"height: 24px;\"> <td style=\"height: 24px;\"><\/td> <td style=\"height: 24px;\"><\/td> <td style=\"height: 24px;\"><\/td> <td style=\"height: 24px;\"><\/td> <td style=\"height: 24px;\"><\/td> <\/tr> <tr style=\"height: 48px;\"> <td style=\"text-align: center; height: 48px;\"><span style=\"color: #000000;\">Primero<\/span><\/td> <td style=\"text-align: center; height: 48px;\"><span style=\"color: #000000;\">Secci\u00f3n Comercial y Administrativa<\/span><\/td> <td style=\"text-align: center; height: 48px;\"><span style=\"color: #000000;\">27\/04\/2018<\/span><\/td> <td style=\"text-align: center; height: 48px;\"><span style=\"color: #000000;\">30\/03\/2018<\/span><\/td> <td style=\"text-align: center; height: 48px;\"><a href=\"http:\/\/187.174.252.244\/caev\/pdfs\/oficinas_operadoras\/Chicontepec\/2018\/5-FORM12B-18-1.xlsx\">descargar archivo<\/a><\/td> <\/tr> <tr style=\"height: 24px;\"> <td style=\"text-align: center; height: 24px;\"><\/td> <td style=\"text-align: center; height: 24px;\"><\/td> <td style=\"text-align: center; height: 24px;\"><\/td> <td style=\"text-align: center; height: 24px;\"><\/td> <td style=\"height: 24px;\"><\/td> <\/tr> <tr style=\"height: 48px;\"> <td style=\"text-align: center; height: 48px;\"><span style=\"color: #000000;\">Segundo<\/span><\/td> <td style=\"text-align: center; height: 48px;\"><span style=\"color: #000000;\">Secci\u00f3n Comercial y Administrativa<\/span><\/td> <td style=\"text-align: center; height: 48px;\"><span style=\"color: #000000;\">12\/07\/2018<\/span><\/td> <td style=\"text-align: center; height: 48px;\"><span style=\"color: #000000;\">30\/06\/2018<\/span><\/td> <td style=\"text-align: center; height: 48px;\"><a href=\"http:\/\/187.174.252.244\/caev\/pdfs\/oficinas_operadoras\/Chicontepec\/2018\/5-FORM12B-18-2.xlsx\">descargar archivo<\/a><\/td> <\/tr> <tr style=\"height: 24px;\"> <td style=\"height: 24px;\"><\/td> <td style=\"height: 24px;\"><\/td> <td style=\"height: 24px;\"><\/td> <td style=\"height: 24px;\"><\/td> <td style=\"height: 24px;\"><\/td> <\/tr> <tr style=\"height: 24px;\"> <td style=\"height: 24px; text-align: center;\"><span style=\"color: #000000;\">Tercero<\/span><\/td> <td style=\"height: 24px; text-align: center;\"><span style=\"color: #000000;\">Secci\u00f3n Comercial y Administrativa<\/span><\/td> <td style=\"height: 24px; text-align: center;\"><span style=\"color: #000000;\">26\/10\/2018<\/span><\/td> <td style=\"height: 24px; text-align: center;\"><span style=\"color: #000000;\">30\/09\/2018<\/span><\/td> <td style=\"height: 24px; text-align: center;\"><a href=\"http:\/\/187.174.252.244\/caev\/pdfs\/oficinas_operadoras\/Chicontepec\/2018\/5-FORM12B-18-3.xlsx\">descargar archivo<\/a><\/td> <\/tr> <tr> <td style=\"text-align: center;\"><\/td> <\/tr> <tr> <td style=\"text-align: center;\"><span style=\"color: #000000;\">Cuarto<\/span><\/td> <td style=\"text-align: center;\"><span style=\"color: #000000;\">Secci\u00f3n Comercial y Administrativa<\/span><\/td> <td style=\"text-align: center;\"><span style=\"color: #000000;\">26\/01\/2019<\/span><\/td> <td style=\"text-align: center;\"><span style=\"color: #000000;\">31\/12\/2018<\/span><\/td> <td style=\"text-align: center;\"><a href=\"http:\/\/187.174.252.244\/caev\/pdfs\/oficinas_operadoras\/Chicontepec\/2018\/5-FORM12B-18-4.xlsx\">descargar archivo<\/a><\/td> <\/tr> <\/tbody> <\/table> <\/div> <p>&nbsp;<\/p> <div> <table width=\"520\"> <tbody> <tr> <td style=\"width: 100px;\"><a href=\"http:\/\/187.174.252.244\/operadoras\/transparencia\/ley-general-y-ley-875\/chicontepec-ley-general-y-ley-875-de-transparencia\/chicontepec-fraccion-xii-b\"><img loading=\"lazy\" decoding=\"async\" class=\"aligncenter\" src=\"http:\/\/187.174.252.244\/caev\/Image\/2018\/folder-ico.jpg\" alt=\"\" width=\"51\" height=\"44\" \/><\/a><\/td> <td><a href=\"http:\/\/187.174.252.244\/operadoras\/transparencia\/ley-general-y-ley-875\/chicontepec-ley-general-y-ley-875-de-transparencia\/chicontepec-fraccion-xii-b\">Ejercicio Actual<\/a><\/td> <\/tr> <\/tbody> <\/table> <\/div> <p style=\"text-align: center;\"><a href=\"http:\/\/187.174.252.244\/operadoras\/transparencia\/ley-general-y-ley-875\/chicontepec-ley-general-y-ley-875-de-transparencia\/\"><img loading=\"lazy\" decoding=\"async\" class=\"alignnone size-medium\" src=\"http:\/\/187.174.252.244\/caev\/Oficinas_Operadoras\/Aarchivos\/home1.png\" width=\"36\" height=\"37\" \/><\/a> <a href=\"http:\/\/187.174.252.244\/operadoras\/transparencia\/ley-general-y-ley-875\/chicontepec-ley-general-y-ley-875-de-transparencia\/\">regresar<\/a><\/p> ","protected":false},"excerpt":{"rendered":"<p>DECLARACI\u00d3N FISCAL DE LOS SERVIDORES(AS) P\u00daBLICOS(AS) &nbsp; Las declaraciones fiscales de los(as) servidores(as) p\u00fablicos(as). &nbsp; EJERCICIO 2018 &nbsp; Ejercicio: &nbsp; 2018 &nbsp; Trimestre \u00c1rea Responsable Fecha de Validaci\u00f3n de la Informaci\u00f3n Fecha de Actualizaci\u00f3n de la Inf. Descargar Informaci\u00f3n Primero Secci\u00f3n Comercial y Administrativa 27\/04\/2018 30\/03\/2018 descargar archivo Segundo Secci\u00f3n Comercial y Administrativa 12\/07\/2018 30\/06\/2018 [&hellip;]<\/p>\n","protected":false},"author":1,"featured_media":0,"parent":6682,"menu_order":0,"comment_status":"closed","ping_status":"closed","template":"","meta":{"footnotes":""},"class_list":["post-28775","page","type-page","status-publish","hentry"],"_links":{"self":[{"href":"http:\/\/187.174.252.244\/operadoras\/wp-json\/wp\/v2\/pages\/28775"}],"collection":[{"href":"http:\/\/187.174.252.244\/operadoras\/wp-json\/wp\/v2\/pages"}],"about":[{"href":"http:\/\/187.174.252.244\/operadoras\/wp-json\/wp\/v2\/types\/page"}],"author":[{"embeddable":true,"href":"http:\/\/187.174.252.244\/operadoras\/wp-json\/wp\/v2\/users\/1"}],"replies":[{"embeddable":true,"href":"http:\/\/187.174.252.244\/operadoras\/wp-json\/wp\/v2\/comments?post=28775"}],"version-history":[{"count":2,"href":"http:\/\/187.174.252.244\/operadoras\/wp-json\/wp\/v2\/pages\/28775\/revisions"}],"predecessor-version":[{"id":28777,"href":"http:\/\/187.174.252.244\/operadoras\/wp-json\/wp\/v2\/pages\/28775\/revisions\/28777"}],"up":[{"embeddable":true,"href":"http:\/\/187.174.252.244\/operadoras\/wp-json\/wp\/v2\/pages\/6682"}],"wp:attachment":[{"href":"http:\/\/187.174.252.244\/operadoras\/wp-json\/wp\/v2\/media?parent=28775"}],"curies":[{"name":"wp","href":"https:\/\/api.w.org\/{rel}","templated":true}]}}