{"id":29658,"date":"2019-04-30T15:27:45","date_gmt":"2019-04-30T21:27:45","guid":{"rendered":"http:\/\/187.174.252.244\/operadoras\/?page_id=29658"},"modified":"2019-04-30T15:29:51","modified_gmt":"2019-04-30T21:29:51","slug":"penuela-fraccion-xii-c-1","status":"publish","type":"page","link":"http:\/\/187.174.252.244\/operadoras\/transparencia\/ley-general-y-ley-875\/penuela-ley-general-y-ley-875-de-transparencia\/penuela-fraccion-xii-c-1\/","title":{"rendered":"Pe\u00f1uela &#8211; Fracci\u00f3n XII-C"},"content":{"rendered":"<p><strong>DECLARACI\u00d3N FISCAL DE LOS SERVIDORES(AS) P\u00daBLICOS(AS)<br \/> <\/strong><\/p> <p>&nbsp;<\/p> <p>Las declaraciones fiscales de los(as) servidores(as) p\u00fablicos(as).<\/p> <p>&nbsp;<\/p> <p><strong><span style=\"color: #000000;\">EJERCICIO 2018<\/span><\/strong><\/p> <p>&nbsp;<\/p> <div class=\"caja\"> <table width=\"636\"> <tbody> <tr> <td style=\"width: 140px;\"><strong><img loading=\"lazy\" decoding=\"async\" class=\"alignnone aligncenter\" src=\"http:\/\/187.174.252.244\/caev\/Image\/2018\/fecha3-ico.png\" alt=\"\" width=\"46\" height=\"50\" \/><\/strong><\/td> <td style=\"width: 140px;\"> <h4>Ejercicio:<\/h4> <\/td> <td style=\"width: 140px;\" colspan=\"3\"> <p>&nbsp;<\/p> <p>2018<\/td> <\/tr> <\/tbody> <\/table> <p>&nbsp;<\/p> <table style=\"width: 699px; height: 503px;\" width=\"700\"> <tbody> <tr> <td style=\"width: 106px;\"><img loading=\"lazy\" decoding=\"async\" class=\"aligncenter\" src=\"http:\/\/187.174.252.244\/caev\/Image\/2018\/trimestre-ico.png\" alt=\"\" width=\"53\" height=\"60\" \/><\/td> <td style=\"width: 213px;\"><img loading=\"lazy\" decoding=\"async\" class=\"aligncenter\" src=\"http:\/\/187.174.252.244\/caev\/Image\/2018\/usuario-ico.png\" alt=\"\" width=\"56\" height=\"60\" \/><\/td> <td style=\"width: 112px;\"><img loading=\"lazy\" decoding=\"async\" class=\"aligncenter\" src=\"http:\/\/187.174.252.244\/caev\/Image\/2018\/anio-ico.png\" alt=\"\" width=\"59\" height=\"60\" \/><\/td> <td style=\"width: 120px;\"><img loading=\"lazy\" decoding=\"async\" class=\"aligncenter\" src=\"http:\/\/187.174.252.244\/caev\/Image\/2018\/anio-ico.png\" alt=\"\" width=\"59\" height=\"60\" \/><\/td> <td style=\"width: 114px;\"><img loading=\"lazy\" decoding=\"async\" class=\"aligncenter\" src=\"http:\/\/187.174.252.244\/caev\/Image\/2018\/cloud-ico.png\" alt=\"\" width=\"57\" height=\"60\" \/><\/td> <\/tr> <tr> <td style=\"text-align: center; width: 106px;\"><span style=\"color: #000000;\"><strong>Trimestre<\/strong><em><br \/> <\/em><\/span><\/td> <td style=\"text-align: center; width: 213px;\"><span style=\"color: #000000;\"><strong>\u00c1rea Responsable<\/strong><\/span><\/td> <td style=\"text-align: center; width: 112px;\"><span style=\"color: #000000;\"><strong>Fecha de Validaci\u00f3n de la Informaci\u00f3n<\/strong><\/span><\/td> <td style=\"text-align: center; width: 120px;\"><span style=\"color: #000000;\"><strong>Fecha de Actualizaci\u00f3n de la Inf.<\/strong><\/span><\/td> <td style=\"text-align: center; width: 114px;\"><span style=\"color: #000000;\"><strong>Descargar Informaci\u00f3n<\/strong><\/span><\/td> <\/tr> <tr> <td style=\"width: 106px;\"><\/td> <td style=\"width: 213px;\"><\/td> <td style=\"width: 112px;\"><\/td> <td style=\"width: 120px;\"><\/td> <td style=\"width: 114px;\"><\/td> <\/tr> <tr> <td style=\"text-align: center; width: 106px;\"><span style=\"color: #000000;\">Primero<\/span><\/td> <td style=\"text-align: center; width: 213px;\"><span style=\"color: #000000;\">Secci\u00f3n Comercial y Administrativa<\/span><\/td> <td style=\"text-align: center; width: 112px;\"><span style=\"color: #000000;\">23\/04\/2018<\/span><\/td> <td style=\"text-align: center; width: 120px;\"><span style=\"color: #000000;\">31\/03\/2018<\/span><\/td> <td style=\"text-align: center; width: 114px;\"><a href=\"http:\/\/187.174.252.244\/caev\/pdfs\/oficinas_operadoras\/Penuela\/2018\/31-FORM12C-18-1.xlsx\">descargar archivo<\/a><\/td> <\/tr> <tr> <td style=\"text-align: center; width: 106px;\"><\/td> <td style=\"text-align: center; width: 213px;\"><\/td> <td style=\"text-align: center; width: 112px;\"><\/td> <td style=\"text-align: center; width: 120px;\"><\/td> <td style=\"width: 114px;\"><\/td> <\/tr> <tr> <td style=\"text-align: center; width: 106px;\"><span style=\"color: #000000;\">Segundo<\/span><\/td> <td style=\"text-align: center; width: 213px;\"><span style=\"color: #000000;\">Secci\u00f3n Comercial y Administrativa<\/span><\/td> <td style=\"text-align: center; width: 112px;\"><span style=\"color: #000000;\">06\/07\/2018<\/span><\/td> <td style=\"text-align: center; width: 120px;\"><span style=\"color: #000000;\">30\/06\/2018<\/span><\/td> <td style=\"text-align: center; width: 114px;\"><a href=\"http:\/\/187.174.252.244\/caev\/pdfs\/oficinas_operadoras\/Penuela\/2018\/31-FORM12C-18-2.xlsx\">descargar archivo<\/a><\/td> <\/tr> <tr> <td style=\"text-align: center; width: 106px;\"><span style=\"color: #000000;\">\u00a0<\/span><\/td> <td style=\"text-align: center; width: 213px;\"><span style=\"color: #000000;\">\u00a0<\/span><\/td> <td style=\"text-align: center; width: 112px;\"><span style=\"color: #000000;\">\u00a0<\/span><\/td> <td style=\"text-align: center; width: 120px;\"><span style=\"color: #000000;\">\u00a0<\/span><\/td> <td style=\"text-align: center; width: 114px;\"><\/td> <\/tr> <tr> <td style=\"text-align: center; width: 106px;\"><span style=\"color: #000000;\">Tercero<\/span><\/td> <td style=\"text-align: center; width: 213px;\"><span style=\"color: #000000;\">Secci\u00f3n Comercial y Administrativa<\/span><\/td> <td style=\"text-align: center; width: 112px;\"><span style=\"color: #000000;\">22\/10\/2018<\/span><\/td> <td style=\"text-align: center; width: 120px;\"><span style=\"color: #000000;\">28\/09\/2018<\/span><\/td> <td style=\"text-align: center; width: 114px;\"><a href=\"http:\/\/187.174.252.244\/caev\/pdfs\/oficinas_operadoras\/Penuela\/2018\/31-FORM12C-18-3.xlsx\">descargar archivo<\/a><\/td> <\/tr> <tr> <td style=\"text-align: center; width: 106px;\"><span style=\"color: #000000;\">\u00a0<\/span><\/td> <td style=\"text-align: center; width: 213px;\"><span style=\"color: #000000;\">\u00a0<\/span><\/td> <td style=\"text-align: center; width: 112px;\"><span style=\"color: #000000;\">\u00a0<\/span><\/td> <td style=\"text-align: center; width: 120px;\"><span style=\"color: #000000;\">\u00a0<\/span><\/td> <td style=\"text-align: center; width: 114px;\"><\/td> <\/tr> <tr> <td style=\"text-align: center; width: 106px;\">Cuarto<\/td> <td style=\"text-align: center; width: 213px;\"><span style=\"color: #000000;\">Secci\u00f3n Comercial y Administrativa<\/span><\/td> <td style=\"text-align: center; width: 112px;\"><span style=\"color: #000000;\">30\/01\/2019<\/span><\/td> <td style=\"text-align: center; width: 120px;\"><span style=\"color: #000000;\">30\/12\/2018<\/span><\/td> <td style=\"text-align: center; width: 114px;\"><a href=\"http:\/\/187.174.252.244\/caev\/pdfs\/oficinas_operadoras\/Penuela\/2018\/31-FORM12C-18-4.xlsx\">descargar archivo<\/a><\/td> <\/tr> <\/tbody> <\/table> <\/div> <div> <h4><\/h4> <table width=\"520\"> <tbody> <tr> <td style=\"width: 100px;\"><a href=\"http:\/\/187.174.252.244\/operadoras\/transparencia\/ley-general-y-ley-875\/penuela-ley-general-y-ley-875-de-transparencia\/penuela-fraccion-xii-c\"><img loading=\"lazy\" decoding=\"async\" class=\"aligncenter\" src=\"http:\/\/187.174.252.244\/caev\/Image\/2018\/folder-ico.jpg\" alt=\"\" width=\"51\" height=\"44\" \/><\/a><\/td> <td><a href=\"http:\/\/187.174.252.244\/operadoras\/transparencia\/ley-general-y-ley-875\/penuela-ley-general-y-ley-875-de-transparencia\/penuela-fraccion-xii-c\">Ejercicio Actual<\/a><\/td> <\/tr> <\/tbody> <\/table> <\/div> <p style=\"text-align: center;\"><a href=\"http:\/\/187.174.252.244\/operadoras\/transparencia\/ley-general-y-ley-875\/penuela-ley-general-y-ley-875-de-transparencia\/\"><img loading=\"lazy\" decoding=\"async\" class=\"alignnone size-medium\" src=\"http:\/\/187.174.252.244\/caev\/Oficinas_Operadoras\/Aarchivos\/home1.png\" width=\"36\" height=\"37\" \/><\/a> <a href=\"http:\/\/187.174.252.244\/operadoras\/transparencia\/ley-general-y-ley-875\/penuela-ley-general-y-ley-875-de-transparencia\/\">regresar<\/a><\/p> ","protected":false},"excerpt":{"rendered":"<p>DECLARACI\u00d3N FISCAL DE LOS SERVIDORES(AS) P\u00daBLICOS(AS) &nbsp; Las declaraciones fiscales de los(as) servidores(as) p\u00fablicos(as). &nbsp; EJERCICIO 2018 &nbsp; Ejercicio: &nbsp; 2018 &nbsp; Trimestre \u00c1rea Responsable Fecha de Validaci\u00f3n de la Informaci\u00f3n Fecha de Actualizaci\u00f3n de la Inf. Descargar Informaci\u00f3n Primero Secci\u00f3n Comercial y Administrativa 23\/04\/2018 31\/03\/2018 descargar archivo Segundo Secci\u00f3n Comercial y Administrativa 06\/07\/2018 30\/06\/2018 [&hellip;]<\/p>\n","protected":false},"author":1,"featured_media":0,"parent":6746,"menu_order":0,"comment_status":"closed","ping_status":"closed","template":"","meta":{"footnotes":""},"class_list":["post-29658","page","type-page","status-publish","hentry"],"_links":{"self":[{"href":"http:\/\/187.174.252.244\/operadoras\/wp-json\/wp\/v2\/pages\/29658"}],"collection":[{"href":"http:\/\/187.174.252.244\/operadoras\/wp-json\/wp\/v2\/pages"}],"about":[{"href":"http:\/\/187.174.252.244\/operadoras\/wp-json\/wp\/v2\/types\/page"}],"author":[{"embeddable":true,"href":"http:\/\/187.174.252.244\/operadoras\/wp-json\/wp\/v2\/users\/1"}],"replies":[{"embeddable":true,"href":"http:\/\/187.174.252.244\/operadoras\/wp-json\/wp\/v2\/comments?post=29658"}],"version-history":[{"count":3,"href":"http:\/\/187.174.252.244\/operadoras\/wp-json\/wp\/v2\/pages\/29658\/revisions"}],"predecessor-version":[{"id":29664,"href":"http:\/\/187.174.252.244\/operadoras\/wp-json\/wp\/v2\/pages\/29658\/revisions\/29664"}],"up":[{"embeddable":true,"href":"http:\/\/187.174.252.244\/operadoras\/wp-json\/wp\/v2\/pages\/6746"}],"wp:attachment":[{"href":"http:\/\/187.174.252.244\/operadoras\/wp-json\/wp\/v2\/media?parent=29658"}],"curies":[{"name":"wp","href":"https:\/\/api.w.org\/{rel}","templated":true}]}}