{"id":29944,"date":"2019-05-20T10:22:36","date_gmt":"2019-05-20T16:22:36","guid":{"rendered":"http:\/\/187.174.252.244\/operadoras\/?page_id=29944"},"modified":"2019-06-21T13:15:16","modified_gmt":"2019-06-21T19:15:16","slug":"angel-r-cabada-fraccion-xii-a-1","status":"publish","type":"page","link":"http:\/\/187.174.252.244\/operadoras\/transparencia\/ley-general-y-ley-875\/angel-r-cabada-ley-general-y-ley-875-de-transparencia\/angel-r-cabada-fraccion-xii-a-1\/","title":{"rendered":"\u00c1ngel R. Cabada &#8211; Fracci\u00f3n XII-A"},"content":{"rendered":"<p><strong>DECLARACI\u00d3N DE SITUACI\u00d3N PATRIMONIAL<br \/> <\/strong><\/p> <p>&nbsp;<\/p> <p>Las declaraciones de situaciones patrimoniales.<\/p> <p>&nbsp;<\/p> <p><strong><span style=\"color: #000000;\">EJERCICIO 2018<\/span><\/strong><\/p> <p>&nbsp;<\/p> <div class=\"caja\"> <table width=\"636\"> <tbody> <tr> <td style=\"width: 140px;\"><strong><img loading=\"lazy\" decoding=\"async\" class=\"alignnone aligncenter\" src=\"http:\/\/187.174.252.244\/caev\/Image\/2018\/fecha3-ico.png\" alt=\"\" width=\"46\" height=\"50\" \/><\/strong><\/td> <td style=\"width: 140px;\"> <h4>Ejercicio:<\/h4> <\/td> <td style=\"width: 140px;\" colspan=\"3\"> <p>&nbsp;<\/p> <p>2018<\/td> <\/tr> <\/tbody> <\/table> <p>&nbsp;<\/p> <table style=\"width: 699px; height: 375px;\" width=\"700\"> <tbody> <tr> <td style=\"width: 106px;\"><img loading=\"lazy\" decoding=\"async\" class=\"aligncenter\" src=\"http:\/\/187.174.252.244\/caev\/Image\/2018\/trimestre-ico.png\" alt=\"\" width=\"53\" height=\"60\" \/><\/td> <td style=\"width: 214px;\"><img loading=\"lazy\" decoding=\"async\" class=\"aligncenter\" src=\"http:\/\/187.174.252.244\/caev\/Image\/2018\/usuario-ico.png\" alt=\"\" width=\"56\" height=\"60\" \/><\/td> <td style=\"width: 112px;\"><img loading=\"lazy\" decoding=\"async\" class=\"aligncenter\" src=\"http:\/\/187.174.252.244\/caev\/Image\/2018\/anio-ico.png\" alt=\"\" width=\"59\" height=\"60\" \/><\/td> <td style=\"width: 120px;\"><img loading=\"lazy\" decoding=\"async\" class=\"aligncenter\" src=\"http:\/\/187.174.252.244\/caev\/Image\/2018\/anio-ico.png\" alt=\"\" width=\"59\" height=\"60\" \/><\/td> <td style=\"width: 113px;\"><img loading=\"lazy\" decoding=\"async\" class=\"aligncenter\" src=\"http:\/\/187.174.252.244\/caev\/Image\/2018\/cloud-ico.png\" alt=\"\" width=\"57\" height=\"60\" \/><\/td> <\/tr> <tr> <td style=\"text-align: center; width: 106px;\"><span style=\"color: #000000;\"><strong>Trimestre<\/strong><em><br \/> <\/em><\/span><\/td> <td style=\"text-align: center; width: 214px;\"><span style=\"color: #000000;\"><strong>\u00c1rea Responsable<\/strong><\/span><\/td> <td style=\"text-align: center; width: 112px;\"><span style=\"color: #000000;\"><strong>Fecha de Validaci\u00f3n de la Informaci\u00f3n<\/strong><\/span><\/td> <td style=\"text-align: center; width: 120px;\"><span style=\"color: #000000;\"><strong>Fecha de Actualizaci\u00f3n de la Inf.<\/strong><\/span><\/td> <td style=\"text-align: center; width: 113px;\"><span style=\"color: #000000;\"><strong>Descargar Informaci\u00f3n<\/strong><\/span><\/td> <\/tr> <tr> <td style=\"width: 106px;\"><\/td> <td style=\"width: 214px;\"><\/td> <td style=\"width: 112px;\"><\/td> <td style=\"width: 120px;\"><\/td> <td style=\"width: 113px;\"><\/td> <\/tr> <tr> <td style=\"text-align: center; width: 106px;\"><span style=\"color: #000000;\">Segundo<\/span><\/td> <td style=\"text-align: center; width: 214px;\"><span style=\"color: #000000;\">\u00c1rea Comercial y Administrativa<\/span><\/td> <td style=\"text-align: center; width: 112px;\"><span style=\"color: #000000;\">16\/07\/2018<\/span><\/td> <td style=\"text-align: center; width: 120px;\"><span style=\"color: #000000;\">30\/03\/2018<\/span><\/td> <td style=\"text-align: center; width: 113px;\"><a href=\"http:\/\/187.174.252.244\/caev\/pdfs\/oficinas_operadoras\/AngelCabada\/2018\/45-FORM12A-18-2.xlsx\">descargar archivo<\/a><\/td> <\/tr> <tr> <td style=\"width: 106px;\"><\/td> <td style=\"width: 214px;\"><\/td> <td style=\"width: 112px;\"><\/td> <td style=\"width: 120px;\"><\/td> <td style=\"width: 113px;\"><\/td> <\/tr> <tr> <td style=\"text-align: center; width: 106px;\">Tercero<\/td> <td style=\"text-align: center; width: 214px;\"><span style=\"color: #000000;\">\u00c1rea Comercial y Administrativa<\/span><\/td> <td style=\"text-align: center; width: 112px;\"><span style=\"color: #000000;\">18\/10\/2018<\/span><\/td> <td style=\"text-align: center; width: 120px;\"><span style=\"color: #000000;\">28\/09\/2018<\/span><\/td> <td style=\"text-align: center; width: 113px;\"><a href=\"http:\/\/187.174.252.244\/caev\/pdfs\/oficinas_operadoras\/AngelCabada\/2018\/45-FORM12A-18-3.xlsx\">descargar archivo<\/a><\/td> <\/tr> <tr> <td style=\"text-align: center; width: 106px;\"><\/td> <td style=\"text-align: center; width: 214px;\"><span style=\"color: #000000;\">\u00a0<\/span><\/td> <td style=\"text-align: center; width: 112px;\"><span style=\"color: #000000;\">\u00a0<\/span><\/td> <td style=\"text-align: center; width: 120px;\"><span style=\"color: #000000;\">\u00a0<\/span><\/td> <td style=\"text-align: center; width: 113px;\"><\/td> <\/tr> <tr style=\"height: 48px;\"> <td style=\"text-align: center; height: 48px; width: 106px;\"><span style=\"color: #000000;\">Cuarto<\/span><\/td> <td style=\"text-align: center; height: 48px; width: 214px;\"><span style=\"color: #000000;\">\u00c1rea Comercial y Administrativa<\/span><\/td> <td style=\"text-align: center; height: 48px; width: 112px;\"><span style=\"color: #000000;\">30\/01\/2019<\/span><\/td> <td style=\"text-align: center; height: 48px; width: 120px;\"><span style=\"color: #000000;\">30\/12\/2018<\/span><\/td> <td style=\"text-align: center; height: 48px; width: 113px;\"><a href=\"http:\/\/187.174.252.244\/caev\/pdfs\/oficinas_operadoras\/AngelCabada\/2018\/45-FORM12A-18-4.xlsx\">descargar archivo<\/a><\/td> <\/tr> <\/tbody> <\/table> <\/div> <div> <h4><\/h4> <table width=\"520\"> <tbody> <tr> <td style=\"width: 100px;\"><a href=\"http:\/\/187.174.252.244\/operadoras\/transparencia\/ley-general-y-ley-875\/angel-r-cabada-ley-general-y-ley-875-de-transparencia\/angel-r-cabada-fraccion-xii-a\"><img loading=\"lazy\" decoding=\"async\" class=\"aligncenter\" src=\"http:\/\/187.174.252.244\/caev\/Image\/2018\/folder-ico.jpg\" alt=\"\" width=\"51\" height=\"44\" \/><\/a><\/td> <td><a href=\"http:\/\/187.174.252.244\/operadoras\/transparencia\/ley-general-y-ley-875\/angel-r-cabada-ley-general-y-ley-875-de-transparencia\/angel-r-cabada-fraccion-xii-a\">Ejercicio Actual<\/a><\/td> <\/tr> <\/tbody> <\/table> <\/div> <p style=\"text-align: center;\"><a href=\"http:\/\/187.174.252.244\/operadoras\/transparencia\/ley-general-y-ley-875\/angel-r-cabada-ley-general-y-ley-875-de-transparencia\/\"><img loading=\"lazy\" decoding=\"async\" class=\"alignnone size-medium\" src=\"http:\/\/187.174.252.244\/caev\/Oficinas_Operadoras\/Aarchivos\/home1.png\" width=\"36\" height=\"37\" \/><\/a> <a href=\"http:\/\/187.174.252.244\/operadoras\/transparencia\/ley-general-y-ley-875\/angel-r-cabada-ley-general-y-ley-875-de-transparencia\/\">regresar<\/a><\/p> ","protected":false},"excerpt":{"rendered":"<p>DECLARACI\u00d3N DE SITUACI\u00d3N PATRIMONIAL &nbsp; Las declaraciones de situaciones patrimoniales. &nbsp; EJERCICIO 2018 &nbsp; Ejercicio: &nbsp; 2018 &nbsp; Trimestre \u00c1rea Responsable Fecha de Validaci\u00f3n de la Informaci\u00f3n Fecha de Actualizaci\u00f3n de la Inf. Descargar Informaci\u00f3n Segundo \u00c1rea Comercial y Administrativa 16\/07\/2018 30\/03\/2018 descargar archivo Tercero \u00c1rea Comercial y Administrativa 18\/10\/2018 28\/09\/2018 descargar archivo \u00a0 \u00a0 [&hellip;]<\/p>\n","protected":false},"author":1,"featured_media":0,"parent":6668,"menu_order":0,"comment_status":"closed","ping_status":"closed","template":"","meta":{"footnotes":""},"class_list":["post-29944","page","type-page","status-publish","hentry"],"_links":{"self":[{"href":"http:\/\/187.174.252.244\/operadoras\/wp-json\/wp\/v2\/pages\/29944"}],"collection":[{"href":"http:\/\/187.174.252.244\/operadoras\/wp-json\/wp\/v2\/pages"}],"about":[{"href":"http:\/\/187.174.252.244\/operadoras\/wp-json\/wp\/v2\/types\/page"}],"author":[{"embeddable":true,"href":"http:\/\/187.174.252.244\/operadoras\/wp-json\/wp\/v2\/users\/1"}],"replies":[{"embeddable":true,"href":"http:\/\/187.174.252.244\/operadoras\/wp-json\/wp\/v2\/comments?post=29944"}],"version-history":[{"count":4,"href":"http:\/\/187.174.252.244\/operadoras\/wp-json\/wp\/v2\/pages\/29944\/revisions"}],"predecessor-version":[{"id":30862,"href":"http:\/\/187.174.252.244\/operadoras\/wp-json\/wp\/v2\/pages\/29944\/revisions\/30862"}],"up":[{"embeddable":true,"href":"http:\/\/187.174.252.244\/operadoras\/wp-json\/wp\/v2\/pages\/6668"}],"wp:attachment":[{"href":"http:\/\/187.174.252.244\/operadoras\/wp-json\/wp\/v2\/media?parent=29944"}],"curies":[{"name":"wp","href":"https:\/\/api.w.org\/{rel}","templated":true}]}}