{"id":30056,"date":"2019-05-20T12:17:17","date_gmt":"2019-05-20T18:17:17","guid":{"rendered":"http:\/\/187.174.252.244\/operadoras\/?page_id=30056"},"modified":"2024-11-27T11:23:59","modified_gmt":"2024-11-27T17:23:59","slug":"cerro-azul-fraccion-ix-1","status":"publish","type":"page","link":"http:\/\/187.174.252.244\/operadoras\/transparencia\/ley-general-y-ley-875\/cerro-azul-ley-general-y-ley-875-de-transparencia\/cerro-azul-fraccion-ix-1\/","title":{"rendered":"Cerro Azul &#8211; Fracci\u00f3n IX"},"content":{"rendered":"<p><strong>GASTOS DE REPRESENTACI\u00d3N Y VI\u00c1TICOS<\/strong><\/p> <p>&nbsp;<\/p> <p>Los gastos de representaci\u00f3n de vi\u00e1ticos.<\/p> <p>&nbsp;<\/p> <p><strong><span style=\"color: #000000;\">EJERCICIO 2022<\/span><\/strong><\/p> <p>&nbsp;<\/p> <div class=\"caja\"> <table width=\"636\"> <tbody> <tr> <td style=\"width: 140px;\"><strong><img loading=\"lazy\" decoding=\"async\" class=\"alignnone aligncenter\" src=\"http:\/\/187.174.252.244\/caev\/Image\/2018\/fecha3-ico.png\" alt=\"\" width=\"46\" height=\"50\" \/><\/strong><\/td> <td style=\"width: 140px;\"> <h4>Ejercicio:<\/h4> <\/td> <td style=\"width: 140px;\" colspan=\"3\"> <p>&nbsp;<\/p> <p>2022<\/td> <\/tr> <\/tbody> <\/table> <p>&nbsp;<\/p> <table style=\"height: 331px;\" width=\"701\"> <tbody> <tr style=\"height: 61px;\"> <td style=\"width: 104px; height: 61px;\"><img loading=\"lazy\" decoding=\"async\" class=\"aligncenter\" src=\"http:\/\/187.174.252.244\/caev\/Image\/2018\/trimestre-ico.png\" alt=\"\" width=\"53\" height=\"60\" \/><\/td> <td style=\"width: 208px; height: 61px;\"><img loading=\"lazy\" decoding=\"async\" class=\"aligncenter\" src=\"http:\/\/187.174.252.244\/caev\/Image\/2018\/usuario-ico.png\" alt=\"\" width=\"56\" height=\"60\" \/><\/td> <td style=\"width: 118px; height: 61px;\"><img loading=\"lazy\" decoding=\"async\" class=\"aligncenter\" src=\"http:\/\/187.174.252.244\/caev\/Image\/2018\/anio-ico.png\" alt=\"\" width=\"59\" height=\"60\" \/><\/td> <td style=\"width: 123px; height: 61px;\"><img loading=\"lazy\" decoding=\"async\" class=\"aligncenter\" src=\"http:\/\/187.174.252.244\/caev\/Image\/2018\/anio-ico.png\" alt=\"\" width=\"59\" height=\"60\" \/><\/td> <td style=\"width: 114px; height: 61px;\"><img loading=\"lazy\" decoding=\"async\" class=\"aligncenter\" src=\"http:\/\/187.174.252.244\/caev\/Image\/2018\/cloud-ico.png\" alt=\"\" width=\"57\" height=\"60\" \/><\/td> <\/tr> <tr style=\"height: 96px;\"> <td style=\"text-align: center; height: 96px; width: 104px;\"><span style=\"color: #000000;\"><strong>Trimestre<\/strong><em><br \/> <\/em><\/span><\/td> <td style=\"text-align: center; height: 96px; width: 208px;\"><span style=\"color: #000000;\"><strong>\u00c1rea Responsable<\/strong><\/span><\/td> <td style=\"text-align: center; height: 96px; width: 118px;\"><span style=\"color: #000000;\"><strong>Fecha de Validaci\u00f3n de la Informaci\u00f3n<\/strong><\/span><\/td> <td style=\"text-align: center; height: 96px; width: 123px;\"><span style=\"color: #000000;\"><strong>Fecha de Actualizaci\u00f3n de la Inf.<\/strong><\/span><\/td> <td style=\"text-align: center; height: 96px; width: 114px;\"><span style=\"color: #000000;\"><strong>Descargar Informaci\u00f3n<\/strong><\/span><\/td> <\/tr> <tr style=\"height: 24px;\"> <td style=\"height: 24px; width: 104px;\"><\/td> <td style=\"height: 24px; width: 208px;\"><\/td> <td style=\"height: 24px; width: 118px;\"><\/td> <td style=\"height: 24px; width: 123px;\"><\/td> <td style=\"height: 24px; width: 114px;\"><\/td> <\/tr> <tr style=\"height: 48px;\"> <td style=\"text-align: center; height: 48px; width: 104px;\"><span style=\"color: #000000;\">Primero<\/span><\/td> <td style=\"text-align: center; height: 48px; width: 208px;\"><span style=\"color: #000000;\">Oficina de Recursos Humanos<\/span><\/td> <td style=\"text-align: center; height: 48px; width: 118px;\"><span style=\"color: #000000;\">29\/04\/2022<\/span><\/td> <td style=\"text-align: center; height: 48px; width: 123px;\"><span style=\"color: #000000;\">31\/03\/2022<\/span><\/td> <td style=\"text-align: center; height: 48px; width: 114px;\"><a href=\"http:\/\/187.174.252.244\/caev\/pdfs\/oficinas_operadoras\/CerroAzul\/2022\/3-FORM9-22-1.xlsx\">descargar archivo<\/a><\/td> <\/tr> <tr style=\"height: 48px;\"> <td style=\"text-align: center; height: 48px; width: 104px;\"><span style=\"color: #000000;\">Segundo<\/span><\/td> <td style=\"text-align: center; height: 48px; width: 208px;\"><span style=\"color: #000000;\">Oficina de Recursos Humanos<\/span><\/td> <td style=\"text-align: center; height: 48px; width: 118px;\"><span style=\"color: #000000;\">01\/07\/2022<\/span><\/td> <td style=\"text-align: center; height: 48px; width: 123px;\"><span style=\"color: #000000;\">30\/06\/2022<\/span><\/td> <td style=\"text-align: center; height: 48px; width: 114px;\"><a href=\"http:\/\/187.174.252.244\/caev\/pdfs\/oficinas_operadoras\/CerroAzul\/2022\/3-FORM9-22-2.xlsx\">descargar archivo<\/a><\/td> <\/tr> <tr style=\"height: 48px;\"> <td style=\"text-align: center; height: 48px; width: 104px;\"><span style=\"color: #000000;\">Tercero<\/span><\/td> <td style=\"text-align: center; height: 48px; width: 208px;\"><span style=\"color: #000000;\">Oficina de Recursos Humanos<\/span><\/td> <td style=\"text-align: center; height: 48px; width: 118px;\"><span style=\"color: #000000;\">11\/10\/2022<\/span><\/td> <td style=\"text-align: center; height: 48px; width: 123px;\"><span style=\"color: #000000;\">30\/09\/2022<\/span><\/td> <td style=\"text-align: center; height: 48px; width: 114px;\"><a href=\"http:\/\/187.174.252.244\/caev\/pdfs\/oficinas_operadoras\/CerroAzul\/2022\/3-FORM9-22-3.xlsx\">descargar archivo<\/a><\/td> <\/tr> <tr style=\"height: 48px;\"> <td style=\"text-align: center; height: 48px; width: 104px;\"><\/td> <td style=\"text-align: center; height: 48px; width: 208px;\"><\/td> <td style=\"text-align: center; height: 48px; width: 118px;\"><\/td> <td style=\"text-align: center; height: 48px; width: 123px;\"><\/td> <td style=\"text-align: center; height: 48px; width: 114px;\"><\/td> <\/tr> <\/tbody> <\/table> <\/div> <p>&nbsp;<\/p> <hr \/> <p><strong><span style=\"color: #000000;\">EJERCICIO 2021<\/span><\/strong><\/p> <p>&nbsp;<\/p> <p>&nbsp;<\/p> <div class=\"caja\"> <table width=\"636\"> <tbody> <tr> <td style=\"width: 140px;\"><strong><img loading=\"lazy\" decoding=\"async\" class=\"alignnone aligncenter\" src=\"http:\/\/187.174.252.244\/caev\/Image\/2018\/fecha3-ico.png\" alt=\"\" width=\"46\" height=\"50\" \/><\/strong><\/td> <td style=\"width: 140px;\"> <h4>Ejercicio:<\/h4> <\/td> <td style=\"width: 140px;\" colspan=\"3\"> <p>&nbsp;<\/p> <p>2021<\/td> <\/tr> <\/tbody> <\/table> <p>&nbsp;<\/p> <table style=\"height: 331px;\" width=\"701\"> <tbody> <tr style=\"height: 61px;\"> <td style=\"width: 104px; height: 61px;\"><img loading=\"lazy\" decoding=\"async\" class=\"aligncenter\" src=\"http:\/\/187.174.252.244\/caev\/Image\/2018\/trimestre-ico.png\" alt=\"\" width=\"53\" height=\"60\" \/><\/td> <td style=\"width: 208px; height: 61px;\"><img loading=\"lazy\" decoding=\"async\" class=\"aligncenter\" src=\"http:\/\/187.174.252.244\/caev\/Image\/2018\/usuario-ico.png\" alt=\"\" width=\"56\" height=\"60\" \/><\/td> <td style=\"width: 118px; height: 61px;\"><img loading=\"lazy\" decoding=\"async\" class=\"aligncenter\" src=\"http:\/\/187.174.252.244\/caev\/Image\/2018\/anio-ico.png\" alt=\"\" width=\"59\" height=\"60\" \/><\/td> <td style=\"width: 123px; height: 61px;\"><img loading=\"lazy\" decoding=\"async\" class=\"aligncenter\" src=\"http:\/\/187.174.252.244\/caev\/Image\/2018\/anio-ico.png\" alt=\"\" width=\"59\" height=\"60\" \/><\/td> <td style=\"width: 114px; height: 61px;\"><img loading=\"lazy\" decoding=\"async\" class=\"aligncenter\" src=\"http:\/\/187.174.252.244\/caev\/Image\/2018\/cloud-ico.png\" alt=\"\" width=\"57\" height=\"60\" \/><\/td> <\/tr> <tr style=\"height: 96px;\"> <td style=\"text-align: center; height: 96px; width: 104px;\"><span style=\"color: #000000;\"><strong>Trimestre<\/strong><em><br \/> <\/em><\/span><\/td> <td style=\"text-align: center; height: 96px; width: 208px;\"><span style=\"color: #000000;\"><strong>\u00c1rea Responsable<\/strong><\/span><\/td> <td style=\"text-align: center; height: 96px; width: 118px;\"><span style=\"color: #000000;\"><strong>Fecha de Validaci\u00f3n de la Informaci\u00f3n<\/strong><\/span><\/td> <td style=\"text-align: center; height: 96px; width: 123px;\"><span style=\"color: #000000;\"><strong>Fecha de Actualizaci\u00f3n de la Inf.<\/strong><\/span><\/td> <td style=\"text-align: center; height: 96px; width: 114px;\"><span style=\"color: #000000;\"><strong>Descargar Informaci\u00f3n<\/strong><\/span><\/td> <\/tr> <tr style=\"height: 24px;\"> <td style=\"height: 24px; width: 104px;\"><\/td> <td style=\"height: 24px; width: 208px;\"><\/td> <td style=\"height: 24px; width: 118px;\"><\/td> <td style=\"height: 24px; width: 123px;\"><\/td> <td style=\"height: 24px; width: 114px;\"><\/td> <\/tr> <tr style=\"height: 48px;\"> <td style=\"text-align: center; height: 48px; width: 104px;\"><span style=\"color: #000000;\">Primero<\/span><\/td> <td style=\"text-align: center; height: 48px; width: 208px;\"><span style=\"color: #000000;\">Oficina de Recursos Humanos<\/span><\/td> <td style=\"text-align: center; height: 48px; width: 118px;\"><span style=\"color: #000000;\">28\/04\/2021<\/span><\/td> <td style=\"text-align: center; height: 48px; width: 123px;\"><span style=\"color: #000000;\">31\/03\/2021<\/span><\/td> <td style=\"text-align: center; height: 48px; width: 114px;\"><a href=\"http:\/\/187.174.252.244\/caev\/pdfs\/oficinas_operadoras\/CerroAzul\/2021\/3-FORM9-21-1.xlsx\">descargar archivo<\/a><\/td> <\/tr> <tr style=\"height: 48px;\"> <td style=\"text-align: center; height: 48px; width: 104px;\"><span style=\"color: #000000;\">Segundo<\/span><\/td> <td style=\"text-align: center; height: 48px; width: 208px;\"><span style=\"color: #000000;\">Oficina de Recursos Humanos<\/span><\/td> <td style=\"text-align: center; height: 48px; width: 118px;\"><span style=\"color: #000000;\">06\/07\/2021<\/span><\/td> <td style=\"text-align: center; height: 48px; width: 123px;\"><span style=\"color: #000000;\">30\/06\/2021<\/span><\/td> <td style=\"text-align: center; height: 48px; width: 114px;\"><a href=\"http:\/\/187.174.252.244\/caev\/pdfs\/oficinas_operadoras\/CerroAzul\/2021\/3-FORM9-21-2.xlsx\">descargar archivo<\/a><\/td> <\/tr> <tr style=\"height: 48px;\"> <td style=\"text-align: center; height: 48px; width: 104px;\"><span style=\"color: #000000;\">Tercero<\/span><\/td> <td style=\"text-align: center; height: 48px; width: 208px;\"><span style=\"color: #000000;\">Oficina de Recursos Humanos<\/span><\/td> <td style=\"text-align: center; height: 48px; width: 118px;\"><span style=\"color: #000000;\">01\/10\/2022<\/span><\/td> <td style=\"text-align: center; height: 48px; width: 123px;\"><span style=\"color: #000000;\">30\/09\/2021<\/span><\/td> <td style=\"text-align: center; height: 48px; width: 114px;\"><a href=\"http:\/\/187.174.252.244\/caev\/pdfs\/oficinas_operadoras\/CerroAzul\/2021\/3-FORM9-21-3.xlsx\">descargar archivo<\/a><\/td> <\/tr> <tr> <td style=\"text-align: center; width: 104px;\"><\/td> <td style=\"text-align: center; width: 208px;\"><\/td> <td style=\"text-align: center; width: 118px;\"><\/td> <td style=\"text-align: center; width: 123px;\"><\/td> <td style=\"text-align: center; width: 114px;\"><\/td> <\/tr> <\/tbody> <\/table> <\/div> <p>&nbsp;<\/p> <hr \/> <p><strong><span style=\"color: #000000;\">EJERCICIO 2019<\/span><\/strong><\/p> <p>&nbsp;<\/p> <div class=\"caja\"> <table width=\"636\"> <tbody> <tr> <td style=\"width: 140px;\"><strong><img loading=\"lazy\" decoding=\"async\" class=\"alignnone aligncenter\" src=\"http:\/\/187.174.252.244\/caev\/Image\/2018\/fecha3-ico.png\" alt=\"\" width=\"46\" height=\"50\" \/><\/strong><\/td> <td style=\"width: 140px;\"> <h4>Ejercicio:<\/h4> <\/td> <td style=\"width: 140px;\" colspan=\"3\"> <p>&nbsp;<\/p> <p>2019<\/td> <\/tr> <\/tbody> <\/table> <p>&nbsp;<\/p> <table style=\"height: 282px; width: 700px;\" width=\"701\"> <tbody> <tr style=\"height: 61px;\"> <td style=\"width: 102.563px; height: 61px;\"><img loading=\"lazy\" decoding=\"async\" class=\"aligncenter\" src=\"http:\/\/187.174.252.244\/caev\/Image\/2018\/trimestre-ico.png\" alt=\"\" width=\"53\" height=\"60\" \/><\/td> <td style=\"width: 209.063px; height: 61px;\"><img loading=\"lazy\" decoding=\"async\" class=\"aligncenter\" src=\"http:\/\/187.174.252.244\/caev\/Image\/2018\/usuario-ico.png\" alt=\"\" width=\"56\" height=\"60\" \/><\/td> <td style=\"width: 119.063px; height: 61px;\"><img loading=\"lazy\" decoding=\"async\" class=\"aligncenter\" src=\"http:\/\/187.174.252.244\/caev\/Image\/2018\/anio-ico.png\" alt=\"\" width=\"59\" height=\"60\" \/><\/td> <td style=\"width: 123.563px; height: 61px;\"><img loading=\"lazy\" decoding=\"async\" class=\"aligncenter\" src=\"http:\/\/187.174.252.244\/caev\/Image\/2018\/anio-ico.png\" alt=\"\" width=\"59\" height=\"60\" \/><\/td> <td style=\"width: 116.063px; height: 61px;\"><img loading=\"lazy\" decoding=\"async\" class=\"aligncenter\" src=\"http:\/\/187.174.252.244\/caev\/Image\/2018\/cloud-ico.png\" alt=\"\" width=\"57\" height=\"60\" \/><\/td> <\/tr> <tr style=\"height: 96px;\"> <td style=\"text-align: center; height: 96px; width: 102.563px;\"><span style=\"color: #000000;\"><strong>Trimestre<\/strong><em><br \/> <\/em><\/span><\/td> <td style=\"text-align: center; height: 96px; width: 209.063px;\"><span style=\"color: #000000;\"><strong>\u00c1rea Responsable<\/strong><\/span><\/td> <td style=\"text-align: center; height: 96px; width: 119.063px;\"><span style=\"color: #000000;\"><strong>Fecha de Validaci\u00f3n de la Informaci\u00f3n<\/strong><\/span><\/td> <td style=\"text-align: center; height: 96px; width: 123.563px;\"><span style=\"color: #000000;\"><strong>Fecha de Actualizaci\u00f3n de la Inf.<\/strong><\/span><\/td> <td style=\"text-align: center; height: 96px; width: 116.063px;\"><span style=\"color: #000000;\"><strong>Descargar Informaci\u00f3n<\/strong><\/span><\/td> <\/tr> <tr style=\"height: 24px;\"> <td style=\"height: 24px; width: 102.563px;\"><\/td> <td style=\"height: 24px; width: 209.063px;\"><\/td> <td style=\"height: 24px; width: 119.063px;\"><\/td> <td style=\"height: 24px; width: 123.563px;\"><\/td> <td style=\"height: 24px; width: 116.063px;\"><\/td> <\/tr> <tr style=\"height: 48px;\"> <td style=\"text-align: center; height: 48px; width: 102.563px;\"><span style=\"color: #000000;\">Primero<\/span><\/td> <td style=\"text-align: center; height: 48px; width: 209.063px;\"><span style=\"color: #000000;\">Oficina de Recursos Humanos<\/span><\/td> <td style=\"text-align: center; height: 48px; width: 119.063px;\"><span style=\"color: #000000;\">23\/04\/2019<\/span><\/td> <td style=\"text-align: center; height: 48px; width: 123.563px;\"><span style=\"color: #000000;\">29\/03\/2019<\/span><\/td> <td style=\"text-align: center; height: 48px; width: 116.063px;\"><a href=\"http:\/\/187.174.252.244\/caev\/pdfs\/oficinas_operadoras\/CerroAzul\/2019\/3-FORM9-19-1.xlsx\">descargar archivo<\/a><\/td> <\/tr> <tr style=\"height: 24px;\"> <td style=\"height: 24px; width: 102.563px; text-align: center;\">Segundo<\/td> <td style=\"height: 24px; width: 209.063px; text-align: center;\"><span style=\"color: #000000;\">Oficina de Recursos Humanos<\/span><\/td> <td style=\"height: 24px; width: 119.063px; text-align: center;\"><span style=\"color: #000000;\">01\/07\/2019<\/span><\/td> <td style=\"height: 24px; width: 123.563px; text-align: center;\"><span style=\"color: #000000;\">30\/06\/2019<\/span><\/td> <td style=\"height: 24px; width: 116.063px; text-align: center;\"><a href=\"http:\/\/187.174.252.244\/caev\/pdfs\/oficinas_operadoras\/CerroAzul\/2019\/3-FORM9-19-2.xlsx\">descargar archivo<\/a><\/td> <\/tr> <tr> <td style=\"text-align: center; width: 102.563px;\"><\/td> <td style=\"text-align: center; width: 209.063px;\"><\/td> <td style=\"text-align: center; width: 119.063px;\"><\/td> <td style=\"text-align: center; width: 123.563px;\"><\/td> <td style=\"text-align: center; width: 116.063px;\"><\/td> <\/tr> <tr> <td style=\"text-align: center; width: 102.563px;\"><\/td> <td style=\"text-align: center; width: 209.063px;\"><\/td> <td style=\"text-align: center; width: 119.063px;\"><\/td> <td style=\"text-align: center; width: 123.563px;\"><\/td> <td style=\"text-align: center; width: 116.063px;\"><\/td> <\/tr> <\/tbody> <\/table> <\/div> <hr \/> <p><strong><span style=\"color: #000000;\">EJERCICIO 2018<\/span><\/strong><\/p> <p>&nbsp;<\/p> <div class=\"caja\"> <table width=\"636\"> <tbody> <tr> <td style=\"width: 140px;\"><strong><img loading=\"lazy\" decoding=\"async\" class=\"alignnone aligncenter\" src=\"http:\/\/187.174.252.244\/caev\/Image\/2018\/fecha3-ico.png\" alt=\"\" width=\"46\" height=\"50\" \/><\/strong><\/td> <td style=\"width: 140px;\"> <h4>Ejercicio:<\/h4> <\/td> <td style=\"width: 140px;\" colspan=\"3\"> <p>&nbsp;<\/p> <p>2018<\/td> <\/tr> <\/tbody> <\/table> <p>&nbsp;<\/p> <table style=\"width: 701px; height: 462px;\" width=\"700\"> <tbody> <tr> <td style=\"width: 107px;\"><img loading=\"lazy\" decoding=\"async\" class=\"aligncenter\" src=\"http:\/\/187.174.252.244\/caev\/Image\/2018\/trimestre-ico.png\" alt=\"\" width=\"53\" height=\"60\" \/><\/td> <td style=\"width: 214px;\"><img loading=\"lazy\" decoding=\"async\" class=\"aligncenter\" src=\"http:\/\/187.174.252.244\/caev\/Image\/2018\/usuario-ico.png\" alt=\"\" width=\"56\" height=\"60\" \/><\/td> <td style=\"width: 112px;\"><img loading=\"lazy\" decoding=\"async\" class=\"aligncenter\" src=\"http:\/\/187.174.252.244\/caev\/Image\/2018\/anio-ico.png\" alt=\"\" width=\"59\" height=\"60\" \/><\/td> <td style=\"width: 120px;\"><img loading=\"lazy\" decoding=\"async\" class=\"aligncenter\" src=\"http:\/\/187.174.252.244\/caev\/Image\/2018\/anio-ico.png\" alt=\"\" width=\"59\" height=\"60\" \/><\/td> <td style=\"width: 114px;\"><img loading=\"lazy\" decoding=\"async\" class=\"aligncenter\" src=\"http:\/\/187.174.252.244\/caev\/Image\/2018\/cloud-ico.png\" alt=\"\" width=\"57\" height=\"60\" \/><\/td> <\/tr> <tr> <td style=\"text-align: center; width: 107px;\"><span style=\"color: #000000;\"><strong>Trimestre<\/strong><em><br \/> <\/em><\/span><\/td> <td style=\"text-align: center; width: 214px;\"><span style=\"color: #000000;\"><strong>\u00c1rea Responsable<\/strong><\/span><\/td> <td style=\"text-align: center; width: 112px;\"><span style=\"color: #000000;\"><strong>Fecha de Validaci\u00f3n de la Informaci\u00f3n<\/strong><\/span><\/td> <td style=\"text-align: center; width: 120px;\"><span style=\"color: #000000;\"><strong>Fecha de Actualizaci\u00f3n de la Inf.<\/strong><\/span><\/td> <td style=\"text-align: center; width: 114px;\"><span style=\"color: #000000;\"><strong>Descargar Informaci\u00f3n<\/strong><\/span><\/td> <\/tr> <tr> <td style=\"width: 107px;\"><\/td> <td style=\"width: 214px;\"><\/td> <td style=\"width: 112px;\"><\/td> <td style=\"width: 120px;\"><\/td> <td style=\"width: 114px;\"><\/td> <\/tr> <tr> <td style=\"text-align: center; width: 107px;\"><span style=\"color: #000000;\">Primero<\/span><\/td> <td style=\"text-align: center; width: 214px;\"><span style=\"color: #000000;\">Oficina de Recursos Humanos<\/span><\/td> <td style=\"text-align: center; width: 112px;\"><span style=\"color: #000000;\">19\/04\/2018<\/span><\/td> <td style=\"text-align: center; width: 120px;\"><span style=\"color: #000000;\">28\/03\/2018<\/span><\/td> <td style=\"text-align: center; width: 114px;\"><a href=\"http:\/\/187.174.252.244\/caev\/pdfs\/oficinas_operadoras\/CerroAzul\/2018\/3-FORM9-18-1.xlsx\">descargar archivo<\/a><\/td> <\/tr> <tr> <td style=\"width: 107px;\"><\/td> <td style=\"width: 214px;\"><\/td> <td style=\"width: 112px;\"><\/td> <td style=\"width: 120px;\"><\/td> <td style=\"width: 114px;\"><\/td> <\/tr> <tr> <td style=\"text-align: center; width: 107px;\"><span style=\"color: #000000;\">Segundo<\/span><\/td> <td style=\"text-align: center; width: 214px;\"><span style=\"color: #000000;\">Oficina de Recursos Humanos<\/span><\/td> <td style=\"text-align: center; width: 112px;\"><span style=\"color: #000000;\">30\/07\/2018<\/span><\/td> <td style=\"text-align: center; width: 120px;\"><span style=\"color: #000000;\">29\/06\/2018<\/span><\/td> <td style=\"text-align: center; width: 114px;\"><a href=\"http:\/\/187.174.252.244\/caev\/pdfs\/oficinas_operadoras\/CerroAzul\/2018\/3-FORM9-18-2.xlsx\">descargar archivo<\/a><\/td> <\/tr> <tr> <td style=\"text-align: center; width: 107px;\"><span style=\"color: #000000;\">\u00a0<\/span><\/td> <td style=\"text-align: center; width: 214px;\"><span style=\"color: #000000;\">\u00a0<\/span><\/td> <td style=\"text-align: center; width: 112px;\"><span style=\"color: #000000;\">\u00a0<\/span><\/td> <td style=\"text-align: center; width: 120px;\"><span style=\"color: #000000;\">\u00a0<\/span><\/td> <td style=\"text-align: center; width: 114px;\"><\/td> <\/tr> <tr> <td style=\"text-align: center; width: 107px;\"><span style=\"color: #000000;\">Tercero<\/span><\/td> <td style=\"text-align: center; width: 214px;\"><span style=\"color: #000000;\">Oficina de Recursos Humanos<\/span><\/td> <td style=\"text-align: center; width: 112px;\"><span style=\"color: #000000;\">23\/10\/2018<\/span><\/td> <td style=\"text-align: center; width: 120px;\"><span style=\"color: #000000;\">28\/09\/2018<\/span><\/td> <td style=\"text-align: center; width: 114px;\"><a href=\"http:\/\/187.174.252.244\/caev\/pdfs\/oficinas_operadoras\/CerroAzul\/2018\/3-FORM9-18-3.xlsx\">descargar archivo<\/a><\/td> <\/tr> <tr> <td style=\"text-align: center; width: 107px;\"><span style=\"color: #000000;\">\u00a0<\/span><\/td> <td style=\"text-align: center; width: 214px;\"><span style=\"color: #000000;\">\u00a0<\/span><\/td> <td style=\"text-align: center; width: 112px;\"><span style=\"color: #000000;\">\u00a0<\/span><\/td> <td style=\"text-align: center; width: 120px;\"><span style=\"color: #000000;\">\u00a0<\/span><\/td> <td style=\"text-align: center; width: 114px;\"><\/td> <\/tr> <tr> <td style=\"text-align: center; width: 107px;\"><span style=\"color: #000000;\">Cuarto<\/span><\/td> <td style=\"text-align: center; width: 214px;\"><span style=\"color: #000000;\">Oficina de Recursos Humanos<\/span><\/td> <td style=\"text-align: center; width: 112px;\"><span style=\"color: #000000;\">30\/01\/2019<\/span><\/td> <td style=\"text-align: center; width: 120px;\"><span style=\"color: #000000;\">30\/12\/2018<\/span><\/td> <td style=\"text-align: center; width: 114px;\"><a href=\"http:\/\/187.174.252.244\/caev\/pdfs\/oficinas_operadoras\/CerroAzul\/2018\/3-FORM9-18-4.xlsx\">descargar archivo<\/a><\/td> <\/tr> <\/tbody> <\/table> <\/div> <div> <h4><\/h4> <table width=\"520\"> <tbody> <tr> <td style=\"width: 100px;\"><a href=\"http:\/\/187.174.252.244\/operadoras\/transparencia\/ley-general-y-ley-875\/cerro-azul-ley-general-y-ley-875-de-transparencia\/cerro-azul-fraccion-ix\"><img loading=\"lazy\" decoding=\"async\" class=\"aligncenter\" src=\"http:\/\/187.174.252.244\/caev\/Image\/2018\/folder-ico.jpg\" alt=\"\" width=\"51\" height=\"44\" \/><\/a><\/td> <td><a href=\"http:\/\/187.174.252.244\/operadoras\/transparencia\/ley-general-y-ley-875\/cerro-azul-ley-general-y-ley-875-de-transparencia\/cerro-azul-fraccion-ix\">Ejercicio Actual<\/a><\/td> <\/tr> <\/tbody> <\/table> <\/div> <p style=\"text-align: center;\"><a href=\"http:\/\/187.174.252.244\/operadoras\/transparencia\/ley-general-y-ley-875\/cerro-azul-ley-general-y-ley-875-de-transparencia\/\"><img loading=\"lazy\" decoding=\"async\" class=\"alignnone size-medium\" src=\"http:\/\/187.174.252.244\/caev\/Oficinas_Operadoras\/Aarchivos\/home1.png\" width=\"36\" height=\"37\" \/><\/a> <a href=\"http:\/\/187.174.252.244\/operadoras\/transparencia\/ley-general-y-ley-875\/cerro-azul-ley-general-y-ley-875-de-transparencia\/\">regresar<\/a><\/p> ","protected":false},"excerpt":{"rendered":"<p>GASTOS DE REPRESENTACI\u00d3N Y VI\u00c1TICOS &nbsp; Los gastos de representaci\u00f3n de vi\u00e1ticos. &nbsp; EJERCICIO 2022 &nbsp; Ejercicio: &nbsp; 2022 &nbsp; Trimestre \u00c1rea Responsable Fecha de Validaci\u00f3n de la Informaci\u00f3n Fecha de Actualizaci\u00f3n de la Inf. Descargar Informaci\u00f3n Primero Oficina de Recursos Humanos 29\/04\/2022 31\/03\/2022 descargar archivo Segundo Oficina de Recursos Humanos 01\/07\/2022 30\/06\/2022 descargar archivo [&hellip;]<\/p>\n","protected":false},"author":1,"featured_media":0,"parent":6676,"menu_order":0,"comment_status":"closed","ping_status":"closed","template":"","meta":{"footnotes":""},"class_list":["post-30056","page","type-page","status-publish","hentry"],"_links":{"self":[{"href":"http:\/\/187.174.252.244\/operadoras\/wp-json\/wp\/v2\/pages\/30056"}],"collection":[{"href":"http:\/\/187.174.252.244\/operadoras\/wp-json\/wp\/v2\/pages"}],"about":[{"href":"http:\/\/187.174.252.244\/operadoras\/wp-json\/wp\/v2\/types\/page"}],"author":[{"embeddable":true,"href":"http:\/\/187.174.252.244\/operadoras\/wp-json\/wp\/v2\/users\/1"}],"replies":[{"embeddable":true,"href":"http:\/\/187.174.252.244\/operadoras\/wp-json\/wp\/v2\/comments?post=30056"}],"version-history":[{"count":8,"href":"http:\/\/187.174.252.244\/operadoras\/wp-json\/wp\/v2\/pages\/30056\/revisions"}],"predecessor-version":[{"id":60719,"href":"http:\/\/187.174.252.244\/operadoras\/wp-json\/wp\/v2\/pages\/30056\/revisions\/60719"}],"up":[{"embeddable":true,"href":"http:\/\/187.174.252.244\/operadoras\/wp-json\/wp\/v2\/pages\/6676"}],"wp:attachment":[{"href":"http:\/\/187.174.252.244\/operadoras\/wp-json\/wp\/v2\/media?parent=30056"}],"curies":[{"name":"wp","href":"https:\/\/api.w.org\/{rel}","templated":true}]}}