{"id":3059,"date":"2018-03-12T11:32:54","date_gmt":"2018-03-12T17:32:54","guid":{"rendered":"http:\/\/localhost\/?page_id=3059"},"modified":"2024-09-09T12:10:18","modified_gmt":"2024-09-09T18:10:18","slug":"tlapacoyan-requisitos-para-contratacion","status":"publish","type":"page","link":"http:\/\/187.174.252.244\/operadoras\/servicios\/requisitos-para-contratacion\/tlapacoyan-requisitos-para-contratacion\/","title":{"rendered":"Tlapacoyan &#8211; Requisitos para Contrataci\u00f3n"},"content":{"rendered":"<p><span style=\"color: #000000;\"><strong>REQUISITOS:<\/strong><\/span><\/p> <ol> <li><span style=\"color: #000000;\">Llenar el formato de solicitud de servicios.<\/span><\/li> <\/ol> <p><span style=\"color: #000000;\"><strong>Presentar la siguiente documentaci\u00f3n legible y sin alteraciones en original (cotejo) y copia.<\/strong><\/span><\/p> <ol start=\"2\"> <li><span style=\"color: #000000;\">Identificaci\u00f3n oficial con fotograf\u00eda vigente.<\/span><\/li> <li><span style=\"color: #000000;\">Permiso de demolici\u00f3n y reposici\u00f3n de: pavimento, guarnici\u00f3n, banqueta y\/o dictamen de factibilidad.<\/span><\/li> <li><span style=\"color: #000000;\">T\u00edtulo de propiedad o documento que acredite la legal posesi\u00f3n del inmueble.<\/span><\/li> <li><span style=\"color: #000000;\">Memoria de c\u00e1lculo en la que se determine el caudal diario y di\u00e1metro de la toma que se solicita para el caso de personas usuarias de tipo comercial de alto consumo e industriales (no aplica para personas usuarias de tipo dom\u00e9stico).<\/span><\/li> <li><span style=\"color: #000000;\">Croquis de ubicaci\u00f3n del predio (se\u00f1alando calles adyacentes), para derivaci\u00f3n se\u00f1alar el predio que har\u00e1 la derivaci\u00f3n y el predio, giro mercantil o industria que la solicita.<\/span><\/li> <li><span style=\"color: #000000;\">Boleta predial.<\/span><\/li> <li><span style=\"color: #000000;\">Acta constitutiva, para el caso de personas morales y sociedades comerciales.<\/span><\/li> <li><span style=\"color: #000000;\">Escrito firmado de quien tenga la propiedad del predio, giro o establecimiento a trav\u00e9s de la cual autoriza que se realice una conexi\u00f3n (derivaci\u00f3n) de su toma, quien estar\u00e1 obligado solidariamente a pagar las cuotas o tarifas que correspondan.<\/span><\/li> <li><span style=\"color: #000000;\">Recibo de pago requerido y\/o que compruebe estar al corriente con las cuotas o tarifas aplicables.<\/span><\/li> <\/ol> <p><span style=\"color: #000000;\"><strong>Se\u00f1alamientos para la contrataci\u00f3n:<\/strong><\/span><\/p> <ul> <li><span style=\"color: #000000;\">Cuando se presente controversia jur\u00eddica, litigio por parte del propietario o posesionario, se contratar\u00e1 en forma provisional. Cuando exista sentencia favorable para alguna de las partes, se har\u00e1 en forma definitiva y\/o cancelar\u00e1 el contrato.<\/span><\/li> <li><span style=\"color: #000000;\">En caso de enga\u00f1o, dolo o mala fe, por parte de la persona solicitante, no proceder\u00e1 la contrataci\u00f3n y si hubiese contrato alguno con dicha premisa, dejar\u00e1 de surtir sus efectos legales, sin responsabilidad para el organismo.<\/span><\/li> <\/ul> <p><span style=\"color: #000000;\"><strong>Para ser beneficiario del 50% de descuento en el pago anual anticipado, se deber\u00e1 cumplir con los siguientes se\u00f1alamientos:<\/strong><\/span><\/p> <ul> <li><span style=\"color: #000000;\">El inmueble debe estar a nombre de la persona pensionada, jubilada, adulto mayor de 65 a\u00f1os o de su c\u00f3nyuge respectivo y personas con discapacidad f\u00edsica, intelectual o sensorial o en su caso la acreditaci\u00f3n del alquiler del inmueble.<\/span><\/li> <li><span style=\"color: #000000;\">Habitar el inmueble.<\/span><\/li> <li><span style=\"color: #000000;\">Que el pago se realice en forma anticipada anual durante los meses que autorice el Consejo de Administraci\u00f3n de la CAEV.<\/span><\/li> <li><span style=\"color: #000000;\">El beneficio del 50% de descuento en el pago anual anticipado aplica para solo inmueble y de uso dom\u00e9stico.<\/span><\/li> <li><span style=\"color: #000000;\">Si la persona solicitante paga la renta del inmueble en el que habita, presentar\u00e1 recibo de renta actualizado, sin controversia jur\u00eddica.<\/span><\/li> <li><span style=\"color: #000000;\">El tr\u00e1mite del pago anual anticipado debe ser presencial, excepto en caso de incapacidad, siendo necesario efectuar una visita de inspecci\u00f3n.<\/span><\/li> <\/ul> <p><span style=\"color: #000000;\"><strong>Documentos:<\/strong><\/span><\/p> <ul> <li><span style=\"color: #000000;\">Acta de matrimonio si alg\u00fan documento est\u00e1 a nombre del c\u00f3nyuge.<\/span><\/li> <li><span style=\"color: #000000;\">\u00daltimo comprobante del pago de la pensi\u00f3n.<\/span><\/li> <li><span style=\"color: #000000;\">Credencial de la persona pensionada con fotograf\u00eda.<\/span><\/li> <li><span style=\"color: #000000;\">Credencial de elector, debiendo corresponder el domicilio de este documento con el de la toma que se solicita el subsidio.<\/span><\/li> <li><span style=\"color: #000000;\">Boleta del pago predial al corriente (el domicilio del recibo del pago del servicio de agua y la boleta del predial debe ser el mismo).<\/span><\/li> <li><span style=\"color: #000000;\">La (el) c\u00f3nyuge presentar\u00e1 acta de defunci\u00f3n de la persona que estaba pensionada, jubilada o adulto mayor, junto con acta de matrimonio; para el caso de la persona concubina, los documentos legales (afiliaci\u00f3n al IMSS, designaci\u00f3n de beneficiarios de la persona finada, declaraci\u00f3n de beneficiarios en junta laboral), para que se les otorgue el descuento del 50%.<\/span><\/li> <\/ul> <p>&nbsp;<\/p> <p>&nbsp;<\/p> <p>&nbsp;<\/p> <p style=\"text-align: center;\"><a href=\"http:\/\/187.174.252.244\/operadoras\/servicios\/requisitos-para-contratacion\/\"><img loading=\"lazy\" decoding=\"async\" class=\"alignnone size-medium\" src=\"http:\/\/187.174.252.244\/caev\/Oficinas_Operadoras\/Aarchivos\/home1.png\" width=\"36\" height=\"37\" \/><\/a> <a href=\"http:\/\/187.174.252.244\/operadoras\/servicios\/requisitos-para-contratacion\/\">regresar<\/a><\/p> ","protected":false},"excerpt":{"rendered":"<p>REQUISITOS: Llenar el formato de solicitud de servicios. Presentar la siguiente documentaci\u00f3n legible y sin alteraciones en original (cotejo) y copia. Identificaci\u00f3n oficial con fotograf\u00eda vigente. Permiso de demolici\u00f3n y reposici\u00f3n de: pavimento, guarnici\u00f3n, banqueta y\/o dictamen de factibilidad. T\u00edtulo de propiedad o documento que acredite la legal posesi\u00f3n del inmueble. Memoria de c\u00e1lculo en [&hellip;]<\/p>\n","protected":false},"author":1,"featured_media":0,"parent":246,"menu_order":0,"comment_status":"closed","ping_status":"closed","template":"","meta":{"footnotes":""},"class_list":["post-3059","page","type-page","status-publish","hentry"],"_links":{"self":[{"href":"http:\/\/187.174.252.244\/operadoras\/wp-json\/wp\/v2\/pages\/3059"}],"collection":[{"href":"http:\/\/187.174.252.244\/operadoras\/wp-json\/wp\/v2\/pages"}],"about":[{"href":"http:\/\/187.174.252.244\/operadoras\/wp-json\/wp\/v2\/types\/page"}],"author":[{"embeddable":true,"href":"http:\/\/187.174.252.244\/operadoras\/wp-json\/wp\/v2\/users\/1"}],"replies":[{"embeddable":true,"href":"http:\/\/187.174.252.244\/operadoras\/wp-json\/wp\/v2\/comments?post=3059"}],"version-history":[{"count":4,"href":"http:\/\/187.174.252.244\/operadoras\/wp-json\/wp\/v2\/pages\/3059\/revisions"}],"predecessor-version":[{"id":59025,"href":"http:\/\/187.174.252.244\/operadoras\/wp-json\/wp\/v2\/pages\/3059\/revisions\/59025"}],"up":[{"embeddable":true,"href":"http:\/\/187.174.252.244\/operadoras\/wp-json\/wp\/v2\/pages\/246"}],"wp:attachment":[{"href":"http:\/\/187.174.252.244\/operadoras\/wp-json\/wp\/v2\/media?parent=3059"}],"curies":[{"name":"wp","href":"https:\/\/api.w.org\/{rel}","templated":true}]}}