{"id":315,"date":"2018-01-19T11:02:59","date_gmt":"2018-01-19T17:02:59","guid":{"rendered":"http:\/\/localhost\/?page_id=315"},"modified":"2026-05-05T10:54:46","modified_gmt":"2026-05-05T16:54:46","slug":"ley-estatal-abrogada","status":"publish","type":"page","link":"http:\/\/187.174.252.244\/operadoras\/transparencia\/ley-estatal-abrogada\/","title":{"rendered":"Ley Estatal (Hist\u00f3rico)"},"content":{"rendered":"<table style=\"height: 292px; border-style: none; width: 725px; border-color: #ffffff;\" width=\"725\"> <tbody> <tr style=\"height: 24px;\"> <td style=\"width: 250px; background-color: #86163b; height: 24px; text-align: center;\"><span style=\"color: #ffffff;\"><strong>ZONA NORTE<\/strong><\/span><\/td> <td style=\"width: 250px; background-color: #86163b; height: 24px; text-align: center;\"><span style=\"color: #ffffff;\"><strong>ZONA CENTRO<br \/> <\/strong><\/span><\/td> <td style=\"width: 250px; background-color: #86163b; height: 24px; text-align: center;\"><span style=\"color: #ffffff;\"><strong>ZONA SUR<br \/> <\/strong><\/span><\/td> <\/tr> <tr style=\"height: 24px;\"> <td style=\"height: 24px; width: 250px;\"><span style=\"color: #000000;\">&#8211; <a href=\"http:\/\/187.174.252.244\/operadoras\/transparencia\/ley-estatal-abrogada\/alamo-ley-estatal-abrogada\/\">\u00c1lamo<\/a><\/span><\/td> <td style=\"height: 24px; width: 250px;\"><span style=\"color: #000000;\">&#8211; <a href=\"http:\/\/187.174.252.244\/operadoras\/transparencia\/ley-estatal-abrogada\/altotonga-ley-estatal-abrogada\/\">Altotonga<\/a><\/span><\/td> <td style=\"height: 24px; width: 250px;\"><span style=\"color: #000000;\">&#8211; <a href=\"http:\/\/187.174.252.244\/operadoras\/transparencia\/ley-estatal-abrogada\/acayucan-ley-estatal-abrogada\/\">Acayucan<\/a><\/span><\/td> <\/tr> <tr style=\"height: 24px;\"> <td style=\"height: 24px; width: 250px;\"><span style=\"color: #000000;\">&#8211; <a href=\"http:\/\/187.174.252.244\/operadoras\/transparencia\/ley-estatal-abrogada\/cazones-de-herrera-ley-estatal-abrogada\/\">Cazones de Herrera<\/a><\/span><\/td> <td style=\"height: 24px; width: 250px;\"><span style=\"color: #000000;\">&#8211; <a href=\"http:\/\/187.174.252.244\/operadoras\/transparencia\/ley-estatal-abrogada\/alvarado-ley-estatal-abrogada\/\">Alvarado<\/a><\/span><\/td> <td style=\"height: 24px; width: 250px;\"><span style=\"color: #000000;\">&#8211; <a href=\"http:\/\/187.174.252.244\/operadoras\/transparencia\/ley-estatal-abrogada\/agua-dulce-ley-estatal-abrogada\/\">Agua Dulce<\/a><\/span><\/td> <\/tr> <tr style=\"height: 24px;\"> <td style=\"height: 24px; width: 250px;\"><span style=\"color: #000000;\">&#8211; <a href=\"http:\/\/187.174.252.244\/operadoras\/transparencia\/ley-estatal-abrogada\/cerro-azul-ley-estatal-abrogada\/\">Cerro Azul<\/a><\/span><\/td> <td style=\"height: 24px; width: 250px;\"><span style=\"color: #000000;\">&#8211; <a href=\"http:\/\/187.174.252.244\/operadoras\/transparencia\/ley-estatal-abrogada\/chichicaxtle-ley-estatal-abrogada\/\">Chichicaxtle<\/a><\/span><\/td> <td style=\"height: 24px; width: 250px;\"><span style=\"color: #000000;\">&#8211; <a href=\"http:\/\/187.174.252.244\/operadoras\/transparencia\/ley-estatal-abrogada\/angel-r-cabada-ley-estatal-abrogada\/\">\u00c1ngel R. Cabada<\/a><\/span><\/td> <\/tr> <tr style=\"height: 24px;\"> <td style=\"height: 24px; width: 250px;\"><span style=\"color: #000000;\">&#8211; <a href=\"http:\/\/187.174.252.244\/operadoras\/transparencia\/ley-estatal-abrogada\/chicontepec-ley-estatal-abrogada\/\">Chicontepec<\/a><\/span><\/td> <td style=\"height: 24px; width: 250px;\"><span style=\"color: #000000;\">&#8211; <a href=\"http:\/\/187.174.252.244\/operadoras\/transparencia\/ley-estatal-abrogada\/ciudad-mendoza-ley-estatal-abrogada\/\">Ciudad Mendoza<\/a><\/span><\/td> <td style=\"height: 24px; width: 250px;\"><span style=\"color: #000000;\">&#8211; <a href=\"http:\/\/187.174.252.244\/operadoras\/transparencia\/ley-estatal-abrogada\/carlos-a-carrillo-ley-estatal-abrogada\/\">Carlos A. Carrillo<\/a><\/span><\/td> <\/tr> <tr style=\"height: 24px;\"> <td style=\"height: 24px; width: 250px;\"><span style=\"color: #000000;\">&#8211; <a href=\"http:\/\/187.174.252.244\/operadoras\/transparencia\/ley-estatal-abrogada\/coatzintla-ley-estatal-abrogada\/\">Coatzintla<\/a><\/span><\/td> <td style=\"height: 24px; width: 250px;\"><span style=\"color: #000000;\">&#8211; <a href=\"http:\/\/187.174.252.244\/operadoras\/transparencia\/ley-estatal-abrogada\/cuitlahuac-ley-estatal-abrogada\/\">Cuitl\u00e1huac<\/a><\/span><\/td> <td style=\"height: 24px; width: 250px;\"><span style=\"color: #000000;\">&#8211; <a href=\"http:\/\/187.174.252.244\/operadoras\/transparencia\/ley-estatal-abrogada\/catemaco-ley-estatal-abrogada\/\">Catemaco<\/a><\/span><\/td> <\/tr> <tr style=\"height: 24px;\"> <td style=\"height: 24px; width: 250px;\"><span style=\"color: #000000;\">&#8211; <a href=\"http:\/\/187.174.252.244\/operadoras\/transparencia\/ley-estatal-abrogada\/el-higo-ley-estatal-abrogada\/\">El Higo<\/a><\/span><\/td> <td style=\"height: 24px; width: 250px;\"><span style=\"color: #000000;\">&#8211; <a href=\"http:\/\/187.174.252.244\/operadoras\/transparencia\/ley-estatal-abrogada\/ixhuatlan-del-cafe-ley-estatal-abrogada\/\">Ixhuatl\u00e1n del Caf\u00e9<\/a><\/span><\/td> <td style=\"height: 24px; width: 250px;\"><span style=\"color: #000000;\">&#8211; <a href=\"http:\/\/187.174.252.244\/operadoras\/transparencia\/ley-estatal-abrogada\/chacaltianguis-ley-estatal-abrogada\/\">Chacaltianguis<\/a><\/span><\/td> <\/tr> <tr style=\"height: 24px;\"> <td style=\"height: 24px; width: 250px;\"><span style=\"color: #000000;\">&#8211; <a href=\"http:\/\/187.174.252.244\/operadoras\/transparencia\/ley-estatal-abrogada\/emilio-carranza-ley-estatal-abrogada\/\">Emilio Carranza<\/a><\/span><\/td> <td style=\"height: 24px; width: 250px;\"><span style=\"color: #000000;\">&#8211; <a href=\"http:\/\/187.174.252.244\/operadoras\/transparencia\/ley-estatal-abrogada\/jalacingo-ley-estatal-abrogada\/\">Jalacingo<\/a><\/span><\/td> <td style=\"height: 24px; width: 250px;\"><span style=\"color: #000000;\">&#8211; <a href=\"http:\/\/187.174.252.244\/operadoras\/transparencia\/ley-estatal-abrogada\/chinameca-ley-estatal-abrogada\/\">Chinameca<\/a><\/span><\/td> <\/tr> <tr style=\"height: 24px;\"> <td style=\"height: 24px; width: 250px;\"><span style=\"color: #000000;\">&#8211; <a href=\"http:\/\/187.174.252.244\/operadoras\/transparencia\/ley-estatal-abrogada\/gutierrez-zamora-ley-estatal-abrogada\/\">Guti\u00e9rrez Zamora<\/a><\/span><\/td> <td style=\"height: 24px; width: 250px;\"><span style=\"color: #000000;\">&#8211; <a href=\"http:\/\/187.174.252.244\/operadoras\/transparencia\/ley-estatal-abrogada\/las-vigas-de-ramirez-ley-estatal-abrogada\/\">Las Vigas de Ram\u00edrez<\/a><\/span><\/td> <td style=\"height: 24px; width: 250px;\"><span style=\"color: #000000;\">&#8211; <a href=\"http:\/\/187.174.252.244\/operadoras\/transparencia\/ley-estatal-abrogada\/ciudad-aleman-ley-estatal-abrogada\/\">Ciudad Alem\u00e1n<\/a><\/span><\/td> <\/tr> <tr style=\"height: 24px;\"> <td style=\"height: 24px; width: 250px;\"><span style=\"color: #000000;\">&#8211; <a href=\"http:\/\/187.174.252.244\/operadoras\/transparencia\/ley-estatal-abrogada\/martinez-de-la-torre-ley-estatal-abrogada\/\">Mart\u00ednez de la Torre<\/a><\/span><\/td> <td style=\"height: 24px; width: 250px;\"><span style=\"color: #000000;\">&#8211; <a href=\"http:\/\/187.174.252.244\/operadoras\/transparencia\/ley-estatal-abrogada\/misantla-ley-estatal-abrogada\/\">Misantla<\/a><\/span><\/td> <td style=\"height: 24px; width: 250px;\"><span style=\"color: #000000;\">&#8211; <a href=\"http:\/\/187.174.252.244\/operadoras\/transparencia\/ley-estatal-abrogada\/coatzacoalcos-ley-estatal-abrogada\/\">Coatzacoalcos<\/a><\/span><\/td> <\/tr> <tr style=\"height: 24px;\"> <td style=\"height: 24px; width: 250px;\"><span style=\"color: #000000;\">&#8211; <a href=\"http:\/\/187.174.252.244\/operadoras\/transparencia\/ley-estatal-abrogada\/naranjos-amatlan-ley-estatal-abrogada\/\">Naranjos Amatl\u00e1n<\/a><\/span><\/td> <td style=\"height: 24px; width: 250px;\"><span style=\"color: #000000;\">&#8211; <a href=\"http:\/\/187.174.252.244\/operadoras\/transparencia\/ley-estatal-abrogada\/nogales-ley-estatal-abrogada\/\">Nogales<\/a><\/span><\/td> <td style=\"height: 24px; width: 250px;\"><span style=\"color: #000000;\">&#8211; <a href=\"http:\/\/187.174.252.244\/operadoras\/transparencia\/ley-estatal-abrogada\/cuenca-del-papaloapan-ley-estatal-abrogada\/\">Cosamaloapan<\/a><\/span><\/td> <\/tr> <tr style=\"height: 24px;\"> <td style=\"height: 24px; width: 250px;\"><span style=\"color: #000000;\">&#8211; <a href=\"http:\/\/187.174.252.244\/operadoras\/transparencia\/ley-estatal-abrogada\/panuco-ley-estatal-abrogada\/\">P\u00e1nuco<\/a><\/span><\/td> <td style=\"height: 24px; width: 250px;\"><span style=\"color: #000000;\">&#8211; <a href=\"http:\/\/187.174.252.244\/operadoras\/transparencia\/ley-estatal-abrogada\/paso-del-macho-ley-estatal-abrogada\/\">Paso del Macho<\/a><\/span><\/td> <td style=\"height: 24px; width: 250px;\"><span style=\"color: #000000;\">&#8211; <a href=\"http:\/\/187.174.252.244\/operadoras\/transparencia\/ley-estatal-abrogada\/cosoleacaque-ley-estatal-abrogada\/\">Cosoleacaque<\/a><\/span><\/td> <\/tr> <tr style=\"height: 24px;\"> <td style=\"height: 24px; width: 250px;\"><span style=\"color: #000000;\">&#8211; <a href=\"http:\/\/187.174.252.244\/operadoras\/transparencia\/ley-estatal-abrogada\/papantla-ley-estatal-abrogada\/\">Papantla<\/a><\/span><\/td> <td style=\"height: 24px; width: 250px;\"><span style=\"color: #000000;\">&#8211; <a href=\"http:\/\/187.174.252.244\/operadoras\/transparencia\/ley-estatal-abrogada\/penuela-ley-estatal-abrogada\/\">Pe\u00f1uela<\/a><\/span><\/td> <td style=\"height: 24px; width: 250px;\"><span style=\"color: #000000;\">&#8211; <a href=\"http:\/\/187.174.252.244\/operadoras\/transparencia\/ley-estatal-abrogada\/isla-ley-estatal-abrogada\/\">Isla<\/a><\/span><\/td> <\/tr> <tr style=\"height: 24px;\"> <td style=\"height: 24px; width: 250px;\"><span style=\"color: #000000;\">&#8211; <a href=\"http:\/\/187.174.252.244\/operadoras\/transparencia\/ley-estatal-abrogada\/platon-sanchez-ley-estatal-abrogada\/\">Plat\u00f3n S\u00e1nchez<\/a><\/span><\/td> <td style=\"height: 24px; width: 250px;\"><span style=\"color: #000000;\">&#8211; <a href=\"http:\/\/187.174.252.244\/operadoras\/transparencia\/ley-estatal-abrogada\/perote-ley-estatal-abrogada\/\">Perote<\/a><\/span><\/td> <td style=\"height: 24px; width: 250px;\"><span style=\"color: #000000;\">&#8211; <a href=\"http:\/\/187.174.252.244\/operadoras\/transparencia\/ley-estatal-abrogada\/ixhuatlan-del-sureste-ley-estatal-abrogada\/\">Ixhuatl\u00e1n del Sureste<\/a><\/span><\/td> <\/tr> <tr style=\"height: 24px;\"> <td style=\"height: 24px; width: 250px;\"><span style=\"color: #000000;\">&#8211; <a href=\"http:\/\/187.174.252.244\/operadoras\/transparencia\/ley-estatal-abrogada\/poza-rica-ley-estatal-abrogada\/\">Poza Rica<\/a><\/span><\/td> <td style=\"height: 24px; width: 250px;\"><span style=\"color: #000000;\">&#8211; <a href=\"http:\/\/187.174.252.244\/operadoras\/transparencia\/ley-estatal-abrogada\/piedras-negras-ley-estatal-abrogada\/\">Piedras Negras<\/a><\/span><\/td> <td style=\"height: 24px; width: 250px;\"><span style=\"color: #000000;\">&#8211; <a href=\"http:\/\/187.174.252.244\/operadoras\/transparencia\/ley-estatal-abrogada\/jesus-carranza-ley-estatal-abrogada\/\">Jes\u00fas Carranza<\/a><\/span><\/td> <\/tr> <tr style=\"height: 24px;\"> <td style=\"height: 24px; width: 250px;\"><span style=\"color: #000000;\">&#8211; <a href=\"http:\/\/187.174.252.244\/operadoras\/transparencia\/ley-estatal-abrogada\/pueblo-viejo-ley-estatal-abrogada\/\">Pueblo Viejo<\/a><\/span><\/td> <td style=\"height: 24px; width: 250px;\"><span style=\"color: #000000;\">&#8211; <a href=\"http:\/\/187.174.252.244\/operadoras\/transparencia\/ley-estatal-abrogada\/rio-blanco-ley-estatal-abrogada\/\">R\u00edo Blanco<\/a><\/span><\/td> <td style=\"height: 24px; width: 250px;\"><span style=\"color: #000000;\">&#8211; <a href=\"http:\/\/187.174.252.244\/operadoras\/transparencia\/ley-estatal-abrogada\/jose-azueta-ley-estatal-abrogada\/\">Jos\u00e9 Azueta<\/a><\/span><\/td> <\/tr> <tr style=\"height: 24px;\"> <td style=\"height: 24px; width: 250px;\"><span style=\"color: #000000;\">&#8211; <a href=\"http:\/\/187.174.252.244\/operadoras\/transparencia\/ley-estatal-abrogada\/tantoyuca-ley-estatal-abrogada\/\">Tantoyuca<\/a><\/span><\/td> <td style=\"height: 24px; width: 250px;\"><span style=\"color: #000000;\">&#8211; <a href=\"http:\/\/187.174.252.244\/operadoras\/transparencia\/ley-estatal-abrogada\/riviera-veracruzana-ley-estatal-abrogada\/\">Riviera Veracruzana<\/a><\/span><\/td> <td style=\"height: 24px; width: 250px;\"><span style=\"color: #000000;\">&#8211; <a href=\"http:\/\/187.174.252.244\/operadoras\/transparencia\/ley-estatal-abrogada\/juan-diaz-covarrubias-ley-estatal-abrogada\/\">Juan D\u00edaz Covarrubias<\/a><\/span><\/td> <\/tr> <tr style=\"height: 24px;\"> <td style=\"height: 24px; width: 250px;\"><span style=\"color: #000000;\">&#8211; <a href=\"http:\/\/187.174.252.244\/operadoras\/transparencia\/ley-estatal-abrogada\/tempoal-ley-estatal-abrogada\/\">Tempoal<\/a><\/span><\/td> <td style=\"height: 24px; width: 250px;\"><span style=\"color: #000000;\">&#8211; <a href=\"http:\/\/187.174.252.244\/operadoras\/transparencia\/ley-estatal-abrogada\/soledad-de-doblado-ley-estatal-abrogada\/\">Soledad de Doblado<\/a><\/span><\/td> <td style=\"height: 24px; width: 250px;\"><span style=\"color: #000000;\">&#8211; <a href=\"http:\/\/187.174.252.244\/operadoras\/transparencia\/ley-estatal-abrogada\/juan-rodriguez-clara-ley-estatal-abrogada\/\">Juan Rodr\u00edguez Clara<\/a><\/span><\/td> <\/tr> <tr style=\"height: 24px;\"> <td style=\"height: 24px; width: 250px;\"><span style=\"color: #000000;\">&#8211; <a href=\"http:\/\/187.174.252.244\/operadoras\/transparencia\/ley-estatal-abrogada\/tepetzintla-ley-estatal-abrogada\/\">Tepetzintla<\/a><\/span><\/td> <td style=\"height: 24px; width: 250px;\"><span style=\"color: #000000;\">&#8211; <a href=\"http:\/\/187.174.252.244\/operadoras\/transparencia\/ley-estatal-abrogada\/tezonapa-ley-estatal-abrogada\/\">Tezonapa<\/a><\/span><\/td> <td style=\"height: 24px; width: 250px;\"><span style=\"color: #000000;\">&#8211; <a href=\"http:\/\/187.174.252.244\/operadoras\/transparencia\/ley-estatal-abrogada\/las-choapas-ley-estatal-abrogada\/\">Las Choapas<\/a><\/span><\/td> <\/tr> <tr style=\"height: 24px;\"> <td style=\"height: 24px; width: 250px;\"><span style=\"color: #000000;\">&#8211; <a href=\"http:\/\/187.174.252.244\/operadoras\/transparencia\/ley-estatal-abrogada\/tuxpan-ley-estatal-abrogada\/\">Tuxpan<\/a><\/span><\/td> <td style=\"height: 24px; width: 250px;\"><span style=\"color: #000000;\">&#8211; <a href=\"http:\/\/187.174.252.244\/operadoras\/transparencia\/ley-estatal-abrogada\/tlaltetela-ley-estatal-abrogada\/\">Tlaltetela<\/a><\/span><\/td> <td style=\"height: 24px; width: 250px;\"><span style=\"color: #000000;\">&#8211; <a href=\"http:\/\/187.174.252.244\/operadoras\/transparencia\/ley-estatal-abrogada\/minatitlan-ley-estatal-abrogada\/\">Minatitl\u00e1n<\/a><\/span><\/td> <\/tr> <tr style=\"height: 24px;\"> <td style=\"height: 24px; width: 250px;\"><span style=\"color: #000000;\">&#8211; <a href=\"http:\/\/187.174.252.244\/operadoras\/transparencia\/ley-estatal-abrogada\/vega-de-alatorre-ley-estatal-abrogada\/\">Vega de Alatorre<\/a><\/span><\/td> <td style=\"height: 24px; width: 250px;\"><span style=\"color: #000000;\">&#8211; <a href=\"http:\/\/187.174.252.244\/operadoras\/transparencia\/ley-estatal-abrogada\/tlapacoyan-ley-estatal-abrogada\/\">Tlapacoyan<\/a><\/span><\/td> <td style=\"height: 24px; width: 250px;\"><span style=\"color: #000000;\">&#8211; <a href=\"http:\/\/187.174.252.244\/operadoras\/transparencia\/ley-estatal-abrogada\/nanchital-ley-estatal-abrogada\/\">Nanchital<\/a><\/span><\/td> <\/tr> <tr style=\"height: 24px;\"> <td style=\"height: 24px; width: 250px;\"><\/td> <td style=\"height: 24px; width: 250px;\"><span style=\"color: #000000;\">&#8211; <a href=\"http:\/\/187.174.252.244\/operadoras\/transparencia\/ley-estatal-abrogada\/tomatlan-ley-estatal-abrogada\/\">Tomatl\u00e1n<\/a><\/span><\/td> <td style=\"height: 24px; width: 250px;\"><span style=\"color: #000000;\">&#8211; <a href=\"http:\/\/187.174.252.244\/operadoras\/transparencia\/ley-estatal-abrogada\/otatitlan-ley-estatal-abrogada\/\">Otatitl\u00e1n<\/a><\/span><\/td> <\/tr> <tr style=\"height: 24px;\"> <td style=\"height: 24px; width: 250px;\"><\/td> <td style=\"height: 24px; width: 250px;\"><span style=\"color: #000000;\">&#8211; <a href=\"http:\/\/187.174.252.244\/operadoras\/transparencia\/ley-estatal-abrogada\/xico-ley-estatal-abrogada\/\">Xico<\/a><\/span><\/td> <td style=\"height: 24px; width: 250px;\"><span style=\"color: #000000;\">&#8211; <a href=\"http:\/\/187.174.252.244\/operadoras\/transparencia\/ley-estatal-abrogada\/playa-vicente-ley-estatal-abrogada\/\">Playa Vicente<\/a><\/span><\/td> <\/tr> <tr style=\"height: 24px;\"> <td style=\"height: 24px; width: 250px;\"><\/td> <td style=\"height: 24px; width: 250px;\"><span style=\"color: #000000;\">&#8211; <a href=\"http:\/\/187.174.252.244\/operadoras\/transparencia\/ley-estatal-abrogada\/yanga-ley-estatal-abrogada\/\">Yanga<\/a><\/span><\/td> <td style=\"height: 24px; width: 250px;\"><span style=\"color: #000000;\">&#8211; <a href=\"http:\/\/187.174.252.244\/operadoras\/transparencia\/ley-estatal-abrogada\/santiago-tuxtla-ley-estatal-abrogada\/\">Santiago Tuxtla<\/a><\/span><\/td> <\/tr> <tr style=\"height: 24px;\"> <td style=\"height: 24px; width: 250px;\"><\/td> <td style=\"height: 24px; width: 250px;\"><\/td> <td style=\"height: 24px; width: 250px;\"><span style=\"color: #000000;\">&#8211; <a href=\"http:\/\/187.174.252.244\/operadoras\/transparencia\/ley-estatal-abrogada\/saltabarranca-ley-estatal-abrogada\/\">Saltabarranca<\/a><\/span><\/td> <\/tr> <tr style=\"height: 24px;\"> <td style=\"height: 24px; width: 250px;\"><\/td> <td style=\"height: 24px; width: 250px;\"><\/td> <td style=\"height: 24px; width: 250px;\"><span style=\"color: #000000;\">&#8211;<a href=\"http:\/\/187.174.252.244\/operadoras\/transparencia\/ley-estatal-abrogada\/sayula-de-aleman-ley-estatal-abrogada\/\">Sayula de Alem\u00e1n<\/a><\/span><\/td> <\/tr> <tr style=\"height: 24px;\"> <td style=\"height: 24px; width: 250px;\"><\/td> <td style=\"height: 24px; width: 250px;\"><\/td> <td style=\"height: 24px; width: 250px;\">&#8211;<a href=\"http:\/\/187.174.252.244\/operadoras\/transparencia\/ley-estatal-abrogada\/tlacotalpan-ley-estatal-abrogada\/\">Tlacotalpan<\/a><\/td> <\/tr> <tr style=\"height: 24px;\"> <td style=\"height: 24px; width: 250px;\"><\/td> <td style=\"height: 24px; width: 250px;\"><\/td> <td style=\"height: 24px; width: 250px;\">&#8211; <a href=\"http:\/\/187.174.252.244\/operadoras\/transparencia\/ley-estatal-abrogada\/tres-valles-ley-estatal-abrogada\/\">Tres Valles<\/a><\/td> <\/tr> <tr style=\"height: 24px;\"> <td style=\"height: 24px; width: 250px;\"><\/td> <td style=\"height: 24px; width: 250px;\"><\/td> <td style=\"height: 24px; width: 250px;\"><\/td> <\/tr> <\/tbody> <\/table> <p>&nbsp;<\/p> <p>&nbsp;<\/p> <p>&nbsp;<\/p> <p style=\"text-align: center;\"><a href=\"http:\/\/187.174.252.244\/operadoras\/transparencia\/\"><img loading=\"lazy\" decoding=\"async\" class=\"alignnone size-medium\" src=\"http:\/\/187.174.252.244\/caev\/Oficinas_Operadoras\/Aarchivos\/home1.png\" width=\"36\" height=\"37\" \/><\/a> <a href=\"http:\/\/187.174.252.244\/operadoras\/transparencia\/\">regresar<\/a><\/p> <p>&nbsp;<\/p> <p>&nbsp;<\/p> <p>&nbsp;<\/p> ","protected":false},"excerpt":{"rendered":"<p>ZONA NORTE ZONA CENTRO ZONA SUR &#8211; \u00c1lamo &#8211; Altotonga &#8211; Acayucan &#8211; Cazones de Herrera &#8211; Alvarado &#8211; Agua Dulce &#8211; Cerro Azul &#8211; Chichicaxtle &#8211; \u00c1ngel R. Cabada &#8211; Chicontepec &#8211; Ciudad Mendoza &#8211; Carlos A. Carrillo &#8211; Coatzintla &#8211; Cuitl\u00e1huac &#8211; Catemaco &#8211; El Higo &#8211; Ixhuatl\u00e1n del Caf\u00e9 &#8211; Chacaltianguis &#8211; [&hellip;]<\/p>\n","protected":false},"author":1,"featured_media":0,"parent":163,"menu_order":0,"comment_status":"closed","ping_status":"closed","template":"","meta":{"footnotes":""},"class_list":["post-315","page","type-page","status-publish","hentry"],"_links":{"self":[{"href":"http:\/\/187.174.252.244\/operadoras\/wp-json\/wp\/v2\/pages\/315"}],"collection":[{"href":"http:\/\/187.174.252.244\/operadoras\/wp-json\/wp\/v2\/pages"}],"about":[{"href":"http:\/\/187.174.252.244\/operadoras\/wp-json\/wp\/v2\/types\/page"}],"author":[{"embeddable":true,"href":"http:\/\/187.174.252.244\/operadoras\/wp-json\/wp\/v2\/users\/1"}],"replies":[{"embeddable":true,"href":"http:\/\/187.174.252.244\/operadoras\/wp-json\/wp\/v2\/comments?post=315"}],"version-history":[{"count":39,"href":"http:\/\/187.174.252.244\/operadoras\/wp-json\/wp\/v2\/pages\/315\/revisions"}],"predecessor-version":[{"id":67475,"href":"http:\/\/187.174.252.244\/operadoras\/wp-json\/wp\/v2\/pages\/315\/revisions\/67475"}],"up":[{"embeddable":true,"href":"http:\/\/187.174.252.244\/operadoras\/wp-json\/wp\/v2\/pages\/163"}],"wp:attachment":[{"href":"http:\/\/187.174.252.244\/operadoras\/wp-json\/wp\/v2\/media?parent=315"}],"curies":[{"name":"wp","href":"https:\/\/api.w.org\/{rel}","templated":true}]}}