{"id":31781,"date":"2019-07-18T08:54:23","date_gmt":"2019-07-18T14:54:23","guid":{"rendered":"http:\/\/187.174.252.244\/operadoras\/?page_id=31781"},"modified":"2024-11-26T14:10:37","modified_gmt":"2024-11-26T20:10:37","slug":"emilio-carranza-fraccion-xxxii-1","status":"publish","type":"page","link":"http:\/\/187.174.252.244\/operadoras\/transparencia\/ley-general-y-ley-875\/emilio-carranza-ley-general-y-ley-875-de-transparencia\/emilio-carranza-fraccion-xxxii-1\/","title":{"rendered":"Emilio Carranza &#8211; Fracci\u00f3n XXXII"},"content":{"rendered":"<p><strong>PADR\u00d3N DE PROVEEDORES Y CONTRATISTAS<\/strong><\/p> <p>&nbsp;<\/p> <p>Padr\u00f3n de proveedores y contratistas.<\/p> <div><\/div> <div><\/div> <div><strong><span style=\"color: #000000;\">EJERCICIO 2022<\/span><\/strong><\/div> <div> <p>&nbsp;<\/p> <div class=\"caja\"> <table width=\"636\"> <tbody> <tr> <td style=\"width: 140px;\"><strong><img loading=\"lazy\" decoding=\"async\" class=\"alignnone aligncenter\" src=\"http:\/\/187.174.252.244\/caev\/Image\/2018\/fecha3-ico.png\" alt=\"\" width=\"46\" height=\"50\" \/><\/strong><\/td> <td style=\"width: 140px;\"> <h4>Ejercicio:<\/h4> <\/td> <td style=\"width: 140px;\" colspan=\"3\"> <p>&nbsp;<\/p> <p>2022<\/td> <\/tr> <\/tbody> <\/table> <p>&nbsp;<\/p> <table style=\"width: 600px;\" width=\"700\"> <tbody> <tr> <td style=\"width: 100px;\"><img loading=\"lazy\" decoding=\"async\" class=\"aligncenter\" src=\"http:\/\/187.174.252.244\/caev\/Image\/2018\/trimestre-ico.png\" alt=\"\" width=\"53\" height=\"60\" \/><\/td> <td style=\"width: 200px;\"><img loading=\"lazy\" decoding=\"async\" class=\"aligncenter\" src=\"http:\/\/187.174.252.244\/caev\/Image\/2018\/usuario-ico.png\" alt=\"\" width=\"56\" height=\"60\" \/><\/td> <td style=\"width: 100px;\"><img loading=\"lazy\" decoding=\"async\" class=\"aligncenter\" src=\"http:\/\/187.174.252.244\/caev\/Image\/2018\/anio-ico.png\" alt=\"\" width=\"59\" height=\"60\" \/><\/td> <td style=\"width: 100px;\"><img loading=\"lazy\" decoding=\"async\" class=\"aligncenter\" src=\"http:\/\/187.174.252.244\/caev\/Image\/2018\/anio-ico.png\" alt=\"\" width=\"59\" height=\"60\" \/><\/td> <td style=\"width: 100px;\"><img loading=\"lazy\" decoding=\"async\" class=\"aligncenter\" src=\"http:\/\/187.174.252.244\/caev\/Image\/2018\/cloud-ico.png\" alt=\"\" width=\"57\" height=\"60\" \/><\/td> <\/tr> <tr> <td style=\"text-align: center; width: 100px;\"><span style=\"color: #000000;\"><strong>Trimestre<\/strong><em><br \/> <\/em><\/span><\/td> <td style=\"text-align: center; width: 200px;\"><span style=\"color: #000000;\"><strong>\u00c1rea Responsable<\/strong><\/span><\/td> <td style=\"text-align: center; width: 100px;\"><span style=\"color: #000000;\"><strong>Fecha de Validaci\u00f3n de la Informaci\u00f3n<\/strong><\/span><\/td> <td style=\"text-align: center; width: 100px;\"><span style=\"color: #000000;\"><strong>Fecha de Actualizaci\u00f3n de la Inf.<\/strong><\/span><\/td> <td style=\"text-align: center; width: 100px;\"><span style=\"color: #000000;\"><strong>Descargar Informaci\u00f3n<\/strong><\/span><\/td> <\/tr> <tr> <td style=\"width: 100px;\"><\/td> <td style=\"width: 200px;\"><\/td> <td style=\"width: 100px;\"><\/td> <td style=\"width: 100px;\"><\/td> <td style=\"width: 100px;\"><\/td> <\/tr> <tr> <td style=\"text-align: center; width: 100px;\">Primero<\/td> <td style=\"text-align: center; width: 200px;\"><span style=\"color: #000000;\">Oficina Comercial<\/span><br \/> <span style=\"color: #000000;\">y Administrativa<\/span><\/td> <td style=\"text-align: center; width: 100px;\"><span style=\"color: #000000;\">29\/04\/2022<\/span><\/td> <td style=\"text-align: center; width: 100px;\"><span style=\"color: #000000;\">31\/03\/2022<\/span><\/td> <td style=\"text-align: center; width: 100px;\"><a href=\"http:\/\/187.174.252.244\/caev\/pdfs\/oficinas_operadoras\/EmilioCarranza\/2022\/23-FORM32-22-1.xlsx\">descargar archivo<\/a><\/td> <\/tr> <tr> <td style=\"text-align: center; width: 100px;\">Segundo<\/td> <td style=\"text-align: center; width: 200px;\"><span style=\"color: #000000;\">Oficina Comercial<\/span><br \/> <span style=\"color: #000000;\">y Administrativa<\/span><\/td> <td style=\"text-align: center; width: 100px;\"><span style=\"color: #000000;\">29\/07\/2022<\/span><\/td> <td style=\"text-align: center; width: 100px;\"><span style=\"color: #000000;\">30\/06\/2022<\/span><\/td> <td style=\"text-align: center; width: 100px;\"><a href=\"http:\/\/187.174.252.244\/caev\/pdfs\/oficinas_operadoras\/EmilioCarranza\/2022\/23-FORM32-22-2.xlsx\">descargar archivo<\/a><\/td> <\/tr> <tr> <td style=\"text-align: center; width: 100px;\">Tercero<\/td> <td style=\"text-align: center; width: 200px;\"><span style=\"color: #000000;\">Oficina Comercial<\/span><br \/> <span style=\"color: #000000;\">y Administrativa<\/span><\/td> <td style=\"text-align: center; width: 100px;\"><span style=\"color: #000000;\">28\/10\/2022<\/span><\/td> <td style=\"text-align: center; width: 100px;\"><span style=\"color: #000000;\">30\/09\/2022<\/span><\/td> <td style=\"text-align: center; width: 100px;\"><a href=\"http:\/\/187.174.252.244\/caev\/pdfs\/oficinas_operadoras\/EmilioCarranza\/2022\/23-FORM32-22-3.xlsx\">descargar archivo<\/a><\/td> <\/tr> <tr> <td style=\"text-align: center; width: 100px;\"><\/td> <td style=\"text-align: center; width: 200px;\"><\/td> <td style=\"text-align: center; width: 100px;\"><\/td> <td style=\"text-align: center; width: 100px;\"><\/td> <td style=\"text-align: center; width: 100px;\"><\/td> <\/tr> <\/tbody> <\/table> <\/div> <p>&nbsp;<\/p> <\/div> <div> <hr \/> <\/div> <div><strong><span style=\"color: #000000;\">EJERCICIO 2021<\/span><\/strong><\/div> <div> <p>&nbsp;<\/p> <div class=\"caja\"> <table width=\"636\"> <tbody> <tr> <td style=\"width: 140px;\"><strong><img loading=\"lazy\" decoding=\"async\" class=\"alignnone aligncenter\" src=\"http:\/\/187.174.252.244\/caev\/Image\/2018\/fecha3-ico.png\" alt=\"\" width=\"46\" height=\"50\" \/><\/strong><\/td> <td style=\"width: 140px;\"> <h4>Ejercicio:<\/h4> <\/td> <td style=\"width: 140px;\" colspan=\"3\"> <p>&nbsp;<\/p> <p>2021<\/td> <\/tr> <\/tbody> <\/table> <p>&nbsp;<\/p> <table style=\"width: 600px;\" width=\"700\"> <tbody> <tr> <td style=\"width: 100px;\"><img loading=\"lazy\" decoding=\"async\" class=\"aligncenter\" src=\"http:\/\/187.174.252.244\/caev\/Image\/2018\/trimestre-ico.png\" alt=\"\" width=\"53\" height=\"60\" \/><\/td> <td style=\"width: 200px;\"><img loading=\"lazy\" decoding=\"async\" class=\"aligncenter\" src=\"http:\/\/187.174.252.244\/caev\/Image\/2018\/usuario-ico.png\" alt=\"\" width=\"56\" height=\"60\" \/><\/td> <td style=\"width: 100px;\"><img loading=\"lazy\" decoding=\"async\" class=\"aligncenter\" src=\"http:\/\/187.174.252.244\/caev\/Image\/2018\/anio-ico.png\" alt=\"\" width=\"59\" height=\"60\" \/><\/td> <td style=\"width: 100px;\"><img loading=\"lazy\" decoding=\"async\" class=\"aligncenter\" src=\"http:\/\/187.174.252.244\/caev\/Image\/2018\/anio-ico.png\" alt=\"\" width=\"59\" height=\"60\" \/><\/td> <td style=\"width: 100px;\"><img loading=\"lazy\" decoding=\"async\" class=\"aligncenter\" src=\"http:\/\/187.174.252.244\/caev\/Image\/2018\/cloud-ico.png\" alt=\"\" width=\"57\" height=\"60\" \/><\/td> <\/tr> <tr> <td style=\"text-align: center; width: 100px;\"><span style=\"color: #000000;\"><strong>Trimestre<\/strong><em><br \/> <\/em><\/span><\/td> <td style=\"text-align: center; width: 200px;\"><span style=\"color: #000000;\"><strong>\u00c1rea Responsable<\/strong><\/span><\/td> <td style=\"text-align: center; width: 100px;\"><span style=\"color: #000000;\"><strong>Fecha de Validaci\u00f3n de la Informaci\u00f3n<\/strong><\/span><\/td> <td style=\"text-align: center; width: 100px;\"><span style=\"color: #000000;\"><strong>Fecha de Actualizaci\u00f3n de la Inf.<\/strong><\/span><\/td> <td style=\"text-align: center; width: 100px;\"><span style=\"color: #000000;\"><strong>Descargar Informaci\u00f3n<\/strong><\/span><\/td> <\/tr> <tr> <td style=\"width: 100px;\"><\/td> <td style=\"width: 200px;\"><\/td> <td style=\"width: 100px;\"><\/td> <td style=\"width: 100px;\"><\/td> <td style=\"width: 100px;\"><\/td> <\/tr> <tr> <td style=\"text-align: center; width: 100px;\">Primero<\/td> <td style=\"text-align: center; width: 200px;\"><span style=\"color: #000000;\">Oficina Comercial<\/span><br \/> <span style=\"color: #000000;\">y Administrativa<\/span><\/td> <td style=\"text-align: center; width: 100px;\"><span style=\"color: #000000;\">30\/04\/2021<\/span><\/td> <td style=\"text-align: center; width: 100px;\"><span style=\"color: #000000;\">31\/03\/2021<\/span><\/td> <td style=\"text-align: center; width: 100px;\"><a href=\"http:\/\/187.174.252.244\/caev\/pdfs\/oficinas_operadoras\/EmilioCarranza\/2021\/23-FORM32-21-1.xlsx\">descargar archivo<\/a><\/td> <\/tr> <tr> <td style=\"text-align: center; width: 100px;\"><\/td> <td style=\"text-align: center; width: 200px;\"><\/td> <td style=\"text-align: center; width: 100px;\"><\/td> <td style=\"text-align: center; width: 100px;\"><\/td> <td style=\"text-align: center; width: 100px;\"><\/td> <\/tr> <tr> <td style=\"text-align: center; width: 100px;\"><\/td> <td style=\"text-align: center; width: 200px;\"><\/td> <td style=\"text-align: center; width: 100px;\"><\/td> <td style=\"text-align: center; width: 100px;\"><\/td> <td style=\"text-align: center; width: 100px;\"><\/td> <\/tr> <tr> <td style=\"text-align: center; width: 100px;\"><\/td> <td style=\"text-align: center; width: 200px;\"><\/td> <td style=\"text-align: center; width: 100px;\"><\/td> <td style=\"text-align: center; width: 100px;\"><\/td> <td style=\"text-align: center; width: 100px;\"><\/td> <\/tr> <\/tbody> <\/table> <\/div> <p>&nbsp;<\/p> <\/div> <div> <hr \/> <\/div> <div><strong><span style=\"color: #000000;\">EJERCICIO 2020<\/span><\/strong><\/div> <div> <p>&nbsp;<\/p> <div class=\"caja\"> <table width=\"636\"> <tbody> <tr> <td style=\"width: 140px;\"><strong><img loading=\"lazy\" decoding=\"async\" class=\"alignnone aligncenter\" src=\"http:\/\/187.174.252.244\/caev\/Image\/2018\/fecha3-ico.png\" alt=\"\" width=\"46\" height=\"50\" \/><\/strong><\/td> <td style=\"width: 140px;\"> <h4>Ejercicio:<\/h4> <\/td> <td style=\"width: 140px;\" colspan=\"3\"> <p>&nbsp;<\/p> <p>2020<\/td> <\/tr> <\/tbody> <\/table> <p>&nbsp;<\/p> <table style=\"width: 600px;\" width=\"700\"> <tbody> <tr> <td style=\"width: 100px;\"><img loading=\"lazy\" decoding=\"async\" class=\"aligncenter\" src=\"http:\/\/187.174.252.244\/caev\/Image\/2018\/trimestre-ico.png\" alt=\"\" width=\"53\" height=\"60\" \/><\/td> <td style=\"width: 200px;\"><img loading=\"lazy\" decoding=\"async\" class=\"aligncenter\" src=\"http:\/\/187.174.252.244\/caev\/Image\/2018\/usuario-ico.png\" alt=\"\" width=\"56\" height=\"60\" \/><\/td> <td style=\"width: 100px;\"><img loading=\"lazy\" decoding=\"async\" class=\"aligncenter\" src=\"http:\/\/187.174.252.244\/caev\/Image\/2018\/anio-ico.png\" alt=\"\" width=\"59\" height=\"60\" \/><\/td> <td style=\"width: 100px;\"><img loading=\"lazy\" decoding=\"async\" class=\"aligncenter\" src=\"http:\/\/187.174.252.244\/caev\/Image\/2018\/anio-ico.png\" alt=\"\" width=\"59\" height=\"60\" \/><\/td> <td style=\"width: 100px;\"><img loading=\"lazy\" decoding=\"async\" class=\"aligncenter\" src=\"http:\/\/187.174.252.244\/caev\/Image\/2018\/cloud-ico.png\" alt=\"\" width=\"57\" height=\"60\" \/><\/td> <\/tr> <tr> <td style=\"text-align: center; width: 100px;\"><span style=\"color: #000000;\"><strong>Trimestre<\/strong><em><br \/> <\/em><\/span><\/td> <td style=\"text-align: center; width: 200px;\"><span style=\"color: #000000;\"><strong>\u00c1rea Responsable<\/strong><\/span><\/td> <td style=\"text-align: center; width: 100px;\"><span style=\"color: #000000;\"><strong>Fecha de Validaci\u00f3n de la Informaci\u00f3n<\/strong><\/span><\/td> <td style=\"text-align: center; width: 100px;\"><span style=\"color: #000000;\"><strong>Fecha de Actualizaci\u00f3n de la Inf.<\/strong><\/span><\/td> <td style=\"text-align: center; width: 100px;\"><span style=\"color: #000000;\"><strong>Descargar Informaci\u00f3n<\/strong><\/span><\/td> <\/tr> <tr> <td style=\"width: 100px;\"><\/td> <td style=\"width: 200px;\"><\/td> <td style=\"width: 100px;\"><\/td> <td style=\"width: 100px;\"><\/td> <td style=\"width: 100px;\"><\/td> <\/tr> <tr> <td style=\"text-align: center; width: 100px;\"><\/td> <td style=\"text-align: center; width: 200px;\"><\/td> <td style=\"text-align: center; width: 100px;\"><\/td> <td style=\"text-align: center; width: 100px;\"><\/td> <td style=\"text-align: center; width: 100px;\"><\/td> <\/tr> <tr> <td style=\"text-align: center; width: 100px;\"><\/td> <td style=\"text-align: center; width: 200px;\"><\/td> <td style=\"text-align: center; width: 100px;\"><\/td> <td style=\"text-align: center; width: 100px;\"><\/td> <td style=\"text-align: center; width: 100px;\"><\/td> <\/tr> <tr> <td style=\"text-align: center; width: 100px;\"><\/td> <td style=\"text-align: center; width: 200px;\"><\/td> <td style=\"text-align: center; width: 100px;\"><\/td> <td style=\"text-align: center; width: 100px;\"><\/td> <td style=\"text-align: center; width: 100px;\"><\/td> <\/tr> <tr> <td style=\"text-align: center; width: 100px;\">Cuarto<\/td> <td style=\"text-align: center; width: 200px;\"><span style=\"color: #000000;\">Oficina Comercial<\/span><br \/> <span style=\"color: #000000;\">y Administrativa<\/span><\/td> <td style=\"text-align: center; width: 100px;\"><span style=\"color: #000000;\">29\/01\/2021<\/span><\/td> <td style=\"text-align: center; width: 100px;\"><span style=\"color: #000000;\">31\/12\/2020<\/span><\/td> <td style=\"text-align: center; width: 100px;\"><a href=\"http:\/\/187.174.252.244\/caev\/pdfs\/oficinas_operadoras\/EmilioCarranza\/2020\/23-FORM32-20-4.xlsx\">descargar archivo<\/a><\/td> <\/tr> <\/tbody> <\/table> <\/div> <hr \/> <\/div> <div><strong><span style=\"color: #000000;\">EJERCICIO 2019<\/span><\/strong><\/div> <div> <p>&nbsp;<\/p> <div class=\"caja\"> <table width=\"636\"> <tbody> <tr> <td style=\"width: 140px;\"><strong><img loading=\"lazy\" decoding=\"async\" class=\"alignnone aligncenter\" src=\"http:\/\/187.174.252.244\/caev\/Image\/2018\/fecha3-ico.png\" alt=\"\" width=\"46\" height=\"50\" \/><\/strong><\/td> <td style=\"width: 140px;\"> <h4>Ejercicio:<\/h4> <\/td> <td style=\"width: 140px;\" colspan=\"3\"> <p>&nbsp;<\/p> <p>2019<\/td> <\/tr> <\/tbody> <\/table> <p>&nbsp;<\/p> <table width=\"700\"> <tbody> <tr> <td style=\"width: 100px;\"><img loading=\"lazy\" decoding=\"async\" class=\"aligncenter\" src=\"http:\/\/187.174.252.244\/caev\/Image\/2018\/trimestre-ico.png\" alt=\"\" width=\"53\" height=\"60\" \/><\/td> <td style=\"width: 200px;\"><img loading=\"lazy\" decoding=\"async\" class=\"aligncenter\" src=\"http:\/\/187.174.252.244\/caev\/Image\/2018\/usuario-ico.png\" alt=\"\" width=\"56\" height=\"60\" \/><\/td> <td style=\"width: 100px;\"><img loading=\"lazy\" decoding=\"async\" class=\"aligncenter\" src=\"http:\/\/187.174.252.244\/caev\/Image\/2018\/anio-ico.png\" alt=\"\" width=\"59\" height=\"60\" \/><\/td> <td style=\"width: 100px;\"><img loading=\"lazy\" decoding=\"async\" class=\"aligncenter\" src=\"http:\/\/187.174.252.244\/caev\/Image\/2018\/anio-ico.png\" alt=\"\" width=\"59\" height=\"60\" \/><\/td> <td style=\"width: 100px;\"><img loading=\"lazy\" decoding=\"async\" class=\"aligncenter\" src=\"http:\/\/187.174.252.244\/caev\/Image\/2018\/cloud-ico.png\" alt=\"\" width=\"57\" height=\"60\" \/><\/td> <\/tr> <tr> <td style=\"text-align: center;\"><span style=\"color: #000000;\"><strong>Trimestre<\/strong><em><br \/> <\/em><\/span><\/td> <td style=\"text-align: center;\"><span style=\"color: #000000;\"><strong>\u00c1rea Responsable<\/strong><\/span><\/td> <td style=\"text-align: center;\"><span style=\"color: #000000;\"><strong>Fecha de Validaci\u00f3n de la Informaci\u00f3n<\/strong><\/span><\/td> <td style=\"text-align: center;\"><span style=\"color: #000000;\"><strong>Fecha de Actualizaci\u00f3n de la Inf.<\/strong><\/span><\/td> <td style=\"text-align: center;\"><span style=\"color: #000000;\"><strong>Descargar Informaci\u00f3n<\/strong><\/span><\/td> <\/tr> <tr> <td><\/td> <td><\/td> <td><\/td> <td><\/td> <td><\/td> <\/tr> <tr> <td style=\"text-align: center;\"><\/td> <td style=\"text-align: center;\"><\/td> <td style=\"text-align: center;\"><\/td> <td style=\"text-align: center;\"><\/td> <td style=\"text-align: center;\"><\/td> <\/tr> <tr> <td style=\"text-align: center;\">Segundo<\/td> <td style=\"text-align: center;\"><span style=\"color: #000000;\">Oficina Comercial<\/span><br \/> <span style=\"color: #000000;\">y Administrativa<\/span><\/td> <td style=\"text-align: center;\"><span style=\"color: #000000;\">01\/07\/2019<\/span><\/td> <td style=\"text-align: center;\"><span style=\"color: #000000;\">30\/06\/2019<\/span><\/td> <td style=\"text-align: center;\"><a href=\"http:\/\/187.174.252.244\/caev\/pdfs\/oficinas_operadoras\/EmilioCarranza\/2019\/23-FORM32-19-2.xlsx\">descargar archivo<\/a><\/td> <\/tr> <tr> <td style=\"text-align: center;\"><\/td> <td style=\"text-align: center;\"><\/td> <td style=\"text-align: center;\"><\/td> <td style=\"text-align: center;\"><\/td> <td style=\"text-align: center;\"><\/td> <\/tr> <tr> <td style=\"text-align: center;\"><\/td> <td><\/td> <td><\/td> <td><\/td> <td><\/td> <\/tr> <\/tbody> <\/table> <\/div> <hr \/> <\/div> <div><\/div> <div> <p><strong><span style=\"color: #000000;\">EJERCICIO 2017 Y ANTERIORES<\/span><\/strong><\/p> <p>&nbsp;<\/p> <div class=\"caja\"> <table style=\"height: 429px;\" width=\"603\"> <tbody> <tr style=\"height: 98px;\"> <td style=\"width: 150px; height: 98px;\"><strong><img loading=\"lazy\" decoding=\"async\" class=\"alignnone wp-image-38889 aligncenter\" src=\"http:\/\/187.174.252.244\/operadoras\/wp-content\/uploads\/2021\/06\/fecha2-296x300.jpg\" alt=\"\" width=\"53\" height=\"54\" srcset=\"http:\/\/187.174.252.244\/operadoras\/wp-content\/uploads\/2021\/06\/fecha2-296x300.jpg 296w, http:\/\/187.174.252.244\/operadoras\/wp-content\/uploads\/2021\/06\/fecha2-150x150.jpg 150w, http:\/\/187.174.252.244\/operadoras\/wp-content\/uploads\/2021\/06\/fecha2.jpg 617w\" sizes=\"(max-width: 53px) 100vw, 53px\" \/><\/strong><\/td> <td style=\"width: 200px; height: 98px;\"> <h4><img loading=\"lazy\" decoding=\"async\" class=\"wp-image-38891 aligncenter\" src=\"http:\/\/187.174.252.244\/operadoras\/wp-content\/uploads\/2021\/06\/trimestres.png\" alt=\"\" width=\"49\" height=\"57\" \/><\/h4> <\/td> <td style=\"width: 231px; height: 98px;\" colspan=\"3\"><img loading=\"lazy\" decoding=\"async\" class=\"wp-image-38890 aligncenter\" src=\"http:\/\/187.174.252.244\/operadoras\/wp-content\/uploads\/2021\/06\/nube-simbolo-descarga_318-49889-300x300.jpg\" alt=\"\" width=\"61\" height=\"61\" srcset=\"http:\/\/187.174.252.244\/operadoras\/wp-content\/uploads\/2021\/06\/nube-simbolo-descarga_318-49889-300x300.jpg 300w, http:\/\/187.174.252.244\/operadoras\/wp-content\/uploads\/2021\/06\/nube-simbolo-descarga_318-49889-150x150.jpg 150w, http:\/\/187.174.252.244\/operadoras\/wp-content\/uploads\/2021\/06\/nube-simbolo-descarga_318-49889.jpg 626w\" sizes=\"(max-width: 61px) 100vw, 61px\" \/><\/td> <\/tr> <tr style=\"height: 66px;\"> <td style=\"text-align: center; height: 66px; width: 150px;\"><span style=\"color: #000000;\"><strong>A\u00f1o<br \/> <\/strong><\/span><\/td> <td style=\"text-align: center; height: 66px; width: 200px;\"><span style=\"color: #000000;\"><strong>Trimestre<\/strong><\/span><\/td> <td style=\"text-align: center; height: 66px; width: 231px;\" colspan=\"3\"><span style=\"color: #000000;\"><strong>Descargar Informaci\u00f3n<\/strong><\/span><\/td> <\/tr> <tr style=\"height: 56px;\"> <td style=\"text-align: center; height: 56px; width: 150px;\"><span style=\"color: #000000;\">2016 &#8211; 2017<\/span><\/td> <td style=\"text-align: center; height: 56px; width: 200px;\"><span style=\"color: #000000;\">Primero<\/span><\/td> <td style=\"text-align: center; height: 56px; width: 231px;\" colspan=\"3\"><a href=\"http:\/\/187.174.252.244\/caev\/pdfs\/oficinas_operadoras\/EmilioCarranza\/2017\/23-OP-FORM32-17-1.xls\">descargar archivo<\/a><\/td> <\/tr> <tr style=\"height: 56px;\"> <td style=\"text-align: center; height: 56px; width: 150px;\"><span style=\"color: #000000;\">2017<\/span><\/td> <td style=\"text-align: center; height: 56px; width: 200px;\"><span style=\"color: #000000;\">Segundo<\/span><\/td> <td style=\"text-align: center; height: 56px; width: 231px;\" colspan=\"3\"><a href=\"http:\/\/187.174.252.244\/caev\/pdfs\/oficinas_operadoras\/EmilioCarranza\/2017\/23-OP-FORM32-17-2.xls\">descargar archivo<\/a><\/td> <\/tr> <tr style=\"height: 56px;\"> <td style=\"text-align: center; height: 56px; width: 150px;\"><\/td> <td style=\"text-align: center; height: 56px; width: 200px;\"><\/td> <td style=\"text-align: center; height: 56px; width: 231px;\" colspan=\"3\"><\/td> <\/tr> <tr style=\"height: 56px;\"> <td style=\"text-align: center; height: 56px; width: 150px;\"><\/td> <td style=\"text-align: center; height: 56px; width: 200px;\"><\/td> <td style=\"text-align: center; height: 56px; width: 231px;\" colspan=\"3\"><\/td> <\/tr> <\/tbody> <\/table> <p>&nbsp;<\/p> <\/div> <h4><\/h4> <table width=\"520\"> <tbody> <tr> <td style=\"width: 100px;\"><a href=\"http:\/\/187.174.252.244\/operadoras\/transparencia\/ley-general-y-ley-875\/emilio-carranza-ley-general-y-ley-875-de-transparencia\/emilio-carranza-fraccion-xxxii\"><img loading=\"lazy\" decoding=\"async\" class=\"aligncenter\" src=\"http:\/\/187.174.252.244\/caev\/Image\/2018\/folder-ico.jpg\" alt=\"\" width=\"51\" height=\"44\" \/><\/a><\/td> <td><a href=\"http:\/\/187.174.252.244\/operadoras\/transparencia\/ley-general-y-ley-875\/emilio-carranza-ley-general-y-ley-875-de-transparencia\/emilio-carranza-fraccion-xxxii\">Ejercicio Actual<\/a><\/td> <\/tr> <\/tbody> <\/table> <\/div> <p>&nbsp;<\/p> <p style=\"text-align: center;\"><a href=\"http:\/\/187.174.252.244\/operadoras\/transparencia\/ley-general-y-ley-875\/emilio-carranza-ley-general-y-ley-875-de-transparencia\/\"><img loading=\"lazy\" decoding=\"async\" class=\"alignnone size-medium\" src=\"http:\/\/187.174.252.244\/caev\/Oficinas_Operadoras\/Aarchivos\/home1.png\" width=\"36\" height=\"37\" \/><\/a> <a href=\"http:\/\/187.174.252.244\/operadoras\/transparencia\/ley-general-y-ley-875\/emilio-carranza-ley-general-y-ley-875-de-transparencia\/\">regresar<\/a><\/p> ","protected":false},"excerpt":{"rendered":"<p>PADR\u00d3N DE PROVEEDORES Y CONTRATISTAS &nbsp; Padr\u00f3n de proveedores y contratistas. EJERCICIO 2022 &nbsp; Ejercicio: &nbsp; 2022 &nbsp; Trimestre \u00c1rea Responsable Fecha de Validaci\u00f3n de la Informaci\u00f3n Fecha de Actualizaci\u00f3n de la Inf. Descargar Informaci\u00f3n Primero Oficina Comercial y Administrativa 29\/04\/2022 31\/03\/2022 descargar archivo Segundo Oficina Comercial y Administrativa 29\/07\/2022 30\/06\/2022 descargar archivo Tercero Oficina [&hellip;]<\/p>\n","protected":false},"author":1,"featured_media":0,"parent":6702,"menu_order":0,"comment_status":"closed","ping_status":"closed","template":"","meta":{"footnotes":""},"class_list":["post-31781","page","type-page","status-publish","hentry"],"_links":{"self":[{"href":"http:\/\/187.174.252.244\/operadoras\/wp-json\/wp\/v2\/pages\/31781"}],"collection":[{"href":"http:\/\/187.174.252.244\/operadoras\/wp-json\/wp\/v2\/pages"}],"about":[{"href":"http:\/\/187.174.252.244\/operadoras\/wp-json\/wp\/v2\/types\/page"}],"author":[{"embeddable":true,"href":"http:\/\/187.174.252.244\/operadoras\/wp-json\/wp\/v2\/users\/1"}],"replies":[{"embeddable":true,"href":"http:\/\/187.174.252.244\/operadoras\/wp-json\/wp\/v2\/comments?post=31781"}],"version-history":[{"count":7,"href":"http:\/\/187.174.252.244\/operadoras\/wp-json\/wp\/v2\/pages\/31781\/revisions"}],"predecessor-version":[{"id":60643,"href":"http:\/\/187.174.252.244\/operadoras\/wp-json\/wp\/v2\/pages\/31781\/revisions\/60643"}],"up":[{"embeddable":true,"href":"http:\/\/187.174.252.244\/operadoras\/wp-json\/wp\/v2\/pages\/6702"}],"wp:attachment":[{"href":"http:\/\/187.174.252.244\/operadoras\/wp-json\/wp\/v2\/media?parent=31781"}],"curies":[{"name":"wp","href":"https:\/\/api.w.org\/{rel}","templated":true}]}}