{"id":32375,"date":"2019-07-24T17:38:20","date_gmt":"2019-07-24T23:38:20","guid":{"rendered":"http:\/\/187.174.252.244\/operadoras\/?page_id=32375"},"modified":"2022-05-17T10:11:15","modified_gmt":"2022-05-17T16:11:15","slug":"cazones-de-herrera-fraccion-ii-a-1","status":"publish","type":"page","link":"http:\/\/187.174.252.244\/operadoras\/transparencia\/ley-general-y-ley-875\/cazones-de-herrera-ley-general-y-ley-875-de-transparencia\/cazones-de-herrera-fraccion-ii-a-1\/","title":{"rendered":"Cazones de Herrera &#8211; Fracci\u00f3n II-A"},"content":{"rendered":"<p><strong>ESTRUCTURA ORG\u00c1NICA<\/strong><\/p> <p>&nbsp;<\/p> <p>La estructura org\u00e1nica.<\/p> <p>&nbsp;<\/p> <p><strong><span style=\"color: #000000;\">EJERCICIO 2019<\/span><\/strong><\/p> <p>&nbsp;<\/p> <div class=\"caja\"> <table width=\"636\"> <tbody> <tr> <td style=\"width: 140px;\"><strong><img loading=\"lazy\" decoding=\"async\" class=\"alignnone aligncenter\" src=\"http:\/\/187.174.252.244\/caev\/Image\/2018\/fecha3-ico.png\" alt=\"\" width=\"46\" height=\"50\" \/><\/strong><\/td> <td style=\"width: 140px;\"> <h4>Ejercicio:<\/h4> <\/td> <td style=\"width: 140px;\" colspan=\"3\"> <p>&nbsp;<\/p> <p>2019<\/td> <\/tr> <\/tbody> <\/table> <p>&nbsp;<\/p> <table style=\"height: 260px; width: 700px;\" width=\"703\"> <tbody> <tr style=\"height: 61px;\"> <td style=\"width: 102.563px; height: 61px;\"><img loading=\"lazy\" decoding=\"async\" class=\"aligncenter\" src=\"http:\/\/187.174.252.244\/caev\/Image\/2018\/trimestre-ico.png\" alt=\"\" width=\"53\" height=\"60\" \/><\/td> <td style=\"width: 210.563px; height: 61px;\"><img loading=\"lazy\" decoding=\"async\" class=\"aligncenter\" src=\"http:\/\/187.174.252.244\/caev\/Image\/2018\/usuario-ico.png\" alt=\"\" width=\"56\" height=\"60\" \/><\/td> <td style=\"width: 117.563px; height: 61px;\"><img loading=\"lazy\" decoding=\"async\" class=\"aligncenter\" src=\"http:\/\/187.174.252.244\/caev\/Image\/2018\/anio-ico.png\" alt=\"\" width=\"59\" height=\"60\" \/><\/td> <td style=\"width: 125.063px; height: 61px;\"><img loading=\"lazy\" decoding=\"async\" class=\"aligncenter\" src=\"http:\/\/187.174.252.244\/caev\/Image\/2018\/anio-ico.png\" alt=\"\" width=\"59\" height=\"60\" \/><\/td> <td style=\"width: 114.563px; height: 61px;\"><img loading=\"lazy\" decoding=\"async\" class=\"aligncenter\" src=\"http:\/\/187.174.252.244\/caev\/Image\/2018\/cloud-ico.png\" alt=\"\" width=\"57\" height=\"60\" \/><\/td> <\/tr> <tr style=\"height: 96px;\"> <td style=\"text-align: center; height: 96px; width: 102.563px;\"><span style=\"color: #000000;\"><strong>Trimestre<\/strong><em><br \/> <\/em><\/span><\/td> <td style=\"text-align: center; height: 96px; width: 210.563px;\"><span style=\"color: #000000;\"><strong>\u00c1rea Responsable<\/strong><\/span><\/td> <td style=\"text-align: center; height: 96px; width: 117.563px;\"><span style=\"color: #000000;\"><strong>Fecha de Validaci\u00f3n de la Informaci\u00f3n<\/strong><\/span><\/td> <td style=\"text-align: center; height: 96px; width: 125.063px;\"><span style=\"color: #000000;\"><strong>Fecha de Actualizaci\u00f3n de la Inf.<\/strong><\/span><\/td> <td style=\"text-align: center; height: 96px; width: 114.563px;\"><span style=\"color: #000000;\"><strong>Descargar Informaci\u00f3n<\/strong><\/span><\/td> <\/tr> <tr style=\"height: 24px;\"> <td style=\"height: 24px; width: 102.563px;\"><\/td> <td style=\"height: 24px; width: 210.563px;\"><\/td> <td style=\"height: 24px; width: 117.563px;\"><\/td> <td style=\"height: 24px; width: 125.063px;\"><\/td> <td style=\"height: 24px; width: 114.563px;\"><\/td> <\/tr> <tr> <td style=\"text-align: center; width: 102.563px;\"><span style=\"color: #000000;\">\u00a0<\/span><\/td> <td style=\"text-align: center; width: 210.563px;\"><span style=\"color: #000000;\">\u00a0<\/span><\/td> <td style=\"text-align: center; width: 117.563px;\"><span style=\"color: #000000;\">\u00a0<\/span><\/td> <td style=\"text-align: center; width: 125.063px;\"><span style=\"color: #000000;\">\u00a0<\/span><\/td> <td style=\"text-align: center; width: 114.563px;\"><\/td> <\/tr> <tr style=\"height: 48px;\"> <td style=\"text-align: center; height: 48px; width: 102.563px;\"><span style=\"color: #000000;\">Segundo<\/span><\/td> <td style=\"text-align: center; height: 48px; width: 210.563px;\"><span style=\"color: #000000;\">Secci\u00f3n Comercial y Administrativa<\/span><\/td> <td style=\"text-align: center; height: 48px; width: 117.563px;\"><span style=\"color: #000000;\">01\/07\/2019<\/span><\/td> <td style=\"text-align: center; height: 48px; width: 125.063px;\"><span style=\"color: #000000;\">30\/06\/2019<\/span><\/td> <td style=\"text-align: center; height: 48px; width: 114.563px;\"><a href=\"http:\/\/187.174.252.244\/caev\/pdfs\/oficinas_operadoras\/Cazones\/2019\/2-FORM2A-19-2.xlsx\">descargar archivo<\/a><\/td> <\/tr> <tr> <td style=\"text-align: center; width: 102.563px;\"><\/td> <td style=\"width: 210.563px;\"><\/td> <td style=\"width: 117.563px;\"><\/td> <td style=\"width: 125.063px;\"><\/td> <td style=\"width: 114.563px;\"><\/td> <\/tr> <tr> <td style=\"text-align: center; width: 102.563px;\"><\/td> <td style=\"width: 210.563px;\"><\/td> <td style=\"width: 117.563px;\"><\/td> <td style=\"width: 125.063px;\"><\/td> <td style=\"width: 114.563px;\"><\/td> <\/tr> <\/tbody> <\/table> <\/div> <p>&nbsp;<\/p> <hr \/> <p><strong><span style=\"color: #000000;\">EJERCICIO 2018<\/span><\/strong><\/p> <p>&nbsp;<\/p> <div class=\"caja\"> <table width=\"636\"> <tbody> <tr> <td style=\"width: 140px;\"><strong><img loading=\"lazy\" decoding=\"async\" class=\"alignnone aligncenter\" src=\"http:\/\/187.174.252.244\/caev\/Image\/2018\/fecha3-ico.png\" alt=\"\" width=\"46\" height=\"50\" \/><\/strong><\/td> <td style=\"width: 140px;\"> <h4>Ejercicio:<\/h4> <\/td> <td style=\"width: 140px;\" colspan=\"3\"> <p>&nbsp;<\/p> <p>2018<\/td> <\/tr> <\/tbody> <\/table> <p>&nbsp;<\/p> <table style=\"height: 349px;\" width=\"700\"> <tbody> <tr style=\"height: 61px;\"> <td style=\"width: 100px; height: 61px;\"><img loading=\"lazy\" decoding=\"async\" class=\"aligncenter\" src=\"http:\/\/187.174.252.244\/caev\/Image\/2018\/trimestre-ico.png\" alt=\"\" width=\"53\" height=\"60\" \/><\/td> <td style=\"width: 200px; height: 61px;\"><img loading=\"lazy\" decoding=\"async\" class=\"aligncenter\" src=\"http:\/\/187.174.252.244\/caev\/Image\/2018\/usuario-ico.png\" alt=\"\" width=\"56\" height=\"60\" \/><\/td> <td style=\"width: 100px; height: 61px;\"><img loading=\"lazy\" decoding=\"async\" class=\"aligncenter\" src=\"http:\/\/187.174.252.244\/caev\/Image\/2018\/anio-ico.png\" alt=\"\" width=\"59\" height=\"60\" \/><\/td> <td style=\"width: 100px; height: 61px;\"><img loading=\"lazy\" decoding=\"async\" class=\"aligncenter\" src=\"http:\/\/187.174.252.244\/caev\/Image\/2018\/anio-ico.png\" alt=\"\" width=\"59\" height=\"60\" \/><\/td> <td style=\"width: 100px; height: 61px;\"><img loading=\"lazy\" decoding=\"async\" class=\"aligncenter\" src=\"http:\/\/187.174.252.244\/caev\/Image\/2018\/cloud-ico.png\" alt=\"\" width=\"57\" height=\"60\" \/><\/td> <\/tr> <tr style=\"height: 96px;\"> <td style=\"text-align: center; height: 96px;\"><span style=\"color: #000000;\"><strong>Trimestre<\/strong><em><br \/> <\/em><\/span><\/td> <td style=\"text-align: center; height: 96px;\"><span style=\"color: #000000;\"><strong>\u00c1rea Responsable<\/strong><\/span><\/td> <td style=\"text-align: center; height: 96px;\"><span style=\"color: #000000;\"><strong>Fecha de Validaci\u00f3n de la Informaci\u00f3n<\/strong><\/span><\/td> <td style=\"text-align: center; height: 96px;\"><span style=\"color: #000000;\"><strong>Fecha de Actualizaci\u00f3n de la Inf.<\/strong><\/span><\/td> <td style=\"text-align: center; height: 96px;\"><span style=\"color: #000000;\"><strong>Descargar Informaci\u00f3n<\/strong><\/span><\/td> <\/tr> <tr style=\"height: 24px;\"> <td style=\"height: 24px;\"><\/td> <td style=\"height: 24px;\"><\/td> <td style=\"height: 24px;\"><\/td> <td style=\"height: 24px;\"><\/td> <td style=\"height: 24px;\"><\/td> <\/tr> <tr style=\"height: 48px;\"> <td style=\"text-align: center; height: 48px;\"><span style=\"color: #000000;\">Primero<\/span><\/td> <td style=\"text-align: center; height: 48px;\"><span style=\"color: #000000;\">Secci\u00f3n Comercial y Administrativa<\/span><\/td> <td style=\"text-align: center; height: 48px;\"><span style=\"color: #000000;\">18\/04\/2018<\/span><\/td> <td style=\"text-align: center; height: 48px;\"><span style=\"color: #000000;\">31\/03\/2018<\/span><\/td> <td style=\"text-align: center; height: 48px;\"><a href=\"http:\/\/187.174.252.244\/caev\/pdfs\/oficinas_operadoras\/Cazones\/2018\/2-FORM2A-18-1.xlsx\">descargar archivo<\/a><\/td> <\/tr> <tr style=\"height: 24px;\"> <td style=\"height: 24px;\"><\/td> <td style=\"height: 24px;\"><\/td> <td style=\"height: 24px;\"><\/td> <td style=\"height: 24px;\"><\/td> <td style=\"height: 24px;\"><\/td> <\/tr> <tr style=\"height: 48px;\"> <td style=\"text-align: center; height: 48px;\"><span style=\"color: #000000;\">Segundo<\/span><\/td> <td style=\"text-align: center; height: 48px;\"><span style=\"color: #000000;\">Secci\u00f3n Comercial y Administrativa<\/span><\/td> <td style=\"text-align: center; height: 48px;\"><span style=\"color: #000000;\">18\/07\/2018<\/span><\/td> <td style=\"text-align: center; height: 48px;\"><span style=\"color: #000000;\">29\/06\/2018<\/span><\/td> <td style=\"text-align: center; height: 48px;\"><a href=\"http:\/\/187.174.252.244\/caev\/pdfs\/oficinas_operadoras\/Cazones\/2018\/2-FORM2A-18-2.xlsx\">descargar archivo<\/a><\/td> <\/tr> <tr style=\"height: 24px;\"> <td style=\"text-align: center; height: 24px;\"><span style=\"color: #000000;\">\u00a0<\/span><\/td> <td style=\"text-align: center; height: 24px;\"><span style=\"color: #000000;\">\u00a0<\/span><\/td> <td style=\"text-align: center; height: 24px;\"><span style=\"color: #000000;\">\u00a0<\/span><\/td> <td style=\"text-align: center; height: 24px;\"><span style=\"color: #000000;\">\u00a0<\/span><\/td> <td style=\"text-align: center; height: 24px;\"><\/td> <\/tr> <tr style=\"height: 24px;\"> <td style=\"text-align: center; height: 24px;\"><span style=\"color: #000000;\">Tercero<\/span><\/td> <td style=\"text-align: center; height: 24px;\"><span style=\"color: #000000;\">Secci\u00f3n Comercial y Administrativa<\/span><\/td> <td style=\"text-align: center; height: 24px;\"><span style=\"color: #000000;\">22\/10\/2018<\/span><\/td> <td style=\"text-align: center; height: 24px;\"><span style=\"color: #000000;\">28\/09\/2018<\/span><\/td> <td style=\"text-align: center; height: 24px;\"><a href=\"http:\/\/187.174.252.244\/caev\/pdfs\/oficinas_operadoras\/Cazones\/2018\/2-FORM2A-18-3.xlsx\">descargar archivo<\/a><\/td> <\/tr> <tr> <td style=\"text-align: center;\"><span style=\"color: #000000;\">\u00a0<\/span><\/td> <td style=\"text-align: center;\"><span style=\"color: #000000;\">\u00a0<\/span><\/td> <td style=\"text-align: center;\"><span style=\"color: #000000;\">\u00a0<\/span><\/td> <td style=\"text-align: center;\"><span style=\"color: #000000;\">\u00a0<\/span><\/td> <td style=\"text-align: center;\"><\/td> <\/tr> <tr> <td style=\"text-align: center;\"><span style=\"color: #000000;\">Cuarto<\/span><\/td> <td style=\"text-align: center;\"><span style=\"color: #000000;\">Secci\u00f3n Comercial y Administrativa<\/span><\/td> <td style=\"text-align: center;\"><span style=\"color: #000000;\">26\/01\/2019<\/span><\/td> <td style=\"text-align: center;\"><span style=\"color: #000000;\">30\/12\/2018<\/span><\/td> <td style=\"text-align: center;\"><a href=\"http:\/\/187.174.252.244\/caev\/pdfs\/oficinas_operadoras\/Cazones\/2018\/2-FORM2A-18-4.xlsx\">descargar archivo<\/a><\/td> <\/tr> <\/tbody> <\/table> <\/div> <div> <h4><\/h4> <table width=\"520\"> <tbody> <tr> <td style=\"width: 100px;\"><a href=\"http:\/\/187.174.252.244\/operadoras\/transparencia\/ley-general-y-ley-875\/cazones-de-herrera-ley-general-y-ley-875-de-transparencia\/cazones-de-herrera-fraccion-ii-a\"><img loading=\"lazy\" decoding=\"async\" class=\"aligncenter\" src=\"http:\/\/187.174.252.244\/caev\/Image\/2018\/folder-ico.jpg\" alt=\"\" width=\"51\" height=\"44\" \/><\/a><\/td> <td><a href=\"http:\/\/187.174.252.244\/operadoras\/transparencia\/ley-general-y-ley-875\/cazones-de-herrera-ley-general-y-ley-875-de-transparencia\/cazones-de-herrera-fraccion-ii-a\">Ejercicio Actual<\/a><\/td> <\/tr> <\/tbody> <\/table> <\/div> <p style=\"text-align: center;\"><a href=\"http:\/\/187.174.252.244\/operadoras\/transparencia\/ley-general-y-ley-875\/cazones-de-herrera-ley-general-y-ley-875-de-transparencia\/\"><img loading=\"lazy\" decoding=\"async\" class=\"alignnone size-medium\" src=\"http:\/\/187.174.252.244\/caev\/Oficinas_Operadoras\/Aarchivos\/home1.png\" width=\"36\" height=\"37\" \/><\/a> <a href=\"http:\/\/187.174.252.244\/operadoras\/transparencia\/ley-general-y-ley-875\/cazones-de-herrera-ley-general-y-ley-875-de-transparencia\/\">regresar<\/a><\/p> ","protected":false},"excerpt":{"rendered":"<p>ESTRUCTURA ORG\u00c1NICA &nbsp; La estructura org\u00e1nica. &nbsp; EJERCICIO 2019 &nbsp; Ejercicio: &nbsp; 2019 &nbsp; Trimestre \u00c1rea Responsable Fecha de Validaci\u00f3n de la Informaci\u00f3n Fecha de Actualizaci\u00f3n de la Inf. Descargar Informaci\u00f3n \u00a0 \u00a0 \u00a0 \u00a0 Segundo Secci\u00f3n Comercial y Administrativa 01\/07\/2019 30\/06\/2019 descargar archivo &nbsp; EJERCICIO 2018 &nbsp; Ejercicio: &nbsp; 2018 &nbsp; Trimestre \u00c1rea Responsable [&hellip;]<\/p>\n","protected":false},"author":1,"featured_media":0,"parent":6674,"menu_order":0,"comment_status":"closed","ping_status":"closed","template":"","meta":{"footnotes":""},"class_list":["post-32375","page","type-page","status-publish","hentry"],"_links":{"self":[{"href":"http:\/\/187.174.252.244\/operadoras\/wp-json\/wp\/v2\/pages\/32375"}],"collection":[{"href":"http:\/\/187.174.252.244\/operadoras\/wp-json\/wp\/v2\/pages"}],"about":[{"href":"http:\/\/187.174.252.244\/operadoras\/wp-json\/wp\/v2\/types\/page"}],"author":[{"embeddable":true,"href":"http:\/\/187.174.252.244\/operadoras\/wp-json\/wp\/v2\/users\/1"}],"replies":[{"embeddable":true,"href":"http:\/\/187.174.252.244\/operadoras\/wp-json\/wp\/v2\/comments?post=32375"}],"version-history":[{"count":4,"href":"http:\/\/187.174.252.244\/operadoras\/wp-json\/wp\/v2\/pages\/32375\/revisions"}],"predecessor-version":[{"id":45476,"href":"http:\/\/187.174.252.244\/operadoras\/wp-json\/wp\/v2\/pages\/32375\/revisions\/45476"}],"up":[{"embeddable":true,"href":"http:\/\/187.174.252.244\/operadoras\/wp-json\/wp\/v2\/pages\/6674"}],"wp:attachment":[{"href":"http:\/\/187.174.252.244\/operadoras\/wp-json\/wp\/v2\/media?parent=32375"}],"curies":[{"name":"wp","href":"https:\/\/api.w.org\/{rel}","templated":true}]}}