{"id":3381,"date":"2018-03-15T16:38:52","date_gmt":"2018-03-15T22:38:52","guid":{"rendered":"http:\/\/localhost\/?page_id=3381"},"modified":"2025-01-14T10:06:34","modified_gmt":"2025-01-14T16:06:34","slug":"las-vigas-de-ramirez-tarifas","status":"publish","type":"page","link":"http:\/\/187.174.252.244\/operadoras\/servicios\/tarifas\/las-vigas-de-ramirez-tarifas\/","title":{"rendered":"Las Vigas de Ram\u00edrez &#8211; Tarifas"},"content":{"rendered":"<p><span style=\"color: #000000;\"><strong>SERVICIOS QUE PROPORCIONA LA OFICINA:<\/strong><\/span><\/p> <ul> <li><span style=\"color: #000000;\">Contrataci\u00f3n de servicios.<\/span><\/li> <li><span style=\"color: #000000;\">Instalaci\u00f3n y reparaci\u00f3n de tomas.<\/span><\/li> <li><span style=\"color: #000000;\">Cobros por consumo.<\/span><\/li> <li><span style=\"color: #000000;\">Emisi\u00f3n de dictamen t\u00e9cnico de factibilidad de servicios.<\/span><\/li> <li><span style=\"color: #000000;\">Emisi\u00f3n de constancias de no adeudo.<\/span><\/li> <li><span style=\"color: #000000;\">Gesti\u00f3n de cambios de nombre sobre la facturaci\u00f3n del servicio.<\/span><\/li> <li><span style=\"color: #000000;\">Atenci\u00f3n a usuarios (por reporte de fugas, revisi\u00f3n de falta de servicio de agua).<\/span><\/li> <li><span style=\"color: #000000;\">Desazolve de drenaje.<\/span><\/li> <li><span style=\"color: #000000;\">Reubicaci\u00f3n de tomas.<\/span><\/li> <li><span style=\"color: #000000;\">Descuento en el pago de consumo de agua a pensionados y jubilados.<\/span><\/li> <li><span style=\"color: #000000;\">Convenio por adeudo de consumo de agua y por derecho de conexi\u00f3n.<\/span><\/li> <li><span style=\"color: #000000;\">Notificaciones domiciliarias por adeudos.<\/span><\/li> <li><span style=\"color: #000000;\">Pago anual anticipado sobre consumo de agua.<\/span><\/li> <li><span style=\"color: #000000;\">Platicas escolares y comunitarias sobre cultura del agua.<\/span><\/li> <\/ul> <p>&nbsp;<\/p> <p><span style=\"color: #000000;\"><strong>Anexo de factibilidades de agua y\/o drenaje sanitario<\/strong><\/span><\/p> <table width=\"532\"> <tbody> <tr> <td><a href=\"http:\/\/187.174.252.244\/caev\/pdfs\/oficinas_operadoras\/AarchivosGenerales\/2025\/tarifas2025.pdf\"><img loading=\"lazy\" decoding=\"async\" class=\"size-medium aligncenter\" src=\"http:\/\/187.174.252.244\/caev\/Oficinas_Operadoras\/Aarchivos\/folder.png\" width=\"44\" height=\"43\" \/><\/a><\/td> <td><a href=\"http:\/\/187.174.252.244\/caev\/pdfs\/oficinas_operadoras\/AarchivosGenerales\/2025\/tarifas2025.pdf\" target=\"_blank\" rel=\"noopener\">Tarifas de Factibilidades 2025<\/a><\/td> <\/tr> <\/tbody> <\/table> <p>&nbsp;<\/p> <p style=\"text-align: center;\"><a href=\"http:\/\/187.174.252.244\/operadoras\/servicios\/tarifas\/\"><img loading=\"lazy\" decoding=\"async\" class=\"alignnone size-medium\" src=\"http:\/\/187.174.252.244\/caev\/Oficinas_Operadoras\/Aarchivos\/home1.png\" width=\"36\" height=\"37\" \/><\/a> <a href=\"http:\/\/187.174.252.244\/operadoras\/servicios\/tarifas\/\">regresar<\/a><\/p> ","protected":false},"excerpt":{"rendered":"<p>SERVICIOS QUE PROPORCIONA LA OFICINA: Contrataci\u00f3n de servicios. Instalaci\u00f3n y reparaci\u00f3n de tomas. Cobros por consumo. Emisi\u00f3n de dictamen t\u00e9cnico de factibilidad de servicios. Emisi\u00f3n de constancias de no adeudo. Gesti\u00f3n de cambios de nombre sobre la facturaci\u00f3n del servicio. Atenci\u00f3n a usuarios (por reporte de fugas, revisi\u00f3n de falta de servicio de agua). Desazolve [&hellip;]<\/p>\n","protected":false},"author":1,"featured_media":0,"parent":242,"menu_order":0,"comment_status":"closed","ping_status":"closed","template":"","meta":{"footnotes":""},"class_list":["post-3381","page","type-page","status-publish","hentry"],"_links":{"self":[{"href":"http:\/\/187.174.252.244\/operadoras\/wp-json\/wp\/v2\/pages\/3381"}],"collection":[{"href":"http:\/\/187.174.252.244\/operadoras\/wp-json\/wp\/v2\/pages"}],"about":[{"href":"http:\/\/187.174.252.244\/operadoras\/wp-json\/wp\/v2\/types\/page"}],"author":[{"embeddable":true,"href":"http:\/\/187.174.252.244\/operadoras\/wp-json\/wp\/v2\/users\/1"}],"replies":[{"embeddable":true,"href":"http:\/\/187.174.252.244\/operadoras\/wp-json\/wp\/v2\/comments?post=3381"}],"version-history":[{"count":8,"href":"http:\/\/187.174.252.244\/operadoras\/wp-json\/wp\/v2\/pages\/3381\/revisions"}],"predecessor-version":[{"id":61115,"href":"http:\/\/187.174.252.244\/operadoras\/wp-json\/wp\/v2\/pages\/3381\/revisions\/61115"}],"up":[{"embeddable":true,"href":"http:\/\/187.174.252.244\/operadoras\/wp-json\/wp\/v2\/pages\/242"}],"wp:attachment":[{"href":"http:\/\/187.174.252.244\/operadoras\/wp-json\/wp\/v2\/media?parent=3381"}],"curies":[{"name":"wp","href":"https:\/\/api.w.org\/{rel}","templated":true}]}}