{"id":34229,"date":"2020-08-26T10:45:24","date_gmt":"2020-08-26T16:45:24","guid":{"rendered":"http:\/\/187.174.252.244\/operadoras\/?page_id=34229"},"modified":"2025-05-28T12:20:11","modified_gmt":"2025-05-28T18:20:11","slug":"playa-vicente-fraccion-xvi-b-2","status":"publish","type":"page","link":"http:\/\/187.174.252.244\/operadoras\/transparencia\/ley-general-y-ley-875\/playa-vicente-ley-general-y-ley-875-de-transparencia\/playa-vicente-fraccion-xvi-b-2\/","title":{"rendered":"Playa Vicente &#8211; Fracci\u00f3n XVI-B"},"content":{"rendered":"<p><strong>LAS CONDICIONES GENERALES DE TRABAJO<\/strong><\/p> <p>&nbsp;<\/p> <p>Los montos, criterios, convocatorias y listado de personas f\u00edsicas o morales a quienes, por cualquier motivo, se les asigne o permita usar recursos p\u00fablicos o, en los t\u00e9rminos de las disposiciones aplicables, realicen actos de autoridad. Asimismo, los informes que dichas personas les entreguen sobre el uso y destino de dichos recursos.<\/p> <p>&nbsp;<\/p> <p><strong><span style=\"color: #000000;\">EJERCICIO 2024<\/span><\/strong><\/p> <p>&nbsp;<\/p> <div class=\"caja\"> <table width=\"636\"> <tbody> <tr> <td style=\"width: 140px;\"><strong><img loading=\"lazy\" decoding=\"async\" class=\"alignnone aligncenter\" src=\"http:\/\/187.174.252.244\/caev\/Image\/2018\/fecha3-ico.png\" alt=\"\" width=\"46\" height=\"50\" \/><\/strong><\/td> <td style=\"width: 140px;\"> <h4>Ejercicio:<\/h4> <\/td> <td style=\"width: 140px;\" colspan=\"3\"> <p>&nbsp;<\/p> <p>2024<\/td> <\/tr> <\/tbody> <\/table> <p>&nbsp;<\/p> <table style=\"height: 303px;\" width=\"700\"> <tbody> <tr style=\"height: 57px;\"> <td style=\"width: 100px; height: 57px;\"><img loading=\"lazy\" decoding=\"async\" class=\"aligncenter\" src=\"http:\/\/187.174.252.244\/caev\/Image\/2018\/trimestre-ico.png\" alt=\"\" width=\"53\" height=\"60\" \/><\/td> <td style=\"width: 200px; height: 57px;\"><img loading=\"lazy\" decoding=\"async\" class=\"aligncenter\" src=\"http:\/\/187.174.252.244\/caev\/Image\/2018\/usuario-ico.png\" alt=\"\" width=\"56\" height=\"60\" \/><\/td> <td style=\"width: 100px; height: 57px;\"><img loading=\"lazy\" decoding=\"async\" class=\"aligncenter\" src=\"http:\/\/187.174.252.244\/caev\/Image\/2018\/anio-ico.png\" alt=\"\" width=\"59\" height=\"60\" \/><\/td> <td style=\"width: 100px; height: 57px;\"><img loading=\"lazy\" decoding=\"async\" class=\"aligncenter\" src=\"http:\/\/187.174.252.244\/caev\/Image\/2018\/anio-ico.png\" alt=\"\" width=\"59\" height=\"60\" \/><\/td> <td style=\"width: 100px; height: 57px;\"><img loading=\"lazy\" decoding=\"async\" class=\"aligncenter\" src=\"http:\/\/187.174.252.244\/caev\/Image\/2018\/cloud-ico.png\" alt=\"\" width=\"57\" height=\"60\" \/><\/td> <\/tr> <tr style=\"height: 93px;\"> <td style=\"text-align: center; height: 93px; width: 100px;\"><span style=\"color: #000000;\"><strong>Trimestre<\/strong><em><br \/> <\/em><\/span><\/td> <td style=\"text-align: center; height: 93px; width: 200px;\"><span style=\"color: #000000;\"><strong>\u00c1rea Responsable<\/strong><\/span><\/td> <td style=\"text-align: center; height: 93px; width: 100px;\"><span style=\"color: #000000;\"><strong>Fecha de Validaci\u00f3n de la Informaci\u00f3n<\/strong><\/span><\/td> <td style=\"text-align: center; height: 93px; width: 100px;\"><span style=\"color: #000000;\"><strong>Fecha de Actualizaci\u00f3n de la Inf.<\/strong><\/span><\/td> <td style=\"text-align: center; height: 93px; width: 100px;\"><span style=\"color: #000000;\"><strong>Descargar Informaci\u00f3n<\/strong><\/span><\/td> <\/tr> <tr style=\"height: 21px;\"> <td style=\"height: 21px; width: 100px;\"><\/td> <td style=\"height: 21px; width: 200px;\"><\/td> <td style=\"height: 21px; width: 100px;\"><\/td> <td style=\"height: 21px; width: 100px;\"><\/td> <td style=\"height: 21px; width: 100px;\"><\/td> <\/tr> <tr style=\"height: 45px;\"> <td style=\"text-align: center; height: 45px; width: 100px;\">Primero<\/td> <td style=\"text-align: center; height: 45px; width: 200px;\"><span style=\"color: #000000;\">Oficina Comercial y Administrativa<\/span><\/td> <td style=\"text-align: center; height: 45px; width: 100px;\"><span style=\"color: #000000;\">31\/03\/2024<\/span><\/td> <td style=\"text-align: center; height: 45px; width: 100px;\"><span style=\"color: #000000;\">31\/03\/2024<\/span><\/td> <td style=\"text-align: center; height: 45px; width: 100px;\"><a href=\"http:\/\/187.174.252.244\/caev\/pdfs\/oficinas_operadoras\/PlayaVicente\/2024\/64-FORM16B-24-1.xlsx\">descargar archivo<\/a><\/td> <\/tr> <tr style=\"height: 45px;\"> <td style=\"text-align: center; height: 45px; width: 100px;\">Segundo<\/td> <td style=\"text-align: center; height: 45px; width: 200px;\"><span style=\"color: #000000;\">Oficina Comercial y Administrativa<\/span><\/td> <td style=\"text-align: center; height: 45px; width: 100px;\"><span style=\"color: #000000;\">30\/06\/2024<\/span><\/td> <td style=\"text-align: center; height: 45px; width: 100px;\"><span style=\"color: #000000;\">30\/06\/2024<\/span><\/td> <td style=\"text-align: center; height: 45px; width: 100px;\"><a href=\"http:\/\/187.174.252.244\/caev\/pdfs\/oficinas_operadoras\/PlayaVicente\/2024\/64-FORM16B-24-2.xlsx\">descargar archivo<\/a><\/td> <\/tr> <tr style=\"height: 45px;\"> <td style=\"text-align: center; height: 45px; width: 100px;\">Tercero<\/td> <td style=\"text-align: center; height: 45px; width: 200px;\"><span style=\"color: #000000;\">Oficina Comercial y Administrativa<\/span><\/td> <td style=\"text-align: center; height: 45px; width: 100px;\"><span style=\"color: #000000;\">30\/09\/2024<\/span><\/td> <td style=\"text-align: center; height: 45px; width: 100px;\"><span style=\"color: #000000;\">30\/09\/2024<\/span><\/td> <td style=\"text-align: center; height: 45px; width: 100px;\"><a href=\"http:\/\/187.174.252.244\/caev\/pdfs\/oficinas_operadoras\/PlayaVicente\/2024\/64-FORM16B-24-3.xlsx\">descargar archivo<\/a><\/td> <\/tr> <tr style=\"height: 45px;\"> <td style=\"text-align: center; height: 45px; width: 100px;\">Cuarto<\/td> <td style=\"text-align: center; height: 45px; width: 200px;\"><span style=\"color: #000000;\">Oficina Comercial y Administrativa<\/span><\/td> <td style=\"text-align: center; height: 45px; width: 100px;\"><span style=\"color: #000000;\">31\/12\/2024<\/span><\/td> <td style=\"text-align: center; height: 45px; width: 100px;\"><span style=\"color: #000000;\">31\/12\/2024<\/span><\/td> <td style=\"text-align: center; height: 45px; width: 100px;\"><a href=\"http:\/\/187.174.252.244\/caev\/pdfs\/oficinas_operadoras\/PlayaVicente\/2024\/64-FORM16B-24-4.xlsx\">descargar archivo<\/a><\/td> <\/tr> <\/tbody> <\/table> <\/div> <p>&nbsp;<\/p> <hr \/> <p><strong><span style=\"color: #000000;\">EJERCICIO 2023<\/span><\/strong><\/p> <p>&nbsp;<\/p> <div class=\"caja\"> <table width=\"636\"> <tbody> <tr> <td style=\"width: 140px;\"><strong><img loading=\"lazy\" decoding=\"async\" class=\"alignnone aligncenter\" src=\"http:\/\/187.174.252.244\/caev\/Image\/2018\/fecha3-ico.png\" alt=\"\" width=\"46\" height=\"50\" \/><\/strong><\/td> <td style=\"width: 140px;\"> <h4>Ejercicio:<\/h4> <\/td> <td style=\"width: 140px;\" colspan=\"3\"> <p>&nbsp;<\/p> <p>2023<\/td> <\/tr> <\/tbody> <\/table> <p>&nbsp;<\/p> <table style=\"height: 303px;\" width=\"700\"> <tbody> <tr style=\"height: 57px;\"> <td style=\"width: 100px; height: 57px;\"><img loading=\"lazy\" decoding=\"async\" class=\"aligncenter\" src=\"http:\/\/187.174.252.244\/caev\/Image\/2018\/trimestre-ico.png\" alt=\"\" width=\"53\" height=\"60\" \/><\/td> <td style=\"width: 200px; height: 57px;\"><img loading=\"lazy\" decoding=\"async\" class=\"aligncenter\" src=\"http:\/\/187.174.252.244\/caev\/Image\/2018\/usuario-ico.png\" alt=\"\" width=\"56\" height=\"60\" \/><\/td> <td style=\"width: 100px; height: 57px;\"><img loading=\"lazy\" decoding=\"async\" class=\"aligncenter\" src=\"http:\/\/187.174.252.244\/caev\/Image\/2018\/anio-ico.png\" alt=\"\" width=\"59\" height=\"60\" \/><\/td> <td style=\"width: 100px; height: 57px;\"><img loading=\"lazy\" decoding=\"async\" class=\"aligncenter\" src=\"http:\/\/187.174.252.244\/caev\/Image\/2018\/anio-ico.png\" alt=\"\" width=\"59\" height=\"60\" \/><\/td> <td style=\"width: 100px; height: 57px;\"><img loading=\"lazy\" decoding=\"async\" class=\"aligncenter\" src=\"http:\/\/187.174.252.244\/caev\/Image\/2018\/cloud-ico.png\" alt=\"\" width=\"57\" height=\"60\" \/><\/td> <\/tr> <tr style=\"height: 93px;\"> <td style=\"text-align: center; height: 93px; width: 100px;\"><span style=\"color: #000000;\"><strong>Trimestre<\/strong><em><br \/> <\/em><\/span><\/td> <td style=\"text-align: center; height: 93px; width: 200px;\"><span style=\"color: #000000;\"><strong>\u00c1rea Responsable<\/strong><\/span><\/td> <td style=\"text-align: center; height: 93px; width: 100px;\"><span style=\"color: #000000;\"><strong>Fecha de Validaci\u00f3n de la Informaci\u00f3n<\/strong><\/span><\/td> <td style=\"text-align: center; height: 93px; width: 100px;\"><span style=\"color: #000000;\"><strong>Fecha de Actualizaci\u00f3n de la Inf.<\/strong><\/span><\/td> <td style=\"text-align: center; height: 93px; width: 100px;\"><span style=\"color: #000000;\"><strong>Descargar Informaci\u00f3n<\/strong><\/span><\/td> <\/tr> <tr style=\"height: 21px;\"> <td style=\"height: 21px; width: 100px;\"><\/td> <td style=\"height: 21px; width: 200px;\"><\/td> <td style=\"height: 21px; width: 100px;\"><\/td> <td style=\"height: 21px; width: 100px;\"><\/td> <td style=\"height: 21px; width: 100px;\"><\/td> <\/tr> <tr style=\"height: 45px;\"> <td style=\"text-align: center; height: 45px; width: 100px;\">Primero<\/td> <td style=\"text-align: center; height: 45px; width: 200px;\"><span style=\"color: #000000;\">Secci\u00f3n Comercial y Administrativa<\/span><\/td> <td style=\"text-align: center; height: 45px; width: 100px;\"><span style=\"color: #000000;\">05\/04\/2023<\/span><\/td> <td style=\"text-align: center; height: 45px; width: 100px;\"><span style=\"color: #000000;\">31\/03\/2023<\/span><\/td> <td style=\"text-align: center; height: 45px; width: 100px;\"><a href=\"http:\/\/187.174.252.244\/caev\/pdfs\/oficinas_operadoras\/PlayaVicente\/2023\/64-FORM16B-23-1.xlsx\">descargar archivo<\/a><\/td> <\/tr> <tr style=\"height: 45px;\"> <td style=\"text-align: center; height: 45px; width: 100px;\"><\/td> <td style=\"text-align: center; height: 45px; width: 200px;\"><\/td> <td style=\"text-align: center; height: 45px; width: 100px;\"><\/td> <td style=\"text-align: center; height: 45px; width: 100px;\"><\/td> <td style=\"text-align: center; height: 45px; width: 100px;\"><\/td> <\/tr> <tr style=\"height: 45px;\"> <td style=\"text-align: center; height: 45px; width: 100px;\">Tercero<\/td> <td style=\"text-align: center; height: 45px; width: 200px;\"><span style=\"color: #000000;\">Secci\u00f3n Comercial y Administrativa<\/span><\/td> <td style=\"text-align: center; height: 45px; width: 100px;\"><span style=\"color: #000000;\">10\/10\/2023<\/span><\/td> <td style=\"text-align: center; height: 45px; width: 100px;\"><span style=\"color: #000000;\">30\/09\/2023<\/span><\/td> <td style=\"text-align: center; height: 45px; width: 100px;\"><a href=\"http:\/\/187.174.252.244\/caev\/pdfs\/oficinas_operadoras\/PlayaVicente\/2023\/64-FORM16B-23-3.xlsx\">descargar archivo<\/a><\/td> <\/tr> <tr style=\"height: 45px;\"> <td style=\"text-align: center; height: 45px; width: 100px;\">Cuarto<\/td> <td style=\"text-align: center; height: 45px; width: 200px;\"><span style=\"color: #000000;\">Secci\u00f3n Comercial y Administrativa<\/span><\/td> <td style=\"text-align: center; height: 45px; width: 100px;\"><span style=\"color: #000000;\">16\/01\/2024<\/span><\/td> <td style=\"text-align: center; height: 45px; width: 100px;\"><span style=\"color: #000000;\">31\/12\/2023<\/span><\/td> <td style=\"text-align: center; height: 45px; width: 100px;\"><a href=\"http:\/\/187.174.252.244\/caev\/pdfs\/oficinas_operadoras\/PlayaVicente\/2023\/64-FORM16B-23-4.xlsx\">descargar archivo<\/a><\/td> <\/tr> <\/tbody> <\/table> <\/div> <p>&nbsp;<\/p> <hr \/> <p><strong><span style=\"color: #000000;\">EJERCICIO 2020<\/span><\/strong><\/p> <p>&nbsp;<\/p> <div class=\"caja\"> <table width=\"636\"> <tbody> <tr> <td style=\"width: 140px;\"><strong><img loading=\"lazy\" decoding=\"async\" class=\"alignnone aligncenter\" src=\"http:\/\/187.174.252.244\/caev\/Image\/2018\/fecha3-ico.png\" alt=\"\" width=\"46\" height=\"50\" \/><\/strong><\/td> <td style=\"width: 140px;\"> <h4>Ejercicio:<\/h4> <\/td> <td style=\"width: 140px;\" colspan=\"3\"> <p>&nbsp;<\/p> <p>2020<\/td> <\/tr> <\/tbody> <\/table> <p>&nbsp;<\/p> <table style=\"width: 600px;\" width=\"700\"> <tbody> <tr> <td style=\"width: 100px;\"><img loading=\"lazy\" decoding=\"async\" class=\"aligncenter\" src=\"http:\/\/187.174.252.244\/caev\/Image\/2018\/trimestre-ico.png\" alt=\"\" width=\"53\" height=\"60\" \/><\/td> <td style=\"width: 200px;\"><img loading=\"lazy\" decoding=\"async\" class=\"aligncenter\" src=\"http:\/\/187.174.252.244\/caev\/Image\/2018\/usuario-ico.png\" alt=\"\" width=\"56\" height=\"60\" \/><\/td> <td style=\"width: 100px;\"><img loading=\"lazy\" decoding=\"async\" class=\"aligncenter\" src=\"http:\/\/187.174.252.244\/caev\/Image\/2018\/anio-ico.png\" alt=\"\" width=\"59\" height=\"60\" \/><\/td> <td style=\"width: 100px;\"><img loading=\"lazy\" decoding=\"async\" class=\"aligncenter\" src=\"http:\/\/187.174.252.244\/caev\/Image\/2018\/anio-ico.png\" alt=\"\" width=\"59\" height=\"60\" \/><\/td> <td style=\"width: 100px;\"><img loading=\"lazy\" decoding=\"async\" class=\"aligncenter\" src=\"http:\/\/187.174.252.244\/caev\/Image\/2018\/cloud-ico.png\" alt=\"\" width=\"57\" height=\"60\" \/><\/td> <\/tr> <tr> <td style=\"text-align: center; width: 100px;\"><span style=\"color: #000000;\"><strong>Trimestre<\/strong><em><br \/> <\/em><\/span><\/td> <td style=\"text-align: center; width: 200px;\"><span style=\"color: #000000;\"><strong>\u00c1rea Responsable<\/strong><\/span><\/td> <td style=\"text-align: center; width: 100px;\"><span style=\"color: #000000;\"><strong>Fecha de Validaci\u00f3n de la Informaci\u00f3n<\/strong><\/span><\/td> <td style=\"text-align: center; width: 100px;\"><span style=\"color: #000000;\"><strong>Fecha de Actualizaci\u00f3n de la Inf.<\/strong><\/span><\/td> <td style=\"text-align: center; width: 100px;\"><span style=\"color: #000000;\"><strong>Descargar Informaci\u00f3n<\/strong><\/span><\/td> <\/tr> <tr> <td style=\"width: 100px;\"><\/td> <td style=\"width: 200px;\"><\/td> <td style=\"width: 100px;\"><\/td> <td style=\"width: 100px;\"><\/td> <td style=\"width: 100px;\"><\/td> <\/tr> <tr> <td style=\"text-align: center; width: 100px;\"><\/td> <td style=\"text-align: center; width: 200px;\"><\/td> <td style=\"text-align: center; width: 100px;\"><\/td> <td style=\"text-align: center; width: 100px;\"><\/td> <td style=\"text-align: center; width: 100px;\"><\/td> <\/tr> <tr> <td style=\"text-align: center; width: 100px;\">Segundo<\/td> <td style=\"text-align: center; width: 200px;\"><span style=\"color: #000000;\">Secci\u00f3n Comercial y Administrativa<\/span><\/td> <td style=\"text-align: center; width: 100px;\"><span style=\"color: #000000;\">22\/07\/2020<\/span><\/td> <td style=\"text-align: center; width: 100px;\"><span style=\"color: #000000;\">30\/06\/2020<\/span><\/td> <td style=\"text-align: center; width: 100px;\"><a href=\"http:\/\/187.174.252.244\/caev\/pdfs\/oficinas_operadoras\/PlayaVicente\/2020\/64-FORM16B-20-2.xlsx\">descargar archivo<\/a><\/td> <\/tr> <tr> <td style=\"text-align: center; width: 100px;\">Tercero<\/td> <td style=\"text-align: center; width: 200px;\"><span style=\"color: #000000;\">Secci\u00f3n Comercial y Administrativa<\/span><\/td> <td style=\"text-align: center; width: 100px;\"><span style=\"color: #000000;\">14\/10\/2020<\/span><\/td> <td style=\"text-align: center; width: 100px;\"><span style=\"color: #000000;\">30\/09\/2020<\/span><\/td> <td style=\"text-align: center; width: 100px;\"><a href=\"http:\/\/187.174.252.244\/caev\/pdfs\/oficinas_operadoras\/PlayaVicente\/2020\/64-FORM16B-20-3.xlsx\">descargar archivo<\/a><\/td> <\/tr> <tr> <td style=\"text-align: center; width: 100px;\"><\/td> <td style=\"text-align: center; width: 200px;\"><\/td> <td style=\"text-align: center; width: 100px;\"><\/td> <td style=\"text-align: center; width: 100px;\"><\/td> <td style=\"text-align: center; width: 100px;\"><\/td> <\/tr> <\/tbody> <\/table> <\/div> <p>&nbsp;<\/p> <hr \/> <p><strong><span style=\"color: #000000;\">EJERCICIO 2019<\/span><\/strong><\/p> <p>&nbsp;<\/p> <div class=\"caja\"> <table width=\"636\"> <tbody> <tr> <td style=\"width: 140px;\"><strong><img loading=\"lazy\" decoding=\"async\" class=\"alignnone aligncenter\" src=\"http:\/\/187.174.252.244\/caev\/Image\/2018\/fecha3-ico.png\" alt=\"\" width=\"46\" height=\"50\" \/><\/strong><\/td> <td style=\"width: 140px;\"> <h4>Ejercicio:<\/h4> <\/td> <td style=\"width: 140px;\" colspan=\"3\"> <p>&nbsp;<\/p> <p>2019<\/td> <\/tr> <\/tbody> <\/table> <p>&nbsp;<\/p> <table width=\"700\"> <tbody> <tr> <td style=\"width: 100px;\"><img loading=\"lazy\" decoding=\"async\" class=\"aligncenter\" src=\"http:\/\/187.174.252.244\/caev\/Image\/2018\/trimestre-ico.png\" alt=\"\" width=\"53\" height=\"60\" \/><\/td> <td style=\"width: 200px;\"><img loading=\"lazy\" decoding=\"async\" class=\"aligncenter\" src=\"http:\/\/187.174.252.244\/caev\/Image\/2018\/usuario-ico.png\" alt=\"\" width=\"56\" height=\"60\" \/><\/td> <td style=\"width: 100px;\"><img loading=\"lazy\" decoding=\"async\" class=\"aligncenter\" src=\"http:\/\/187.174.252.244\/caev\/Image\/2018\/anio-ico.png\" alt=\"\" width=\"59\" height=\"60\" \/><\/td> <td style=\"width: 100px;\"><img loading=\"lazy\" decoding=\"async\" class=\"aligncenter\" src=\"http:\/\/187.174.252.244\/caev\/Image\/2018\/anio-ico.png\" alt=\"\" width=\"59\" height=\"60\" \/><\/td> <td style=\"width: 100px;\"><img loading=\"lazy\" decoding=\"async\" class=\"aligncenter\" src=\"http:\/\/187.174.252.244\/caev\/Image\/2018\/cloud-ico.png\" alt=\"\" width=\"57\" height=\"60\" \/><\/td> <\/tr> <tr> <td style=\"text-align: center;\"><span style=\"color: #000000;\"><strong>Trimestre<\/strong><em><br \/> <\/em><\/span><\/td> <td style=\"text-align: center;\"><span style=\"color: #000000;\"><strong>\u00c1rea Responsable<\/strong><\/span><\/td> <td style=\"text-align: center;\"><span style=\"color: #000000;\"><strong>Fecha de Validaci\u00f3n de la Informaci\u00f3n<\/strong><\/span><\/td> <td style=\"text-align: center;\"><span style=\"color: #000000;\"><strong>Fecha de Actualizaci\u00f3n de la Inf.<\/strong><\/span><\/td> <td style=\"text-align: center;\"><span style=\"color: #000000;\"><strong>Descargar Informaci\u00f3n<\/strong><\/span><\/td> <\/tr> <tr> <td><\/td> <td><\/td> <td><\/td> <td><\/td> <td><\/td> <\/tr> <tr> <td style=\"text-align: center;\"><\/td> <td style=\"text-align: center;\"><\/td> <td style=\"text-align: center;\"><\/td> <td style=\"text-align: center;\"><\/td> <td style=\"text-align: center;\"><\/td> <\/tr> <tr> <td style=\"text-align: center;\">Segundo<\/td> <td style=\"text-align: center;\"><span style=\"color: #000000;\">Secci\u00f3n Comercial y Administrativa<\/span><\/td> <td style=\"text-align: center;\"><span style=\"color: #000000;\">05\/07\/2019<\/span><\/td> <td style=\"text-align: center;\"><span style=\"color: #000000;\">30\/06\/2019<\/span><\/td> <td style=\"text-align: center;\"><a href=\"http:\/\/187.174.252.244\/caev\/pdfs\/oficinas_operadoras\/PlayaVicente\/2019\/64-FORM16B-19-2.xlsx\">descargar archivo<\/a><\/td> <\/tr> <tr> <td style=\"text-align: center;\"><\/td> <td style=\"text-align: center;\"><\/td> <td style=\"text-align: center;\"><\/td> <td style=\"text-align: center;\"><\/td> <td style=\"text-align: center;\"><\/td> <\/tr> <tr> <td style=\"text-align: center;\"><\/td> <td style=\"text-align: center;\"><\/td> <td style=\"text-align: center;\"><\/td> <td style=\"text-align: center;\"><\/td> <td style=\"text-align: center;\"><\/td> <\/tr> <\/tbody> <\/table> <\/div> <div> <h4><\/h4> <table width=\"520\"> <tbody> <tr> <td style=\"width: 100px;\"><a href=\"http:\/\/187.174.252.244\/operadoras\/transparencia\/ley-general-y-ley-875\/playa-vicente-ley-general-y-ley-875-de-transparencia\/playa-vicente-fraccion-xvi-b\/\"><img loading=\"lazy\" decoding=\"async\" class=\"aligncenter\" src=\"http:\/\/187.174.252.244\/caev\/Image\/2018\/folder-ico.jpg\" alt=\"\" width=\"51\" height=\"44\" \/><\/a><\/td> <td><a href=\"http:\/\/187.174.252.244\/operadoras\/transparencia\/ley-general-y-ley-875\/playa-vicente-ley-general-y-ley-875-de-transparencia\/playa-vicente-fraccion-xvi-b\/\">Ejercicio Actual<\/a><\/td> <\/tr> <\/tbody> <\/table> <\/div> <p style=\"text-align: center;\"><a href=\"http:\/\/187.174.252.244\/operadoras\/transparencia\/ley-general-y-ley-875\/playa-vicente-ley-general-y-ley-875-de-transparencia\/\"><img loading=\"lazy\" decoding=\"async\" class=\"alignnone size-medium\" src=\"http:\/\/187.174.252.244\/caev\/Oficinas_Operadoras\/Aarchivos\/home1.png\" width=\"36\" height=\"37\" \/><\/a> <a href=\"http:\/\/187.174.252.244\/operadoras\/transparencia\/ley-general-y-ley-875\/playa-vicente-ley-general-y-ley-875-de-transparencia\/\">regresar<\/a><\/p> ","protected":false},"excerpt":{"rendered":"<p>LAS CONDICIONES GENERALES DE TRABAJO &nbsp; Los montos, criterios, convocatorias y listado de personas f\u00edsicas o morales a quienes, por cualquier motivo, se les asigne o permita usar recursos p\u00fablicos o, en los t\u00e9rminos de las disposiciones aplicables, realicen actos de autoridad. Asimismo, los informes que dichas personas les entreguen sobre el uso y destino [&hellip;]<\/p>\n","protected":false},"author":1,"featured_media":0,"parent":6754,"menu_order":0,"comment_status":"closed","ping_status":"closed","template":"","meta":{"footnotes":""},"class_list":["post-34229","page","type-page","status-publish","hentry"],"_links":{"self":[{"href":"http:\/\/187.174.252.244\/operadoras\/wp-json\/wp\/v2\/pages\/34229"}],"collection":[{"href":"http:\/\/187.174.252.244\/operadoras\/wp-json\/wp\/v2\/pages"}],"about":[{"href":"http:\/\/187.174.252.244\/operadoras\/wp-json\/wp\/v2\/types\/page"}],"author":[{"embeddable":true,"href":"http:\/\/187.174.252.244\/operadoras\/wp-json\/wp\/v2\/users\/1"}],"replies":[{"embeddable":true,"href":"http:\/\/187.174.252.244\/operadoras\/wp-json\/wp\/v2\/comments?post=34229"}],"version-history":[{"count":6,"href":"http:\/\/187.174.252.244\/operadoras\/wp-json\/wp\/v2\/pages\/34229\/revisions"}],"predecessor-version":[{"id":63755,"href":"http:\/\/187.174.252.244\/operadoras\/wp-json\/wp\/v2\/pages\/34229\/revisions\/63755"}],"up":[{"embeddable":true,"href":"http:\/\/187.174.252.244\/operadoras\/wp-json\/wp\/v2\/pages\/6754"}],"wp:attachment":[{"href":"http:\/\/187.174.252.244\/operadoras\/wp-json\/wp\/v2\/media?parent=34229"}],"curies":[{"name":"wp","href":"https:\/\/api.w.org\/{rel}","templated":true}]}}