{"id":36937,"date":"2021-04-27T16:26:28","date_gmt":"2021-04-27T22:26:28","guid":{"rendered":"http:\/\/187.174.252.244\/operadoras\/?page_id=36937"},"modified":"2025-04-02T13:33:07","modified_gmt":"2025-04-02T19:33:07","slug":"las-vigas-de-ramirez-fraccion-viii-a","status":"publish","type":"page","link":"http:\/\/187.174.252.244\/operadoras\/transparencia\/ley-general-y-ley-875\/las-vigas-de-ramirez-ley-general-y-ley-875-de-transparencia\/las-vigas-de-ramirez-fraccion-viii-a\/","title":{"rendered":"Las Vigas de Ram\u00edrez &#8211; Fracci\u00f3n VIII-A"},"content":{"rendered":"<p><strong>REMUNERACI\u00d3N BRUTA Y NETA<\/strong><\/p> <div class=\"caja\"> <div class=\"caja\"> <div class=\"caja\"> <p>&nbsp;<\/p> <div class=\"caja\"> <table width=\"636\"> <tbody> <tr> <td style=\"width: 140px;\"><strong><img loading=\"lazy\" decoding=\"async\" class=\"alignnone aligncenter\" src=\"http:\/\/187.174.252.244\/caev\/Image\/2018\/fecha3-ico.png\" alt=\"\" width=\"46\" height=\"50\" \/><\/strong><\/td> <td style=\"width: 140px;\"> <h4>Ejercicio:<\/h4> <\/td> <td style=\"width: 140px;\" colspan=\"3\"> <p>&nbsp;<\/p> <p>2024<\/td> <\/tr> <\/tbody> <\/table> <p>&nbsp;<\/p> <table style=\"height: 325px; width: 699px;\" width=\"700\"> <tbody> <tr style=\"height: 60px;\"> <td style=\"width: 107px; height: 60px;\"><img loading=\"lazy\" decoding=\"async\" class=\"aligncenter\" src=\"http:\/\/187.174.252.244\/caev\/Image\/2018\/trimestre-ico.png\" alt=\"\" width=\"53\" height=\"60\" \/><\/td> <td style=\"width: 213px; height: 60px;\"><img loading=\"lazy\" decoding=\"async\" class=\"aligncenter\" src=\"http:\/\/187.174.252.244\/caev\/Image\/2018\/usuario-ico.png\" alt=\"\" width=\"56\" height=\"60\" \/><\/td> <td style=\"width: 113px; height: 60px;\"><img loading=\"lazy\" decoding=\"async\" class=\"aligncenter\" src=\"http:\/\/187.174.252.244\/caev\/Image\/2018\/anio-ico.png\" alt=\"\" width=\"59\" height=\"60\" \/><\/td> <td style=\"width: 120px; height: 60px;\"><img loading=\"lazy\" decoding=\"async\" class=\"aligncenter\" src=\"http:\/\/187.174.252.244\/caev\/Image\/2018\/anio-ico.png\" alt=\"\" width=\"59\" height=\"60\" \/><\/td> <td style=\"width: 116px; height: 60px;\"><img loading=\"lazy\" decoding=\"async\" class=\"aligncenter\" src=\"http:\/\/187.174.252.244\/caev\/Image\/2018\/cloud-ico.png\" alt=\"\" width=\"57\" height=\"60\" \/><\/td> <\/tr> <tr style=\"height: 96px;\"> <td style=\"width: 107px; height: 96px; text-align: center;\"><span style=\"color: #000000;\"><strong>Trimestre<\/strong><em><br \/> <\/em><\/span><\/td> <td style=\"width: 213px; height: 96px; text-align: center;\"><span style=\"color: #000000;\"><strong>\u00c1rea Responsable<\/strong><\/span><\/td> <td style=\"width: 113px; height: 96px; text-align: center;\"><span style=\"color: #000000;\"><strong>Fecha de Validaci\u00f3n de la Informaci\u00f3n<\/strong><\/span><\/td> <td style=\"width: 120px; height: 96px; text-align: center;\"><span style=\"color: #000000;\"><strong>Fecha de Actualizaci\u00f3n de la Inf.<\/strong><\/span><\/td> <td style=\"width: 116px; height: 96px; text-align: center;\"><span style=\"color: #000000;\"><strong>Descargar Informaci\u00f3n<\/strong><\/span><\/td> <\/tr> <tr style=\"height: 24px;\"> <td style=\"width: 107px; height: 24px;\"><\/td> <td style=\"width: 213px; height: 24px;\"><\/td> <td style=\"width: 113px; height: 24px;\"><\/td> <td style=\"width: 120px; height: 24px;\"><\/td> <td style=\"width: 116px; height: 24px;\"><\/td> <\/tr> <tr style=\"height: 24px;\"> <td style=\"width: 107px; height: 24px; text-align: center;\">Primero<\/td> <td style=\"width: 213px; height: 24px; text-align: center;\"><span style=\"color: #000000;\">Oficina Comercial y Administrativa<\/span><\/td> <td style=\"width: 113px; height: 24px; text-align: center;\"><span style=\"color: #000000;\">31\/03\/2024<\/span><\/td> <td style=\"width: 120px; height: 24px; text-align: center;\"><span style=\"color: #000000;\">31\/03\/2024<\/span><\/td> <td style=\"width: 116px; height: 24px; text-align: center;\"><a href=\"http:\/\/187.174.252.244\/caev\/pdfs\/oficinas_operadoras\/LasVigas\/2024\/26-FORM8A-24-1.xlsx\">descargar archivo<\/a><\/td> <\/tr> <tr style=\"height: 24px;\"> <td style=\"width: 107px; height: 24px; text-align: center;\">Segundo<\/td> <td style=\"width: 213px; height: 24px; text-align: center;\"><span style=\"color: #000000;\">Oficina Comercial y Administrativa<\/span><\/td> <td style=\"width: 113px; height: 24px; text-align: center;\"><span style=\"color: #000000;\">30\/06\/2024<\/span><\/td> <td style=\"width: 120px; height: 24px; text-align: center;\"><span style=\"color: #000000;\">30\/06\/2024<\/span><\/td> <td style=\"width: 116px; height: 24px; text-align: center;\"><a href=\"http:\/\/187.174.252.244\/caev\/pdfs\/oficinas_operadoras\/LasVigas\/2024\/26-FORM8A-24-2.xlsx\">descargar archivo<\/a><\/td> <\/tr> <tr style=\"height: 24px;\"> <td style=\"width: 107px; height: 24px; text-align: center;\">Tercero<\/td> <td style=\"width: 213px; height: 24px; text-align: center;\"><span style=\"color: #000000;\">Oficina Comercial y Administrativa<\/span><\/td> <td style=\"width: 113px; height: 24px; text-align: center;\"><span style=\"color: #000000;\">30\/09\/2024<\/span><\/td> <td style=\"width: 120px; height: 24px; text-align: center;\"><span style=\"color: #000000;\">30\/09\/2024<\/span><\/td> <td style=\"width: 116px; height: 24px; text-align: center;\"><a href=\"http:\/\/187.174.252.244\/caev\/\/pdfs\/oficinas_operadoras\/LasVigas\/2024\/26-FORM8A-24-3.xlsx\">descargar archivo<\/a><\/td> <\/tr> <tr style=\"height: 24px;\"> <td style=\"width: 107px; height: 24px; text-align: center;\">Cuarto<\/td> <td style=\"width: 213px; height: 24px; text-align: center;\"><span style=\"color: #000000;\">Oficina Comercial y Administrativa<\/span><\/td> <td style=\"width: 113px; height: 24px; text-align: center;\"><span style=\"color: #000000;\">31\/12\/2024<\/span><\/td> <td style=\"width: 120px; height: 24px; text-align: center;\"><span style=\"color: #000000;\">31\/12\/2024<\/span><\/td> <td style=\"width: 116px; height: 24px; text-align: center;\"><a href=\"http:\/\/187.174.252.244\/caev\/\/pdfs\/oficinas_operadoras\/LasVigas\/2024\/26-FORM8A-24-4.xlsx\">descargar archivo<\/a><\/td> <\/tr> <tr> <td style=\"width: 107px; text-align: center;\"><\/td> <td style=\"width: 213px; text-align: center;\"><\/td> <td style=\"width: 113px; text-align: center;\"><\/td> <td style=\"width: 120px; text-align: center;\"><\/td> <td style=\"width: 116px; text-align: center;\"><\/td> <\/tr> <\/tbody> <\/table> <h4><\/h4> <\/div> <\/div> <\/div> <h4>A\u00d1OS ANTERIORES<\/h4> <table width=\"520\"> <tbody> <tr> <td style=\"width: 100px;\"><a href=\"http:\/\/187.174.252.244\/operadoras\/transparencia\/ley-general-y-ley-875\/las-vigas-de-ramirez-ley-general-y-ley-875-de-transparencia\/las-vigas-de-ramirez-fraccion-viii-a-1\"><img loading=\"lazy\" decoding=\"async\" class=\"aligncenter\" src=\"http:\/\/187.174.252.244\/caev\/Image\/2018\/folder-ico.jpg\" alt=\"\" width=\"51\" height=\"44\" \/><\/a><\/td> <td><\/td> <\/tr> <\/tbody> <\/table> <\/div> <p style=\"text-align: center;\"><a href=\"http:\/\/187.174.252.244\/operadoras\/transparencia\/ley-general-y-ley-875\/las-vigas-de-ramirez-ley-general-y-ley-875-de-transparencia\/\"><img loading=\"lazy\" decoding=\"async\" class=\"alignnone size-medium\" src=\"http:\/\/187.174.252.244\/caev\/Oficinas_Operadoras\/Aarchivos\/home1.png\" width=\"36\" height=\"37\" \/><\/a> <a href=\"http:\/\/187.174.252.244\/operadoras\/transparencia\/ley-general-y-ley-875\/las-vigas-de-ramirez-ley-general-y-ley-875-de-transparencia\/\">regresar<\/a><\/p> ","protected":false},"excerpt":{"rendered":"<p>REMUNERACI\u00d3N BRUTA Y NETA &nbsp; Ejercicio: &nbsp; 2024 &nbsp; Trimestre \u00c1rea Responsable Fecha de Validaci\u00f3n de la Informaci\u00f3n Fecha de Actualizaci\u00f3n de la Inf. Descargar Informaci\u00f3n Primero Oficina Comercial y Administrativa 31\/03\/2024 31\/03\/2024 descargar archivo Segundo Oficina Comercial y Administrativa 30\/06\/2024 30\/06\/2024 descargar archivo Tercero Oficina Comercial y Administrativa 30\/09\/2024 30\/09\/2024 descargar archivo Cuarto Oficina [&hellip;]<\/p>\n","protected":false},"author":1,"featured_media":0,"parent":6724,"menu_order":0,"comment_status":"closed","ping_status":"closed","template":"","meta":{"footnotes":""},"class_list":["post-36937","page","type-page","status-publish","hentry"],"_links":{"self":[{"href":"http:\/\/187.174.252.244\/operadoras\/wp-json\/wp\/v2\/pages\/36937"}],"collection":[{"href":"http:\/\/187.174.252.244\/operadoras\/wp-json\/wp\/v2\/pages"}],"about":[{"href":"http:\/\/187.174.252.244\/operadoras\/wp-json\/wp\/v2\/types\/page"}],"author":[{"embeddable":true,"href":"http:\/\/187.174.252.244\/operadoras\/wp-json\/wp\/v2\/users\/1"}],"replies":[{"embeddable":true,"href":"http:\/\/187.174.252.244\/operadoras\/wp-json\/wp\/v2\/comments?post=36937"}],"version-history":[{"count":17,"href":"http:\/\/187.174.252.244\/operadoras\/wp-json\/wp\/v2\/pages\/36937\/revisions"}],"predecessor-version":[{"id":62710,"href":"http:\/\/187.174.252.244\/operadoras\/wp-json\/wp\/v2\/pages\/36937\/revisions\/62710"}],"up":[{"embeddable":true,"href":"http:\/\/187.174.252.244\/operadoras\/wp-json\/wp\/v2\/pages\/6724"}],"wp:attachment":[{"href":"http:\/\/187.174.252.244\/operadoras\/wp-json\/wp\/v2\/media?parent=36937"}],"curies":[{"name":"wp","href":"https:\/\/api.w.org\/{rel}","templated":true}]}}