{"id":38084,"date":"2021-05-17T14:41:45","date_gmt":"2021-05-17T20:41:45","guid":{"rendered":"http:\/\/187.174.252.244\/operadoras\/?page_id=38084"},"modified":"2021-07-05T10:31:44","modified_gmt":"2021-07-05T16:31:44","slug":"isla-fraccion-ii-a-1","status":"publish","type":"page","link":"http:\/\/187.174.252.244\/operadoras\/transparencia\/ley-general-y-ley-875\/isla-ley-general-y-ley-875-de-transparencia\/isla-fraccion-ii-a-1\/","title":{"rendered":"Isla &#8211; Fracci\u00f3n II-A"},"content":{"rendered":"<p><strong>ESTRUCTURA ORG\u00c1NICA<\/strong><\/p> <p>&nbsp;<\/p> <p>La estructura org\u00e1nica.<\/p> <p>&nbsp;<\/p> <p><strong><span style=\"color: #000000;\">EJERCICIO 2020<\/span><\/strong><\/p> <p>&nbsp;<\/p> <div class=\"caja\"> <table width=\"636\"> <tbody> <tr> <td style=\"width: 140px;\"><strong><img loading=\"lazy\" decoding=\"async\" class=\"alignnone aligncenter\" src=\"http:\/\/187.174.252.244\/caev\/Image\/2018\/fecha3-ico.png\" alt=\"\" width=\"46\" height=\"50\" \/><\/strong><\/td> <td style=\"width: 140px;\"> <h4>Ejercicio:<\/h4> <\/td> <td style=\"width: 140px;\" colspan=\"3\"> <p>&nbsp;<\/p> <p>2020<\/td> <\/tr> <\/tbody> <\/table> <p>&nbsp;<\/p> <table style=\"height: 373px;\" width=\"700\"> <tbody> <tr style=\"height: 61px;\"> <td style=\"width: 100px; height: 61px;\"><img loading=\"lazy\" decoding=\"async\" class=\"aligncenter\" src=\"http:\/\/187.174.252.244\/caev\/Image\/2018\/trimestre-ico.png\" alt=\"\" width=\"53\" height=\"60\" \/><\/td> <td style=\"width: 200px; height: 61px;\"><img loading=\"lazy\" decoding=\"async\" class=\"aligncenter\" src=\"http:\/\/187.174.252.244\/caev\/Image\/2018\/usuario-ico.png\" alt=\"\" width=\"56\" height=\"60\" \/><\/td> <td style=\"width: 100px; height: 61px;\"><img loading=\"lazy\" decoding=\"async\" class=\"aligncenter\" src=\"http:\/\/187.174.252.244\/caev\/Image\/2018\/anio-ico.png\" alt=\"\" width=\"59\" height=\"60\" \/><\/td> <td style=\"width: 100px; height: 61px;\"><img loading=\"lazy\" decoding=\"async\" class=\"aligncenter\" src=\"http:\/\/187.174.252.244\/caev\/Image\/2018\/anio-ico.png\" alt=\"\" width=\"59\" height=\"60\" \/><\/td> <td style=\"width: 100px; height: 61px;\"><img loading=\"lazy\" decoding=\"async\" class=\"aligncenter\" src=\"http:\/\/187.174.252.244\/caev\/Image\/2018\/cloud-ico.png\" alt=\"\" width=\"57\" height=\"60\" \/><\/td> <\/tr> <tr style=\"height: 96px;\"> <td style=\"text-align: center; height: 96px; width: 100px;\"><span style=\"color: #000000;\"><strong>Trimestre<\/strong><em><br \/> <\/em><\/span><\/td> <td style=\"text-align: center; height: 96px; width: 200px;\"><span style=\"color: #000000;\"><strong>\u00c1rea Responsable<\/strong><\/span><\/td> <td style=\"text-align: center; height: 96px; width: 100px;\"><span style=\"color: #000000;\"><strong>Fecha de Validaci\u00f3n de la Informaci\u00f3n<\/strong><\/span><\/td> <td style=\"text-align: center; height: 96px; width: 100px;\"><span style=\"color: #000000;\"><strong>Fecha de Actualizaci\u00f3n de la Inf.<\/strong><\/span><\/td> <td style=\"text-align: center; height: 96px; width: 100px;\"><span style=\"color: #000000;\"><strong>Descargar Informaci\u00f3n<\/strong><\/span><\/td> <\/tr> <tr style=\"height: 24px;\"> <td style=\"height: 24px; width: 100px;\"><\/td> <td style=\"height: 24px; width: 200px;\"><\/td> <td style=\"height: 24px; width: 100px;\"><\/td> <td style=\"height: 24px; width: 100px;\"><\/td> <td style=\"height: 24px; width: 100px;\"><\/td> <\/tr> <tr style=\"height: 48px;\"> <td style=\"text-align: center; height: 48px; width: 100px;\"><span style=\"color: #000000;\">Primero<\/span><\/td> <td style=\"text-align: center; height: 48px; width: 200px;\"><span style=\"color: #000000;\">Oficina de Recursos Humanos<\/span><\/td> <td style=\"text-align: center; height: 48px; width: 100px;\"><span style=\"color: #000000;\">20\/04\/2020<\/span><\/td> <td style=\"text-align: center; height: 48px; width: 100px;\"><span style=\"color: #000000;\">31\/03\/2020<\/span><\/td> <td style=\"text-align: center; height: 48px; width: 100px;\"><a href=\"http:\/\/187.174.252.244\/caev\/pdfs\/oficinas_operadoras\/Isla\/2020\/56-FORM2A-20-1.xlsx\">descargar archivo<\/a><\/td> <\/tr> <tr style=\"height: 48px;\"> <td style=\"text-align: center; height: 48px; width: 100px;\"><span style=\"color: #000000;\">Segundo<\/span><\/td> <td style=\"text-align: center; height: 48px; width: 200px;\"><span style=\"color: #000000;\">Oficina de Recursos Humanos<\/span><\/td> <td style=\"text-align: center; height: 48px; width: 100px;\"><span style=\"color: #000000;\">30\/07\/2020<\/span><\/td> <td style=\"text-align: center; height: 48px; width: 100px;\"><span style=\"color: #000000;\">30\/06\/2020<\/span><\/td> <td style=\"text-align: center; height: 48px; width: 100px;\"><a href=\"http:\/\/187.174.252.244\/caev\/pdfs\/oficinas_operadoras\/Isla\/2020\/56-FORM2A-20-2.xlsx\">descargar archivo<\/a><\/td> <\/tr> <tr style=\"height: 48px;\"> <td style=\"text-align: center; height: 48px; width: 100px;\"><span style=\"color: #000000;\">Tercero<\/span><\/td> <td style=\"text-align: center; height: 48px; width: 200px;\"><span style=\"color: #000000;\">Oficina de Recursos Humanos<\/span><\/td> <td style=\"text-align: center; height: 48px; width: 100px;\"><span style=\"color: #000000;\">30\/10\/2020<\/span><\/td> <td style=\"text-align: center; height: 48px; width: 100px;\"><span style=\"color: #000000;\">30\/09\/2020<\/span><\/td> <td style=\"text-align: center; height: 48px; width: 100px;\"><a href=\"http:\/\/187.174.252.244\/caev\/pdfs\/oficinas_operadoras\/Isla\/2020\/56-FORM2A-20-3.xlsx\">descargar archivo<\/a><\/td> <\/tr> <tr> <td style=\"width: 100px; text-align: center;\"><span style=\"color: #000000;\">Cuarto<\/span><\/td> <td style=\"width: 200px; text-align: center;\"><span style=\"color: #000000;\">Oficina de Recursos Humanos<\/span><\/td> <td style=\"width: 100px; text-align: center;\"><span style=\"color: #000000;\">29\/01\/2021<\/span><\/td> <td style=\"width: 100px; text-align: center;\"><span style=\"color: #000000;\">31\/12\/2020<\/span><\/td> <td style=\"width: 100px; text-align: center;\"><a href=\"http:\/\/187.174.252.244\/caev\/pdfs\/oficinas_operadoras\/Isla\/2020\/56-FORM2A-20-4.xlsx\">descargar archivo<\/a><\/td> <\/tr> <tr> <td style=\"width: 100px;\"><\/td> <td style=\"width: 200px;\"><\/td> <td style=\"width: 100px;\"><\/td> <td style=\"width: 100px;\"><\/td> <td style=\"width: 100px;\"><\/td> <\/tr> <tr style=\"height: 24px;\"> <td style=\"text-align: center; height: 24px; width: 100px;\"><span style=\"color: #000000;\">\u00a0<\/span><\/td> <td style=\"text-align: center; height: 24px; width: 200px;\"><span style=\"color: #000000;\">\u00a0<\/span><\/td> <td style=\"text-align: center; height: 24px; width: 100px;\"><span style=\"color: #000000;\">\u00a0<\/span><\/td> <td style=\"text-align: center; height: 24px; width: 100px;\"><span style=\"color: #000000;\">\u00a0<\/span><\/td> <td style=\"text-align: center; height: 24px; width: 100px;\"><\/td> <\/tr> <tr style=\"height: 24px;\"> <td style=\"text-align: center; height: 24px; width: 100px;\"><\/td> <td style=\"text-align: center; height: 24px; width: 200px;\"><\/td> <td style=\"text-align: center; height: 24px; width: 100px;\"><\/td> <td style=\"text-align: center; height: 24px; width: 100px;\"><\/td> <td style=\"text-align: center; height: 24px; width: 100px;\"><\/td> <\/tr> <\/tbody> <\/table> <\/div> <p>&nbsp;<\/p> <hr \/> <p><strong><span style=\"color: #000000;\">EJERCICIO 2018<\/span><\/strong><\/p> <p>&nbsp;<\/p> <div class=\"caja\"> <table width=\"636\"> <tbody> <tr> <td style=\"width: 140px;\"><strong><img loading=\"lazy\" decoding=\"async\" class=\"alignnone aligncenter\" src=\"http:\/\/187.174.252.244\/caev\/Image\/2018\/fecha3-ico.png\" alt=\"\" width=\"46\" height=\"50\" \/><\/strong><\/td> <td style=\"width: 140px;\"> <h4>Ejercicio:<\/h4> <\/td> <td style=\"width: 140px;\" colspan=\"3\"> <p>&nbsp;<\/p> <p>2018<\/td> <\/tr> <\/tbody> <\/table> <p>&nbsp;<\/p> <table style=\"height: 508px;\" width=\"701\"> <tbody> <tr style=\"height: 61px;\"> <td style=\"width: 104px; height: 61px;\"><img loading=\"lazy\" decoding=\"async\" class=\"aligncenter\" src=\"http:\/\/187.174.252.244\/caev\/Image\/2018\/trimestre-ico.png\" alt=\"\" width=\"53\" height=\"60\" \/><\/td> <td style=\"width: 208px; height: 61px;\"><img loading=\"lazy\" decoding=\"async\" class=\"aligncenter\" src=\"http:\/\/187.174.252.244\/caev\/Image\/2018\/usuario-ico.png\" alt=\"\" width=\"56\" height=\"60\" \/><\/td> <td style=\"width: 118px; height: 61px;\"><img loading=\"lazy\" decoding=\"async\" class=\"aligncenter\" src=\"http:\/\/187.174.252.244\/caev\/Image\/2018\/anio-ico.png\" alt=\"\" width=\"59\" height=\"60\" \/><\/td> <td style=\"width: 123px; height: 61px;\"><img loading=\"lazy\" decoding=\"async\" class=\"aligncenter\" src=\"http:\/\/187.174.252.244\/caev\/Image\/2018\/anio-ico.png\" alt=\"\" width=\"59\" height=\"60\" \/><\/td> <td style=\"width: 114px; height: 61px;\"><img loading=\"lazy\" decoding=\"async\" class=\"aligncenter\" src=\"http:\/\/187.174.252.244\/caev\/Image\/2018\/cloud-ico.png\" alt=\"\" width=\"57\" height=\"60\" \/><\/td> <\/tr> <tr style=\"height: 96px;\"> <td style=\"text-align: center; height: 96px; width: 104px;\"><span style=\"color: #000000;\"><strong>Trimestre<\/strong><em><br \/> <\/em><\/span><\/td> <td style=\"text-align: center; height: 96px; width: 208px;\"><span style=\"color: #000000;\"><strong>\u00c1rea Responsable<\/strong><\/span><\/td> <td style=\"text-align: center; height: 96px; width: 118px;\"><span style=\"color: #000000;\"><strong>Fecha de Validaci\u00f3n de la Informaci\u00f3n<\/strong><\/span><\/td> <td style=\"text-align: center; height: 96px; width: 123px;\"><span style=\"color: #000000;\"><strong>Fecha de Actualizaci\u00f3n de la Inf.<\/strong><\/span><\/td> <td style=\"text-align: center; height: 96px; width: 114px;\"><span style=\"color: #000000;\"><strong>Descargar Informaci\u00f3n<\/strong><\/span><\/td> <\/tr> <tr style=\"height: 24px;\"> <td style=\"height: 24px; width: 104px;\"><\/td> <td style=\"height: 24px; width: 208px;\"><\/td> <td style=\"height: 24px; width: 118px;\"><\/td> <td style=\"height: 24px; width: 123px;\"><\/td> <td style=\"height: 24px; width: 114px;\"><\/td> <\/tr> <tr style=\"height: 48px;\"> <td style=\"text-align: center; height: 48px; width: 104px;\"><span style=\"color: #000000;\">Primero<\/span><\/td> <td style=\"text-align: center; height: 48px; width: 208px;\"><span style=\"color: #000000;\">Oficina de Recursos Humanos<\/span><\/td> <td style=\"text-align: center; height: 48px; width: 118px;\"><span style=\"color: #000000;\">30\/04\/2018<\/span><\/td> <td style=\"text-align: center; height: 48px; width: 123px;\"><span style=\"color: #000000;\">31\/03\/2018<\/span><\/td> <td style=\"text-align: center; height: 48px; width: 114px;\"><a href=\"http:\/\/187.174.252.244\/caev\/pdfs\/oficinas_operadoras\/Isla\/2018\/56-FORM2A-18-1.xlsx\">descargar archivo<\/a><\/td> <\/tr> <tr style=\"height: 24px;\"> <td style=\"text-align: center; height: 24px; width: 104px;\"><\/td> <td style=\"text-align: center; height: 24px; width: 208px;\"><\/td> <td style=\"text-align: center; height: 24px; width: 118px;\"><\/td> <td style=\"text-align: center; height: 24px; width: 123px;\"><\/td> <td style=\"height: 24px; width: 114px;\"><\/td> <\/tr> <tr style=\"height: 48px;\"> <td style=\"text-align: center; height: 48px; width: 104px;\"><span style=\"color: #000000;\">Segundo<\/span><\/td> <td style=\"text-align: center; height: 48px; width: 208px;\"><span style=\"color: #000000;\">Oficina de Recursos Humanos<\/span><\/td> <td style=\"text-align: center; height: 48px; width: 118px;\"><span style=\"color: #000000;\">09\/07\/2018<\/span><\/td> <td style=\"text-align: center; height: 48px; width: 123px;\"><span style=\"color: #000000;\">30\/06\/2018<\/span><\/td> <td style=\"text-align: center; height: 48px; width: 114px;\"><a href=\"http:\/\/187.174.252.244\/caev\/pdfs\/oficinas_operadoras\/Isla\/2018\/56-FORM2A-18-2.xlsx\">descargar archivo<\/a><\/td> <\/tr> <tr style=\"height: 24px;\"> <td style=\"height: 24px; width: 104px;\"><\/td> <td style=\"height: 24px; width: 208px;\"><\/td> <td style=\"height: 24px; width: 118px;\"><\/td> <td style=\"height: 24px; width: 123px;\"><\/td> <td style=\"height: 24px; width: 114px;\"><\/td> <\/tr> <tr style=\"height: 48px;\"> <td style=\"text-align: center; height: 48px; width: 104px;\"><span style=\"color: #000000;\">Tercero<\/span><\/td> <td style=\"text-align: center; height: 48px; width: 208px;\"><span style=\"color: #000000;\">Oficina de Recursos Humanos<\/span><\/td> <td style=\"text-align: center; height: 48px; width: 118px;\"><span style=\"color: #000000;\">\u00a029\/10\/2018<\/span><\/td> <td style=\"text-align: center; height: 48px; width: 123px;\"><span style=\"color: #000000;\">30\/09\/2018<\/span><\/td> <td style=\"text-align: center; height: 48px; width: 114px;\"><a href=\"http:\/\/187.174.252.244\/caev\/pdfs\/oficinas_operadoras\/Isla\/2018\/56-FORM2A-18-3.xlsx\">descargar archivo<\/a><\/td> <\/tr> <tr style=\"height: 24px;\"> <td style=\"text-align: center; height: 24px; width: 104px;\"><span style=\"color: #000000;\">\u00a0<\/span><\/td> <td style=\"text-align: center; height: 24px; width: 208px;\"><span style=\"color: #000000;\">\u00a0<\/span><\/td> <td style=\"text-align: center; height: 24px; width: 118px;\"><span style=\"color: #000000;\">\u00a0<\/span><\/td> <td style=\"text-align: center; height: 24px; width: 123px;\"><span style=\"color: #000000;\">\u00a0<\/span><\/td> <td style=\"text-align: center; height: 24px; width: 114px;\"><\/td> <\/tr> <tr style=\"height: 48px;\"> <td style=\"text-align: center; height: 48px; width: 104px;\"><span style=\"color: #000000;\">Cuarto<\/span><\/td> <td style=\"text-align: center; height: 48px; width: 208px;\"><span style=\"color: #000000;\">Oficina de Recursos Humanos<\/span><\/td> <td style=\"text-align: center; height: 48px; width: 118px;\"><span style=\"color: #000000;\">\u00a018\/01\/2019<\/span><\/td> <td style=\"text-align: center; height: 48px; width: 123px;\"><span style=\"color: #000000;\">30\/12\/2018<\/span><\/td> <td style=\"text-align: center; height: 48px; width: 114px;\"><a href=\"http:\/\/187.174.252.244\/caev\/pdfs\/oficinas_operadoras\/Isla\/2018\/56-FORM2A-18-4.xlsx\">descargar archivo<\/a><\/td> <\/tr> <\/tbody> <\/table> <\/div> <p>&nbsp;<\/p> <div> <h4><\/h4> <table width=\"520\"> <tbody> <tr> <td style=\"width: 100px;\"><a href=\"http:\/\/187.174.252.244\/operadoras\/transparencia\/ley-general-y-ley-875\/ciudad-mendoza-ley-general-y-ley-875-de-transparencia\/ciudad-mendoza-fraccion-ii-a\"><img loading=\"lazy\" decoding=\"async\" class=\"aligncenter\" src=\"http:\/\/187.174.252.244\/caev\/Image\/2018\/folder-ico.jpg\" alt=\"\" width=\"51\" height=\"44\" \/><\/a><\/td> <td><a href=\"http:\/\/187.174.252.244\/operadoras\/transparencia\/ley-general-y-ley-875\/ciudad-mendoza-ley-general-y-ley-875-de-transparencia\/ciudad-mendoza-fraccion-ii-a\">Ejercicio Actual<\/a><\/td> <\/tr> <\/tbody> <\/table> <\/div> <p style=\"text-align: center;\"><a href=\"http:\/\/187.174.252.244\/operadoras\/transparencia\/ley-general-y-ley-875\/isla-ley-general-y-ley-875-de-transparencia\/\"><img loading=\"lazy\" decoding=\"async\" class=\"alignnone size-medium\" src=\"http:\/\/187.174.252.244\/caev\/Oficinas_Operadoras\/Aarchivos\/home1.png\" width=\"36\" height=\"37\" \/><\/a> <a href=\"http:\/\/187.174.252.244\/operadoras\/transparencia\/ley-general-y-ley-875\/isla-ley-general-y-ley-875-de-transparencia\/\">regresar<\/a><\/p> ","protected":false},"excerpt":{"rendered":"<p>ESTRUCTURA ORG\u00c1NICA &nbsp; La estructura org\u00e1nica. &nbsp; EJERCICIO 2020 &nbsp; Ejercicio: &nbsp; 2020 &nbsp; Trimestre \u00c1rea Responsable Fecha de Validaci\u00f3n de la Informaci\u00f3n Fecha de Actualizaci\u00f3n de la Inf. Descargar Informaci\u00f3n Primero Oficina de Recursos Humanos 20\/04\/2020 31\/03\/2020 descargar archivo Segundo Oficina de Recursos Humanos 30\/07\/2020 30\/06\/2020 descargar archivo Tercero Oficina de Recursos Humanos 30\/10\/2020 [&hellip;]<\/p>\n","protected":false},"author":1,"featured_media":0,"parent":6706,"menu_order":0,"comment_status":"closed","ping_status":"closed","template":"","meta":{"footnotes":""},"class_list":["post-38084","page","type-page","status-publish","hentry"],"_links":{"self":[{"href":"http:\/\/187.174.252.244\/operadoras\/wp-json\/wp\/v2\/pages\/38084"}],"collection":[{"href":"http:\/\/187.174.252.244\/operadoras\/wp-json\/wp\/v2\/pages"}],"about":[{"href":"http:\/\/187.174.252.244\/operadoras\/wp-json\/wp\/v2\/types\/page"}],"author":[{"embeddable":true,"href":"http:\/\/187.174.252.244\/operadoras\/wp-json\/wp\/v2\/users\/1"}],"replies":[{"embeddable":true,"href":"http:\/\/187.174.252.244\/operadoras\/wp-json\/wp\/v2\/comments?post=38084"}],"version-history":[{"count":7,"href":"http:\/\/187.174.252.244\/operadoras\/wp-json\/wp\/v2\/pages\/38084\/revisions"}],"predecessor-version":[{"id":39542,"href":"http:\/\/187.174.252.244\/operadoras\/wp-json\/wp\/v2\/pages\/38084\/revisions\/39542"}],"up":[{"embeddable":true,"href":"http:\/\/187.174.252.244\/operadoras\/wp-json\/wp\/v2\/pages\/6706"}],"wp:attachment":[{"href":"http:\/\/187.174.252.244\/operadoras\/wp-json\/wp\/v2\/media?parent=38084"}],"curies":[{"name":"wp","href":"https:\/\/api.w.org\/{rel}","templated":true}]}}