{"id":38604,"date":"2021-05-25T09:11:34","date_gmt":"2021-05-25T15:11:34","guid":{"rendered":"http:\/\/187.174.252.244\/operadoras\/?page_id=38604"},"modified":"2026-05-12T11:54:23","modified_gmt":"2026-05-12T17:54:23","slug":"tantoyuca-fraccion-viii-a","status":"publish","type":"page","link":"http:\/\/187.174.252.244\/operadoras\/transparencia\/ley-general-y-ley-875\/tantoyuca-ley-general-y-ley-875-de-transparencia\/tantoyuca-fraccion-viii-a\/","title":{"rendered":"Tantoyuca &#8211; Fracci\u00f3n VIII-A"},"content":{"rendered":"<p><strong>REMUNERACI\u00d3N BRUTA Y NETA<\/strong><\/p> <p>&nbsp;<\/p> <div class=\"caja\"> <table width=\"636\"> <tbody> <tr> <td style=\"width: 140px;\"><strong><img loading=\"lazy\" decoding=\"async\" class=\"alignnone aligncenter\" src=\"http:\/\/187.174.252.244\/caev\/Image\/2018\/fecha3-ico.png\" alt=\"\" width=\"46\" height=\"50\" \/><\/strong><\/td> <td style=\"width: 140px;\"> <h4>Ejercicio:<\/h4> <\/td> <td style=\"width: 140px;\" colspan=\"3\"> <p>&nbsp;<\/p> <p>2026<\/td> <\/tr> <\/tbody> <\/table> <p>&nbsp;<\/p> <table style=\"width: 701px; height: 327px;\" width=\"700\"> <tbody> <tr style=\"height: 57px;\"> <td style=\"width: 106px; height: 57px;\"><img loading=\"lazy\" decoding=\"async\" class=\"aligncenter\" src=\"http:\/\/187.174.252.244\/caev\/Image\/2018\/trimestre-ico.png\" alt=\"\" width=\"53\" height=\"60\" \/><\/td> <td style=\"width: 214px; height: 57px;\"><img loading=\"lazy\" decoding=\"async\" class=\"aligncenter\" src=\"http:\/\/187.174.252.244\/caev\/Image\/2018\/usuario-ico.png\" alt=\"\" width=\"56\" height=\"60\" \/><\/td> <td style=\"width: 112px; height: 57px;\"><img loading=\"lazy\" decoding=\"async\" class=\"aligncenter\" src=\"http:\/\/187.174.252.244\/caev\/Image\/2018\/anio-ico.png\" alt=\"\" width=\"59\" height=\"60\" \/><\/td> <td style=\"width: 121px; height: 57px;\"><img loading=\"lazy\" decoding=\"async\" class=\"aligncenter\" src=\"http:\/\/187.174.252.244\/caev\/Image\/2018\/anio-ico.png\" alt=\"\" width=\"59\" height=\"60\" \/><\/td> <td style=\"width: 114px; height: 57px;\"><img loading=\"lazy\" decoding=\"async\" class=\"aligncenter\" src=\"http:\/\/187.174.252.244\/caev\/Image\/2018\/cloud-ico.png\" alt=\"\" width=\"57\" height=\"60\" \/><\/td> <\/tr> <tr style=\"height: 93px;\"> <td style=\"text-align: center; width: 106px; height: 93px;\"><span style=\"color: #000000;\"><strong>Trimestre<\/strong><em><br \/> <\/em><\/span><\/td> <td style=\"text-align: center; width: 214px; height: 93px;\"><span style=\"color: #000000;\"><strong>\u00c1rea Responsable<\/strong><\/span><\/td> <td style=\"text-align: center; width: 112px; height: 93px;\"><span style=\"color: #000000;\"><strong>Fecha de Validaci\u00f3n de la Informaci\u00f3n<\/strong><\/span><\/td> <td style=\"text-align: center; width: 121px; height: 93px;\"><span style=\"color: #000000;\"><strong>Fecha de Actualizaci\u00f3n de la Inf.<\/strong><\/span><\/td> <td style=\"text-align: center; width: 114px; height: 93px;\"><span style=\"color: #000000;\"><strong>Descargar Informaci\u00f3n<\/strong><\/span><\/td> <\/tr> <tr style=\"height: 21px;\"> <td style=\"width: 106px; height: 21px;\"><\/td> <td style=\"width: 214px; height: 21px;\"><\/td> <td style=\"width: 112px; height: 21px;\"><\/td> <td style=\"width: 121px; height: 21px;\"><\/td> <td style=\"width: 114px; height: 21px;\"><\/td> <\/tr> <tr style=\"height: 45px;\"> <td style=\"text-align: center; width: 106px; height: 45px;\"><span style=\"color: #000000;\">Primero<\/span><\/td> <td style=\"text-align: center; width: 214px; height: 45px;\">Oficina Comercial y Administrativa<\/td> <td style=\"text-align: center; width: 112px; height: 45px;\"><span style=\"color: #000000;\">31\/03\/2026<\/span><\/td> <td style=\"text-align: center; width: 121px; height: 45px;\"><span style=\"color: #000000;\">31\/03\/2026<\/span><\/td> <td style=\"text-align: center; width: 114px; height: 45px;\"><a href=\"http:\/\/187.174.252.244\/caev\/pdfs\/oficinas_operadoras\/Tantoyuca\/2026\/14-FORM8A-26-1.xlsx\">descargar archivo<\/a><\/td> <\/tr> <tr style=\"height: 45px;\"> <td style=\"text-align: center; width: 106px; height: 45px;\"><\/td> <td style=\"text-align: center; width: 214px; height: 45px;\"><\/td> <td style=\"text-align: center; width: 112px; height: 45px;\"><\/td> <td style=\"text-align: center; width: 121px; height: 45px;\"><\/td> <td style=\"text-align: center; width: 114px; height: 45px;\"><\/td> <\/tr> <tr style=\"height: 45px;\"> <td style=\"text-align: center; width: 106px; height: 45px;\"><\/td> <td style=\"text-align: center; width: 214px; height: 45px;\"><\/td> <td style=\"text-align: center; width: 112px; height: 45px;\"><\/td> <td style=\"text-align: center; width: 121px; height: 45px;\"><\/td> <td style=\"text-align: center; width: 114px; height: 45px;\"><\/td> <\/tr> <tr style=\"height: 45px;\"> <td style=\"text-align: center; width: 106px; height: 45px;\"><\/td> <td style=\"text-align: center; width: 214px; height: 45px;\"><\/td> <td style=\"text-align: center; width: 112px; height: 45px;\"><\/td> <td style=\"text-align: center; width: 121px; height: 45px;\"><\/td> <td style=\"text-align: center; width: 114px; height: 45px;\"><\/td> <\/tr> <\/tbody> <\/table> <\/div> <h4><\/h4> <h4>A\u00d1OS ANTERIORES<\/h4> <table style=\"width: 510px;\" width=\"520\"> <tbody> <tr> <td style=\"width: 100px;\"><a href=\"http:\/\/187.174.252.244\/operadoras\/transparencia\/ley-general-y-ley-875\/tantoyuca-ley-general-y-ley-875-de-transparencia\/tantoyuca-fraccion-viii-a-1\/\"><img loading=\"lazy\" decoding=\"async\" class=\"aligncenter\" src=\"http:\/\/187.174.252.244\/caev\/Image\/2018\/folder-ico.jpg\" alt=\"\" width=\"51\" height=\"44\" \/><\/a><\/td> <td style=\"width: 410px;\"><\/td> <\/tr> <\/tbody> <\/table> <p style=\"text-align: center;\"><a href=\"http:\/\/187.174.252.244\/operadoras\/transparencia\/ley-general-y-ley-875\/tantoyuca-ley-general-y-ley-875-de-transparencia\/\"><img loading=\"lazy\" decoding=\"async\" class=\"alignnone size-medium\" src=\"http:\/\/187.174.252.244\/caev\/Oficinas_Operadoras\/Aarchivos\/home1.png\" width=\"36\" height=\"37\" \/><\/a> <a href=\"http:\/\/187.174.252.244\/operadoras\/transparencia\/ley-general-y-ley-875\/tantoyuca-ley-general-y-ley-875-de-transparencia\/\">regresar<\/a><\/p> ","protected":false},"excerpt":{"rendered":"<p>REMUNERACI\u00d3N BRUTA Y NETA &nbsp; Ejercicio: &nbsp; 2026 &nbsp; Trimestre \u00c1rea Responsable Fecha de Validaci\u00f3n de la Informaci\u00f3n Fecha de Actualizaci\u00f3n de la Inf. Descargar Informaci\u00f3n Primero Oficina Comercial y Administrativa 31\/03\/2026 31\/03\/2026 descargar archivo A\u00d1OS ANTERIORES regresar<\/p>\n","protected":false},"author":1,"featured_media":0,"parent":6770,"menu_order":0,"comment_status":"closed","ping_status":"closed","template":"","meta":{"footnotes":""},"class_list":["post-38604","page","type-page","status-publish","hentry"],"_links":{"self":[{"href":"http:\/\/187.174.252.244\/operadoras\/wp-json\/wp\/v2\/pages\/38604"}],"collection":[{"href":"http:\/\/187.174.252.244\/operadoras\/wp-json\/wp\/v2\/pages"}],"about":[{"href":"http:\/\/187.174.252.244\/operadoras\/wp-json\/wp\/v2\/types\/page"}],"author":[{"embeddable":true,"href":"http:\/\/187.174.252.244\/operadoras\/wp-json\/wp\/v2\/users\/1"}],"replies":[{"embeddable":true,"href":"http:\/\/187.174.252.244\/operadoras\/wp-json\/wp\/v2\/comments?post=38604"}],"version-history":[{"count":22,"href":"http:\/\/187.174.252.244\/operadoras\/wp-json\/wp\/v2\/pages\/38604\/revisions"}],"predecessor-version":[{"id":68041,"href":"http:\/\/187.174.252.244\/operadoras\/wp-json\/wp\/v2\/pages\/38604\/revisions\/68041"}],"up":[{"embeddable":true,"href":"http:\/\/187.174.252.244\/operadoras\/wp-json\/wp\/v2\/pages\/6770"}],"wp:attachment":[{"href":"http:\/\/187.174.252.244\/operadoras\/wp-json\/wp\/v2\/media?parent=38604"}],"curies":[{"name":"wp","href":"https:\/\/api.w.org\/{rel}","templated":true}]}}