{"id":4026,"date":"2018-04-13T09:00:44","date_gmt":"2018-04-13T15:00:44","guid":{"rendered":"http:\/\/localhost\/?page_id=4026"},"modified":"2026-03-11T13:03:06","modified_gmt":"2026-03-11T19:03:06","slug":"xico-reportatel-01800-277-2782","status":"publish","type":"page","link":"http:\/\/187.174.252.244\/operadoras\/participacion-ciudadana\/reportatel-01800-277-2782\/xico-reportatel-01800-277-2782\/","title":{"rendered":"Xico &#8211; Reportatel (800)-277-2782"},"content":{"rendered":"<p><span style=\"color: #000000;\">Hemos creado un espacio exclusivo para escucharte. En la secci\u00f3n del <strong class=\"Yjhzub\" data-sfc-cb=\"\" data-complete=\"true\">Call Center de CAEV<\/strong>, puedes hacernos llegar tus <strong class=\"Yjhzub\" data-sfc-cb=\"\" data-complete=\"true\">quejas, reportes y sugerencias<\/strong> de manera directa y sencilla. Nuestro compromiso es brindarte una soluci\u00f3n r\u00e1pida y mejorar nuestro servicio, nuestro n\u00famero telef\u00f3nico donde te puedes comunicar para l\u00ednea directa es:<\/span><\/p> <p>&nbsp;<\/p> <p><img loading=\"lazy\" decoding=\"async\" class=\"alignnone  wp-image-36490\" src=\"https:\/\/caev.egobierno.gob.mx\/wp-content\/uploads\/sites\/4\/2026\/03\/circle_16617735.png\" alt=\"\" width=\"60\" height=\"60\" \/>\u00a0 \u00a0 \u00a0 <strong><span style=\"color: #000000;\">(800)-277-2782<\/span><\/strong><\/p> <p>&nbsp;<\/p> <p><span style=\"color: #000000;\">Tambi\u00e9n puedes utilizar nuestro servicio de WhatsApp, donde tambi\u00e9n te atenderemos de manera personalizada.<\/span><\/p> <p>&nbsp;<\/p> <p><img loading=\"lazy\" decoding=\"async\" class=\"alignnone  wp-image-36078\" src=\"https:\/\/caev.egobierno.gob.mx\/wp-content\/uploads\/sites\/4\/2025\/12\/Bot.png\" alt=\"\" width=\"69\" height=\"73\" \/>\u00a0 \u00a0 \u00a0<strong><span style=\"color: #000000;\">228-120-9946<\/span><\/strong><\/p> <p>&nbsp;<\/p> <p>&nbsp;<\/p> <p><img loading=\"lazy\" decoding=\"async\" class=\"alignnone size-full wp-image-31812\" src=\"https:\/\/caev.egobierno.gob.mx\/wp-content\/uploads\/sites\/4\/2025\/02\/pleca_noticias.png\" alt=\"\" width=\"1039\" height=\"198\" \/><\/p> <p>&nbsp;<\/p> <p>&nbsp;<\/p> <p>&nbsp;<\/p> <p style=\"text-align: center;\"><a href=\"http:\/\/187.174.252.244\/operadoras\/participacion-ciudadana\/reportatel-01800-277-2782\/\"><img loading=\"lazy\" decoding=\"async\" class=\"alignnone size-medium\" src=\"http:\/\/187.174.252.244\/caev\/Oficinas_Operadoras\/Aarchivos\/home1.png\" width=\"36\" height=\"37\" \/><\/a> <a href=\"http:\/\/187.174.252.244\/operadoras\/participacion-ciudadana\/reportatel-01800-277-2782\/\">regresar<\/a><\/p> ","protected":false},"excerpt":{"rendered":"<p>Hemos creado un espacio exclusivo para escucharte. En la secci\u00f3n del Call Center de CAEV, puedes hacernos llegar tus quejas, reportes y sugerencias de manera directa y sencilla. Nuestro compromiso es brindarte una soluci\u00f3n r\u00e1pida y mejorar nuestro servicio, nuestro n\u00famero telef\u00f3nico donde te puedes comunicar para l\u00ednea directa es: &nbsp; \u00a0 \u00a0 \u00a0 (800)-277-2782 [&hellip;]<\/p>\n","protected":false},"author":1,"featured_media":0,"parent":481,"menu_order":0,"comment_status":"closed","ping_status":"closed","template":"","meta":{"footnotes":""},"class_list":["post-4026","page","type-page","status-publish","hentry"],"_links":{"self":[{"href":"http:\/\/187.174.252.244\/operadoras\/wp-json\/wp\/v2\/pages\/4026"}],"collection":[{"href":"http:\/\/187.174.252.244\/operadoras\/wp-json\/wp\/v2\/pages"}],"about":[{"href":"http:\/\/187.174.252.244\/operadoras\/wp-json\/wp\/v2\/types\/page"}],"author":[{"embeddable":true,"href":"http:\/\/187.174.252.244\/operadoras\/wp-json\/wp\/v2\/users\/1"}],"replies":[{"embeddable":true,"href":"http:\/\/187.174.252.244\/operadoras\/wp-json\/wp\/v2\/comments?post=4026"}],"version-history":[{"count":5,"href":"http:\/\/187.174.252.244\/operadoras\/wp-json\/wp\/v2\/pages\/4026\/revisions"}],"predecessor-version":[{"id":66909,"href":"http:\/\/187.174.252.244\/operadoras\/wp-json\/wp\/v2\/pages\/4026\/revisions\/66909"}],"up":[{"embeddable":true,"href":"http:\/\/187.174.252.244\/operadoras\/wp-json\/wp\/v2\/pages\/481"}],"wp:attachment":[{"href":"http:\/\/187.174.252.244\/operadoras\/wp-json\/wp\/v2\/media?parent=4026"}],"curies":[{"name":"wp","href":"https:\/\/api.w.org\/{rel}","templated":true}]}}